{"id":15723,"date":"2025-01-19T14:53:36","date_gmt":"2025-01-19T14:53:36","guid":{"rendered":"https:\/\/www.hydraulic-cylinders.net\/product\/bucket-cylinder-for-case-middle-excavator-cx220b\/"},"modified":"2025-01-19T14:53:38","modified_gmt":"2025-01-19T14:53:38","slug":"bucket-cylinder-for-case-middle-excavator-cx220b","status":"publish","type":"product","link":"https:\/\/www.hydraulic-cylinders.net\/nb\/produkt\/bucket-cylinder-for-case-middle-excavator-cx220b\/","title":{"rendered":"Skuffesylinder for Case Middle Gravemaskin CX220B"},"content":{"rendered":"<h2>Skuffesylinder for Case Middle Gravemaskin CX220B<\/h2>\n<p>Skuffesylinderen for Case Middle Excavator CX220B er en hydraulisk sylinder som er spesielt utviklet for \u00e5 kontrollere bevegelsen til skuffen i tunge maskiner som gravemaskiner, traktorgravere og frontlastere. Hovedfunksjonen er \u00e5 gj\u00f8re det mulig \u00e5 l\u00f8fte, senke og tilte skuffen, noe som forenkler ulike materialh\u00e5ndteringsoppgaver. I et hydraulisk system oppn\u00e5r skuffesylinderen presis kontroll over skuffen ved \u00e5 bruke trykkendringen i hydraulikkoljen, slik at operat\u00f8rer effektivt kan h\u00e5ndtere tunge laster og tilpasse seg komplekse arbeidsmilj\u00f8er og ulike jobbkrav.<\/p>\n<p><img decoding=\"async\" src=\"https:\/\/www.hydraulic-cylinders.net\/wp-content\/uploads\/2025\/01\/songte-company-2.webp\" alt=\"Bilde av b\u00f8ttesylinder\"><\/p>\n<h3>Funksjoner p\u00e5 b\u00f8ttesylinder for Case Middle Excavator CX220B<\/h3>\n<ol>\n<li><strong>H\u00f8y styrke og holdbarhet:<\/strong> Den er vanligvis laget av h\u00f8yfast st\u00e5l eller aluminium, og t\u00e5ler h\u00f8yt trykk og tunge belastninger, og tilpasser seg t\u00f8ffe arbeidsmilj\u00f8er. Designet tar hensyn til slitestyrke og korrosjonsmotstand, noe som forlenger levetiden.<\/li>\n<li><strong>Effektiv hydraulisk drift:<\/strong> Ved \u00e5 utnytte trykket fra hydraulikkoljen oppn\u00e5r den jevne forlengelses- og inntrekksbevegelser, gir rask respons p\u00e5 kontrollkommandoer og leverer kraftige skyve- og trekkkrefter, egnet for h\u00e5ndtering av tunge belastninger og komplekse oppgaver.<\/li>\n<li><strong>Ulike typer:<\/strong> Skuffesylindere kan velges som enkeltvirkende (hydraulisk brukes kun i \u00e9n retning) eller dobbeltvirkende (hydraulisk brukes i begge retninger). Noen modeller er teleskopiske, noe som gir st\u00f8rre uttrekk uten \u00e5 \u00f8ke de ytre m\u00e5lene, noe som gj\u00f8r dem egnet for bruksomr\u00e5der med begrenset plass.<\/li>\n<li><strong>Perfekt erstatning:<\/strong> Produktene v\u00e5re kan perfekt erstatte disse hydrauliske sylindrene.<\/li>\n<\/ol>\n<p><img decoding=\"async\" src=\"https:\/\/www.hydraulic-cylinders.net\/wp-content\/uploads\/2025\/01\/songte-cylinder-head-with-all-kinds-excavator-models.webp\" alt=\"Bilde av b\u00f8ttesylinderapplikasjon\"><\/p>\n<h3>Bruksomr\u00e5der for b\u00f8ttesylinder for Case Middle Excavator CX220B<\/h3>\n<ul>\n<li><strong>Anleggsutstyr:<\/strong> De finnes i gravemaskiner og er viktige for graving, lasting og flytting av jord eller rusk. I gravemaskiner hjelper skuffesylinderen til med b\u00e5de graving og l\u00f8fting.<\/li>\n<li><strong>Landbruksmaskiner:<\/strong> Brukes i frontlastere til \u00e5 utarbeide, l\u00f8fte og transportere jord, h\u00f8y og andre materialer.<\/li>\n<li><strong>Gravemaskiner:<\/strong> Skuffesylinderen muliggj\u00f8r graveaksjoner ved \u00e5 la skuffen trenge ned i jorden.<\/li>\n<li><strong>Lastere:<\/strong> I frontlastere hjelper de med \u00e5 l\u00f8fte og dumpe varer effektivt.<\/li>\n<\/ul>\n<h3>Designhensyn og utvalgskriterier<\/h3>\n<ol>\n<li><strong>B\u00e6reevne:<\/strong> The design considers the cylinder&#8217;s ability to withstand the intended load without failure.<\/li>\n<li><strong>Tetting:<\/strong> Ulike tetningskomponenter, som stempeltetninger og stangtetninger, brukes. Disse tetningene er laget av slitesterke materialer som polyuretan og nitrilgummi. Sylinderhuset og gjengede ender gjennomg\u00e5r en grundig overflatebehandling for \u00e5 forbedre slitestyrken.<\/li>\n<li><strong>Varighet:<\/strong> The design aims to ensure the cylinder&#8217;s longevity even under demanding operating conditions.<\/li>\n<li><strong>Sikkerhet:<\/strong> Sikkerhetsfunksjoner er integrert for \u00e5 forhindre ulykker og sikre f\u00f8rerbeskyttelse.<\/li>\n<li><strong>Vedlikeholdbarhet:<\/strong> Enkelt vedlikehold og reparasjon er tatt i betraktning, noe som gir praktisk service.<\/li>\n<\/ol>\n<p><img decoding=\"async\" src=\"https:\/\/www.hydraulic-cylinders.net\/wp-content\/uploads\/2025\/01\/songte-oil-pipes-and-spare-parts.webp\" alt=\"Bilde av design av b\u00f8ttesylinder\"><\/p>\n<h3>Tetting og sm\u00f8ring av b\u00f8ttesylinder<\/h3>\n<p>Skuffesylinderen benytter ulike tetningskomponenter, inkludert stempeltetninger, stangtetninger osv. Disse tetningene er valgt fra slitesterke materialer som polyuretan og nitrilgummi. Sylinderhuset og gjengede ender gjennomg\u00e5r finbehandling for \u00e5 forbedre slitestyrken. Regelmessig sm\u00f8ring er n\u00f8dvendig, og en passende mengde hydraulisk olje anbefales for sm\u00f8reform\u00e5l.<\/p>\n<h3>Regelmessig inspeksjon og forebyggende vedlikeholdstiltak<\/h3>\n<ul>\n<li>Inspiser sylinderen regelmessig for tegn p\u00e5 lekkasje, skade eller slitasje.<\/li>\n<li>S\u00f8rg for riktig sm\u00f8ring av alle bevegelige deler.<\/li>\n<li>Skift ut pakninger og andre slitte komponenter etter behov.<\/li>\n<li>Utf\u00f8r kalibreringskontroller for \u00e5 sikre optimal ytelse.<\/li>\n<\/ul>\n<h3>Riktig installasjonsveiledning<\/h3>\n<p>N\u00e5r du monterer b\u00f8ttesylinderen, er det viktig \u00e5 justere den riktig. Riktig justering kan oppn\u00e5s ved \u00e5 bruke passende monteringsst\u00f8tter for \u00e5 feste sylinderen p\u00e5 plass. Det anbefales \u00e5 f\u00f8lge de anbefalte inspeksjons-, reparasjons- og utskiftingsprosedyrene. Vi tilbyr ogs\u00e5 reservedeler og ombyggingstjenester for \u00e5 forlenge levetiden til b\u00f8ttesylinderen.<\/p>\n<p><img decoding=\"async\" src=\"https:\/\/www.hydraulic-cylinders.net\/wp-content\/uploads\/2025\/01\/songte-chushion-collar.webp\" alt=\"Bilde av installasjon av b\u00f8ttesylinder\"><\/p>\n<h3>Sikkerhetshensyn og milj\u00f8faktorer<\/h3>\n<p>N\u00e5r du bruker b\u00f8ttesylinderen, er det viktig \u00e5 f\u00f8lge sikkerhetstiltak for \u00e5 forhindre ulykker og sikre f\u00f8rerens sikkerhet. Sikkerhet b\u00f8r alltid v\u00e6re topprioritet n\u00e5r du arbeider med hydraulisk utstyr.<\/p>\n<h3>Feildiagnose og vanlige problemer<\/h3>\n<p>Ved feil eller problemer er det viktig \u00e5 diagnostisere problemet n\u00f8yaktig. \u00c5 gi feils\u00f8kingstips og l\u00f8sninger kan hjelpe leserne med \u00e5 diagnostisere og l\u00f8se problemer effektivt. I tillegg kan forslag til forebyggende tiltak bidra til \u00e5 minimere potensielle problemer.<\/p>\n<p><img decoding=\"async\" src=\"https:\/\/www.hydraulic-cylinders.net\/wp-content\/uploads\/2025\/01\/songte-bushings-with-all-kinds-of-excavator-models.webp\" alt=\"Bilde av feil p\u00e5 b\u00f8ttesylinder\"><\/p>\n<p>Husk \u00e5 organisere artikkelen logisk, bruke underoverskrifter for enkel navigering, innlemme relevante bilder eller diagrammer for bedre forst\u00e5else, og s\u00f8rge for at innholdet er klart, konsist og egnet for lesere med ulike niv\u00e5er av teknisk kunnskap.<\/p>\n<h2>Om selskapet v\u00e5rt<\/h2>\n<p>Vi er en produsent av hydrauliske reservesylindere og en av de ledende produsentene og grossistene av hydrauliske sylindere i det innenlandske og internasjonale markedet. Vi f\u00f8lger prinsippene om kvalitet og stoler p\u00e5 industrialiserte produksjonsstyringsstrategier i v\u00e5rt n\u00f8ye utformede produksjonsverksted. V\u00e5rt selskap forbedrer kontinuerlig produksjonsplattformen v\u00e5r, perfeksjonerer produksjonskvaliteten og har sterke innovasjonsevner. Vi streber etter \u00e5 m\u00f8te kundenes ulike behov med prinsipper for h\u00f8y effektivitet, h\u00f8y presisjon og h\u00f8y kvalitet.<\/p>\n<p><img decoding=\"async\" src=\"https:\/\/www.hydraulic-cylinders.net\/wp-content\/uploads\/2025\/01\/songte-company-3.webp\" alt=\"Selskapets image\"><\/p>\n<h3>Viktige h\u00f8ydepunkter i selskapet v\u00e5rt<\/h3>\n<ul>\n<li>Profesjonalitet: Vi prioriterer profesjonalitet i alle aspekter av v\u00e5r virksomhet.<\/li>\n<li>Internasjonale sertifiseringer: Produktene v\u00e5re oppfyller internasjonale kvalitets- og sikkerhetsstandarder.<\/li>\n<li>Tilpasningstjenester: Vi tilbyr tilpassede l\u00f8sninger for \u00e5 m\u00f8te spesifikke krav.<\/li>\n<li>Avansert produksjonsutstyr: Produksjonsanleggene v\u00e5re er utstyrt med toppmoderne maskineri.<\/li>\n<li>Ettersalgsservice: Vi tilbyr omfattende ettersalgsst\u00f8tte til v\u00e5re verdsatte kunder.<\/li>\n<\/ul>\n<p>Forfatter: lyl<\/p>\n<p><img decoding=\"async\" src=\"https:\/\/hzpt.com\/wp-content\/uploads\/2024\/11\/songte-company-1.webp\" alt=\"Selskapets image\"><\/p>","protected":false},"excerpt":{"rendered":"<p>Bucket Cylinder For Case Middle Excavator CX220B Bucket Cylinder for Case Middle Excavator CX220B is a hydraulic cylinder specifically designed to control the movement of the bucket in heavy machinery such as excavators, backhoe loaders, and front loaders. Its main function is to enable the bucket to lift, lower, and tilt, facilitating various material handling [&hellip;]<\/p>","protected":false},"featured_media":14780,"comment_status":"open","ping_status":"closed","template":"","meta":{"_et_pb_use_builder":"","_et_pb_old_content":"","_et_gb_content_width":""},"product_brand":[],"product_cat":[1494],"product_tag":[1495,1496],"class_list":{"0":"post-15723","1":"product","2":"type-product","3":"status-publish","4":"has-post-thumbnail","6":"product_cat-bucket-cylinders","7":"product_tag-bucket-cylinders","8":"product_tag-hydraulic-cylinders","10":"first","11":"instock","12":"shipping-taxable","13":"product-type-simple"},"amp_enabled":true,"_links":{"self":[{"href":"https:\/\/www.hydraulic-cylinders.net\/nb\/wp-json\/wp\/v2\/product\/15723","targetHints":{"allow":["GET"]}}],"collection":[{"href":"https:\/\/www.hydraulic-cylinders.net\/nb\/wp-json\/wp\/v2\/product"}],"about":[{"href":"https:\/\/www.hydraulic-cylinders.net\/nb\/wp-json\/wp\/v2\/types\/product"}],"replies":[{"embeddable":true,"href":"https:\/\/www.hydraulic-cylinders.net\/nb\/wp-json\/wp\/v2\/comments?post=15723"}],"wp:featuredmedia":[{"embeddable":true,"href":"https:\/\/www.hydraulic-cylinders.net\/nb\/wp-json\/wp\/v2\/media\/14780"}],"wp:attachment":[{"href":"https:\/\/www.hydraulic-cylinders.net\/nb\/wp-json\/wp\/v2\/media?parent=15723"}],"wp:term":[{"taxonomy":"product_brand","embeddable":true,"href":"https:\/\/www.hydraulic-cylinders.net\/nb\/wp-json\/wp\/v2\/product_brand?post=15723"},{"taxonomy":"product_cat","embeddable":true,"href":"https:\/\/www.hydraulic-cylinders.net\/nb\/wp-json\/wp\/v2\/product_cat?post=15723"},{"taxonomy":"product_tag","embeddable":true,"href":"https:\/\/www.hydraulic-cylinders.net\/nb\/wp-json\/wp\/v2\/product_tag?post=15723"}],"curies":[{"name":"wp","href":"https:\/\/api.w.org\/{rel}","templated":true}]}}