{"id":15729,"date":"2025-01-19T14:54:06","date_gmt":"2025-01-19T14:54:06","guid":{"rendered":"https:\/\/www.hydraulic-cylinders.net\/product\/bucket-cylinder-for-case-large-excavator-cx360bhr\/"},"modified":"2025-01-19T14:54:10","modified_gmt":"2025-01-19T14:54:10","slug":"bucket-cylinder-for-case-large-excavator-cx360bhr","status":"publish","type":"product","link":"https:\/\/www.hydraulic-cylinders.net\/nb\/produkt\/bucket-cylinder-for-case-large-excavator-cx360bhr\/","title":{"rendered":"Skuffesylinder for Case Large Gravemaskin CX360BHR"},"content":{"rendered":"<h1>Skuffesylinder for Case Large Gravemaskin CX360BHR<\/h1>\n<h2>Introduksjon:<\/h2>\n<p>En skuffesylinder er en spesialdesignet hydraulisk sylinder som prim\u00e6rt brukes til \u00e5 kontrollere bevegelsen til skuffen i tunge maskiner som gravemaskiner, traktorgravere og frontlastere. Hovedfunksjonen er \u00e5 muliggj\u00f8re l\u00f8fting, senking og tilting av skuffen, noe som gj\u00f8r det enkelt \u00e5 h\u00e5ndtere ulike materialh\u00e5ndteringsoppgaver. I det hydrauliske systemet oppn\u00e5r skuffesylinderen presis kontroll over skuffen gjennom endringer i hydraulikkoljetrykket, slik at operat\u00f8rer effektivt kan h\u00e5ndtere tunge laster, tilpasse seg komplekse arbeidsmilj\u00f8er og ulike driftsbehov.<\/p>\n<p><img decoding=\"async\" src=\"https:\/\/www.hydraulic-cylinders.net\/wp-content\/uploads\/2025\/01\/songte-company-2.webp\"><\/p>\n<h2>Funksjoner:<\/h2>\n<ul>\n<li>H\u00f8y styrke og holdbarhet: Vanligvis laget av h\u00f8yfast st\u00e5l eller aluminium, t\u00e5ler den h\u00f8yt trykk og tunge belastninger, tilpasser seg t\u00f8ffe arbeidsmilj\u00f8er og vurderer slitestyrke og korrosjonsmotstand i design for \u00e5 forlenge levetiden.<\/li>\n<li>Effektiv hydraulisk drift: Utnytter hydraulisk oljetrykk for \u00e5 oppn\u00e5 jevne forlengelses- og sammentrekningsbevegelser, kan raskt reagere p\u00e5 kontrollkommandoer, gi kraftig skyve- og trekkekraft, og er egnet for h\u00e5ndtering av tunge gjenstander og komplekse arbeidsoppgaver.<\/li>\n<li>Ulike typer: Enkeltvirkende (hydraulisk brukt kun i \u00e9n retning) eller dobbeltvirkende (hydraulisk brukt i begge retninger) sylindere kan velges i henhold til krav for \u00e5 m\u00f8te ulike driftsbehov. Noen modeller er teleskopiske, noe som gir st\u00f8rre forlengelse uten \u00e5 \u00f8ke de ytre dimensjonene, egnet for applikasjoner med begrenset plass.<\/li>\n<li>Kan erstatte andre hydrauliske sylindere: Produktet v\u00e5rt kan erstatte andre hydrauliske sylindere perfekt. <\/li>\n<\/ul>\n<p><img decoding=\"async\" src=\"https:\/\/www.hydraulic-cylinders.net\/wp-content\/uploads\/2025\/01\/songte-cylinder-head-with-all-kinds-excavator-models.webp\"><\/p>\n<h2>Bruksomr\u00e5der:<\/h2>\n<p>Skuffesylinderen er mye brukt i ulike typer tunge maskiner. Her er noen eksempler:<\/p>\n<h3>Anleggsutstyr:<\/h3>\n<p>I gravemaskiner er de avgj\u00f8rende for utgraving, lasting og flytting av jord eller rusk. I gravemaskin hjelper skuffesylindere med b\u00e5de graving og l\u00f8fting. I frontlastere hjelper de med \u00e5 l\u00f8fte og dumpe last effektivt.<\/p>\n<h3>Landbruksmaskiner:<\/h3>\n<p>Brukes i frontlastere for utgraving, l\u00f8fting og transport av jord, h\u00f8y og andre materialer. I gravemaskiner tillater skuffesylindere gravebevegelse ved \u00e5 la en skuffe trenge ned i jorden.<\/p>\n<h2>Designhensyn og utvalgskriterier:<\/h2>\n<ul>\n<li>B\u00e6reevne: Skuffesylinderen m\u00e5 kunne t\u00e5le vekten av materialet som h\u00e5ndteres og kraften fra det hydrauliske trykket.<\/li>\n<li>Tetting: Valg av tetningsdeler som stempeltetninger og stangtetninger er avgj\u00f8rende for \u00e5 sikre sylinderens levetid.<\/li>\n<li>Holdbarhet: Sylinderen m\u00e5 v\u00e6re konstruert for \u00e5 t\u00e5le t\u00f8ffe arbeidsforhold og forhindre skader gjennom slitasje og korrosjonsbestandighet.<\/li>\n<li>Sikkerhet: Utformingen m\u00e5 sikre sikkerheten til operat\u00f8ren og tilskuere.<\/li>\n<li>Vedlikeholdsvennlighet: Sylinderen m\u00e5 v\u00e6re enkel \u00e5 demontere, vedlikeholde og bytte ut deler ved behov.<\/li>\n<\/ul>\n<p><img decoding=\"async\" src=\"https:\/\/www.hydraulic-cylinders.net\/wp-content\/uploads\/2025\/01\/songte-oil-pipes-and-spare-parts.webp\"><\/p>\n<h2>Tetting og sm\u00f8ring:<\/h2>\n<p>Skovlsylinderen bruker forskjellige tetningskomponenter som stempeltetninger og stangtetninger, som er laget av slitesterke materialer som polyuretan og nitrilgummi. Sylinderhuset og gjengede endeflater gjennomg\u00e5r fin bearbeiding for \u00e5 forbedre slitestyrken. Regelmessig sm\u00f8ring med en passende mengde hydraulisk olje er n\u00f8dvendig for \u00e5 sikre problemfri drift av sylinderen.<\/p>\n<h2>Vedlikehold:<\/h2>\n<p>Regelmessig vedlikehold er avgj\u00f8rende for \u00e5 forlenge levetiden til b\u00f8ttesylinderen. Her er noen vanlige vedlikeholdsoppgaver:<\/p>\n<ul>\n<li>Regelmessig inspeksjon<\/li>\n<li>Riktig sm\u00f8ring<\/li>\n<li>Utskifting av pakning<\/li>\n<li>Kalibreringskontroll<\/li>\n<\/ul>\n<p>Riktig installasjon, sm\u00f8ring og justering er avgj\u00f8rende for \u00e5 forlenge levetiden til b\u00f8ttesylinderen. Under installasjon er riktig veiledning for justering av sylinderen n\u00f8dvendig, og passende installasjonsbraketter b\u00f8r brukes for \u00e5 feste sylinderen. Vi anbefaler periodisk inspeksjon, reparasjon og utskifting for \u00e5 \u00f8ke levetiden til b\u00f8ttesylinderen.<\/p>\n<p><img decoding=\"async\" src=\"https:\/\/www.hydraulic-cylinders.net\/wp-content\/uploads\/2025\/01\/songte-chushion-collar.webp\"><\/p>\n<h2>Sikkerhets- og milj\u00f8hensyn:<\/h2>\n<p>Det er avgj\u00f8rende \u00e5 f\u00f8lge sikkerhetsregler n\u00e5r du bruker b\u00f8ttesylinderen. Dette inkluderer riktig installasjon, bruk av passende sikkerhetsutstyr og overholdelse av driftsretningslinjer. Det er ogs\u00e5 viktig \u00e5 vurdere milj\u00f8p\u00e5virkningen av hydrauliske systemer, som oljelekkasjer og avhending av brukt hydraulikkolje.<\/p>\n<h2>Feildiagnose og vanlige problemer:<\/h2>\n<p>Vanlige problemer med b\u00f8ttesylindere kan inkludere oljelekkasjer, skade p\u00e5 stempel og stang og svikt i tetningen. Riktig diagnose og feils\u00f8king av disse problemene kan bidra til \u00e5 l\u00f8se dem raskt og effektivt.<\/p>\n<h2>Om selskapet v\u00e5rt:<\/h2>\n<p>Vi er en ledende produsent og grossistdistribut\u00f8r av hydrauliske sylindere i det innenlandske og internasjonale markedet. Produktene v\u00e5re er varierte, og vi spesialiserer oss p\u00e5 \u00e5 tilby tilpassede tjenester. Vi f\u00f8lger prinsippene om utmerket kvalitet, er avhengige av den industrielle produksjonsstyringsstrategien til fine produksjonsverksteder, forbedrer kontinuerlig produksjonsplattformen, forbedrer produktkvaliteten og produksjonsrutene, og har en sterk evne til \u00e5 skape. Vi tilbyr effektive, presise og h\u00f8ykvalitetsprodukter skreddersydd for kundenes ulike behov.<\/p>\n<h3>V\u00e5re fordeler med selskapet:<\/h3>\n<ul>\n<li>Profesjonalitet<\/li>\n<li>Internasjonal sertifisering<\/li>\n<li>Tilpassede tjenester<\/li>\n<li>Avansert produksjonsutstyr<\/li>\n<li>Ettersalgsservice<\/li>\n<\/ul>\n<p><img decoding=\"async\" src=\"https:\/\/www.hydraulic-cylinders.net\/wp-content\/uploads\/2025\/01\/songte-company-3.webp\"><\/p>\n<p>Forfatter: lyl<\/p>","protected":false},"excerpt":{"rendered":"<p>Bucket Cylinder For Case Large Excavator CX360BHR Introduction: A bucket cylinder is a specially designed hydraulic cylinder primarily used to control the movement of the bucket in heavy machinery such as excavators, backhoe loaders, and front loaders. Its main function is to enable lifting, lowering, and tilting of the bucket, making it easy to handle [&hellip;]<\/p>","protected":false},"featured_media":14765,"comment_status":"open","ping_status":"closed","template":"","meta":{"_et_pb_use_builder":"","_et_pb_old_content":"","_et_gb_content_width":""},"product_brand":[],"product_cat":[1494],"product_tag":[1495,1496],"class_list":{"0":"post-15729","1":"product","2":"type-product","3":"status-publish","4":"has-post-thumbnail","6":"product_cat-bucket-cylinders","7":"product_tag-bucket-cylinders","8":"product_tag-hydraulic-cylinders","10":"first","11":"instock","12":"shipping-taxable","13":"product-type-simple"},"amp_enabled":true,"_links":{"self":[{"href":"https:\/\/www.hydraulic-cylinders.net\/nb\/wp-json\/wp\/v2\/product\/15729","targetHints":{"allow":["GET"]}}],"collection":[{"href":"https:\/\/www.hydraulic-cylinders.net\/nb\/wp-json\/wp\/v2\/product"}],"about":[{"href":"https:\/\/www.hydraulic-cylinders.net\/nb\/wp-json\/wp\/v2\/types\/product"}],"replies":[{"embeddable":true,"href":"https:\/\/www.hydraulic-cylinders.net\/nb\/wp-json\/wp\/v2\/comments?post=15729"}],"wp:featuredmedia":[{"embeddable":true,"href":"https:\/\/www.hydraulic-cylinders.net\/nb\/wp-json\/wp\/v2\/media\/14765"}],"wp:attachment":[{"href":"https:\/\/www.hydraulic-cylinders.net\/nb\/wp-json\/wp\/v2\/media?parent=15729"}],"wp:term":[{"taxonomy":"product_brand","embeddable":true,"href":"https:\/\/www.hydraulic-cylinders.net\/nb\/wp-json\/wp\/v2\/product_brand?post=15729"},{"taxonomy":"product_cat","embeddable":true,"href":"https:\/\/www.hydraulic-cylinders.net\/nb\/wp-json\/wp\/v2\/product_cat?post=15729"},{"taxonomy":"product_tag","embeddable":true,"href":"https:\/\/www.hydraulic-cylinders.net\/nb\/wp-json\/wp\/v2\/product_tag?post=15729"}],"curies":[{"name":"wp","href":"https:\/\/api.w.org\/{rel}","templated":true}]}}