{"id":15734,"date":"2025-01-19T14:54:32","date_gmt":"2025-01-19T14:54:32","guid":{"rendered":"https:\/\/www.hydraulic-cylinders.net\/product\/bucket-cylinder-for-zhenyu-small-excavator-zy330\/"},"modified":"2025-01-19T14:54:35","modified_gmt":"2025-01-19T14:54:35","slug":"bucket-cylinder-for-zhenyu-small-excavator-zy330","status":"publish","type":"product","link":"https:\/\/www.hydraulic-cylinders.net\/nb\/produkt\/bucket-cylinder-for-zhenyu-small-excavator-zy330\/","title":{"rendered":"B\u00f8ttesylinder for Zhenyu liten gravemaskin ZY330"},"content":{"rendered":"<h1>B\u00f8ttesylinder for Zhenyu liten gravemaskin ZY330<\/h1>\n<h2>Introduksjon<\/h2>\n<p>Skuffesylinderen til Zhenyu liten gravemaskin ZY330 er en spesialdesignet hydraulisk sylinder som brukes til \u00e5 kontrollere bevegelsen til skuffen i tunge maskiner som gravemaskiner, traktorgravere og frontlastere. Hovedfunksjonen er \u00e5 gj\u00f8re det mulig \u00e5 l\u00f8fte, senke og tilte skuffen, noe som gj\u00f8r det enklere \u00e5 utf\u00f8re ulike materialh\u00e5ndteringsoppgaver. Skuffesylindere i hydrauliske systemer kontrollerer den presise bevegelsen til skuffen gjennom endringer i hydraulikkoljetrykket, slik at operat\u00f8rer kan h\u00e5ndtere tunge laster effektivt og tilpasse seg komplekse arbeidsmilj\u00f8er og ulike jobbkrav.<\/p>\n<p><img decoding=\"async\" src=\"https:\/\/www.hydraulic-cylinders.net\/wp-content\/uploads\/2025\/01\/songte-company-2.webp\" alt=\"B\u00f8ttesylinder for Zhenyu liten gravemaskin ZY330\"><\/p>\n<h2>Funksjoner<\/h2>\n<ul>\n<li>H\u00f8y styrke og holdbarhet: B\u00f8ttesylinderen er vanligvis laget av h\u00f8yfast st\u00e5l eller aluminium, og t\u00e5ler h\u00f8yt trykk og tunge belastninger, tilpasser seg t\u00f8ffe arbeidsmilj\u00f8er og er designet for slitestyrke og korrosjonsbestandighet, noe som forlenger levetiden.<\/li>\n<li>Effektiv hydraulisk drift: Ved \u00e5 bruke hydraulisk oljetrykk for \u00e5 oppn\u00e5 jevn forlengelse og inntrekking, kan skuffesylinderen raskt reagere p\u00e5 kontrollkommandoer, og gi kraftige skyve- og trekkekrefter som er egnet for h\u00e5ndtering av tunge belastninger og komplekse arbeidsoppgaver.<\/li>\n<li>Ulike typer: Enkeltvirkende (hydraulikk brukes kun i \u00e9n retning) eller dobbeltvirkende (hydraulikk brukes i begge retninger) sylindere kan velges i henhold til driftsbehov. Noen modeller er teleskopiske, noe som gir st\u00f8rre forlengelse uten \u00e5 \u00f8ke de ytre m\u00e5lene, egnet for bruksomr\u00e5der med begrenset plass.<\/li>\n<li>Tilpassbar: Vi kan produsere dette produktet, og det kan erstatte disse hydrauliske sylindrene perfekt.<\/li>\n<\/ul>\n<p><img decoding=\"async\" src=\"https:\/\/www.hydraulic-cylinders.net\/wp-content\/uploads\/2025\/01\/songte-cylinder-head-with-all-kinds-excavator-models.webp\" alt=\"B\u00f8ttesylinder for Zhenyu liten gravemaskin ZY330\"><\/p>\n<h2>Bruksomr\u00e5der<\/h2>\n<p>B\u00f8ttesylinderen er mye brukt i diverse utstyr som:<\/p>\n<ul>\n<li>Anleggsutstyr: I gravemaskiner er de viktige for graving, lasting og flytting av jord eller rusk. I gravemaskinlastere hjelper skuffesylinderen med graving og l\u00f8fting. <\/li>\n<li>Landbruksmaskiner: Brukes i frontlastere, de \u00f8ser, l\u00f8fter og transporterer jord, h\u00f8y og andre materialer. <\/li>\n<li>Gravemaskiner: Skuffesylindere muliggj\u00f8r graveaksjoner ved \u00e5 la skuffen trenge ned i jorden.<\/li>\n<li>Frontlastere: I frontlastere hjelper de med \u00e5 l\u00f8fte og dumpe varer effektivt.<\/li>\n<\/ul>\n<h2>Designhensyn og utvalgskriterier<\/h2>\n<p>B\u00f8ttesylindere har noen designhensyn og utvalgskriterier som:<\/p>\n<ul>\n<li>B\u00e6reevne: Sylinderen m\u00e5 ha styrke til \u00e5 t\u00e5le tunge belastninger.<\/li>\n<li>Tetting: Tetninger av h\u00f8y kvalitet er n\u00f8dvendige for \u00e5 forhindre lekkasjer og opprettholde effektiv drift.<\/li>\n<li>Holdbarhet: Den b\u00f8r v\u00e6re konstruert for \u00e5 motst\u00e5 slitasje og korrosjon for \u00e5 forlenge levetiden.<\/li>\n<li>Sikkerhet: Skuffesylindere m\u00e5 v\u00e6re utformet for \u00e5 forhindre ulykker, beskytte arbeidere og unng\u00e5 skade p\u00e5 utstyr.<\/li>\n<li>Vedlikehold: Skuffesylindere b\u00f8r v\u00e6re utformet slik at de er enkle \u00e5 reparere og vedlikeholde.<\/li>\n<\/ul>\n<p><img decoding=\"async\" src=\"https:\/\/www.hydraulic-cylinders.net\/wp-content\/uploads\/2025\/01\/songte-oil-pipes-and-spare-parts.webp\" alt=\"B\u00f8ttesylinder for Zhenyu liten gravemaskin ZY330\"><\/p>\n<h2>Tetting og sm\u00f8ring<\/h2>\n<p>Ulike tetninger, som stempeltetninger og stangtetninger, brukes i b\u00f8ttesylindere. Vanligvis brukes tetninger laget av slitesterke materialer som polyuretan og nitrilgummi. Sylinderhuset og gjengeendene er fint bearbeidet for \u00e5 forbedre slitestyrken. Regelmessig sm\u00f8ring med passende mengder hydraulikkolje er n\u00f8dvendig for \u00e5 sikre lang levetid.<\/p>\n<h2>Vedlikehold og reparasjon<\/h2>\n<p>Regelmessig inspeksjon, riktig sm\u00f8ring, utskifting av pakninger og kalibreringskontroller er vanlige vedlikeholdsoppgaver. Riktig installasjon, sm\u00f8ring og justering er avgj\u00f8rende, og riktig justeringsveiledning b\u00f8r gis under installasjonen. Vi anbefaler \u00e5 bruke passende installasjonsbraketter for \u00e5 feste sylinderen. Vi tilbyr anbefalte inspeksjons-, reparasjons- og utskiftingsprosedyrer, reservedeler og ombyggingstjenester for \u00e5 forlenge levetiden til b\u00f8ttesylinderen.<\/p>\n<p><img decoding=\"async\" src=\"https:\/\/www.hydraulic-cylinders.net\/wp-content\/uploads\/2025\/01\/songte-chushion-collar.webp\" alt=\"B\u00f8ttesylinder for Zhenyu liten gravemaskin ZY330\"><\/p>\n<h2>Sikkerhetshensyn og milj\u00f8faktorer<\/h2>\n<p>N\u00e5r man bruker b\u00f8ttesylindere, er sikkerhetstiltak avgj\u00f8rende. For \u00e5 forhindre potensielle problemer b\u00f8r riktig vedlikehold og inspeksjon av utstyr utf\u00f8res regelmessig. Milj\u00f8faktorer som temperatur, fuktighet og korrosive elementer b\u00f8r ogs\u00e5 tas i betraktning n\u00e5r man velger og bruker b\u00f8ttesylindere.<\/p>\n<h2>Feils\u00f8king og vanlige problemer<\/h2>\n<p>B\u00f8ttesylindere kan oppleve problemer som lekkasjer, lavt trykk eller langsom bevegelse. Tips til feils\u00f8king og probleml\u00f8sning gis for \u00e5 hjelpe leserne med \u00e5 diagnostisere og l\u00f8se problemer effektivt. Forebyggende tiltak anbefales for \u00e5 minimere potensielle problemer.<\/p>\n<p><img decoding=\"async\" src=\"https:\/\/www.hydraulic-cylinders.net\/wp-content\/uploads\/2025\/01\/songte-bushings-with-all-kinds-of-excavator-models.webp\" alt=\"B\u00f8ttesylinder for Zhenyu liten gravemaskin ZY330\"><\/p>\n<h2>Om selskapet v\u00e5rt<\/h2>\n<p>Vi er en produsent av hydrauliske sylindere som erstatter hydrauliske sylindere. Vi har et komplett produktsortiment og har blitt en av de ledende produsentene og grossistforhandlerne av hydrauliske sylindere i innenlandske og internasjonale markeder. Vi f\u00f8lger en policy om utmerket kvalitet og stoler p\u00e5 industrialiseringsstrategier for produksjonsstyring i fine produksjonsverksteder. V\u00e5rt selskap forbedrer stadig produksjonsplattformen til verkstedet, perfeksjonerer produksjonslinjen med produktkvalitet og har sterk kreativ evne. Vi tilfredsstiller kundenes ulike behov med prinsippene om h\u00f8y effektivitet, h\u00f8y presisjon og h\u00f8y kvalitet.<\/p>\n<p>Vi tilbyr profesjonelle, internasjonalt sertifiserte, tilpassede tjenester, avansert produksjonsutstyr og ettersalgsservice for \u00e5 utvide selskapets introduksjon.<\/p>\n<p><img decoding=\"async\" src=\"https:\/\/hzpt.com\/wp-content\/uploads\/2024\/11\/songte-company-1.webp\" alt=\"B\u00f8ttesylinder for Zhenyu liten gravemaskin ZY330\"><\/p>\n<h3>Forfatter: lyl<\/h3>","protected":false},"excerpt":{"rendered":"<p>Bucket Cylinder For Zhenyu Small Excavator ZY330 Introduction The bucket cylinder for Zhenyu small excavator ZY330 is a specially-designed hydraulic cylinder used to control the movement of the bucket in heavy machinery such as excavators, backhoe loaders, and front-end loaders. Its main function is to enable the bucket to lift, lower, and tilt, making it [&hellip;]<\/p>","protected":false},"featured_media":14787,"comment_status":"open","ping_status":"closed","template":"","meta":{"_et_pb_use_builder":"","_et_pb_old_content":"","_et_gb_content_width":""},"product_brand":[],"product_cat":[1494],"product_tag":[1495,1496],"class_list":{"0":"post-15734","1":"product","2":"type-product","3":"status-publish","4":"has-post-thumbnail","6":"product_cat-bucket-cylinders","7":"product_tag-bucket-cylinders","8":"product_tag-hydraulic-cylinders","10":"first","11":"instock","12":"shipping-taxable","13":"product-type-simple"},"amp_enabled":true,"_links":{"self":[{"href":"https:\/\/www.hydraulic-cylinders.net\/nb\/wp-json\/wp\/v2\/product\/15734","targetHints":{"allow":["GET"]}}],"collection":[{"href":"https:\/\/www.hydraulic-cylinders.net\/nb\/wp-json\/wp\/v2\/product"}],"about":[{"href":"https:\/\/www.hydraulic-cylinders.net\/nb\/wp-json\/wp\/v2\/types\/product"}],"replies":[{"embeddable":true,"href":"https:\/\/www.hydraulic-cylinders.net\/nb\/wp-json\/wp\/v2\/comments?post=15734"}],"wp:featuredmedia":[{"embeddable":true,"href":"https:\/\/www.hydraulic-cylinders.net\/nb\/wp-json\/wp\/v2\/media\/14787"}],"wp:attachment":[{"href":"https:\/\/www.hydraulic-cylinders.net\/nb\/wp-json\/wp\/v2\/media?parent=15734"}],"wp:term":[{"taxonomy":"product_brand","embeddable":true,"href":"https:\/\/www.hydraulic-cylinders.net\/nb\/wp-json\/wp\/v2\/product_brand?post=15734"},{"taxonomy":"product_cat","embeddable":true,"href":"https:\/\/www.hydraulic-cylinders.net\/nb\/wp-json\/wp\/v2\/product_cat?post=15734"},{"taxonomy":"product_tag","embeddable":true,"href":"https:\/\/www.hydraulic-cylinders.net\/nb\/wp-json\/wp\/v2\/product_tag?post=15734"}],"curies":[{"name":"wp","href":"https:\/\/api.w.org\/{rel}","templated":true}]}}