{"id":15741,"date":"2025-01-19T14:55:00","date_gmt":"2025-01-19T14:55:00","guid":{"rendered":"https:\/\/www.hydraulic-cylinders.net\/product\/bucket-cylinder-for-world-small-excavator-w2150-8\/"},"modified":"2025-01-19T14:55:02","modified_gmt":"2025-01-19T14:55:02","slug":"bucket-cylinder-for-world-small-excavator-w2150-8","status":"publish","type":"product","link":"https:\/\/www.hydraulic-cylinders.net\/nb\/produkt\/bucket-cylinder-for-world-small-excavator-w2150-8\/","title":{"rendered":"B\u00f8ttesylinder for liten gravemaskin i verden W2150-8"},"content":{"rendered":"<h1>B\u00f8ttesylinder for liten gravemaskin i verden W2150-8<\/h1>\n<h2>Introduksjon<\/h2>\n<p>Skuffesylinderen er en type spesialisert hydraulisk sylinder som prim\u00e6rt brukes til \u00e5 kontrollere bevegelsen til skuffen i tunge maskiner som gravemaskiner, traktorgravere og frontlastere. Hovedfunksjonen er \u00e5 tillate at skuffen l\u00f8ftes, senkes og vippes, noe som gj\u00f8r det enklere \u00e5 h\u00e5ndtere ulike materialh\u00e5ndteringsoppgaver. I det hydrauliske systemet bruker skuffesylinderen trykkendringen i hydraulikkoljen for \u00e5 oppn\u00e5 presis kontroll over skuffen, slik at operat\u00f8rer effektivt kan h\u00e5ndtere tunge laster og tilpasse seg komplekse arbeidsmilj\u00f8er og ulike jobbkrav.<\/p>\n<p><img decoding=\"async\" src=\"https:\/\/www.hydraulic-cylinders.net\/wp-content\/uploads\/2025\/01\/songte-company-2.webp\" alt=\"Bilde av b\u00f8ttesylinder\"><\/p>\n<h2>Funksjoner<\/h2>\n<ul>\n<li>\n<h3>H\u00f8y styrke og holdbarhet<\/h3>\n<p>B\u00f8ttesylinderen er vanligvis laget av h\u00f8yfast st\u00e5l eller aluminium, som t\u00e5ler h\u00f8yt trykk og tunge belastninger, tilpasser seg t\u00f8ffe arbeidsmilj\u00f8er, og er designet for slitestyrke og korrosjonsbestandighet for \u00e5 forlenge levetiden.<\/p>\n<\/li>\n<li>\n<h3>Effektiv hydraulisk drift<\/h3>\n<p>Skuffesylinderen bruker hydraulisk oljetrykk for \u00e5 oppn\u00e5 jevn teleskopbevegelse, som kan reagere raskt p\u00e5 kontrollkommandoer, gi kraftige skyve- og trekkekrefter, og er egnet for h\u00e5ndtering av tunge lass og komplekse arbeidsoppgaver.<\/p>\n<\/li>\n<li>\n<h3>Ulike typer<\/h3>\n<p>Skuffesylinderen kan velges som enkeltvirkende (hydraulisk kun i \u00e9n retning) eller dobbeltvirkende (hydraulisk i begge retninger) sylinder i henhold til behov for \u00e5 oppfylle ulike driftskrav. Enkelte modeller er teleskopiske, noe som gir st\u00f8rre forlengelse uten \u00e5 \u00f8ke de ytre m\u00e5lene, noe som gj\u00f8r dem egnet for plassbegrensede applikasjoner.<\/p>\n<\/li>\n<li>\n<h3>Utskiftbar<\/h3>\n<p>Produktene v\u00e5re kan erstatte disse hydrauliske sylindrene perfekt, og vi kan produsere dette produktet.<\/p>\n<p>    <img decoding=\"async\" src=\"https:\/\/www.hydraulic-cylinders.net\/wp-content\/uploads\/2025\/01\/songte-cylinder-head-with-all-kinds-excavator-models.webp\" alt=\"Bilde av sylinderhode\">\n  <\/li>\n<li>\n<h3>Bredt spekter av bruksomr\u00e5der<\/h3>\n<p>Skuffesylinderen er mye brukt i ulike felt, for eksempel anleggsmaskiner, landbruksmaskiner, gravemaskiner og lastere.<\/p>\n<\/li>\n<\/ul>\n<h2>Designhensyn og utvalgskriterier<\/h2>\n<ul>\n<li>\n<h3>B\u00e6reevne<\/h3>\n<p>Skuffesylinderen skal ha tilstrekkelig b\u00e6reevne til \u00e5 motst\u00e5 maskinens trykk og belastning uten deformasjon eller svikt.<\/p>\n<\/li>\n<li>\n<h3>Tetningsytelse<\/h3>\n<p>Skuffesylinderen m\u00e5 forsegles for \u00e5 forhindre oljelekkasje og st\u00f8vinntrengning, noe som kan p\u00e5virke sylinderens normale drift og redusere levetiden.<\/p>\n<\/li>\n<li>\n<h3>Varighet<\/h3>\n<p>Skuffesylinderen b\u00f8r v\u00e6re konstruert med slitesterke og korrosjonsbestandige materialer for \u00e5 forlenge levetiden, spesielt i t\u00f8ffe arbeidsmilj\u00f8er.<\/p>\n<\/li>\n<li>\n<h3>Sikkerhet<\/h3>\n<p>Skuffesylinderen m\u00e5 v\u00e6re utformet med sikkerhetsfunksjoner, som trykkavlastningsventiler og n\u00f8dstoppbrytere, for \u00e5 forhindre ulykker under drift.<\/p>\n<\/li>\n<li>\n<h3>Vedlikeholdbarhet<\/h3>\n<p>Skuffesylinderen b\u00f8r v\u00e6re konstruert for enkelt vedlikehold, for eksempel hurtigbytte av tetninger og tilgjengelige monteringsbolter, for \u00e5 redusere tiden og kostnadene ved vedlikehold.<\/p>\n<p>    <img decoding=\"async\" src=\"https:\/\/www.hydraulic-cylinders.net\/wp-content\/uploads\/2025\/01\/songte-oil-pipes-and-spare-parts.webp\" alt=\"Bilde av oljer\u00f8r og reservedeler\">\n  <\/li>\n<\/ul>\n<h2>Tetting og sm\u00f8ring<\/h2>\n<p>B\u00f8ttesylinderen bruker forskjellige tetninger, som stempeltetninger og stangtetninger, laget av slitesterke materialer som polyuretan og nitrilgummi, for \u00e5 sikre tetningsytelse. Sylinderhuset og gjengeenden er fint bearbeidet for \u00e5 forbedre slitestyrken, og regelmessig tilsetning av passende hydraulikkolje er n\u00f8dvendig for sm\u00f8ring.<\/p>\n<h2>Vedlikehold og reparasjon<\/h2>\n<p>Regelmessig inspeksjon, riktig sm\u00f8ring, utskifting av pakninger og kalibreringskontroller er vanlige vedlikeholdsoppgaver for b\u00f8ttesylinderen. Korrekt installasjon, sm\u00f8ring og justering er avgj\u00f8rende, og riktig justeringsveiledning under installasjonen gis. Riktige installasjonsbraketter anbefales for \u00e5 sikre sylinderen. Anbefalte inspeksjons-, reparasjons- og utskiftingsprosedyrer gis for \u00e5 forlenge b\u00f8ttesylinderens levetid.<\/p>\n<p><img decoding=\"async\" src=\"https:\/\/www.hydraulic-cylinders.net\/wp-content\/uploads\/2025\/01\/songte-chushion-collar.webp\" alt=\"Putekragebilde\"><\/p>\n<h2>Sikkerhets- og milj\u00f8hensyn<\/h2>\n<p>N\u00e5r du bruker b\u00f8ttesylinderen, er sikkerhetstiltak viktige for \u00e5 forhindre ulykker. Milj\u00f8hensyn inkluderer bruk av milj\u00f8vennlige materialer og riktig avhending av avfall.<\/p>\n<h2>Feils\u00f8king og vanlige problemer<\/h2>\n<p>Vanlige problemer med b\u00f8ttesylinderen inkluderer oljelekkasje, utilstrekkelig trykk og utilstrekkelig teleskopkraft. Feils\u00f8kingstips og l\u00f8sninger for \u00e5 diagnostisere og l\u00f8se problemer gis, samt forebyggende tiltak for \u00e5 minimere potensielle problemer.<\/p>\n<p><img decoding=\"async\" src=\"https:\/\/www.hydraulic-cylinders.net\/wp-content\/uploads\/2025\/01\/songte-bushings-with-all-kinds-of-excavator-models.webp\" alt=\"Bilde av foringer\"><\/p>\n<h2>Om selskapet v\u00e5rt<\/h2>\n<p>Vi er en produsent av hydrauliske sylindere for erstatning med et bredt spekter av produkter, og har blitt en av de ledende produsentene og grossistdistribut\u00f8rene av hydrauliske sylindere i innenlandske og internasjonale markeder. Vi f\u00f8lger prinsippet om fortreffelighet og er avhengige av den industrialiserte produksjonsstyringsstrategien til finproduksjonsverksteder, og forbedrer kontinuerlig produksjonsplattformen til verkstedet, forbedrer produksjonskvaliteten p\u00e5 produktene og har sterk produksjonskapasitet. Vi m\u00f8ter de ulike behovene til v\u00e5re kunder med prinsippene om h\u00f8y effektivitet, h\u00f8y presisjon og h\u00f8y kvalitet.<\/p>\n<p>Vi tilbyr profesjonell, internasjonal sertifisering, tilpassede tjenester, produksjonsutstyr og ettersalgstjenester for \u00e5 utvide selskapets introduksjon.<\/p>\n<p><img decoding=\"async\" src=\"https:\/\/hzpt.com\/wp-content\/uploads\/2024\/11\/songte-company-1.webp\" alt=\"Selskapets image\"><\/p>\n<h2>Forfatter: lyl<\/h2>","protected":false},"excerpt":{"rendered":"<p>Bucket Cylinder For World Small Excavator W2150-8 Introduction The bucket cylinder is a type of specialized hydraulic cylinder that is primarily used to control the movement of the bucket in heavy machinery such as excavators, backhoe loaders, and front loaders. Its main function is to allow the bucket to be lifted, lowered, and tilted, making [&hellip;]<\/p>","protected":false},"featured_media":14773,"comment_status":"open","ping_status":"closed","template":"","meta":{"_et_pb_use_builder":"","_et_pb_old_content":"","_et_gb_content_width":""},"product_brand":[],"product_cat":[1494],"product_tag":[1495,1496],"class_list":{"0":"post-15741","1":"product","2":"type-product","3":"status-publish","4":"has-post-thumbnail","6":"product_cat-bucket-cylinders","7":"product_tag-bucket-cylinders","8":"product_tag-hydraulic-cylinders","10":"first","11":"instock","12":"shipping-taxable","13":"product-type-simple"},"amp_enabled":true,"_links":{"self":[{"href":"https:\/\/www.hydraulic-cylinders.net\/nb\/wp-json\/wp\/v2\/product\/15741","targetHints":{"allow":["GET"]}}],"collection":[{"href":"https:\/\/www.hydraulic-cylinders.net\/nb\/wp-json\/wp\/v2\/product"}],"about":[{"href":"https:\/\/www.hydraulic-cylinders.net\/nb\/wp-json\/wp\/v2\/types\/product"}],"replies":[{"embeddable":true,"href":"https:\/\/www.hydraulic-cylinders.net\/nb\/wp-json\/wp\/v2\/comments?post=15741"}],"wp:featuredmedia":[{"embeddable":true,"href":"https:\/\/www.hydraulic-cylinders.net\/nb\/wp-json\/wp\/v2\/media\/14773"}],"wp:attachment":[{"href":"https:\/\/www.hydraulic-cylinders.net\/nb\/wp-json\/wp\/v2\/media?parent=15741"}],"wp:term":[{"taxonomy":"product_brand","embeddable":true,"href":"https:\/\/www.hydraulic-cylinders.net\/nb\/wp-json\/wp\/v2\/product_brand?post=15741"},{"taxonomy":"product_cat","embeddable":true,"href":"https:\/\/www.hydraulic-cylinders.net\/nb\/wp-json\/wp\/v2\/product_cat?post=15741"},{"taxonomy":"product_tag","embeddable":true,"href":"https:\/\/www.hydraulic-cylinders.net\/nb\/wp-json\/wp\/v2\/product_tag?post=15741"}],"curies":[{"name":"wp","href":"https:\/\/api.w.org\/{rel}","templated":true}]}}