{"id":15742,"date":"2025-01-19T14:55:05","date_gmt":"2025-01-19T14:55:05","guid":{"rendered":"https:\/\/www.hydraulic-cylinders.net\/product\/bucket-cylinder-for-world-middle-excavator-w2215-8\/"},"modified":"2025-01-19T14:55:07","modified_gmt":"2025-01-19T14:55:07","slug":"bucket-cylinder-for-world-middle-excavator-w2215-8","status":"publish","type":"product","link":"https:\/\/www.hydraulic-cylinders.net\/nb\/produkt\/bucket-cylinder-for-world-middle-excavator-w2215-8\/","title":{"rendered":"B\u00f8ttesylinder for verdens mellomgraver W2215-8"},"content":{"rendered":"<h2>B\u00f8ttesylinder for verdens mellomgraver W2215-8<\/h2>\n<p>En skuffesylinder er en spesialdesignet hydraulisk sylinder som prim\u00e6rt brukes til \u00e5 kontrollere bevegelsen til skuffen i tunge maskiner som gravemaskiner, traktorgravere og frontlastere. Hovedfunksjonen er \u00e5 gj\u00f8re det mulig for skuffen \u00e5 utf\u00f8re l\u00f8fte-, senke- og vippebevegelser, noe som gj\u00f8r det enklere \u00e5 h\u00e5ndtere ulike materialh\u00e5ndteringsoppgaver. I et hydraulisk system oppn\u00e5r skuffesylinderen presis kontroll over skuffen ved \u00e5 bruke trykkendringen i hydraulikkoljen, slik at operat\u00f8rer effektivt kan h\u00e5ndtere tunge laster og tilpasse seg komplekse arbeidsmilj\u00f8er og ulike driftskrav.<\/p>\n<p><img decoding=\"async\" src=\"https:\/\/www.hydraulic-cylinders.net\/wp-content\/uploads\/2025\/01\/songte-company-2.webp\" alt=\"Bilde av b\u00f8ttesylinder\"><\/p>\n<h3>Funksjoner av b\u00f8ttesylinder for verdens mellomgraver W2215-8<\/h3>\n<ol>\n<li>H\u00f8y styrke og holdbarhet: Vanligvis laget av h\u00f8yfast st\u00e5l eller aluminium, t\u00e5ler den h\u00f8yt trykk og tunge belastninger, og tilpasser seg t\u00f8ffe arbeidsmilj\u00f8er. Designet tar hensyn til slitestyrke og korrosjonsbestandighet, noe som forlenger levetiden.<\/li>\n<li>Effektiv hydraulisk drift: Ved \u00e5 utnytte trykket fra hydraulikkoljen muliggj\u00f8r den jevne forlengelses- og inntrekksbevegelser, reagerer raskt p\u00e5 kontrollkommandoer, gir kraftige skyve- og trekkkrefter og er egnet for h\u00e5ndtering av tunge belastninger og komplekse oppgaver.<\/li>\n<li>Ulike typer: Den kan velges som enkeltvirkende (hydraulisk brukt kun i \u00e9n retning) eller dobbeltvirkende (hydraulisk brukt i begge retninger) sylindere i henhold til kravene, og dekker ulike driftsbehov. Noen modeller er teleskopiske, noe som gir st\u00f8rre forlengelse uten \u00e5 \u00f8ke de ytre m\u00e5lene, egnet for applikasjoner med begrenset plass.<\/li>\n<li>Erstatter OEM-sylindere perfekt: Produktet v\u00e5rt er utviklet for \u00e5 erstatte disse hydrauliske sylindrene perfekt.<\/li>\n<\/ol>\n<p><img decoding=\"async\" src=\"https:\/\/www.hydraulic-cylinders.net\/wp-content\/uploads\/2025\/01\/songte-cylinder-head-with-all-kinds-excavator-models.webp\" alt=\"Bilde av utskifting av hydraulisk sylinder\"><\/p>\n<h3>Bruksomr\u00e5der for b\u00f8ttesylinder for verdens mellomgraver W2215-8<\/h3>\n<p>Denne b\u00f8ttesylinderen er mye brukt i diverse anleggsmaskiner og landbruksmaskiner:<\/p>\n<ul>\n<li>Anleggsutstyr: Det spiller en avgj\u00f8rende rolle i gravemaskiner for graving, lasting og flytting av jord eller rusk. I gravemaskiner hjelper skuffesylinderen til med b\u00e5de graving og l\u00f8fting.<\/li>\n<li>Landbruksmaskiner: Brukes i frontlastere til \u00e5 utarbeide, l\u00f8fte og transportere jord, h\u00f8y og andre materialer.<\/li>\n<li>Gravemaskiner: Skuffesylinderen muliggj\u00f8r graveaksjoner ved \u00e5 la skuffen trenge ned i jorden.<\/li>\n<li>Frontlastere: Frontlastere hjelper til med effektiv l\u00f8fting og lossing av varer.<\/li>\n<\/ul>\n<h3>Designhensyn og utvalgskriterier<\/h3>\n<p>N\u00e5r det gjelder utformingen av b\u00f8ttesylinderen, tas det hensyn til flere viktige faktorer:<\/p>\n<ul>\n<li>B\u00e6reevne<\/li>\n<li>Tetningsevner<\/li>\n<li>Varighet<\/li>\n<li>Sikkerhet<\/li>\n<li>Vedlikeholdbarhet<\/li>\n<\/ul>\n<p><img decoding=\"async\" src=\"https:\/\/www.hydraulic-cylinders.net\/wp-content\/uploads\/2025\/01\/songte-oil-pipes-and-spare-parts.webp\" alt=\"Bilde av hydraulisk sylinderdesign og deler\"><\/p>\n<h3>Tetting og sm\u00f8ring<\/h3>\n<p>Skuffesylinderen benytter forskjellige tetningskomponenter som stempeltetninger og stangtetninger laget av slitesterke materialer som polyuretan og nitrilgummi. Sylinderhuset og gjengede endeflater er fint bearbeidet for \u00e5 forbedre slitestyrken. Regelmessig sm\u00f8ring med passende hydraulisk olje er n\u00f8dvendig for \u00e5 sikre problemfri drift.<\/p>\n<h3>Regelmessig inspeksjon og forebyggende vedlikehold<\/h3>\n<p>For \u00e5 opprettholde ytelsen og forlenge levetiden til b\u00f8ttesylinderen er regelmessig inspeksjon og forebyggende vedlikeholdstiltak avgj\u00f8rende:<\/p>\n<ul>\n<li>Inspeksjon for tegn p\u00e5 slitasje eller skade<\/li>\n<li>Riktig sm\u00f8ring<\/li>\n<li>Bytte av slitte eller skadede pakninger<\/li>\n<li>Kalibreringskontroller<\/li>\n<\/ul>\n<p><img decoding=\"async\" src=\"https:\/\/www.hydraulic-cylinders.net\/wp-content\/uploads\/2025\/01\/songte-chushion-collar.webp\" alt=\"Bilde av vedlikehold av b\u00f8ttesylinder\"><\/p>\n<h3>Sikkerhetshensyn og milj\u00f8faktorer<\/h3>\n<p>N\u00e5r man bruker b\u00f8ttesylinderen, er det av st\u00f8rste betydning \u00e5 s\u00f8rge for riktige sikkerhetstiltak. Tilstrekkelig oppl\u00e6ring og \u00e5 f\u00f8lge sikkerhetsprotokoller er avgj\u00f8rende for \u00e5 forhindre ulykker og opprettholde et trygt arbeidsmilj\u00f8. I tillegg er det viktig \u00e5 ta hensyn til milj\u00f8faktorer ved drift og vedlikehold av sylinderen for \u00e5 minimere eventuell negativ p\u00e5virkning.<\/p>\n<h3>Feils\u00f8king og vanlige problemer<\/h3>\n<p>Her er noen vanlige feils\u00f8kingstips og l\u00f8sninger for \u00e5 h\u00e5ndtere potensielle problemer:<\/p>\n<ul>\n<li>Identifisering og diagnostisering av feil<\/li>\n<li>Gir tips og l\u00f8sninger for feils\u00f8king<\/li>\n<li>Foresl\u00e5 forebyggende tiltak<\/li>\n<\/ul>\n<p><img decoding=\"async\" src=\"https:\/\/www.hydraulic-cylinders.net\/wp-content\/uploads\/2025\/01\/songte-bushings-with-all-kinds-of-excavator-models.webp\" alt=\"Bilde for feils\u00f8king av hydrauliske sylindere\"><\/p>\n<p>Husk \u00e5 organisere artikkelen logisk, bruke underoverskrifter for enkel navigering, innlemme relevante bilder eller diagrammer for bedre forst\u00e5else, og s\u00f8rge for at innholdet er klart, konsist og egnet for lesere med ulike tekniske kunnskapsniv\u00e5er.<\/p>\n<h2>Om selskapet v\u00e5rt<\/h2>\n<p>Vi er en ledende produsent og grossistdistribut\u00f8r av hydrauliske sylindere for utskifting. V\u00e5rt brede produktspekter har gjort oss til et p\u00e5litelig navn i det innenlandske og internasjonale markedet. Vi f\u00f8lger prinsippene om kvalitet og bruker strategier for industriell produksjonsstyring i v\u00e5re sofistikerte produksjonsverksteder. Med v\u00e5rt team av tekniske eksperter, toppmoderne produksjonsutstyr og profesjonelle testsystemer forbedrer vi kontinuerlig v\u00e5r produksjonsplattform og produksjonsruter for produktkvalitet. Vi har en sterk innovasjonsevne og tar sikte p\u00e5 \u00e5 m\u00f8te kundenes ulike behov med h\u00f8y effektivitet, presisjon og kvalitet.<\/p>\n<p><img decoding=\"async\" src=\"https:\/\/www.hydraulic-cylinders.net\/wp-content\/uploads\/2025\/01\/songte-company-3.webp\" alt=\"Selskapets image\"><\/p>\n<h3>Hvorfor velge oss?<\/h3>\n<ul>\n<li>Ekspertise og profesjonalitet<\/li>\n<li>Internasjonale sertifiseringer<\/li>\n<li>Tilpasningstjenester<\/li>\n<li>Avansert produksjonsutstyr<\/li>\n<li>Ettersalgsservice<\/li>\n<\/ul>\n<p>Forfatter: lyl<\/p>","protected":false},"excerpt":{"rendered":"<p>Bucket Cylinder For World Middle Excavator W2215-8 Bucket cylinder is a specially designed hydraulic cylinder that is primarily used to control the movement of the bucket in heavy machinery such as excavators, backhoe loaders, and front loaders. Its main function is to enable the bucket to perform lifting, lowering, and tilting actions, making it easier [&hellip;]<\/p>","protected":false},"featured_media":14771,"comment_status":"open","ping_status":"closed","template":"","meta":{"_et_pb_use_builder":"","_et_pb_old_content":"","_et_gb_content_width":""},"product_brand":[],"product_cat":[1494],"product_tag":[1495,1496],"class_list":{"0":"post-15742","1":"product","2":"type-product","3":"status-publish","4":"has-post-thumbnail","6":"product_cat-bucket-cylinders","7":"product_tag-bucket-cylinders","8":"product_tag-hydraulic-cylinders","10":"first","11":"instock","12":"shipping-taxable","13":"product-type-simple"},"amp_enabled":true,"_links":{"self":[{"href":"https:\/\/www.hydraulic-cylinders.net\/nb\/wp-json\/wp\/v2\/product\/15742","targetHints":{"allow":["GET"]}}],"collection":[{"href":"https:\/\/www.hydraulic-cylinders.net\/nb\/wp-json\/wp\/v2\/product"}],"about":[{"href":"https:\/\/www.hydraulic-cylinders.net\/nb\/wp-json\/wp\/v2\/types\/product"}],"replies":[{"embeddable":true,"href":"https:\/\/www.hydraulic-cylinders.net\/nb\/wp-json\/wp\/v2\/comments?post=15742"}],"wp:featuredmedia":[{"embeddable":true,"href":"https:\/\/www.hydraulic-cylinders.net\/nb\/wp-json\/wp\/v2\/media\/14771"}],"wp:attachment":[{"href":"https:\/\/www.hydraulic-cylinders.net\/nb\/wp-json\/wp\/v2\/media?parent=15742"}],"wp:term":[{"taxonomy":"product_brand","embeddable":true,"href":"https:\/\/www.hydraulic-cylinders.net\/nb\/wp-json\/wp\/v2\/product_brand?post=15742"},{"taxonomy":"product_cat","embeddable":true,"href":"https:\/\/www.hydraulic-cylinders.net\/nb\/wp-json\/wp\/v2\/product_cat?post=15742"},{"taxonomy":"product_tag","embeddable":true,"href":"https:\/\/www.hydraulic-cylinders.net\/nb\/wp-json\/wp\/v2\/product_tag?post=15742"}],"curies":[{"name":"wp","href":"https:\/\/api.w.org\/{rel}","templated":true}]}}