{"id":15743,"date":"2025-01-19T14:55:09","date_gmt":"2025-01-19T14:55:09","guid":{"rendered":"https:\/\/www.hydraulic-cylinders.net\/product\/bucket-cylinder-for-world-middle-excavator-w2225lc-8\/"},"modified":"2025-01-19T14:55:14","modified_gmt":"2025-01-19T14:55:14","slug":"bucket-cylinder-for-world-middle-excavator-w2225lc-8","status":"publish","type":"product","link":"https:\/\/www.hydraulic-cylinders.net\/nb\/produkt\/bucket-cylinder-for-world-middle-excavator-w2225lc-8\/","title":{"rendered":"B\u00f8ttesylinder for verdens mellomgraver W2225LC-8"},"content":{"rendered":"<h1>B\u00f8ttesylinder for verdens mellomgraver W2225LC-8<\/h1>\n<h2>Introduksjon<\/h2>\n<p>Skuffesylinderen for World Middle Excavator W2225LC-8 er en spesialdesignet hydraulisk sylinder som brukes til \u00e5 kontrollere bevegelsen til skuffer i tunge maskiner som gravemaskiner, traktorgravere og frontlastere. Hovedfunksjonen er \u00e5 gj\u00f8re det mulig \u00e5 l\u00f8fte, senke og tilte skuffen, noe som gj\u00f8r det enklere \u00e5 h\u00e5ndtere ulike materialh\u00e5ndteringsoppgaver. I det hydrauliske systemet oppn\u00e5r skuffesylinderen presis kontroll over skuffen gjennom endringer i hydraulikkoljetrykket, slik at operat\u00f8rer effektivt kan h\u00e5ndtere tunge laster og tilpasse seg komplekse arbeidsmilj\u00f8er og ulike jobbkrav.<\/p>\n<p><img decoding=\"async\" src=\"https:\/\/www.hydraulic-cylinders.net\/wp-content\/uploads\/2025\/01\/songte-company-2.webp\"><\/p>\n<h2>Funksjoner<\/h2>\n<ul>\n<li>H\u00f8y styrke og holdbarhet: Vanligvis laget av h\u00f8yfast st\u00e5l eller aluminium, i stand til \u00e5 t\u00e5le h\u00f8yt trykk og tunge belastninger, og designet med hensyn til slitestyrke og korrosjonsmotstand for \u00e5 forlenge levetiden.<\/li>\n<li>Effektiv hydraulisk drift: Jevn forlengelse og sammentrekning oppn\u00e5s ved hjelp av trykket fra hydraulikkoljen, rask respons p\u00e5 kontrollkommandoer, gir kraftig skyve- og trekkekraft, egnet for h\u00e5ndtering av tunge belastninger og komplekse arbeidsoppgaver.<\/li>\n<li>Ulike typer: Enkeltvirkende (med hydraulikk i kun \u00e9n retning) eller dobbeltvirkende (med hydraulikk i begge retninger) sylindere kan velges etter behov for \u00e5 oppfylle ulike driftskrav. Noen modeller er teleskopiske, noe som gir st\u00f8rre forlengelse uten \u00e5 \u00f8ke de ytre m\u00e5lene, egnet for applikasjoner med begrenset plass.<\/li>\n<li>Enkel utskifting: Produktet v\u00e5rt kan erstatte disse hydrauliske sylindrene perfekt.<\/li>\n<\/ul>\n<p><img decoding=\"async\" src=\"https:\/\/www.hydraulic-cylinders.net\/wp-content\/uploads\/2025\/01\/songte-cylinder-head-with-all-kinds-excavator-models.webp\"><\/p>\n<h2>Bruksomr\u00e5der<\/h2>\n<p>Skuffesylinderen brukes ofte i anleggsmaskiner som gravemaskiner, traktorgravere og frontlastere, blant annet. Her er noen eksempler:<\/p>\n<h3>Anleggsutstyr<\/h3>\n<ul>\n<li><strong>Gravemaskiner:<\/strong> Skuffesylindere bidrar til \u00e5 oppn\u00e5 gravefunksjon ved \u00e5 la skuffen trenge ned i jorden.<\/li>\n<li><strong>Gravemaskiner med gravemaskin:<\/strong> Skuffesylinderen hjelper til med b\u00e5de graving og l\u00f8fting.<\/li>\n<li><strong>Frontlastere:<\/strong> Skuffesylindere hjelper med effektiv l\u00f8fting og dumping av materialer.<\/li>\n<\/ul>\n<h3>Landbruksmaskiner<\/h3>\n<ul>\n<li><strong>Frontlastere:<\/strong> Brukes til lasting, l\u00f8fting og transport av jord, h\u00f8y og andre materialer.<\/li>\n<\/ul>\n<h2>Designhensyn og utvalgskriterier<\/h2>\n<p>The bucket cylinder&#8217;s design takes into account several factors that ensure optimal performance. Here are some essential design considerations and selection criteria:<\/p>\n<h3>B\u00e6reevne<\/h3>\n<p>Sylinderen m\u00e5 t\u00e5le h\u00f8yt trykk og tunge belastninger.<\/p>\n<h3>Tetting<\/h3>\n<p>Sylinderen m\u00e5 v\u00e6re konstruert med h\u00f8ykvalitetstetninger som kan forhindre oljelekkasje og sikre problemfri drift av sylinderen.<\/p>\n<h3>Varighet<\/h3>\n<p>Sylinderen m\u00e5 v\u00e6re motstandsdyktig mot slitasje og korrosjon og t\u00e5le t\u00f8ffe arbeidsmilj\u00f8er.<\/p>\n<h3>Sikkerhet<\/h3>\n<p>Sylinderen b\u00f8r v\u00e6re konstruert for \u00e5 minimere risikoen for ulykker p\u00e5 grunn av sylindersvikt.<\/p>\n<h3>Vedlikehold<\/h3>\n<p>Sylinderen b\u00f8r v\u00e6re utformet slik at vedlikehold og reparasjon blir s\u00e5 enkelt som mulig.<\/p>\n<p><img decoding=\"async\" src=\"https:\/\/www.hydraulic-cylinders.net\/wp-content\/uploads\/2025\/01\/songte-oil-pipes-and-spare-parts.webp\"><\/p>\n<h2>Tetting og sm\u00f8ring<\/h2>\n<p>Skuffesylinderen bruker forskjellige tetninger som stempeltetninger, stangtetninger og andre laget av slitesterke materialer som polyuretan og nitrilgummi, hvor sylinderoverflaten og gjengede ender er finbearbeidet for \u00e5 forbedre slitestyrken. Regelmessig sm\u00f8ring med hydraulikkolje er n\u00f8dvendig for \u00e5 sikre problemfri drift.<\/p>\n<h2>Vedlikehold og forebyggende tiltak<\/h2>\n<p>Regelmessig inspeksjon, riktig sm\u00f8ring, utskifting av tetninger og kalibreringskontroller er vanlige vedlikeholdsoppgaver som kan bidra til \u00e5 forlenge sylinderens levetid. Riktig installasjon, sm\u00f8ring og justering er avgj\u00f8rende, og riktig justeringsveiledning b\u00f8r gis under installasjonen. Bruk av passende monteringsbraketter for \u00e5 feste sylinderen anbefales, og kontroll-, reparasjons- og utskiftingsprogrammer for deler b\u00f8r etableres for \u00e5 forbedre produktets levetid. <\/p>\n<p><img decoding=\"async\" src=\"https:\/\/www.hydraulic-cylinders.net\/wp-content\/uploads\/2025\/01\/songte-chushion-collar.webp\"><\/p>\n<h2>Sikkerhets- og milj\u00f8hensyn<\/h2>\n<p>Skuffesylinderen m\u00e5 installeres og brukes i henhold til sikkerhetsforskriftene for \u00e5 forhindre ulykker. Det m\u00e5 utvises tilstrekkelig forsiktighet for \u00e5 avhende hydraulisk olje og andre komponenter p\u00e5 riktig m\u00e5te.<\/p>\n<h2>Feils\u00f8king og vanlige problemer<\/h2>\n<p>Vanlige problemer med b\u00f8ttesylindere inkluderer lekkasjer, feil justering og slitte tetninger. Riktig vedlikehold og inspeksjon kan forhindre at disse problemene oppst\u00e5r.<\/p>\n<h2>Introduksjon til selskapet<\/h2>\n<p>We are a manufacturer of replacement hydraulic cylinders, providing a complete range of products and services and becoming one of the leading manufacturers and wholesalers of hydraulic cylinders in the domestic and international markets. We adhere to the principle of excellent quality, rely on the industry&#8217;s production management strategy of fine manufacturing workshops, constantly improve the manufacturing platform, improve product quality production lines, and have strong production capacity to meet customers&#8217; diverse needs with high efficiency, high precision, and high quality. <\/p>\n<p>Vi tilbyr profesjonelle, internasjonalt sertifiserte, tilpassede tjenester, og har avansert produksjonsutstyr og profesjonelle testsystemer, samt et solid ettersalgsteam for \u00e5 sikre kundetilfredshet.<\/p>\n<p><img decoding=\"async\" src=\"https:\/\/hzpt.com\/wp-content\/uploads\/2024\/11\/songte-company-1.webp\"><\/p>\n<p>Forfatter: lyl.<\/p>","protected":false},"excerpt":{"rendered":"<p>Bucket Cylinder For World Middle Excavator W2225LC-8 Introduction The Bucket Cylinder for World Middle Excavator W2225LC-8 is a specially designed hydraulic cylinder used to control the movement of buckets in heavy machinery such as excavators, backhoe excavators, and front-end loaders. Its main function is to enable the bucket to lift, lower, and tilt, making it [&hellip;]<\/p>","protected":false},"featured_media":14769,"comment_status":"open","ping_status":"closed","template":"","meta":{"_et_pb_use_builder":"","_et_pb_old_content":"","_et_gb_content_width":""},"product_brand":[],"product_cat":[1494],"product_tag":[1495,1496],"class_list":{"0":"post-15743","1":"product","2":"type-product","3":"status-publish","4":"has-post-thumbnail","6":"product_cat-bucket-cylinders","7":"product_tag-bucket-cylinders","8":"product_tag-hydraulic-cylinders","10":"first","11":"instock","12":"shipping-taxable","13":"product-type-simple"},"amp_enabled":true,"_links":{"self":[{"href":"https:\/\/www.hydraulic-cylinders.net\/nb\/wp-json\/wp\/v2\/product\/15743","targetHints":{"allow":["GET"]}}],"collection":[{"href":"https:\/\/www.hydraulic-cylinders.net\/nb\/wp-json\/wp\/v2\/product"}],"about":[{"href":"https:\/\/www.hydraulic-cylinders.net\/nb\/wp-json\/wp\/v2\/types\/product"}],"replies":[{"embeddable":true,"href":"https:\/\/www.hydraulic-cylinders.net\/nb\/wp-json\/wp\/v2\/comments?post=15743"}],"wp:featuredmedia":[{"embeddable":true,"href":"https:\/\/www.hydraulic-cylinders.net\/nb\/wp-json\/wp\/v2\/media\/14769"}],"wp:attachment":[{"href":"https:\/\/www.hydraulic-cylinders.net\/nb\/wp-json\/wp\/v2\/media?parent=15743"}],"wp:term":[{"taxonomy":"product_brand","embeddable":true,"href":"https:\/\/www.hydraulic-cylinders.net\/nb\/wp-json\/wp\/v2\/product_brand?post=15743"},{"taxonomy":"product_cat","embeddable":true,"href":"https:\/\/www.hydraulic-cylinders.net\/nb\/wp-json\/wp\/v2\/product_cat?post=15743"},{"taxonomy":"product_tag","embeddable":true,"href":"https:\/\/www.hydraulic-cylinders.net\/nb\/wp-json\/wp\/v2\/product_tag?post=15743"}],"curies":[{"name":"wp","href":"https:\/\/api.w.org\/{rel}","templated":true}]}}