{"id":15753,"date":"2025-01-19T14:56:10","date_gmt":"2025-01-19T14:56:10","guid":{"rendered":"https:\/\/www.hydraulic-cylinders.net\/product\/bucket-cylinder-for-jingong-crawler-excavator-jcm923-lc\/"},"modified":"2025-01-19T14:56:12","modified_gmt":"2025-01-19T14:56:12","slug":"bucket-cylinder-for-jingong-crawler-excavator-jcm923-lc","status":"publish","type":"product","link":"https:\/\/www.hydraulic-cylinders.net\/nb\/produkt\/bucket-cylinder-for-jingong-crawler-excavator-jcm923-lc\/","title":{"rendered":"B\u00f8ttesylinder for Jingong beltegraver JCM923-LC"},"content":{"rendered":"<h1>B\u00f8ttesylinder for Jingong beltegraver JCM923-LC<\/h1>\n<h2>Introduksjon<\/h2>\n<p>Skuffesylinderen er en spesialdesignet hydraulisk sylinder som brukes til \u00e5 kontrollere bevegelsen til skuffen i tunge maskiner som gravemaskiner, traktorgravere og frontlastere. Hovedfunksjonen er \u00e5 gj\u00f8re det mulig for skuffen \u00e5 l\u00f8fte, senke og vippe, noe som gj\u00f8r det enklere \u00e5 h\u00e5ndtere ulike materialh\u00e5ndteringsoppgaver. I det hydrauliske systemet oppn\u00e5r skuffesylinderen presis kontroll over skuffen ved \u00e5 variere trykket i hydraulikkoljen, slik at operat\u00f8rer effektivt kan h\u00e5ndtere tunge laster og tilpasse seg komplekse arbeidsmilj\u00f8er og ulike driftskrav.<\/p>\n<p><img decoding=\"async\" src=\"https:\/\/www.hydraulic-cylinders.net\/wp-content\/uploads\/2025\/01\/songte-company-2.webp\" alt=\"B\u00f8ttesylinder\"><\/p>\n<h2>Funksjoner<\/h2>\n<ul>\n<li>H\u00f8y styrke og holdbarhet: Den er vanligvis laget av h\u00f8yfast st\u00e5l eller aluminium, t\u00e5ler h\u00f8yt trykk og tunge belastninger, tilpasser seg t\u00f8ffe arbeidsmilj\u00f8er og er designet med slitestyrke og korrosjonsbestandighet i tankene, noe som forlenger levetiden.<\/li>\n<li>Effektiv hydraulisk drift: Jevne forlengelses- og sammentrekningsbevegelser oppn\u00e5s ved \u00e5 utnytte trykket fra hydraulikkoljen, slik at den raskt reagerer p\u00e5 kontrollkommandoer, gir kraftige skyve- og trekkkrefter, og er egnet for h\u00e5ndtering av tunge belastninger og komplekse driftsoppgaver.<\/li>\n<li>Ulike typer: Enkeltvirkende (hydraulisk brukt i kun \u00e9n retning) eller dobbeltvirkende (hydraulisk brukt i begge retninger) sylindere kan velges i henhold til driftskrav, og noen modeller er teleskopiske, noe som gir st\u00f8rre forlengelse uten \u00e5 \u00f8ke de ytre dimensjonene, egnet for applikasjoner der plassen er begrenset.<\/li>\n<li>Kan erstatte andre hydrauliske sylindere: Produktet v\u00e5rt kan erstatte andre hydrauliske sylindere perfekt, og gir kundene en kostnadseffektiv l\u00f8sning.<\/li>\n<\/ul>\n<p><img decoding=\"async\" src=\"https:\/\/www.hydraulic-cylinders.net\/wp-content\/uploads\/2025\/01\/songte-cylinder-head-with-all-kinds-excavator-models.webp\" alt=\"Utskifting av b\u00f8ttesylinder\"><\/p>\n<h2>Bruksomr\u00e5der<\/h2>\n<p>B\u00f8ttesylinderen er mye brukt i forskjellige tunge maskiner, for eksempel:<\/p>\n<ul>\n<li>Anleggsutstyr: I gravemaskiner er de avgj\u00f8rende for utgraving, lasting og flytting av jord eller rusk. I gravemaskiner hjelper b\u00f8ttesylinderen med b\u00e5de utgraving og l\u00f8fting. <\/li>\n<li>Landbruksmaskiner: Brukes i frontlastere til \u00e5 utarbeide, l\u00f8fte og transportere jord, h\u00f8y og andre materialer. <\/li>\n<li>Gravemaskiner: Skuffesylinderen muliggj\u00f8r graveaksjoner ved \u00e5 la skuffen trenge ned i jorden. <\/li>\n<li>Frontlastere: De hjelper med \u00e5 l\u00f8fte og tilte varer effektivt. <\/li>\n<\/ul>\n<h2>Designhensyn og utvalgskriterier<\/h2>\n<p>N\u00e5r man diskuterer designhensyn og utvalgskriteriene for b\u00f8ttesylindere, b\u00f8r f\u00f8lgende punkter vurderes:<\/p>\n<h3>B\u00e6reevne<\/h3>\n<p>B\u00e6reevnen til skuffesylinderen er avgj\u00f8rende for \u00e5 sikre at den kan h\u00e5ndtere vekten av materialene som l\u00f8ftes og flyttes. <\/p>\n<h3>Tetningsytelse<\/h3>\n<p>Sylinderens tetningsevne er avgj\u00f8rende for \u00e5 forhindre lekkasje av hydraulisk v\u00e6ske, noe som kan for\u00e5rsake skade p\u00e5 sylinderen og andre komponenter. <\/p>\n<h3>Varighet<\/h3>\n<p>Sylinderens holdbarhet er avgj\u00f8rende for \u00e5 t\u00e5le de t\u00f8ffe arbeidsmilj\u00f8ene og tunge belastningene den kan m\u00f8te. <\/p>\n<h3>Sikkerhet<\/h3>\n<p>Det er viktig \u00e5 vurdere sikkerhet n\u00e5r man velger og designer b\u00f8ttesylindere. For eksempel b\u00f8r sylinderen kunne t\u00e5le belastningene den utsettes for uten \u00e5 svikte, og den b\u00f8r ikke utgj\u00f8re noen risiko for personell eller utstyr. <\/p>\n<h3>Vedlikeholdbarhet<\/h3>\n<p>Til slutt er vedlikeholdsvennlighet viktig for \u00e5 sikre at sylinderen enkelt kan vedlikeholdes og repareres n\u00e5r det er n\u00f8dvendig, uten at det krever betydelig nedetid eller utgifter.<\/p>\n<p><img decoding=\"async\" src=\"https:\/\/www.hydraulic-cylinders.net\/wp-content\/uploads\/2025\/01\/songte-oil-pipes-and-spare-parts.webp\" alt=\"Deler av b\u00f8ttesylinder\"><\/p>\n<h2>Tetting og sm\u00f8ring<\/h2>\n<p>B\u00f8ttesylinderen bruker forskjellige tetninger, som stempeltetninger og stangtetninger, laget av slitesterke materialer som polyuretan og nitrilgummi, for \u00e5 oppn\u00e5 utmerket tetningsytelse. Sylinderhuset og den gjengede endeflaten er fint bearbeidet for \u00e5 forbedre slitestyrken. Riktig sm\u00f8ring b\u00f8r opprettholdes ved regelmessig \u00e5 tilsette en passende mengde hydraulisk olje for \u00e5 sikre jevn drift.<\/p>\n<h2>Vedlikehold og reparasjon<\/h2>\n<p>Regelmessig inspeksjon, sm\u00f8ring, utskifting av tetninger og kalibreringskontroller er vanlige vedlikeholdsoppgaver. Riktig installasjon, sm\u00f8ring og justering er avgj\u00f8rende for optimal ytelse. Under installasjon er det viktig \u00e5 justere sylinderen riktig og bruke passende monteringsbraketter for \u00e5 feste den. Anbefalte inspeksjons-, reparasjons- og utskiftingsprosedyrer, samt reservedeler og ombyggingstjenester, kan forlenge levetiden til b\u00f8ttesylinderen.<\/p>\n<p><img decoding=\"async\" src=\"https:\/\/www.hydraulic-cylinders.net\/wp-content\/uploads\/2025\/01\/songte-chushion-collar.webp\" alt=\"Skuffesylinderkrage\"><\/p>\n<h2>Sikkerhets- og milj\u00f8hensyn<\/h2>\n<p>Ved bruk av b\u00f8ttesylindere b\u00f8r sikkerhetstiltak f\u00f8lges n\u00f8ye for \u00e5 forhindre ulykker. Operat\u00f8rer m\u00e5 v\u00e6re riktig oppl\u00e6rt, og utstyr m\u00e5 inspiseres og vedlikeholdes regelmessig. Det er ogs\u00e5 viktig \u00e5 avhende brukt hydraulikkolje og andre farlige materialer p\u00e5 riktig m\u00e5te for \u00e5 minimere milj\u00f8p\u00e5virkningen.<\/p>\n<h2>Feildiagnose og feils\u00f8king<\/h2>\n<p>Noen vanlige problemer som kan oppst\u00e5 med b\u00f8ttesylindere inkluderer lekkasje, utilstrekkelig trykk og d\u00e5rlig ytelse. Feils\u00f8king kan inneb\u00e6re \u00e5 kontrollere at sm\u00f8ringen er riktig, inspisere tetninger og pakninger, eller bytte ut slitte deler. Regelmessig vedlikehold og inspeksjon kan bidra til \u00e5 forhindre mange problemer.<\/p>\n<p><img decoding=\"async\" src=\"https:\/\/www.hydraulic-cylinders.net\/wp-content\/uploads\/2025\/01\/songte-bushings-with-all-kinds-of-excavator-models.webp\" alt=\"B\u00f8ttesylinderforinger\"><\/p>\n<h2>Om selskapet v\u00e5rt<\/h2>\n<p>Vi er en produsent av hydrauliske sylindere for utskifting og har et bredt spekter av produkter. Vi er en av de ledende produsentene og grossistdistribut\u00f8rene av hydrauliske sylindere i det innenlandske og internasjonale markedet. Vi f\u00f8lger prinsippene om kvalitet og er avhengige av den industrielle produksjonsstyringsstrategien til fine produksjonsverksteder. Vi forbedrer kontinuerlig v\u00e5re produksjonsplattformer med avansert teknologisk talent, digitalt high-end produksjonsutstyr og profesjonelle testsystemer, og perfeksjonerer produksjonslinjen med produktkvalitet og har sterk produksjonskapasitet. Vi m\u00f8ter kundenes ulike behov med h\u00f8y effektivitet, presisjon og kvalitetsprinsipper.<\/p>\n<p>Vi tilbyr profesjonell, internasjonal sertifisering og tilpassede tjenester, og bruker avansert produksjonsutstyr for \u00e5 gi kundene v\u00e5re h\u00f8ykvalitets og kostnadseffektive l\u00f8sninger. V\u00e5r ettersalgsservice er ogs\u00e5 f\u00f8rsteklasses, noe som sikrer at kundene v\u00e5re er forn\u00f8yde med produktene v\u00e5re p\u00e5 alle m\u00e5ter.<\/p>\n<p><img decoding=\"async\" src=\"https:\/\/www.hydraulic-cylinders.net\/wp-content\/uploads\/2025\/01\/songte-company-3.webp\" alt=\"Bedrift\"><\/p>\n<p>Forfatter: lyl<\/p>","protected":false},"excerpt":{"rendered":"<p>Bucket Cylinder For Jingong Crawler Excavator JCM923-LC Introduction The bucket cylinder is a specially designed hydraulic cylinder used to control the movement of the bucket in heavy machinery such as excavators, backhoe excavators, and front-end loaders. Its main function is to enable the bucket to lift, lower, and tilt, making it easier to handle various [&hellip;]<\/p>","protected":false},"featured_media":14780,"comment_status":"open","ping_status":"closed","template":"","meta":{"_et_pb_use_builder":"","_et_pb_old_content":"","_et_gb_content_width":""},"product_brand":[],"product_cat":[1494],"product_tag":[1495,1496],"class_list":{"0":"post-15753","1":"product","2":"type-product","3":"status-publish","4":"has-post-thumbnail","6":"product_cat-bucket-cylinders","7":"product_tag-bucket-cylinders","8":"product_tag-hydraulic-cylinders","10":"first","11":"instock","12":"shipping-taxable","13":"product-type-simple"},"amp_enabled":true,"_links":{"self":[{"href":"https:\/\/www.hydraulic-cylinders.net\/nb\/wp-json\/wp\/v2\/product\/15753","targetHints":{"allow":["GET"]}}],"collection":[{"href":"https:\/\/www.hydraulic-cylinders.net\/nb\/wp-json\/wp\/v2\/product"}],"about":[{"href":"https:\/\/www.hydraulic-cylinders.net\/nb\/wp-json\/wp\/v2\/types\/product"}],"replies":[{"embeddable":true,"href":"https:\/\/www.hydraulic-cylinders.net\/nb\/wp-json\/wp\/v2\/comments?post=15753"}],"wp:featuredmedia":[{"embeddable":true,"href":"https:\/\/www.hydraulic-cylinders.net\/nb\/wp-json\/wp\/v2\/media\/14780"}],"wp:attachment":[{"href":"https:\/\/www.hydraulic-cylinders.net\/nb\/wp-json\/wp\/v2\/media?parent=15753"}],"wp:term":[{"taxonomy":"product_brand","embeddable":true,"href":"https:\/\/www.hydraulic-cylinders.net\/nb\/wp-json\/wp\/v2\/product_brand?post=15753"},{"taxonomy":"product_cat","embeddable":true,"href":"https:\/\/www.hydraulic-cylinders.net\/nb\/wp-json\/wp\/v2\/product_cat?post=15753"},{"taxonomy":"product_tag","embeddable":true,"href":"https:\/\/www.hydraulic-cylinders.net\/nb\/wp-json\/wp\/v2\/product_tag?post=15753"}],"curies":[{"name":"wp","href":"https:\/\/api.w.org\/{rel}","templated":true}]}}