{"id":1576,"date":"2023-10-07T02:56:09","date_gmt":"2023-10-07T02:56:09","guid":{"rendered":"https:\/\/hydraulic-cylinders.net\/?post_type=product&#038;p=1576"},"modified":"2025-04-15T05:44:31","modified_gmt":"2025-04-15T05:44:31","slug":"mobile-crane-steering-cylinder","status":"publish","type":"product","link":"https:\/\/www.hydraulic-cylinders.net\/nb\/produkt\/mobile-crane-steering-cylinder\/","title":{"rendered":"Styresylinder for mobilkran"},"content":{"rendered":"<h1 style=\"text-align: center;\"><strong>Styresylinder for mobilkran<\/strong><\/h1>\n<p><img loading=\"lazy\" decoding=\"async\" class=\"aligncenter wp-image-1577\" src=\"https:\/\/hydraulic-cylinders.net\/wp-content\/uploads\/2023\/10\/steering-cylinder-1-300x300.webp\" alt=\"\" width=\"400\" height=\"400\" \/><\/p>\n<p>Mobilkranens styresylinder er en viktig komponent som spiller en avgj\u00f8rende rolle i \u00e5 sikre presis styring og man\u00f8vrerbarhet for mobilkraner under l\u00f8fteoperasjoner. Denne hydrauliske sylinderen er spesielt utviklet for mobilkraner, og lar operat\u00f8rer navigere kranen n\u00f8yaktig, noe som forbedrer sikkerheten og effektiviteten p\u00e5 byggeplasser og i industrimilj\u00f8er.<\/p>\n<p>Mobilkranens styresylinder er en viktig komponent som sikrer presis styring og man\u00f8vrerbarhet i l\u00f8fteoperasjoner p\u00e5 mobilkraner. Med sin robuste konstruksjon, hydrauliske kraft og optimale styreytelse, gj\u00f8r denne hydrauliske sylinderen det mulig for operat\u00f8rer \u00e5 navigere mobilkraner n\u00f8yaktig og trygt. Ved \u00e5 f\u00f8lge riktige bruksmetoder og overholde anbefalte vedlikeholdspraksiser, kan operat\u00f8rer maksimere levetiden og p\u00e5liteligheten til mobilkranens styresylinder, noe som f\u00f8rer til sikre og effektive l\u00f8fteoperasjoner. Velg denne uunnv\u00e6rlige hydrauliske komponenten for \u00e5 oppn\u00e5 presisjonsstyring og forbedre man\u00f8vrerbarheten i mobilkranoperasjonene dine.<\/p>\n<p>Mobilkrans styresylinder Viktige egenskaper:<\/p>\n<ol>\n<li>Robust konstruksjon og holdbarhet:<\/li>\n<\/ol>\n<ul>\n<li>Mobilkranens styresylinder er konstruert av materialer av h\u00f8y kvalitet, noe som gir eksepsjonell styrke og holdbarhet.<\/li>\n<li>Den er konstruert for \u00e5 t\u00e5le tunge belastninger, st\u00f8t og t\u00f8ffe milj\u00f8forhold, og sikrer p\u00e5litelig ytelse selv i krevende arbeidsmilj\u00f8er.<\/li>\n<\/ul>\n<ol start=\"2\">\n<li>Hydraulisk kontroll og presisjon:<\/li>\n<\/ol>\n<ul>\n<li>Denne sylinderen opererer via et hydraulisk kontrollsystem, som gir presis styring av mobilkranen.<\/li>\n<li>Den hydrauliske styringen sikrer jevn og responsiv styring, slik at operat\u00f8rene kan man\u00f8vrere kranen n\u00f8yaktig og presist.<\/li>\n<\/ul>\n<ol start=\"3\">\n<li>Optimal styreytelse:<\/li>\n<\/ol>\n<ul>\n<li>Mobilkranens styresylinder er konstruert for \u00e5 gi optimal styreytelse, slik at operat\u00f8rene kan navigere kranen uanstrengt.<\/li>\n<li>Den gir den n\u00f8dvendige kraften til \u00e5 dreie hjulene, og sikrer jevne og kontrollerte styrebevegelser.<\/li>\n<\/ul>\n<ol start=\"4\">\n<li>Forbedret sikkerhet og man\u00f8vrerbarhet:<\/li>\n<\/ol>\n<ul>\n<li>Presis styring er avgj\u00f8rende for \u00e5 sikre sikkerheten og man\u00f8vrerbarheten til mobilkraner.<\/li>\n<li>Mobilkranens styresylinder gj\u00f8r det mulig for operat\u00f8rer \u00e5 kontrollere kranens bevegelse, noe som minimerer risikoen for ulykker og sikrer sikker og effektiv drift.<\/li>\n<\/ul>\n<h2><strong>Mobilkrans styresylinderparameter:<\/strong><\/h2>\n<table border=\"1\" cellspacing=\"0\" cellpadding=\"0\">\n<tbody>\n<tr>\n<td>Produktnavn<\/td>\n<td>Styresylinder for mobilkran<\/td>\n<\/tr>\n<tr>\n<td>Funksjoner:<\/td>\n<td>Styresystem for kranchassisdekk<\/td>\n<\/tr>\n<tr>\n<td>Borediameter:<\/td>\n<td>63 mm\uff5e200 mm<\/td>\n<\/tr>\n<tr>\n<td>Stangdiameter:<\/td>\n<td>36 mm \uff5e140 mm<br \/>\nSlaglengde \u22641000 mm<\/td>\n<\/tr>\n<tr>\n<td>Trykk:<\/td>\n<td>Maksimum 35 MPa<\/td>\n<\/tr>\n<tr>\n<td>Teleskopiske sylinderapplikasjoner:<\/td>\n<td>Mobilkran<\/td>\n<\/tr>\n<\/tbody>\n<\/table>\n<h2><strong>Identifikasjonsdiagram for mobilkran:<\/strong><\/h2>\n<p><img loading=\"lazy\" decoding=\"async\" class=\"alignnone wp-image-1551 size-full\" src=\"https:\/\/hydraulic-cylinders.net\/wp-content\/uploads\/2023\/09\/mobile-crane-cylinder-construction-1.webp\" alt=\"\" width=\"1418\" height=\"946\" srcset=\"https:\/\/hydraulic-cylinders.net\/wp-content\/uploads\/2023\/09\/mobile-crane-cylinder-construction-1.webp 1418w, https:\/\/hydraulic-cylinders.net\/wp-content\/uploads\/2023\/09\/mobile-crane-cylinder-construction-1-1280x854.webp 1280w, https:\/\/hydraulic-cylinders.net\/wp-content\/uploads\/2023\/09\/mobile-crane-cylinder-construction-1-980x654.webp 980w, https:\/\/hydraulic-cylinders.net\/wp-content\/uploads\/2023\/09\/mobile-crane-cylinder-construction-1-480x320.webp 480w\" sizes=\"(min-width: 0px) and (max-width: 480px) 480px, (min-width: 481px) and (max-width: 980px) 980px, (min-width: 981px) and (max-width: 1280px) 1280px, (min-width: 1281px) 1418px, 100vw\" \/><\/p>\n<h2><strong>Bruksmetode for styringssylinder for mobilkran<\/strong><strong>:<\/strong><\/h2>\n<ol>\n<li><strong>Gj\u00f8r deg kjent med kontroller og sikkerhetsretningslinjer:<\/strong><\/li>\n<\/ol>\n<ul>\n<li>F\u00f8r mobilkranen tas i bruk, b\u00f8r operat\u00f8rer gj\u00f8re seg kjent med kranens styrekontroller og sikkerhetsretningslinjer.<\/li>\n<li>S\u00f8rg for at alle sikkerhetsprosedyrer og forholdsregler f\u00f8lges for \u00e5 sikre trygge l\u00f8fteoperasjoner.<\/li>\n<\/ul>\n<ol start=\"2\">\n<li><strong>Styringskontroll:<\/strong><\/li>\n<\/ol>\n<ul>\n<li>Bruk rattet eller joysticken til \u00e5 styre styringen av mobilkranen.<\/li>\n<li>Mobilkranens styresylinder vil oversette input fra kontrollene til den n\u00f8dvendige kraften for \u00e5 dreie hjulene.<\/li>\n<\/ul>\n<ol start=\"3\">\n<li><strong>Myke styrebevegelser:<\/strong><\/li>\n<\/ol>\n<ul>\n<li>Oppretthold en jevn og kontrollert styringsinnsats for \u00e5 oppn\u00e5 jevne og presise styrebevegelser.<\/li>\n<li>Unng\u00e5 br\u00e5 eller rykkete styringsbevegelser, da disse kan p\u00e5virke stabiliteten og sette sikkerheten i fare.<\/li>\n<\/ul>\n<ol start=\"4\">\n<li><strong>Tilpass deg terreng og lastforhold:<\/strong><\/li>\n<\/ol>\n<ul>\n<li>Juster styreinngangen basert p\u00e5 terreng- og lastforhold.<\/li>\n<li>V\u00e6r oppmerksom p\u00e5 kranens tyngdepunkt og foreta n\u00f8dvendige styringsjusteringer for \u00e5 sikre stabilitet og balanse.<\/li>\n<\/ul>\n<h2><strong>Hva er ladetrykk i et hydraulisk system?<\/strong><\/h2>\n<p>I et hydraulisk system refererer ladetrykket til trykkniv\u00e5et som opprettholdes i systemets akkumulator eller ladepumpe. Det er vanligvis lavere enn driftstrykket som brukes til \u00e5 drive aktuatorer eller utf\u00f8re arbeid. Ladetrykket tjener flere viktige form\u00e5l i et hydraulisk system:<\/p>\n<ol>\n<li><strong>Energilagring:<\/strong> I systemer som bruker en akkumulator, er ladetrykket ansvarlig for lagring av hydraulisk energi. N\u00e5r systemets pumpe overstiger den n\u00f8dvendige str\u00f8mningshastigheten, ledes overfl\u00f8dig v\u00e6ske til akkumulatoren, som komprimerer en gass (som nitrogen) eller bruker en fj\u00e6rmekanisme for \u00e5 lagre energi i den trykksatte v\u00e6sken. Denne lagrede energien kan frigj\u00f8res senere for \u00e5 gi \u00f8yeblikkelig kraft under toppbehov eller for \u00e5 supplere pumpens ytelse.<\/li>\n<li><strong>Systemberedskap:<\/strong> Ladetrykket sikrer at systemet er klart for umiddelbar drift. Det hydrauliske systemet er primet og forberedt p\u00e5 \u00e5 reagere raskt p\u00e5 f\u00f8rerens kommandoer eller plutselige belastningsendringer ved \u00e5 opprettholde et jevnt trykkniv\u00e5. Dette reduserer responstiden og muliggj\u00f8r rask aktuatorbevegelse, noe som forbedrer systemets generelle ytelse.<\/li>\n<li><strong>Lekkasjekompensasjon:<\/strong> Hydrauliske systemer kan oppleve mindre interne eller eksterne lekkasjer over tid. Ladetrykket kompenserer for disse lekkasjene ved \u00e5 etterfylle det tapte v\u00e6skevolumet. Dette sikrer at det er tilstrekkelig med hydraulisk v\u00e6ske tilgjengelig for riktig systemdrift, og forhindrer tap av funksjonalitet eller reduksjon i ytelse p\u00e5 grunn av lekkasjer.<\/li>\n<li><strong>Systemstabilitet:<\/strong> Ladetrykket bidrar til systemstabilitet ved \u00e5 minimere potensialet for kavitasjon og opprettholde et positivt trykkmilj\u00f8. Kavitasjon oppst\u00e5r n\u00e5r trykket faller under damptrykket til hydraulikkv\u00e6sken, noe som for\u00e5rsaker dannelse og p\u00e5f\u00f8lgende kollaps av dampbobler. Dette kan f\u00f8re til skade p\u00e5 systemkomponenter og en reduksjon i total ytelse. \u00c5 opprettholde et tilstrekkelig ladetrykk reduserer risikoen for kavitasjon, noe som sikrer stabil og p\u00e5litelig drift.<\/li>\n<\/ol>\n<h2><strong>Fabrikkens kapasitet og kapasitet:<\/strong><\/h2>\n<h3>(1) Montering<\/h3>\n<p>Vi har en f\u00f8rsteklasses uavhengig forsknings- og utviklingsplattform for montering. Verkstedet for produksjon av hydrauliske sylindere har fire halvautomatiske monteringslinjer for l\u00f8ftesylindere og \u00e9n automatisk monteringslinje for vippesylindere, med en \u00e5rlig produksjonskapasitet p\u00e5 1 million enheter. Spesialsylinderverkstedet er utstyrt med ulike spesifikasjoner for et halvautomatisk rengj\u00f8ringsmonteringssystem med en \u00e5rlig produksjonskapasitet p\u00e5 200 000 enheter, og er utstyrt med kjent CNC-maskineringsutstyr, et maskineringssenter, spesialutstyr for h\u00f8ypresisjons sylinderbehandling, en robotsveisemaskin, en automatisk rengj\u00f8ringsmaskin, en automatisk sylindermonteringsmaskin og en automatisk produksjonslinje for lakkering. Vi har mer enn 300 sett (sett) av kritisk utstyr. Optimal allokering og effektiv bruk av utstyrsressurser sikrer n\u00f8yaktighetskravene til produktene og oppfyller produktenes h\u00f8ye kvalitetsbehov.<\/p>\n<p><img loading=\"lazy\" decoding=\"async\" class=\"alignnone wp-image-626\" src=\"https:\/\/hydraulic-cylinders.net\/wp-content\/uploads\/2023\/08\/hydraulic-cylinder-product-1-300x158.webp\" alt=\"\" width=\"495\" height=\"260\" srcset=\"https:\/\/hydraulic-cylinders.net\/wp-content\/uploads\/2023\/08\/hydraulic-cylinder-product-1-300x158.webp 495w, https:\/\/hydraulic-cylinders.net\/wp-content\/uploads\/2023\/08\/hydraulic-cylinder-product-1-480x252.webp 480w\" sizes=\"(min-width: 0px) and (max-width: 480px) 480px, (min-width: 481px) 495px, 100vw\" \/> <img loading=\"lazy\" decoding=\"async\" class=\"alignnone wp-image-627\" src=\"https:\/\/hydraulic-cylinders.net\/wp-content\/uploads\/2023\/08\/hydraulic-cylinder-product-2-300x189.webp\" alt=\"\" width=\"413\" height=\"260\" \/><\/p>\n<h3>(2) Maskinering<\/h3>\n<p>Maskineringsverkstedet er utstyrt med et spesialtilpasset dreiesenter for skr\u00e5 skinner, maskineringssenter, h\u00f8yhastighets honemaskin, sveiserobot og annet relatert utstyr, som kan h\u00e5ndtere bearbeiding av sylinderr\u00f8r med en maksimal indre diameter p\u00e5 400 mm og en maksimal lengde p\u00e5 6 meter.<\/p>\n<p><img loading=\"lazy\" decoding=\"async\" class=\"alignnone wp-image-628 size-large\" src=\"https:\/\/hydraulic-cylinders.net\/wp-content\/uploads\/2023\/08\/hydraulic-cylinder-product-3-1024x391.webp\" alt=\"\" width=\"1024\" height=\"391\" srcset=\"https:\/\/hydraulic-cylinders.net\/wp-content\/uploads\/2023\/08\/hydraulic-cylinder-product-3-980x374.webp 980w, https:\/\/hydraulic-cylinders.net\/wp-content\/uploads\/2023\/08\/hydraulic-cylinder-product-3-480x183.webp 480w\" sizes=\"(min-width: 0px) and (max-width: 480px) 480px, (min-width: 481px) and (max-width: 980px) 980px, (min-width: 981px) 1024px, 100vw\" \/><\/p>\n<h3>(3) Sveising<\/h3>\n<p><img loading=\"lazy\" decoding=\"async\" class=\"alignnone wp-image-629 size-large\" src=\"https:\/\/hydraulic-cylinders.net\/wp-content\/uploads\/2023\/08\/hydraulic-cylinder-product-4-1024x510.webp\" alt=\"\" width=\"1024\" height=\"510\" srcset=\"https:\/\/hydraulic-cylinders.net\/wp-content\/uploads\/2023\/08\/hydraulic-cylinder-product-4-980x488.webp 980w, https:\/\/hydraulic-cylinders.net\/wp-content\/uploads\/2023\/08\/hydraulic-cylinder-product-4-480x239.webp 480w\" sizes=\"(min-width: 0px) and (max-width: 480px) 480px, (min-width: 481px) and (max-width: 980px) 980px, (min-width: 981px) 1024px, 100vw\" \/><\/p>\n<h3>(4) Maling og belegg<\/h3>\n<p>Med sm\u00e5 og mellomstore sylinderautomatiske vannbaserte malingsbeleggslinjer, for \u00e5 oppn\u00e5 automatisk robotlasting og -lossing og automatisk spr\u00f8yting, er den designede kapasiteten 4000 stykker per skift;<br \/>\nVi har ogs\u00e5 en halvautomatisk produksjonslinje for maling for store sylindere drevet av en kabelkjede, med en designkapasitet p\u00e5 60 kasser per skift.<\/p>\n<p><img loading=\"lazy\" decoding=\"async\" class=\"alignnone wp-image-630\" src=\"https:\/\/hydraulic-cylinders.net\/wp-content\/uploads\/2023\/08\/hydraulic-cylinder-product-5-300x213.webp\" alt=\"\" width=\"366\" height=\"260\" \/> <img loading=\"lazy\" decoding=\"async\" class=\"alignnone wp-image-631\" src=\"https:\/\/hydraulic-cylinders.net\/wp-content\/uploads\/2023\/08\/hydraulic-cylinder-product-6-300x225.webp\" alt=\"\" width=\"347\" height=\"260\" \/><\/p>\n<h3>(5) Testing<\/h3>\n<p>Vi har f\u00f8rsteklasses inspeksjonsfasiliteter og testbenker for \u00e5 sikre at sylinderens ytelse oppfyller kravene.<\/p>\n<p><img loading=\"lazy\" decoding=\"async\" class=\"alignnone wp-image-632\" src=\"https:\/\/hydraulic-cylinders.net\/wp-content\/uploads\/2023\/08\/hydraulic-cylinder-product-8-300x200.webp\" alt=\"\" width=\"389\" height=\"260\" \/><\/p>\n<p>&nbsp;<\/p>\n<p>&nbsp;<\/p>\n<p>Vi er en av de beste produsentene av hydrauliske sylindere. Vi kan tilby et omfattende utvalg av hydrauliske sylindere. Vi tilbyr ogs\u00e5 tilsvarende <a href=\"https:\/\/hzpt.com\/agricultural-pto-gearbox\/\" target=\"_blank\" rel=\"noopener\">landbruksgirkasser<\/a>Vi har eksportert produktene v\u00e5re til kunder over hele verden og opparbeidet oss et godt rykte p\u00e5 grunn av v\u00e5r overlegne produktkvalitet og ettersalgsservice. Vi \u00f8nsker kunder i inn- og utland velkommen til \u00e5 kontakte oss for \u00e5 forhandle om forretninger, utveksle informasjon og <a href=\"https:\/\/www.hydraulic-cylinders.net\/nb\/contact-us\/\">samarbeide med oss<\/a>!<\/p>","protected":false},"excerpt":{"rendered":"<p>Mobile Crane Steering Cylinder The mobile crane steering cylinder is a vital component that plays a crucial role in ensuring precise steering control and maneuverability of mobile cranes during lifting operations. Designed specifically for mobile cranes, this hydraulic cylinder enables operators to navigate the crane accurately, enhancing safety and efficiency on construction sites and industrial [&hellip;]<\/p>","protected":false},"featured_media":1578,"comment_status":"open","ping_status":"closed","template":"","meta":{"_et_pb_use_builder":"","_et_pb_old_content":"","_et_gb_content_width":""},"product_brand":[],"product_cat":[1550,1514,1552],"product_tag":[1380],"class_list":{"0":"post-1576","1":"product","2":"type-product","3":"status-publish","4":"has-post-thumbnail","6":"product_cat-double-acting-hydraulic-cylinder","7":"product_cat-mobile-crane-hydraulic-cylinders","8":"product_cat-stainless-steel-hydraulic-cylinder","9":"product_tag-hydraulic-cylinder","11":"first","12":"instock","13":"shipping-taxable","14":"product-type-simple"},"amp_enabled":true,"_links":{"self":[{"href":"https:\/\/www.hydraulic-cylinders.net\/nb\/wp-json\/wp\/v2\/product\/1576","targetHints":{"allow":["GET"]}}],"collection":[{"href":"https:\/\/www.hydraulic-cylinders.net\/nb\/wp-json\/wp\/v2\/product"}],"about":[{"href":"https:\/\/www.hydraulic-cylinders.net\/nb\/wp-json\/wp\/v2\/types\/product"}],"replies":[{"embeddable":true,"href":"https:\/\/www.hydraulic-cylinders.net\/nb\/wp-json\/wp\/v2\/comments?post=1576"}],"wp:featuredmedia":[{"embeddable":true,"href":"https:\/\/www.hydraulic-cylinders.net\/nb\/wp-json\/wp\/v2\/media\/1578"}],"wp:attachment":[{"href":"https:\/\/www.hydraulic-cylinders.net\/nb\/wp-json\/wp\/v2\/media?parent=1576"}],"wp:term":[{"taxonomy":"product_brand","embeddable":true,"href":"https:\/\/www.hydraulic-cylinders.net\/nb\/wp-json\/wp\/v2\/product_brand?post=1576"},{"taxonomy":"product_cat","embeddable":true,"href":"https:\/\/www.hydraulic-cylinders.net\/nb\/wp-json\/wp\/v2\/product_cat?post=1576"},{"taxonomy":"product_tag","embeddable":true,"href":"https:\/\/www.hydraulic-cylinders.net\/nb\/wp-json\/wp\/v2\/product_tag?post=1576"}],"curies":[{"name":"wp","href":"https:\/\/api.w.org\/{rel}","templated":true}]}}