{"id":15776,"date":"2025-01-19T14:57:57","date_gmt":"2025-01-19T14:57:57","guid":{"rendered":"https:\/\/www.hydraulic-cylinders.net\/product\/bucket-cylinder-for-jove-jv365lc\/"},"modified":"2025-01-19T14:57:59","modified_gmt":"2025-01-19T14:57:59","slug":"bucket-cylinder-for-jove-jv365lc","status":"publish","type":"product","link":"https:\/\/www.hydraulic-cylinders.net\/nb\/produkt\/bucket-cylinder-for-jove-jv365lc\/","title":{"rendered":"B\u00f8ttesylinder til Jove JV365LC"},"content":{"rendered":"<h1>B\u00f8ttesylinder til Jove JV365LC<\/h1>\n<h2>Om produktet<\/h2>\n<p>En skuffesylinder er en spesialisert hydraulisk sylinder som prim\u00e6rt brukes til \u00e5 kontrollere bevegelsen til skuffen i tunge maskiner som gravemaskiner, traktorgravere og frontlastere. Hovedfunksjonen er \u00e5 gj\u00f8re det mulig for skuffen \u00e5 l\u00f8fte, senke og tilte, noe som gj\u00f8r det enklere \u00e5 h\u00e5ndtere ulike materialh\u00e5ndteringsoppgaver. I det hydrauliske systemet oppn\u00e5r skuffesylinderen presis kontroll over skuffen ved trykkendring av hydraulikkoljen, slik at operat\u00f8rer effektivt kan h\u00e5ndtere tunge laster, tilpasse seg komplekse arbeidsmilj\u00f8er og ulike driftskrav.<\/p>\n<p><img decoding=\"async\" src=\"https:\/\/www.hydraulic-cylinders.net\/wp-content\/uploads\/2025\/01\/songte-company-2.webp\" alt=\"Bilde av b\u00f8ttesylinder\"><\/p>\n<h2>Produktets egenskaper<\/h2>\n<ul>\n<li>\n<h3>H\u00f8y styrke og holdbarhet<\/h3>\n<p>B\u00f8ttesylindere er vanligvis laget av h\u00f8yfast st\u00e5l eller aluminium, som t\u00e5ler h\u00f8yt trykk og tunge belastninger, og tilpasser seg t\u00f8ffe arbeidsmilj\u00f8er. De er konstruert for \u00e5 ta hensyn til slitestyrke og korrosjonsmotstand, og dermed forlenge levetiden.<\/p>\n<\/li>\n<li>\n<h3>Effektiv hydraulisk drift<\/h3>\n<p>Skuffesylindere utnytter trykket fra hydraulikkoljen for \u00e5 oppn\u00e5 jevn forlengelse og tilbaketrekking, noe som muliggj\u00f8r rask respons p\u00e5 kontrollkommandoer og gir kraftig skyve- og trekkekraft, egnet for h\u00e5ndtering av tunge belastninger og komplekse driftsoppgaver.<\/p>\n<\/li>\n<li>\n<h3>Ulike typer<\/h3>\n<p>Skuffesylindere kan velges som enkeltvirkende (med hydraulikk i kun \u00e9n retning) eller dobbeltvirkende (med hydraulikk i begge retninger) etter behov, for \u00e5 m\u00f8te ulike driftskrav. Noen modeller er teleskopiske, noe som gir st\u00f8rre forlengelse uten \u00e5 \u00f8ke de ytre m\u00e5lene, noe som gj\u00f8r dem egnet for bruksomr\u00e5der med begrenset plass.<\/p>\n<\/li>\n<li>\n<h3>Utskiftbart produkt<\/h3>\n<p>Vi kan produsere dette produktet, og produktet v\u00e5rt kan erstatte disse hydrauliske sylindrene perfekt.<\/p>\n<\/li>\n<\/ul>\n<p><img decoding=\"async\" src=\"https:\/\/www.hydraulic-cylinders.net\/wp-content\/uploads\/2025\/01\/songte-cylinder-head-with-all-kinds-excavator-models.webp\" alt=\"Bilde av modeller av b\u00f8ttesylindere\"><\/p>\n<h2>Produktets anvendelser<\/h2>\n<ul>\n<li>\n<h3>Anleggsutstyr<\/h3>\n<p>I gravemaskiner er de viktige for utgraving, lasting og flytting av jord eller rusk. I gravemaskiner hjelper b\u00f8ttesylindere b\u00e5de med utgraving og l\u00f8fting. I frontlastere hjelper de med \u00e5 l\u00f8fte og tilte gods effektivt.<\/p>\n<\/li>\n<li>\n<h3>Landbruksmaskiner<\/h3>\n<p>Brukes i frontlastere for utgraving, l\u00f8fting og transport av jord, h\u00f8y og andre materialer. Skuffesylindere i gravemaskiner oppn\u00e5r utgraving ved \u00e5 la skuffen trenge ned i jorden.<\/p>\n<\/li>\n<\/ul>\n<h2>Designhensyn og utvalgskriterier<\/h2>\n<ul>\n<li>\n<h3>B\u00e6reevne<\/h3>\n<p>Sylinderen skal kunne t\u00e5le den maksimale belastningen for bruksomr\u00e5det den er konstruert for.<\/p>\n<\/li>\n<li>\n<h3>Tetting og sm\u00f8ring<\/h3>\n<p>Sylinderen b\u00f8r v\u00e6re utstyrt med forskjellige tetninger, som stempeltetninger og stangtetninger, laget av slitesterk materiale som polyuretan og nitrilgummi, for \u00e5 sikre effektiv sm\u00f8ring og forlenge levetiden. Sylinderhuset og den gjengede endeflaten er fint bearbeidet for \u00e5 forbedre slitestyrken. Regelmessig sm\u00f8ring med riktig mengde hydraulikkolje er ogs\u00e5 n\u00f8dvendig.<\/p>\n<\/li>\n<li>\n<h3>Holdbarhet og sikkerhet<\/h3>\n<p>Sylinderen b\u00f8r v\u00e6re konstruert og produsert for \u00e5 t\u00e5le t\u00f8ffe arbeidsmilj\u00f8er, noe som sikrer lang levetid og operat\u00f8rsikkerhet. Regelmessige kontroller og forebyggende vedlikehold anbefales for \u00e5 unng\u00e5 for tidlig feil og ulykker.<\/p>\n<\/li>\n<\/ul>\n<p><img decoding=\"async\" src=\"https:\/\/www.hydraulic-cylinders.net\/wp-content\/uploads\/2025\/01\/songte-oil-pipes-and-spare-parts.webp\" alt=\"Bilde av deler av hydrauliske sylindere\"><\/p>\n<h2>Vedlikeholds- og installasjonsveiledning<\/h2>\n<p>En regelmessig vedlikeholdsplan er viktig for \u00e5 sikre levetid og optimal ytelse for b\u00f8ttesylindre. F\u00f8lgende vedlikeholdsoppgaver b\u00f8r utf\u00f8res:<\/p>\n<ul>\n<li>\n<h3>Regelmessige kontroller<\/h3>\n<p>Sjekk for lekkasjer, skader og slitasje. Regelmessige kontroller kan oppdage sm\u00e5 problemer f\u00f8r de blir store problemer.<\/p>\n<\/li>\n<li>\n<h3>Sm\u00f8ring<\/h3>\n<p>Riktig sm\u00f8ring med riktig mengde hydraulisk olje er n\u00f8dvendig for \u00e5 sikre optimal ytelse.<\/p>\n<\/li>\n<li>\n<h3>Utskifting av tetning og kalibreringskontroll<\/h3>\n<p>\u00c5 bytte ut slitte pakninger og kalibrere sylinderen regelmessig kan forhindre potensielle problemer og opprettholde optimal ytelse.<\/p>\n<\/li>\n<\/ul>\n<p>Riktig installasjon er avgj\u00f8rende for \u00e5 sikre sikkerheten og optimal ytelsen til b\u00f8ttesylinderen. F\u00f8lgende retningslinjer b\u00f8r f\u00f8lges:<\/p>\n<ul>\n<li>\n<h3>Riktig justering<\/h3>\n<p>Sylinderen m\u00e5 justeres riktig for \u00e5 unng\u00e5 skade p\u00e5 stempelstangen og sylinderboringen.<\/p>\n<\/li>\n<li>\n<h3>Bruk av riktig monteringsbrakett<\/h3>\n<p>Riktige monteringsbraketter b\u00f8r brukes for \u00e5 feste sylinderen p\u00e5 plass og forhindre bevegelse.<\/p>\n<\/li>\n<li>\n<h3>Anbefalte prosedyrer for inspeksjon, reparasjon og utskifting<\/h3>\n<p>Anbefalte inspeksjons-, reparasjons- og utskiftingsprosedyrer b\u00f8r f\u00f8lges for \u00e5 sikre at b\u00f8ttesylinderen varer lenge og har optimal ytelse.<\/p>\n<\/li>\n<\/ul>\n<p><img decoding=\"async\" src=\"https:\/\/www.hydraulic-cylinders.net\/wp-content\/uploads\/2025\/01\/songte-chushion-collar.webp\" alt=\"Bilde av installasjon av hydrauliske sylindere\"><\/p>\n<h2>Produktsikkerhet og milj\u00f8hensyn<\/h2>\n<p>Det b\u00f8r tas n\u00f8dvendige sikkerhetstiltak ved bruk av b\u00f8ttesylinderen for \u00e5 forhindre ulykker og skader. Milj\u00f8hensyn b\u00f8r ogs\u00e5 tas i betraktning, og hydraulikkolje og andre v\u00e6sker b\u00f8r avhendes p\u00e5 riktig m\u00e5te for \u00e5 forhindre forurensning.<\/p>\n<p><img decoding=\"async\" src=\"https:\/\/www.hydraulic-cylinders.net\/wp-content\/uploads\/2025\/01\/songte-bushings-with-all-kinds-of-excavator-models.webp\" alt=\"Bilde av hydrauliske sylinderforinger\"><\/p>\n<h2>Om selskapet v\u00e5rt<\/h2>\n<p>Vi er en produsent av hydrauliske sylindere som kan erstatte tradisjonelle hydrauliske sylindere. V\u00e5rt firma har et komplett produktsortiment og har blitt en av de ledende produsentene og grossistdistribut\u00f8rene av hydrauliske sylindere i det innenlandske og internasjonale markedet. Vi f\u00f8lger prinsippet om utmerket kvalitet og stoler p\u00e5 den industrialiserte produksjonsstyringsstrategien til et sofistikert produksjonsverksted. V\u00e5rt firma forbedrer kontinuerlig produksjonsplattformen til verkstedet, perfeksjonerer produksjonslinjen med produktkvalitet og har en sterk innovasjonsevne til \u00e5 m\u00f8te kundenes ulike behov med prinsipper for h\u00f8y effektivitet, h\u00f8y presisjon og h\u00f8y kvalitet.<\/p>\n<p><img decoding=\"async\" src=\"https:\/\/hzpt.com\/wp-content\/uploads\/2024\/11\/songte-company-1.webp\" alt=\"Selskapets image\"><\/p>\n<h3>V\u00e5rt selskap i korte trekk<\/h3>\n<ul>\n<li>\n<h4>Profesjonalitet<\/h4>\n<p>Vi har et team av dyktige fagfolk med bred erfaring innen design og produksjon av hydrauliske sylindere.<\/p>\n<\/li>\n<li>\n<h4>Internasjonal sertifisering<\/h4>\n<p>V\u00e5rt firma har oppn\u00e5dd en rekke internasjonale sertifiseringer, som ISO 9001:2015 og CE-sertifisering, noe som viser v\u00e5r forpliktelse til kvalitet og sikkerhet.<\/p>\n<\/li>\n<li>\n<h4>Tilpasningstjenester<\/h4>\n<p>Vi tilbyr tilpasningstjenester for \u00e5 m\u00f8te kundenes unike behov.<\/p>\n<\/li>\n<li>\n<h4>Produksjonsutstyr<\/h4>\n<p>Vi bruker avansert digitalt produksjonsutstyr for \u00e5 sikre n\u00f8yaktigheten og effektiviteten i produksjonsprosessen v\u00e5r.<\/p>\n<\/li>\n<li>\n<h4>Ettersalgsservice<\/h4>\n<p>Vi tilbyr utmerket ettersalgsservice for \u00e5 sikre kundetilfredshet.<\/p>\n<\/li>\n<\/ul>\n<h4>Forfatter: lyl<\/h4>","protected":false},"excerpt":{"rendered":"<p>Bucket Cylinder For Jove JV365LC About the product A bucket cylinder is a specialized hydraulic cylinder primarily used to control the movement of the bucket in heavy machinery such as excavators, backhoes, and front-end loaders. Its main function is to enable the bucket to lift, lower, and tilt, making it easier to handle various material [&hellip;]<\/p>","protected":false},"featured_media":14761,"comment_status":"open","ping_status":"closed","template":"","meta":{"_et_pb_use_builder":"","_et_pb_old_content":"","_et_gb_content_width":""},"product_brand":[],"product_cat":[1494],"product_tag":[1495,1496],"class_list":{"0":"post-15776","1":"product","2":"type-product","3":"status-publish","4":"has-post-thumbnail","6":"product_cat-bucket-cylinders","7":"product_tag-bucket-cylinders","8":"product_tag-hydraulic-cylinders","10":"first","11":"instock","12":"shipping-taxable","13":"product-type-simple"},"amp_enabled":true,"_links":{"self":[{"href":"https:\/\/www.hydraulic-cylinders.net\/nb\/wp-json\/wp\/v2\/product\/15776","targetHints":{"allow":["GET"]}}],"collection":[{"href":"https:\/\/www.hydraulic-cylinders.net\/nb\/wp-json\/wp\/v2\/product"}],"about":[{"href":"https:\/\/www.hydraulic-cylinders.net\/nb\/wp-json\/wp\/v2\/types\/product"}],"replies":[{"embeddable":true,"href":"https:\/\/www.hydraulic-cylinders.net\/nb\/wp-json\/wp\/v2\/comments?post=15776"}],"wp:featuredmedia":[{"embeddable":true,"href":"https:\/\/www.hydraulic-cylinders.net\/nb\/wp-json\/wp\/v2\/media\/14761"}],"wp:attachment":[{"href":"https:\/\/www.hydraulic-cylinders.net\/nb\/wp-json\/wp\/v2\/media?parent=15776"}],"wp:term":[{"taxonomy":"product_brand","embeddable":true,"href":"https:\/\/www.hydraulic-cylinders.net\/nb\/wp-json\/wp\/v2\/product_brand?post=15776"},{"taxonomy":"product_cat","embeddable":true,"href":"https:\/\/www.hydraulic-cylinders.net\/nb\/wp-json\/wp\/v2\/product_cat?post=15776"},{"taxonomy":"product_tag","embeddable":true,"href":"https:\/\/www.hydraulic-cylinders.net\/nb\/wp-json\/wp\/v2\/product_tag?post=15776"}],"curies":[{"name":"wp","href":"https:\/\/api.w.org\/{rel}","templated":true}]}}