{"id":15785,"date":"2025-01-19T14:58:59","date_gmt":"2025-01-19T14:58:59","guid":{"rendered":"https:\/\/www.hydraulic-cylinders.net\/product\/bucket-cylinder-for-sgzg-sd18b\/"},"modified":"2025-01-19T14:59:01","modified_gmt":"2025-01-19T14:59:01","slug":"bucket-cylinder-for-sgzg-sd18b","status":"publish","type":"product","link":"https:\/\/www.hydraulic-cylinders.net\/nb\/produkt\/bucket-cylinder-for-sgzg-sd18b\/","title":{"rendered":"B\u00f8ttesylinder for SGZG SD18B"},"content":{"rendered":"<h1>B\u00f8ttesylinder for SGZG SD18B<\/h1>\n<h2>Introduksjon<\/h2>\n<p>En skuffesylinder er en spesialdesignet hydraulisk sylinder som prim\u00e6rt brukes til \u00e5 kontrollere bevegelsen til skuffen i tunge maskiner som gravemaskiner, traktorgravere og frontlastere. Hovedfunksjonen er \u00e5 gj\u00f8re det mulig for skuffen \u00e5 l\u00f8fte, senke og vippe, noe som gj\u00f8r det enklere for ulike materialh\u00e5ndteringsoppgaver. I det hydrauliske systemet oppn\u00e5r skuffesylinderen presis kontroll over skuffens bevegelse ved \u00e5 endre trykket i hydraulikkoljen, slik at operat\u00f8rer effektivt kan h\u00e5ndtere tunge laster, tilpasse seg komplekse arbeidsmilj\u00f8er og ulike jobbkrav.<\/p>\n<div>\n  <img decoding=\"async\" src=\"https:\/\/www.hydraulic-cylinders.net\/wp-content\/uploads\/2025\/01\/songte-company-2.webp\" alt=\"B\u00f8ttesylinder\">\n<\/div>\n<h2>Funksjoner<\/h2>\n<ul>\n<li>\n<h3>H\u00f8y styrke og holdbarhet<\/h3>\n<p>B\u00f8ttesylindere er vanligvis laget av h\u00f8yfast st\u00e5l eller aluminium, i stand til \u00e5 t\u00e5le h\u00f8yt trykk og tunge belastninger, og tilpasser seg t\u00f8ffe arbeidsmilj\u00f8er. Designet tar hensyn til slitestyrke og korrosjonsmotstand for \u00e5 forlenge levetiden.<\/p>\n<\/li>\n<li>\n<h3>Effektiv hydraulisk drift<\/h3>\n<p>Skuffesylindere bruker trykket fra hydraulikkoljen for \u00e5 oppn\u00e5 jevne forlengelses- og sammentrekningsbevegelser, reagerer raskt p\u00e5 kontrollkommandoer, gir kraftig skyve- og trekkekraft, og er egnet for h\u00e5ndtering av tunge belastninger og komplekse arbeidsoppgaver.<\/p>\n<\/li>\n<li>\n<h3>Ulike typer<\/h3>\n<p>Enkeltvirkende (hydraulisk olje brukes kun i \u00e9n retning) eller dobbeltvirkende (hydraulisk olje brukes i begge retninger) sylindere kan velges etter behov for \u00e5 oppfylle ulike driftskrav. Noen modeller er teleskopiske, noe som gir st\u00f8rre forlengelse uten \u00e5 \u00f8ke de ytre m\u00e5lene, egnet for applikasjoner med begrenset plass.<\/p>\n<\/li>\n<li>\n<h3>Kan erstatte andre hydrauliske sylindere<\/h3>\n<p>Produktet v\u00e5rt kan perfekt erstatte andre hydrauliske sylindere for samme form\u00e5l, noe som sikrer kompatibilitet og brukervennlighet.<\/p>\n<\/li>\n<\/ul>\n<div>\n  <img decoding=\"async\" src=\"https:\/\/www.hydraulic-cylinders.net\/wp-content\/uploads\/2025\/01\/songte-cylinder-head-with-all-kinds-excavator-models.webp\" alt=\"Produktutskifting\">\n<\/div>\n<h2>Bruksomr\u00e5der<\/h2>\n<h3>Anleggsutstyr<\/h3>\n<p>I gravemaskiner er de avgj\u00f8rende for graving, lasting og flytting av jord eller rusk. I gravemaskin bidrar skuffesylindre til b\u00e5de graving og l\u00f8fting. For frontlastere hjelper de med \u00e5 l\u00f8fte og dumpe gods effektivt.<\/p>\n<h3>Landbruksmaskiner<\/h3>\n<p>Brukes i frontlastere for utgraving, l\u00f8fting og transport av jord, h\u00f8y og andre materialer. I gravemaskiner bidrar skuffesylindere til graving ved \u00e5 la skuffen trenge ned i jorden.<\/p>\n<h3>Andre applikasjoner<\/h3>\n<p>Skuffesylindere kan ogs\u00e5 brukes i gruveutstyr, skogbruksutstyr og industrimaskiner.<\/p>\n<h2>Designhensyn og utvalgskriterier<\/h2>\n<h3>B\u00e6reevne<\/h3>\n<p>Skuffesylindere m\u00e5 ha tilstrekkelig b\u00e6reevne til \u00e5 t\u00e5le tunge belastninger uten deformasjon eller svikt, noe som sikrer sikkerhet og stabil drift.<\/p>\n<h3>Tetting<\/h3>\n<p>Ulike tetningselementer som stempeltetninger og stangtetninger b\u00f8r velges basert p\u00e5 arbeidsforholdene for \u00e5 forhindre oljelekkasje og forurensning, noe som sikrer lang levetid og problemfri drift.<\/p>\n<h3>Varighet<\/h3>\n<p>Skuffesylinderen b\u00f8r v\u00e6re laget av materialer av h\u00f8y kvalitet og gjennomg\u00e5 strenge produksjonsprosesser for \u00e5 sikre styrke og holdbarhet, redusere slitasje og motst\u00e5 korrosjon og skader fra t\u00f8ffe arbeidsmilj\u00f8er.<\/p>\n<h3>Sikkerhet<\/h3>\n<p>Skuffesylindere b\u00f8r v\u00e6re utformet med sikkerhetsfunksjoner som overbelastningsbeskyttelse og n\u00f8dstopp for \u00e5 forhindre ulykker og beskytte operat\u00f8rer og utstyr.<\/p>\n<h3>Vedlikehold<\/h3>\n<p>Skuffesylinderen skal v\u00e6re enkel \u00e5 vedlikeholde, med tilgjengelige deler, rask utskifting og enkle reparasjonsprosedyrer. Regelmessig inspeksjon, sm\u00f8ring og utskifting av skadede deler b\u00f8r utf\u00f8res for \u00e5 sikre riktig drift og forlenge levetiden.<\/p>\n<div>\n  <img decoding=\"async\" src=\"https:\/\/www.hydraulic-cylinders.net\/wp-content\/uploads\/2025\/01\/songte-oil-pipes-and-spare-parts.webp\" alt=\"Reservedeler for b\u00f8ttesylinder\">\n<\/div>\n<h2>Tetting og sm\u00f8ring<\/h2>\n<p>Ulike tetningselementer b\u00f8r brukes, som stempeltetninger og stangtetninger laget av slitesterke materialer som polyuretan eller nitrilgummi. Sylinderhuset og gjengeenden b\u00f8r gjennomg\u00e5 finbearbeiding for \u00e5 forbedre slitestyrken. Regelmessig sm\u00f8ring med passende hydraulikkolje er n\u00f8dvendig for \u00e5 sikre jevn drift og forhindre skader fra friksjon og varme.<\/p>\n<h2>Inspeksjon og forebyggende vedlikehold<\/h2>\n<p>Regelmessig inspeksjon av sylinderens tilstand, som oljelekkasje, deformasjon og skade, b\u00f8r utf\u00f8res for \u00e5 oppdage potensielle problemer tidlig og forhindre uventet nedetid og ulykker. Riktig sm\u00f8ring og utskifting av slitte eller skadede deler b\u00f8r ogs\u00e5 utf\u00f8res. Kalibreringskontroll b\u00f8r utf\u00f8res for \u00e5 sikre at sylinderen fungerer innenfor det angitte omr\u00e5det.<\/p>\n<h2>Installasjonsveiledning<\/h2>\n<p>Riktig installasjon er avgj\u00f8rende for at sylinderen skal fungere korrekt og v\u00e6re sikker. Juster sylinderen riktig, bruk passende monteringsbraketter for \u00e5 feste sylinderen, og f\u00f8lg anbefalte prosedyrer for installasjon, reparasjon og utskifting. Bruk av produktene v\u00e5re kan forbedre effektiviteten og sikre sikkerheten.<\/p>\n<h2>Vanlige vedlikeholdsoppgaver<\/h2>\n<ul>\n<li>Regelmessig inspeksjon<\/li>\n<li>Riktig sm\u00f8ring<\/li>\n<li>Utskifting av pakning<\/li>\n<li>Kalibreringskontroll<\/li>\n<\/ul>\n<p>Riktig installasjon, sm\u00f8ring og justering er avgj\u00f8rende for \u00e5 sikre sylinderens lange levetid og optimale ytelse. Riktig justeringsveiledning under installasjon, anbefalte inspeksjons-, reparasjons- og utskiftingsprosedyrer, samt ombyggingstjenester kan bidra til \u00e5 forbedre sylinderens holdbarhet og forbedre brukeropplevelsen.<\/p>\n<div>\n  <img decoding=\"async\" src=\"https:\/\/www.hydraulic-cylinders.net\/wp-content\/uploads\/2025\/01\/songte-chushion-collar.webp\" alt=\"B\u00f8ttesylinderputekrage\">\n<\/div>\n<h2>Sikkerhets- og milj\u00f8hensyn<\/h2>\n<p>Skuffesylindere b\u00f8r brukes i samsvar med sikkerhetsretningslinjene, med tilstrekkelige beskyttelsestiltak som n\u00f8dstopp og overbelastningsbeskyttelse for \u00e5 forhindre ulykker. Milj\u00f8p\u00e5virkningen av sylinderens bruk b\u00f8r ogs\u00e5 vurderes, for eksempel riktig avhending av brukt hydraulikkolje og annet avfall.<\/p>\n<h2>Feildiagnose og feils\u00f8king<\/h2>\n<p>Vanlige problemer med b\u00f8ttesylindere kan inkludere oljelekkasje, deformasjon og skade. Riktig feils\u00f8king og rask utskifting av skadede deler kan bidra til \u00e5 forhindre ytterligere skade og nedetid. Regelmessig inspeksjon og forebyggende vedlikehold kan ogs\u00e5 oppdage potensielle problemer f\u00f8r de blir betydelige problemer.<\/p>\n<h2>Om selskapet v\u00e5rt<\/h2>\n<p>V\u00e5rt firma er en produsent av hydrauliske sylindere for utskifting, med et komplett produktsortiment, og har blitt en av de ledende produsentene og grossistdistribut\u00f8rene av hydrauliske sylindere i det innenlandske og internasjonale markedet. Vi f\u00f8lger prinsippet om utmerket kvalitet, stoler p\u00e5 den industrielle produksjonsstyringsstrategien til det raffinerte produksjonsverkstedet, forbedrer kontinuerlig produksjonsplattformen og perfeksjonerer produksjonskvaliteten ved bruk av tekniske talenter, digitalt high-end produksjonsutstyr og profesjonelle testsystemer.<\/p>\n<div>\n  <img decoding=\"async\" src=\"https:\/\/hzpt.com\/wp-content\/uploads\/2024\/11\/songte-company-1.webp\" alt=\"Selskapets image\">\n<\/div>\n<h3>Profesjonalitet<\/h3>\n<p>Teamet v\u00e5rt best\u00e5r av erfarne fagfolk som er opptatt av \u00e5 levere produkter og tjenester av h\u00f8y kvalitet for \u00e5 m\u00f8te de ulike behovene til v\u00e5re kunder.<\/p>\n<h3>Internasjonal sertifisering<\/h3>\n<p>Produktene v\u00e5re har oppn\u00e5dd internasjonale sertifiseringer som ISO9001 og CE, noe som sikrer at de oppfyller h\u00f8ye kvalitetsstandarder og sikkerhetskrav.<\/p>\n<h3>Tilpasningstjeneste<\/h3>\n<p>Vi tilbyr skreddersydde l\u00f8sninger for \u00e5 m\u00f8te spesifikke kundebehov, og tilbyr personlige design, materialer og produksjonsprosesser.<\/p>\n<h3>Produksjonsutstyr<\/h3>\n<p>Produksjonsverkstedet v\u00e5rt er utstyrt med avansert digitalt produksjonsutstyr og spesialiserte testsystemer for \u00e5 sikre h\u00f8y effektivitet, presisjon og kvalitet.<\/p>\n<h3>Ettersalgsservice<\/h3>\n<p>Vi tilbyr omfattende ettersalgstjenester som reparasjon, utskifting og ombygging for \u00e5 sikre kundetilfredshet og produktets holdbarhet.<\/p>\n<h6>Forfatter: lyl<\/h6>","protected":false},"excerpt":{"rendered":"<p>Bucket Cylinder For SGZG SD18B Introduction A bucket cylinder is a specially designed hydraulic cylinder that is primarily used to control the movement of the bucket in heavy machinery such as excavators, backhoe loaders, and front-end loaders. Its main function is to enable the bucket to lift, lower, and tilt, making it easier for various [&hellip;]<\/p>","protected":false},"featured_media":14776,"comment_status":"open","ping_status":"closed","template":"","meta":{"_et_pb_use_builder":"","_et_pb_old_content":"","_et_gb_content_width":""},"product_brand":[],"product_cat":[1494],"product_tag":[1495,1496],"class_list":{"0":"post-15785","1":"product","2":"type-product","3":"status-publish","4":"has-post-thumbnail","6":"product_cat-bucket-cylinders","7":"product_tag-bucket-cylinders","8":"product_tag-hydraulic-cylinders","10":"first","11":"instock","12":"shipping-taxable","13":"product-type-simple"},"amp_enabled":true,"_links":{"self":[{"href":"https:\/\/www.hydraulic-cylinders.net\/nb\/wp-json\/wp\/v2\/product\/15785","targetHints":{"allow":["GET"]}}],"collection":[{"href":"https:\/\/www.hydraulic-cylinders.net\/nb\/wp-json\/wp\/v2\/product"}],"about":[{"href":"https:\/\/www.hydraulic-cylinders.net\/nb\/wp-json\/wp\/v2\/types\/product"}],"replies":[{"embeddable":true,"href":"https:\/\/www.hydraulic-cylinders.net\/nb\/wp-json\/wp\/v2\/comments?post=15785"}],"wp:featuredmedia":[{"embeddable":true,"href":"https:\/\/www.hydraulic-cylinders.net\/nb\/wp-json\/wp\/v2\/media\/14776"}],"wp:attachment":[{"href":"https:\/\/www.hydraulic-cylinders.net\/nb\/wp-json\/wp\/v2\/media?parent=15785"}],"wp:term":[{"taxonomy":"product_brand","embeddable":true,"href":"https:\/\/www.hydraulic-cylinders.net\/nb\/wp-json\/wp\/v2\/product_brand?post=15785"},{"taxonomy":"product_cat","embeddable":true,"href":"https:\/\/www.hydraulic-cylinders.net\/nb\/wp-json\/wp\/v2\/product_cat?post=15785"},{"taxonomy":"product_tag","embeddable":true,"href":"https:\/\/www.hydraulic-cylinders.net\/nb\/wp-json\/wp\/v2\/product_tag?post=15785"}],"curies":[{"name":"wp","href":"https:\/\/api.w.org\/{rel}","templated":true}]}}