{"id":15787,"date":"2025-01-19T14:59:07","date_gmt":"2025-01-19T14:59:07","guid":{"rendered":"https:\/\/www.hydraulic-cylinders.net\/product\/bucket-cylinder-for-sgzg-sd25b\/"},"modified":"2025-01-19T14:59:09","modified_gmt":"2025-01-19T14:59:09","slug":"bucket-cylinder-for-sgzg-sd25b","status":"publish","type":"product","link":"https:\/\/www.hydraulic-cylinders.net\/nb\/produkt\/bucket-cylinder-for-sgzg-sd25b\/","title":{"rendered":"B\u00f8ttesylinder for SGZG SD25B"},"content":{"rendered":"<h1>B\u00f8ttesylinder for SGZG SD25B<\/h1>\n<h2>Introduksjon<\/h2>\n<p>En skuffesylinder er en spesialdesignet hydraulisk sylinder som prim\u00e6rt brukes til \u00e5 kontrollere bevegelsen til skuffer i tunge maskiner som gravemaskiner, traktorgravere og frontlastere. Hovedfunksjonen er \u00e5 gj\u00f8re det mulig \u00e5 l\u00f8fte, senke og tilte skuffen, noe som gj\u00f8r det enklere \u00e5 h\u00e5ndtere ulike materialh\u00e5ndteringsoppgaver. I det hydrauliske systemet oppn\u00e5r skuffesylinderen presis kontroll over skuffen ved trykkendring i hydraulikkoljen, slik at f\u00f8reren effektivt kan h\u00e5ndtere tunge gjenstander og tilpasse seg komplekse arbeidsmilj\u00f8er og ulike driftsbehov.<\/p>\n<p><img decoding=\"async\" src=\"https:\/\/www.hydraulic-cylinders.net\/wp-content\/uploads\/2025\/01\/songte-company-2.webp\" alt=\"Bilde av b\u00f8ttesylinder\"><\/p>\n<h2>Funksjoner<\/h2>\n<ul>\n<li>H\u00f8y styrke og holdbarhet: Den er vanligvis laget av h\u00f8yfast st\u00e5l eller aluminium, t\u00e5ler h\u00f8yt trykk og tunge belastninger, tilpasser seg t\u00f8ffe arbeidsmilj\u00f8er og er designet med slitestyrke og korrosjonsbestandighet i tankene for \u00e5 forlenge levetiden.<\/li>\n<li>Effektiv hydraulisk drift: Jevn forlengelse og sammentrekning oppn\u00e5s ved \u00e5 bruke trykket fra hydraulikkoljen, noe som gir rask respons p\u00e5 kontrollkommandoer, gir sterke skyve- og trekkekrefter, og er egnet for h\u00e5ndtering av tunge gjenstander og komplekse driftsoppgaver.<\/li>\n<li>Ulike typer: Enkeltvirkende (hydraulisk brukes kun i \u00e9n retning) eller dobbeltvirkende (hydraulisk brukes i begge retninger) sylindere kan velges etter behov for \u00e5 m\u00f8te ulike driftskrav. Noen modeller er teleskopiske, noe som gir st\u00f8rre forlengelse uten \u00e5 \u00f8ke de ytre m\u00e5lene, noe som gj\u00f8r dem egnet for applikasjoner med begrenset plass.<\/li>\n<li>Perfekt erstatning: Produktene v\u00e5re kan erstatte disse hydrauliske sylindrene perfekt. <\/li>\n<\/ul>\n<p><img decoding=\"async\" src=\"https:\/\/www.hydraulic-cylinders.net\/wp-content\/uploads\/2025\/01\/songte-cylinder-head-with-all-kinds-excavator-models.webp\" alt=\"Bilde av b\u00f8ttesylinder\"><\/p>\n<h2>Bruksomr\u00e5der<\/h2>\n<p>Skuffesylindere brukes ofte i ulike anleggs- og landbruksmaskiner:<\/p>\n<ul>\n<li>Anleggsutstyr: I gravemaskiner er de avgj\u00f8rende for utgraving, lasting og flytting av jord eller rusk. I gravemaskiner hjelper skuffesylindere med b\u00e5de graving og l\u00f8fting. <\/li>\n<li>Landbruksmaskiner: Brukes i frontlastere til graving, l\u00f8fting og transport av jord, h\u00f8y og andre materialer. <\/li>\n<li>Gravemaskiner: Skuffesylindere lar skuffen trenge ned i jorden for \u00e5 oppn\u00e5 gravefunksjon. <\/li>\n<li>Lastere: I frontlastere bidrar de til \u00e5 l\u00f8fte og tilte varer effektivt. <\/li>\n<\/ul>\n<h2>Designhensyn og utvalgskriterier<\/h2>\n<p>Ved utforming av b\u00f8ttesylindere m\u00e5 ulike faktorer tas i betraktning, for eksempel:<\/p>\n<ul>\n<li>B\u00e6reevne: Sylinderen m\u00e5 kunne t\u00e5le den maksimale belastningen den vil m\u00f8te under drift. <\/li>\n<li>Tetting: Sylinderen m\u00e5 v\u00e6re hermetisk forseglet for \u00e5 unng\u00e5 lekkasje av hydraulisk v\u00e6ske. <\/li>\n<li>Holdbarhet: Sylinderen m\u00e5 kunne fungere under t\u00f8ffe forhold og t\u00e5le slitasje over tid.<\/li>\n<li>Sikkerhet: Sylinderen m\u00e5 v\u00e6re konstruert med tanke p\u00e5 sikkerhet for \u00e5 forhindre ulykker under drift. <\/li>\n<li>Vedlikeholdsvennlighet: Sylinderen m\u00e5 v\u00e6re enkel \u00e5 vedlikeholde og reparere for \u00e5 minimere nedetid.<\/li>\n<\/ul>\n<p><img decoding=\"async\" src=\"https:\/\/www.hydraulic-cylinders.net\/wp-content\/uploads\/2025\/01\/songte-oil-pipes-and-spare-parts.webp\" alt=\"Bilde av b\u00f8ttesylinder\"><\/p>\n<h2>Tetting og sm\u00f8ring<\/h2>\n<p>Ulike tetningskomponenter som stempeltetninger og stangtetninger brukes for \u00e5 sikre lufttetthet i b\u00f8ttesylindere. Tetningskomponentene er laget av slitesterke materialer som polyuretan og nitrilgummi. Sylinderhuset og den gjengede endeflaten er fint bearbeidet for \u00e5 \u00f8ke slitestyrken. Regelmessig etterfylling av hydraulikkolje er n\u00f8dvendig for \u00e5 sikre riktig sm\u00f8ring.<\/p>\n<h2>Vedlikehold og reparasjon<\/h2>\n<p>Regelmessig inspeksjon, passende sm\u00f8ring, utskifting av tetninger og kalibreringskontroller er vanlige vedlikeholdsoppgaver for b\u00f8ttesylindere. Korrekt installasjon, sm\u00f8ring og justering er avgj\u00f8rende for \u00e5 sikre sikker og p\u00e5litelig drift. Riktig justeringsveiledning gis under installasjon, og passende installasjonsbraketter anbefales for \u00e5 sikre sylinderen. Anbefalte inspeksjons-, reparasjons- og utskiftingsprosedyrer gis, sammen med tips for \u00e5 \u00f8ke b\u00f8ttesylinderens levetid.<\/p>\n<p><img decoding=\"async\" src=\"https:\/\/www.hydraulic-cylinders.net\/wp-content\/uploads\/2025\/01\/songte-chushion-collar.webp\" alt=\"Bilde av b\u00f8ttesylinder\"><\/p>\n<h2>Sikkerhets- og milj\u00f8hensyn<\/h2>\n<p>Sikkerhetstiltak er avgj\u00f8rende ved bruk av b\u00f8ttesylindere. Operat\u00f8rer m\u00e5 gjennomg\u00e5 oppl\u00e6ring for \u00e5 sikre at de har ferdighetene og kunnskapen til \u00e5 betjene sylinderen p\u00e5 en sikker m\u00e5te. Milj\u00f8hensyn som forebygging av oljes\u00f8l og riktig avhending av hydraulikkolje m\u00e5 ogs\u00e5 tas i betraktning.<\/p>\n<h2>Diagnose og feils\u00f8king<\/h2>\n<p>Vanlige problemer med b\u00f8ttesylindere inkluderer lekkasje, redusert ytelse og skade p\u00e5 tetningskomponenter. Feils\u00f8kingstips og l\u00f8sninger gis for \u00e5 hjelpe leserne med \u00e5 diagnostisere og l\u00f8se problemer effektivt. Forebyggende tiltak foresl\u00e5s ogs\u00e5 for \u00e5 minimere potensielle problemer.<\/p>\n<p><img decoding=\"async\" src=\"https:\/\/www.hydraulic-cylinders.net\/wp-content\/uploads\/2025\/01\/songte-bushings-with-all-kinds-of-excavator-models.webp\" alt=\"Bilde av b\u00f8ttesylinder\"><\/p>\n<h2>Om selskapet v\u00e5rt<\/h2>\n<p>Vi er en produsent av hydrauliske sylindere for utskifting med et komplett produktsortiment, og har blitt en av de ledende produsentene og grossistdistribut\u00f8rene av hydrauliske sylindere p\u00e5 det innenlandske og internasjonale markedet. Vi f\u00f8lger prinsippet om utmerket kvalitet, stoler p\u00e5 industrialiserte produksjonsstyringsstrategier i fine produksjonsverksteder, og forbedrer kontinuerlig produksjonsplattformen til verkstedet med teknologiske talenter, digitalt high-end produksjonsutstyr og profesjonelle testsystemer. Vi har sterke kreative evner og tilbyr kundene effektive, presise og h\u00f8ykvalitetsprodukter for \u00e5 m\u00f8te deres ulike behov.<\/p>\n<p><img decoding=\"async\" src=\"https:\/\/hzpt.com\/wp-content\/uploads\/2024\/11\/songte-company-1.webp\" alt=\"Bilde av b\u00f8ttesylinder\"><\/p>\n<h3>Profesjonell<\/h3>\n<p>V\u00e5rt firma har et profesjonelt team av teknikere og ingeni\u00f8rer som har rik erfaring innen utvikling, design og produksjon av hydrauliske sylindere.<\/p>\n<h3>Internasjonal sertifisering<\/h3>\n<p>Produktene v\u00e5re er sertifisert i henhold til ISO9001, ISO14001 og andre relaterte standarder, noe som sikrer at produktene v\u00e5re oppfyller internasjonale kvalitets- og milj\u00f8standarder.<\/p>\n<h3>Tilpassede tjenester<\/h3>\n<p>We provide customization services to meet customers&#8217; special requirements, such as special materials, specific sizes, and unique designs.<\/p>\n<h3>Produksjonsutstyr<\/h3>\n<p>Vi har avansert produksjonsutstyr, inkludert CNC-maskineringssentre, automatiske sveisemaskiner og h\u00f8ypresisjonstestutstyr, som sikrer kvaliteten p\u00e5 produktene v\u00e5re.<\/p>\n<h3>Ettersalgstjenester<\/h3>\n<p>Vi tilbyr kundene rettidig og effektiv ettersalgsservice, inkludert teknisk st\u00f8tte, vedlikehold og reparasjonstjenester, for \u00e5 sikre at kundene kan bruke produktene v\u00e5re med trygghet.<\/p>\n<p>Forfatter: lyl<\/p>","protected":false},"excerpt":{"rendered":"<p>Bucket Cylinder For SGZG SD25B Introduction A bucket cylinder is a specially designed hydraulic cylinder primarily used to control the movement of buckets in heavy machinery such as excavators, backhoe loaders, and front-end loaders. Its main function is to enable the bucket to lift, lower and tilt, making it easier to handle various material handling [&hellip;]<\/p>","protected":false},"featured_media":14771,"comment_status":"open","ping_status":"closed","template":"","meta":{"_et_pb_use_builder":"","_et_pb_old_content":"","_et_gb_content_width":""},"product_brand":[],"product_cat":[1494],"product_tag":[1495,1496],"class_list":{"0":"post-15787","1":"product","2":"type-product","3":"status-publish","4":"has-post-thumbnail","6":"product_cat-bucket-cylinders","7":"product_tag-bucket-cylinders","8":"product_tag-hydraulic-cylinders","10":"first","11":"instock","12":"shipping-taxable","13":"product-type-simple"},"amp_enabled":true,"_links":{"self":[{"href":"https:\/\/www.hydraulic-cylinders.net\/nb\/wp-json\/wp\/v2\/product\/15787","targetHints":{"allow":["GET"]}}],"collection":[{"href":"https:\/\/www.hydraulic-cylinders.net\/nb\/wp-json\/wp\/v2\/product"}],"about":[{"href":"https:\/\/www.hydraulic-cylinders.net\/nb\/wp-json\/wp\/v2\/types\/product"}],"replies":[{"embeddable":true,"href":"https:\/\/www.hydraulic-cylinders.net\/nb\/wp-json\/wp\/v2\/comments?post=15787"}],"wp:featuredmedia":[{"embeddable":true,"href":"https:\/\/www.hydraulic-cylinders.net\/nb\/wp-json\/wp\/v2\/media\/14771"}],"wp:attachment":[{"href":"https:\/\/www.hydraulic-cylinders.net\/nb\/wp-json\/wp\/v2\/media?parent=15787"}],"wp:term":[{"taxonomy":"product_brand","embeddable":true,"href":"https:\/\/www.hydraulic-cylinders.net\/nb\/wp-json\/wp\/v2\/product_brand?post=15787"},{"taxonomy":"product_cat","embeddable":true,"href":"https:\/\/www.hydraulic-cylinders.net\/nb\/wp-json\/wp\/v2\/product_cat?post=15787"},{"taxonomy":"product_tag","embeddable":true,"href":"https:\/\/www.hydraulic-cylinders.net\/nb\/wp-json\/wp\/v2\/product_tag?post=15787"}],"curies":[{"name":"wp","href":"https:\/\/api.w.org\/{rel}","templated":true}]}}