{"id":15788,"date":"2025-01-19T14:59:11","date_gmt":"2025-01-19T14:59:11","guid":{"rendered":"https:\/\/www.hydraulic-cylinders.net\/product\/bucket-cylinder-for-sgzg-sd25-9\/"},"modified":"2025-01-19T14:59:13","modified_gmt":"2025-01-19T14:59:13","slug":"bucket-cylinder-for-sgzg-sd25-9","status":"publish","type":"product","link":"https:\/\/www.hydraulic-cylinders.net\/nb\/produkt\/bucket-cylinder-for-sgzg-sd25-9\/","title":{"rendered":"B\u00f8ttesylinder for SGZG SD25-9"},"content":{"rendered":"<h1>Skuffesylinder for SGZG SD25-9<\/h1>\n<h2>Introduksjon<\/h2>\n<p>En skuffesylinder er en spesialisert hydraulisk sylinder som er designet for \u00e5 kontrollere bevegelsen til skuffer i tunge maskiner som gravemaskiner, traktorgravere og frontlastere. Hovedfunksjonen er \u00e5 gj\u00f8re det mulig \u00e5 l\u00f8fte, senke og vippe skuffen, noe som gj\u00f8r det enklere \u00e5 h\u00e5ndtere ulike materialtransportoppgaver. I det hydrauliske systemet bruker skuffesylinderen endringer i hydraulikkoljetrykket for \u00e5 oppn\u00e5 presis kontroll over skuffen, slik at operat\u00f8rer effektivt kan h\u00e5ndtere tunge gjenstander, tilpasse seg komplekse arbeidsmilj\u00f8er og ulike driftskrav.<\/p>\n<p><img decoding=\"async\" src=\"https:\/\/www.hydraulic-cylinders.net\/wp-content\/uploads\/2025\/01\/songte-company-2.webp\" alt=\"Skuffesylinder for SGZG SD25-9\" \/><\/p>\n<h2>Funksjoner<\/h2>\n<ul>\n<li>H\u00f8y styrke og holdbarhet: B\u00f8ttesylindere er vanligvis laget av h\u00f8yfast st\u00e5l eller aluminium, og t\u00e5ler h\u00f8yt trykk og tunge belastninger, tilpasser seg t\u00f8ffe arbeidsmilj\u00f8er og er designet for slitestyrke og korrosjonsbestandighet for \u00e5 forlenge levetiden.<\/li>\n<li>Effektiv hydraulisk drift: Jevn forlengelse og tilbaketrekking oppn\u00e5s ved \u00e5 bruke hydraulisk oljetrykk, som gir kraftige skyve- og trekkekrefter og reagerer raskt p\u00e5 kontrollkommandoer, noe som gj\u00f8r dem egnet for h\u00e5ndtering av tunge gjenstander og komplekse arbeidsoppgaver.<\/li>\n<li>Ulike typer: Enkeltvirkende (med hydraulikk i kun \u00e9n retning) eller dobbeltvirkende (med hydraulikk i to retninger) sylindere kan velges etter behov for \u00e5 oppfylle ulike driftskrav. Noen modeller er teleskopiske, noe som gir st\u00f8rre forlengelse uten \u00e5 \u00f8ke de ytre m\u00e5lene, noe som gj\u00f8r dem egnet for plassbegrensede applikasjoner.<\/li>\n<li>Utskiftbare: Produktene v\u00e5re kan erstatte disse hydrauliske sylindrene perfekt.<\/li>\n<\/ul>\n<p><img decoding=\"async\" src=\"https:\/\/www.hydraulic-cylinders.net\/wp-content\/uploads\/2025\/01\/songte-cylinder-head-with-all-kinds-excavator-models.webp\" alt=\"Skuffesylinder for SGZG SD25-9\" \/><\/p>\n<h2>Bruksomr\u00e5der<\/h2>\n<h3>Anleggsutstyr<\/h3>\n<p>I gravemaskiner er de avgj\u00f8rende for graving, lasting og flytting av jord eller rusk. I gravemaskiner hjelper skuffesylindere med b\u00e5de graving og l\u00f8fting. De brukes ogs\u00e5 i frontlastere for \u00e5 grave, l\u00f8fte og transportere jord, h\u00f8y og andre materialer.<\/p>\n<h3>Landbruksmaskiner<\/h3>\n<p>Skuffesylindere brukes til frontlastere og brukes til \u00e5 utarbeide, l\u00f8fte og transportere jord, h\u00f8y og andre materialer. I gravemaskiner oppn\u00e5r skuffesylinderen en gravefunksjon ved \u00e5 la skuffen trenge ned i jorden. I frontlastere bidrar de til effektiv dumping og utjevning av last.<\/p>\n<h2>Designhensyn og utvalgskriterier<\/h2>\n<ul>\n<li>B\u00e6reevne: Skuffesylinderen m\u00e5 v\u00e6re konstruert for \u00e5 t\u00e5le h\u00f8ye belastninger og trykk.<\/li>\n<li>Tetning: Ulike tetningskomponenter, som stempeltetningsringer og stangtetningsringer, brukes for \u00e5 forhindre oljelekkasje og sikre effektiv drift.<\/li>\n<li>Holdbarhet: Sylinderhuset og gjengeenden er fint bearbeidet for \u00e5 forbedre slitestyrken.<\/li>\n<li>Sikkerhet: Det b\u00f8r iverksettes egnede sikkerhetstiltak for \u00e5 forhindre ulykker under drift.<\/li>\n<li>Vedlikehold: Sylinderen b\u00f8r v\u00e6re konstruert for enkelt vedlikehold, med enkel tilgang til utskiftbare komponenter og regelmessig oljing.<\/li>\n<\/ul>\n<p><img decoding=\"async\" src=\"https:\/\/www.hydraulic-cylinders.net\/wp-content\/uploads\/2025\/01\/songte-oil-pipes-and-spare-parts.webp\" alt=\"Skuffesylinder for SGZG SD25-9\" \/><\/p>\n<h2>Tetting og sm\u00f8ring<\/h2>\n<p>Ulike tetningskomponenter brukes for \u00e5 forhindre oljelekkasje og sikre effektiv drift av b\u00f8ttesylinderen. Materialer som polyuretan og nitrilgummi brukes ofte til tetningsringer. Sylinderhuset og gjengeenden er fint bearbeidet for \u00e5 forbedre slitestyrken. Regelmessig oljing er n\u00f8dvendig for \u00e5 sm\u00f8re sylinderen og sikre effektiv drift.<\/p>\n<h2>Vedlikehold og reparasjon<\/h2>\n<p>Regelmessig vedlikehold og forebyggende tiltak er viktige for \u00e5 forlenge levetiden til b\u00f8ttesylinderen. Vanlige vedlikeholdsoppgaver inkluderer regelmessige kontroller, riktig sm\u00f8ring og utskifting av tetninger og kalibreringskontroller. Riktig installasjon av sylinderen er ogs\u00e5 viktig, med veiledning om korrekt justering for \u00e5 sikre effektiv drift. Bruk av passende monteringsbraketter for \u00e5 feste sylinderen anbefales. Anbefalte inspeksjons-, reparasjons- og utskiftingsprosedyrer gis, samt tips for \u00e5 forbedre levetiden til b\u00f8ttesylinderen.<\/p>\n<p><img decoding=\"async\" src=\"https:\/\/www.hydraulic-cylinders.net\/wp-content\/uploads\/2025\/01\/songte-chushion-collar.webp\" alt=\"Skuffesylinder for SGZG SD25-9\" \/><\/p>\n<h2>Sikkerhets- og milj\u00f8hensyn<\/h2>\n<p>Det b\u00f8r iverksettes passende sikkerhetstiltak under installasjon og drift av b\u00f8ttesylinderen for \u00e5 forhindre ulykker. Milj\u00f8faktorer b\u00f8r ogs\u00e5 vurderes under drift for \u00e5 minimere p\u00e5virkningen p\u00e5 omgivelsene.<\/p>\n<h2>Diagnose og feils\u00f8king<\/h2>\n<p>Vanlige problemer som kan oppst\u00e5 med b\u00f8ttesylindere inkluderer oljelekkasje, utilstrekkelig trykk og unormale lyder under drift. Feils\u00f8kingstips og l\u00f8sninger gis for \u00e5 hjelpe leserne med \u00e5 effektivt diagnostisere og l\u00f8se disse problemene.<\/p>\n<p><img decoding=\"async\" src=\"https:\/\/www.hydraulic-cylinders.net\/wp-content\/uploads\/2025\/01\/songte-bushings-with-all-kinds-of-excavator-models.webp\" alt=\"Skuffesylinder for SGZG SD25-9\" \/><\/p>\n<h2>Om selskapet v\u00e5rt<\/h2>\n<p>Vi er en produsent av hydrauliske sylindere og har et komplett produktsortiment. Vi er en av de ledende produsentene og grossistdistribut\u00f8rene av hydrauliske sylindere i innenlandske og internasjonale markeder. Vi f\u00f8lger prinsippet om utmerket kvalitet og er avhengige av industrialiserte produksjonsstyringsstrategier i fine produksjonsverksteder. Ved bruk av tekniske talenter, digitalt high-end produksjonsutstyr og profesjonelle testsystemer forbedrer vi kontinuerlig produksjonsplattformen til verkstedet, forbedrer produktets produksjonskvalitet og har sterk produksjonsevne. Vi tilfredsstiller ulike kundebehov i henhold til prinsippene om h\u00f8y effektivitet, h\u00f8y presisjon og h\u00f8y kvalitet.<\/p>\n<p>Vi tilbyr profesjonelle, internasjonalt sertifiserte og tilpassede tjenester. Vi har avansert produksjonsutstyr og tilbyr ettersalgsservice av h\u00f8y kvalitet.<\/p>\n<p><img decoding=\"async\" src=\"https:\/\/www.hydraulic-cylinders.net\/wp-content\/uploads\/2025\/01\/songte-company-3.webp\" alt=\"Skuffesylinder for SGZG SD25-9\" \/><\/p>\n<p>Forfatter: lyl<\/p>","protected":false},"excerpt":{"rendered":"<p>Bucket Cylinder for SGZG SD25-9 Introduction A bucket cylinder is a specialized hydraulic cylinder designed to control the movement of buckets in heavy machinery such as excavators, backhoe loaders, and front loaders. Its main function is to enable the bucket to be lifted, lowered, and tilted, making it easier to handle various material transport tasks. [&hellip;]<\/p>","protected":false},"featured_media":14769,"comment_status":"open","ping_status":"closed","template":"","meta":{"_et_pb_use_builder":"","_et_pb_old_content":"","_et_gb_content_width":""},"product_brand":[],"product_cat":[1494],"product_tag":[1495,1496],"class_list":{"0":"post-15788","1":"product","2":"type-product","3":"status-publish","4":"has-post-thumbnail","6":"product_cat-bucket-cylinders","7":"product_tag-bucket-cylinders","8":"product_tag-hydraulic-cylinders","10":"first","11":"instock","12":"shipping-taxable","13":"product-type-simple"},"amp_enabled":true,"_links":{"self":[{"href":"https:\/\/www.hydraulic-cylinders.net\/nb\/wp-json\/wp\/v2\/product\/15788","targetHints":{"allow":["GET"]}}],"collection":[{"href":"https:\/\/www.hydraulic-cylinders.net\/nb\/wp-json\/wp\/v2\/product"}],"about":[{"href":"https:\/\/www.hydraulic-cylinders.net\/nb\/wp-json\/wp\/v2\/types\/product"}],"replies":[{"embeddable":true,"href":"https:\/\/www.hydraulic-cylinders.net\/nb\/wp-json\/wp\/v2\/comments?post=15788"}],"wp:featuredmedia":[{"embeddable":true,"href":"https:\/\/www.hydraulic-cylinders.net\/nb\/wp-json\/wp\/v2\/media\/14769"}],"wp:attachment":[{"href":"https:\/\/www.hydraulic-cylinders.net\/nb\/wp-json\/wp\/v2\/media?parent=15788"}],"wp:term":[{"taxonomy":"product_brand","embeddable":true,"href":"https:\/\/www.hydraulic-cylinders.net\/nb\/wp-json\/wp\/v2\/product_brand?post=15788"},{"taxonomy":"product_cat","embeddable":true,"href":"https:\/\/www.hydraulic-cylinders.net\/nb\/wp-json\/wp\/v2\/product_cat?post=15788"},{"taxonomy":"product_tag","embeddable":true,"href":"https:\/\/www.hydraulic-cylinders.net\/nb\/wp-json\/wp\/v2\/product_tag?post=15788"}],"curies":[{"name":"wp","href":"https:\/\/api.w.org\/{rel}","templated":true}]}}