{"id":15803,"date":"2025-01-19T15:00:29","date_gmt":"2025-01-19T15:00:29","guid":{"rendered":"https:\/\/www.hydraulic-cylinders.net\/product\/bucket-cylinder-for-kym-ky50c\/"},"modified":"2025-01-19T15:00:31","modified_gmt":"2025-01-19T15:00:31","slug":"bucket-cylinder-for-kym-ky50c","status":"publish","type":"product","link":"https:\/\/www.hydraulic-cylinders.net\/nb\/produkt\/bucket-cylinder-for-kym-ky50c\/","title":{"rendered":"B\u00f8ttesylinder for KYM KY50C"},"content":{"rendered":"<h1>B\u00f8ttesylinder for KYM KY50C<\/h1>\n<h2>Introduksjon<\/h2>\n<p>Skuffesylinderen til KYM KY50C er en spesialdesignet hydraulisk sylinder som prim\u00e6rt brukes til \u00e5 kontrollere bevegelsen til skuffen i tunge maskiner som gravemaskiner, traktorgravere og frontlastere. Hovedfunksjonen er \u00e5 gj\u00f8re det mulig \u00e5 l\u00f8fte, senke og tilte skuffen, noe som gj\u00f8r det enklere \u00e5 h\u00e5ndtere ulike materialh\u00e5ndteringsoppgaver. I det hydrauliske systemet oppn\u00e5r skuffesylinderen presis kontroll over skuffen ved hjelp av trykkvariasjonen i hydraulikkoljen, slik at operat\u00f8rer effektivt kan h\u00e5ndtere tunge gjenstander under komplekse arbeidsmilj\u00f8er og varierte jobbkrav.<\/p>\n<p><img decoding=\"async\" src=\"https:\/\/www.hydraulic-cylinders.net\/wp-content\/uploads\/2025\/01\/songte-company-2.webp\" alt=\"Bilde av b\u00f8ttesylinder\"><\/p>\n<h2>Funksjoner<\/h2>\n<ul>\n<li>H\u00f8y styrke og holdbarhet: vanligvis laget av h\u00f8yfast st\u00e5l eller aluminium, t\u00e5ler h\u00f8yt trykk og tunge belastninger, tilpasser seg t\u00f8ffe arbeidsmilj\u00f8er, designet med tanke p\u00e5 slitestyrke og korrosjonsbestandighet, noe som forlenger levetiden.<\/li>\n<li>Effektiv hydraulisk drift: utnytter trykket fra hydraulikkoljen for \u00e5 oppn\u00e5 jevn forlengelse og sammentrekning, reagerer raskt p\u00e5 kontrollkommandoer, gir kraftig skyve- og trekkekraft, egnet for h\u00e5ndtering av tunge gjenstander og komplekse arbeidsoppgaver.<\/li>\n<li>Ulike typer: enkeltvirkende (med hydraulikk kun i \u00e9n retning) eller dobbeltvirkende (med hydraulikk i begge retninger) sylindere kan velges etter behov for \u00e5 m\u00f8te ulike driftskrav. Noen modeller er teleskopiske, noe som gir st\u00f8rre forlengelse uten \u00e5 \u00f8ke de ytre m\u00e5lene, egnet for applikasjoner med begrenset plass.<\/li>\n<li>Utskiftbare: Produktene v\u00e5re kan erstatte disse hydrauliske sylindrene perfekt.<\/li>\n<\/ul>\n<p><img decoding=\"async\" src=\"https:\/\/www.hydraulic-cylinders.net\/wp-content\/uploads\/2025\/01\/songte-cylinder-head-with-all-kinds-excavator-models.webp\" alt=\"Bilde av utskifting av b\u00f8ttesylinder\"><\/p>\n<h2>Bruksomr\u00e5der<\/h2>\n<h3>Anleggsutstyr<\/h3>\n<p>De finnes i gravemaskiner og er viktige for utgraving, lasting og flytting av jord eller rusk. I gravemaskinlastere hjelper skuffesylinderen med b\u00e5de graving og l\u00f8fting. <\/p>\n<h3>Landbruksmaskiner<\/h3>\n<p>Brukes i frontlastere for utgraving, l\u00f8fting og transport av jord, h\u00f8y og andre materialer. I gravemaskiner muliggj\u00f8r skuffesylinderen utgraving ved \u00e5 la skuffen trenge ned i jorden. I frontlastere bidrar de til \u00e5 l\u00f8fte og dumpe varer effektivt.<\/p>\n<h2>Designhensyn og utvalgskriterier<\/h2>\n<h3>B\u00e6reevne<\/h3>\n<p>B\u00e6reevnen er en viktig designhensyn for \u00e5 sikre at sylinderen t\u00e5ler vekten og belastningen under driften. H\u00f8yfaste materialer som st\u00e5l eller aluminium og passende forsterkning kan gi h\u00f8yere b\u00e6reevne.<\/p>\n<h3>Tetting og holdbarhet<\/h3>\n<p>Tetningen og holdbarheten til sylinderen er avgj\u00f8rende for \u00e5 forhindre lekkasje og sikre lang levetid. Bruk av ulike tetningskomponenter, som stempeltetninger og stangtetninger, laget av slitesterke materialer som polyuretan og nitrilgummi, kan forbedre tetningen og holdbarheten. Fin overflatebehandling av sylinderhuset og gjengeenden kan ogs\u00e5 forbedre slitestyrken.<\/p>\n<h3>Sikkerhet og vedlikehold<\/h3>\n<p>Regelmessig inspeksjon og forebyggende vedlikeholdstiltak er avgj\u00f8rende for \u00e5 sikre sikker og korrekt funksjon av b\u00f8ttesylinderen. Riktig installasjon, sm\u00f8ring og kalibrering er avgj\u00f8rende for \u00e5 forbedre sylinderens ytelse og forlenge levetiden. <\/p>\n<p><img decoding=\"async\" src=\"https:\/\/www.hydraulic-cylinders.net\/wp-content\/uploads\/2025\/01\/songte-oil-pipes-and-spare-parts.webp\" alt=\"Bilde av vedlikehold av b\u00f8ttesylinder\"><\/p>\n<h2>Installasjonsveiledning<\/h2>\n<p>Riktig installasjon er viktig for \u00e5 sikre sikker og effektiv drift av b\u00f8ttesylinderen. Riktig justering av sylinderen og bruk av passende monteringsbraketter for \u00e5 feste den kan forhindre sylinderskade og sikre riktig drift. Anbefalte inspeksjons-, reparasjons- og utskiftingsprosedyrer kan forbedre sylinderens ytelse og forlenge levetiden.<\/p>\n<h3>Vedlikeholdsoppgaver<\/h3>\n<ul>\n<li>Regelmessig inspeksjon<\/li>\n<li>Riktig sm\u00f8ring<\/li>\n<li>Utskifting av pakning<\/li>\n<li>Kalibreringskontroll<\/li>\n<\/ul>\n<p><img decoding=\"async\" src=\"https:\/\/www.hydraulic-cylinders.net\/wp-content\/uploads\/2025\/01\/songte-chushion-collar.webp\" alt=\"Bilde av installasjon av b\u00f8ttesylinder\"><\/p>\n<h2>Sikkerhetshensyn og milj\u00f8faktorer<\/h2>\n<p>Sikkerhetstiltak er avgj\u00f8rende n\u00e5r man bruker b\u00f8ttesylinderen for \u00e5 forhindre ulykker og skader. Riktig installasjon, vedlikehold og drift er viktig for \u00e5 sikre sikker bruk. Milj\u00f8faktorer som temperatur og fuktighet kan p\u00e5virke sylinderens ytelse, og det b\u00f8r iverksettes passende tiltak for \u00e5 redusere disse effektene.<\/p>\n<h2>Diagnose og feils\u00f8king<\/h2>\n<p>Diagnostisering og feils\u00f8king av b\u00f8ttesylinderen kan v\u00e6re n\u00f8dvendig for \u00e5 identifisere og fikse problemer som lekkasje, utilstrekkelig kraft eller treg respons. Anbefalte feils\u00f8kingstips og l\u00f8sninger kan hjelpe leserne med \u00e5 diagnostisere og l\u00f8se problemer effektivt. Forebyggende tiltak kan ogs\u00e5 foresl\u00e5s for \u00e5 minimere potensielle problemer.<\/p>\n<p><img decoding=\"async\" src=\"https:\/\/www.hydraulic-cylinders.net\/wp-content\/uploads\/2025\/01\/songte-bushings-with-all-kinds-of-excavator-models.webp\" alt=\"Diagnosebilde av b\u00f8ttesylinder\"><\/p>\n<h2>Om oss<\/h2>\n<p>Vi er en produsent av hydrauliske sylindere for utskifting, og tilbyr et komplett produktsortiment. Vi er en av de ledende produsentene og grossistdistribut\u00f8rene av hydrauliske sylindere i innenlandske og internasjonale markeder. Vi f\u00f8lger prinsippet om utmerket kvalitet, og er avhengige av den industrielle produksjonsstyringsstrategien til fine produksjonsverksteder, forbedrer kontinuerlig produksjonsplattformen til verkstedet, perfeksjonerer produksjonsruten for produktkvalitet, og har en sterk kreativ evne til \u00e5 m\u00f8te kundenes ulike behov med h\u00f8y effektivitet, h\u00f8y presisjon og produkter av h\u00f8y kvalitet. <\/p>\n<h3>Profesjonalitet<\/h3>\n<p>Vi har et team av erfarne og profesjonelle teknikere som kontinuerlig utvikler innovative l\u00f8sninger for produksjon av hydrauliske sylindere, noe som sikrer utmerket kvalitet og ytelse.<\/p>\n<h3>Internasjonal sertifisering<\/h3>\n<p>Produktene v\u00e5re har internasjonale sertifiseringer som ISO9001, CE og SGS, noe som sikrer kvalitet og sikkerhet.<\/p>\n<h3>Tilpasningstjenester<\/h3>\n<p>Vi tilbyr tilpasningstjenester for \u00e5 m\u00f8te kundenes spesifikke behov, og tilbyr skreddersydde l\u00f8sninger som passer deres krav.<\/p>\n<h3>Produksjonsutstyr<\/h3>\n<p>Vi bruker avansert produksjonsutstyr som CNC-maskiner, maskineringssentre og sveiseroboter, noe som sikrer presis og effektiv produksjon.<\/p>\n<h3>Ettersalgsservice<\/h3>\n<p>Vi tilbyr omfattende ettersalgstjenester, inkludert vedlikehold, reparasjon og ombyggingstjenester, og sikrer kundenes tilfredshet og produktets levetid.<\/p>\n<p><img decoding=\"async\" src=\"https:\/\/www.hydraulic-cylinders.net\/wp-content\/uploads\/2025\/01\/songte-company-3.webp\" alt=\"Om oss Bilde\"><\/p>\n<p>Forfatter: lyl.<\/p>","protected":false},"excerpt":{"rendered":"<p>Bucket Cylinder For KYM KY50C Introduction The bucket cylinder for KYM KY50C is a specially designed hydraulic cylinder primarily used for controlling the movement of the bucket in heavy machinery such as excavators, backhoe loaders, and front-end loaders. Its main function is to enable the bucket to lift, lower, and tilt, making it easier to [&hellip;]<\/p>","protected":false},"featured_media":14769,"comment_status":"open","ping_status":"closed","template":"","meta":{"_et_pb_use_builder":"","_et_pb_old_content":"","_et_gb_content_width":""},"product_brand":[],"product_cat":[1494],"product_tag":[1495,1496],"class_list":{"0":"post-15803","1":"product","2":"type-product","3":"status-publish","4":"has-post-thumbnail","6":"product_cat-bucket-cylinders","7":"product_tag-bucket-cylinders","8":"product_tag-hydraulic-cylinders","10":"first","11":"instock","12":"shipping-taxable","13":"product-type-simple"},"amp_enabled":true,"_links":{"self":[{"href":"https:\/\/www.hydraulic-cylinders.net\/nb\/wp-json\/wp\/v2\/product\/15803","targetHints":{"allow":["GET"]}}],"collection":[{"href":"https:\/\/www.hydraulic-cylinders.net\/nb\/wp-json\/wp\/v2\/product"}],"about":[{"href":"https:\/\/www.hydraulic-cylinders.net\/nb\/wp-json\/wp\/v2\/types\/product"}],"replies":[{"embeddable":true,"href":"https:\/\/www.hydraulic-cylinders.net\/nb\/wp-json\/wp\/v2\/comments?post=15803"}],"wp:featuredmedia":[{"embeddable":true,"href":"https:\/\/www.hydraulic-cylinders.net\/nb\/wp-json\/wp\/v2\/media\/14769"}],"wp:attachment":[{"href":"https:\/\/www.hydraulic-cylinders.net\/nb\/wp-json\/wp\/v2\/media?parent=15803"}],"wp:term":[{"taxonomy":"product_brand","embeddable":true,"href":"https:\/\/www.hydraulic-cylinders.net\/nb\/wp-json\/wp\/v2\/product_brand?post=15803"},{"taxonomy":"product_cat","embeddable":true,"href":"https:\/\/www.hydraulic-cylinders.net\/nb\/wp-json\/wp\/v2\/product_cat?post=15803"},{"taxonomy":"product_tag","embeddable":true,"href":"https:\/\/www.hydraulic-cylinders.net\/nb\/wp-json\/wp\/v2\/product_tag?post=15803"}],"curies":[{"name":"wp","href":"https:\/\/api.w.org\/{rel}","templated":true}]}}