{"id":15811,"date":"2025-01-19T15:01:09","date_gmt":"2025-01-19T15:01:09","guid":{"rendered":"https:\/\/www.hydraulic-cylinders.net\/product\/bucket-cylinder-for-kym-ky105a\/"},"modified":"2025-01-19T15:01:12","modified_gmt":"2025-01-19T15:01:12","slug":"bucket-cylinder-for-kym-ky105a","status":"publish","type":"product","link":"https:\/\/www.hydraulic-cylinders.net\/nb\/produkt\/bucket-cylinder-for-kym-ky105a\/","title":{"rendered":"B\u00f8ttesylinder for KYM KY105A"},"content":{"rendered":"<h1>B\u00f8ttesylinder for KYM KY105A<\/h1>\n<h2>Introduksjon<\/h2>\n<p>Skuffesylinderen for KYM KY105A er en type hydraulisk sylinder som er spesielt utviklet for \u00e5 kontrollere bevegelsen til skuffen i tunge maskiner som gravemaskiner, traktorgravere og frontlastere. Hovedfunksjonen er \u00e5 tillate at skuffen l\u00f8ftes, senkes og vippes for enkle materialh\u00e5ndteringsoppgaver. I et hydraulisk system oppn\u00e5r skuffesylinderen presis kontroll over skuffen ved \u00e5 bruke trykkendringer i hydraulikkoljen, slik at operat\u00f8rer effektivt kan h\u00e5ndtere tunge laster og tilpasse seg komplekse arbeidsmilj\u00f8er og ulike jobbkrav.<\/p>\n<p><img decoding=\"async\" src=\"https:\/\/www.hydraulic-cylinders.net\/wp-content\/uploads\/2025\/01\/songte-company-2.webp\"><\/p>\n<h2>Funksjoner<\/h2>\n<ul>\n<li>\n<h3>H\u00f8y styrke og holdbarhet<\/h3>\n<p>B\u00f8ttesylindere er vanligvis laget av h\u00f8yfast st\u00e5l eller aluminium, som t\u00e5ler h\u00f8yt trykk og tunge belastninger, og er designet med hensyn til slitestyrke og korrosjonsbestandighet for \u00e5 forlenge levetiden.<\/p>\n<\/li>\n<li>\n<h3>Effektiv hydraulisk drift<\/h3>\n<p>Skuffesylindere bruker hydraulisk oljetrykk for \u00e5 oppn\u00e5 jevn forlengelse og inntrekking, noe som muliggj\u00f8r rask respons p\u00e5 kontrollkommandoer og gir kraftig skyve- og trekkekrefter, egnet for h\u00e5ndtering av tunge belastninger og komplekse arbeidsoppgaver.<\/p>\n<\/li>\n<li>\n<h3>Ulike typer<\/h3>\n<p>Skuffesylindere kan velges som enkeltvirkende (hydraulisk brukes kun i \u00e9n retning) eller dobbeltvirkende (hydraulisk brukes i begge retninger) i henhold til behov, og noen modeller er teleskopiske, noe som gir st\u00f8rre forlengelse uten \u00e5 \u00f8ke de ytre m\u00e5lene, egnet for applikasjoner med begrenset plass.<\/p>\n<\/li>\n<li>\n<h3>Erstatning for andre hydrauliske sylindere<\/h3>\n<p>Produktet v\u00e5rt kan erstatte andre hydrauliske sylindere p\u00e5 en perfekt m\u00e5te. Vi kan tilby deler og ombyggingstjenester for \u00e5 forlenge sylinderens levetid.<\/p>\n<\/li>\n<\/ul>\n<p><img decoding=\"async\" src=\"https:\/\/www.hydraulic-cylinders.net\/wp-content\/uploads\/2025\/01\/songte-cylinder-head-with-all-kinds-excavator-models.webp\"><\/p>\n<h2>Bruksomr\u00e5der<\/h2>\n<p>B\u00f8ttesylindere er mye brukt i forskjellige tunge maskiner som:<\/p>\n<ul>\n<li>Anleggsutstyr: I gravemaskiner er de avgj\u00f8rende for utgraving, lasting og flytting av jord eller rusk. I gravemaskiner hjelper skuffesylindere med b\u00e5de utgraving og l\u00f8fting. <\/li>\n<li>Landbruksmaskiner: Brukes p\u00e5 frontlastere til \u00e5 utarbeide, l\u00f8fte og transportere jord, h\u00f8y og andre materialer. <\/li>\n<li>Gravemaskiner: Skuffesylindere tillater gravefunksjon ved \u00e5 la skuffen trenge ned i jorden. <\/li>\n<li>Lastere: I frontlastere hjelper de med \u00e5 l\u00f8fte og dumpe last effektivt.<\/li>\n<\/ul>\n<h2>Designhensyn og utvalgskriterier<\/h2>\n<p>B\u00f8ttesylindere er designet med viktige hensyn som b\u00e6reevne, tetting, holdbarhet, sikkerhet og enkelt vedlikehold. Her er noen av designhensynene:<\/p>\n<ul>\n<li>\n<h3>B\u00e6reevne<\/h3>\n<p>B\u00f8ttesylindere m\u00e5 v\u00e6re konstruert for \u00e5 t\u00e5le h\u00f8yt trykk og tunge belastninger, og valg av materialer b\u00f8r ta hensyn til sylinderens slitasje- og korrosjonsmotstand.<\/p>\n<\/li>\n<li>\n<h3>Tetting<\/h3>\n<p>Ulike tetninger, som stempeltetninger og stangtetninger, brukes for \u00e5 forhindre lekkasje av hydraulisk olje. Tetninger b\u00f8r v\u00e6re laget av slitesterk materiale som polyuretan og nitrilgummi, og sylinderhuset og gjengede endeflater b\u00f8r behandles n\u00f8ye for \u00e5 forbedre slitestyrken.<\/p>\n<\/li>\n<li>\n<h3>Varighet<\/h3>\n<p>B\u00f8ttesylindere m\u00e5 v\u00e6re konstruert for \u00e5 t\u00e5le t\u00f8ffe arbeidsforhold og sikre lang levetid. Materialer b\u00f8r velges for h\u00f8y styrke og holdbarhet, og sylinderen b\u00f8r v\u00e6re konstruert med hensyn til slitestyrke og korrosjonsbestandighet.<\/p>\n<\/li>\n<li>\n<h3>Sikkerhet<\/h3>\n<p>Skuffesylindere b\u00f8r utformes for \u00e5 forhindre ulykker for\u00e5rsaket av sylindersvikt. Sikkerhetsfunksjoner som l\u00e5semekanismer, trykkavlastningsventiler og st\u00f8tdempere b\u00f8r innlemmes i designet der det er n\u00f8dvendig.<\/p>\n<\/li>\n<li>\n<h3>Vedlikehold<\/h3>\n<p>B\u00f8ttesylindere b\u00f8r v\u00e6re utformet for \u00e5 forenkle vedlikehold og reparasjon. Sylinderen b\u00f8r v\u00e6re enkel \u00e5 demontere, og reservedeler b\u00f8r v\u00e6re lett tilgjengelige.<\/p>\n<\/li>\n<\/ul>\n<p><img decoding=\"async\" src=\"https:\/\/www.hydraulic-cylinders.net\/wp-content\/uploads\/2025\/01\/songte-oil-pipes-and-spare-parts.webp\"><\/p>\n<h2>Tetting og sm\u00f8ring<\/h2>\n<p>B\u00f8ttesylindere bruker forskjellige tetningskomponenter som stempeltetninger og stangtetninger for \u00e5 forhindre lekkasje av hydraulisk olje. Disse tetningene er laget av materialer som polyuretan og nitrilgummi, som har god slitestyrke. Sylinderhuset og gjengede endeflater er n\u00f8ye bearbeidet for \u00e5 forbedre slitestyrken. Sylinderen krever regelmessig sm\u00f8ring med hydraulisk olje for \u00e5 fungere ordentlig.<\/p>\n<h2>Vedlikehold og reparasjon<\/h2>\n<p>For \u00e5 sikre at b\u00f8ttesylinderen fungerer som den skal, er regelmessige inspeksjoner, sm\u00f8ring og utskifting av pakninger n\u00f8dvendig. Her er noen av de vanlige vedlikeholdsoppgavene:<\/p>\n<ul>\n<li>\n<h3>Regelmessig inspeksjon<\/h3>\n<p>Inspiser sylinderen for tegn p\u00e5 slitasje, skade og lekkasje. Sjekk at den fungerer som den skal og at den er sm\u00f8rt.<\/p>\n<\/li>\n<li>\n<h3>Sm\u00f8ring<\/h3>\n<p>Sm\u00f8r sylinderen regelmessig med anbefalt hydraulikkolje for \u00e5 sikre problemfri drift.<\/p>\n<\/li>\n<li>\n<h3>Utskifting av tetning<\/h3>\n<p>Skift ut slitte eller skadede pakninger for \u00e5 forhindre oljelekkasje og forbedre sylinderens ytelse.<\/p>\n<\/li>\n<\/ul>\n<p><img decoding=\"async\" src=\"https:\/\/www.hydraulic-cylinders.net\/wp-content\/uploads\/2025\/01\/songte-chushion-collar.webp\"><\/p>\n<h2>Sikkerhets- og milj\u00f8hensyn<\/h2>\n<p>N\u00e5r du bruker b\u00f8ttesylinderen, er det viktig \u00e5 f\u00f8lge sikkerhetsprosedyrer for \u00e5 forhindre ulykker for\u00e5rsaket av sylinderfeil eller feil bruk. Det er ogs\u00e5 viktig \u00e5 vurdere milj\u00f8p\u00e5virkningen av hydrauliske v\u00e6sker og s\u00f8rge for riktig avhending av spillv\u00e6sker.<\/p>\n<h2>Feils\u00f8king og vanlige problemer<\/h2>\n<p>Noen vanlige problemer som kan oppst\u00e5 med b\u00f8ttesylindere inkluderer lekkasje, d\u00e5rlig ytelse og skade. Her er noen tips for \u00e5 diagnostisere og l\u00f8se disse problemene:<\/p>\n<ul>\n<li>\n<h3>Lekkasje<\/h3>\n<p>Hvis det er oljelekkasje, sjekk for skadede pakninger og skift dem ut om n\u00f8dvendig. Sjekk ogs\u00e5 for slitte stempel- eller stangoverflater og skift dem ut om n\u00f8dvendig.<\/p>\n<\/li>\n<li>\n<h3>D\u00e5rlig ytelse<\/h3>\n<p>Hvis sylinderen er treg eller ikke reagerer, sjekk for lavt hydraulikkoljeniv\u00e5 eller tette filtre. Sjekk ogs\u00e5 for slitte eller skadede komponenter og skift dem ut om n\u00f8dvendig.<\/p>\n<\/li>\n<li>\n<h3>Skader<\/h3>\n<p>Hvis det er synlige skader p\u00e5 sylinderen, som bulker eller sprekker, b\u00f8r den byttes ut.<\/p>\n<\/li>\n<\/ul>\n<h2>Om selskapet v\u00e5rt<\/h2>\n<p>Vi er en produsent av hydrauliske sylindere som spesialiserer seg p\u00e5 produksjon av hydrauliske erstatningssylindere. Vi har et komplett produktsortiment og har blitt en av de ledende produsentene og grossistdistribut\u00f8rene av hydrauliske sylindere i det innenlandske og internasjonale markedet. Vi f\u00f8lger prinsippet om utmerket kvalitet og er avhengige av industrialiserte produksjonsstyringsstrategier i presisjonsproduksjonsverksteder. Vi forbedrer kontinuerlig produksjonsplattformen til verkstedet, forbedrer produktkvaliteten og har sterk kreativ evne. Vi tilbyr effektive, presise og h\u00f8ykvalitetsprodukter for \u00e5 m\u00f8te kundenes ulike behov.<\/p>\n<p><img decoding=\"async\" src=\"https:\/\/hzpt.com\/wp-content\/uploads\/2024\/11\/songte-company-1.webp\"><\/p>\n<h2>Profesjonalitet og internasjonal sertifisering<\/h2>\n<p>V\u00e5rt firma har et team av profesjonelle ingeni\u00f8rer og teknikere med rik erfaring innen design og produksjon av hydrauliske sylindere. Vi har oppn\u00e5dd internasjonale sertifiseringer som ISO9001 og CE for \u00e5 sikre produktkvalitet og p\u00e5litelighet.<\/p>\n<h2>Tilpasnings- og produksjonsutstyr<\/h2>\n<p>Vi tilbyr skreddersydde tjenester for \u00e5 m\u00f8te kundenes spesifikke behov. V\u00e5rt firma har avansert digitalt produksjonsutstyr og profesjonelle testsystemer for \u00e5 sikre n\u00f8yaktigheten og kvaliteten p\u00e5 produktene v\u00e5re.<\/p>\n<h2>Ettersalgsservice<\/h2>\n<p>Vi tilbyr omfattende ettersalgstjenester, inkludert inspeksjon, reparasjon og utskifting av deler. Vi tilbyr ogs\u00e5 ombyggingstjenester for \u00e5 forlenge sylinderens levetid.<\/p>\n<p>Forfatter: lyl.<\/p>","protected":false},"excerpt":{"rendered":"<p>Bucket Cylinder For KYM KY105A Introduction The Bucket Cylinder for KYM KY105A is a type of hydraulic cylinder specially designed to control the movement of the bucket in heavy machinery such as excavators, backhoe loaders, and front-end loaders. Its primary function is to allow the bucket to be lifted, lowered, and tilted for easy material [&hellip;]<\/p>","protected":false},"featured_media":14784,"comment_status":"open","ping_status":"closed","template":"","meta":{"_et_pb_use_builder":"","_et_pb_old_content":"","_et_gb_content_width":""},"product_brand":[],"product_cat":[1494],"product_tag":[1495,1496],"class_list":{"0":"post-15811","1":"product","2":"type-product","3":"status-publish","4":"has-post-thumbnail","6":"product_cat-bucket-cylinders","7":"product_tag-bucket-cylinders","8":"product_tag-hydraulic-cylinders","10":"first","11":"instock","12":"shipping-taxable","13":"product-type-simple"},"amp_enabled":true,"_links":{"self":[{"href":"https:\/\/www.hydraulic-cylinders.net\/nb\/wp-json\/wp\/v2\/product\/15811","targetHints":{"allow":["GET"]}}],"collection":[{"href":"https:\/\/www.hydraulic-cylinders.net\/nb\/wp-json\/wp\/v2\/product"}],"about":[{"href":"https:\/\/www.hydraulic-cylinders.net\/nb\/wp-json\/wp\/v2\/types\/product"}],"replies":[{"embeddable":true,"href":"https:\/\/www.hydraulic-cylinders.net\/nb\/wp-json\/wp\/v2\/comments?post=15811"}],"wp:featuredmedia":[{"embeddable":true,"href":"https:\/\/www.hydraulic-cylinders.net\/nb\/wp-json\/wp\/v2\/media\/14784"}],"wp:attachment":[{"href":"https:\/\/www.hydraulic-cylinders.net\/nb\/wp-json\/wp\/v2\/media?parent=15811"}],"wp:term":[{"taxonomy":"product_brand","embeddable":true,"href":"https:\/\/www.hydraulic-cylinders.net\/nb\/wp-json\/wp\/v2\/product_brand?post=15811"},{"taxonomy":"product_cat","embeddable":true,"href":"https:\/\/www.hydraulic-cylinders.net\/nb\/wp-json\/wp\/v2\/product_cat?post=15811"},{"taxonomy":"product_tag","embeddable":true,"href":"https:\/\/www.hydraulic-cylinders.net\/nb\/wp-json\/wp\/v2\/product_tag?post=15811"}],"curies":[{"name":"wp","href":"https:\/\/api.w.org\/{rel}","templated":true}]}}