{"id":15812,"date":"2025-01-19T15:01:14","date_gmt":"2025-01-19T15:01:14","guid":{"rendered":"https:\/\/www.hydraulic-cylinders.net\/product\/bucket-cylinder-for-pengpu-sw60e\/"},"modified":"2025-01-19T15:01:16","modified_gmt":"2025-01-19T15:01:16","slug":"bucket-cylinder-for-pengpu-sw60e","status":"publish","type":"product","link":"https:\/\/www.hydraulic-cylinders.net\/nb\/produkt\/bucket-cylinder-for-pengpu-sw60e\/","title":{"rendered":"B\u00f8ttesylinder for Pengpu SW60E"},"content":{"rendered":"<h1>B\u00f8ttesylinder for Pengpu SW60E<\/h1>\n<h2>Introduksjon<\/h2>\n<p>Skuffesylinderen, ogs\u00e5 kjent som en hydraulisk sylinder, er en spesialdesignet hydraulisk aktuator som brukes til \u00e5 kontrollere bevegelsen til skuffen i tunge maskiner som gravemaskiner, traktorgravere og frontlastere. Hovedfunksjonen er \u00e5 la skuffen l\u00f8fte, senke og vippe, noe som gj\u00f8r det enklere \u00e5 h\u00e5ndtere ulike materialh\u00e5ndteringsoppgaver. I det hydrauliske systemet kontrollerer skuffesylinderen skuffens presise bevegelse gjennom endringer i hydraulikkoljetrykket, slik at operat\u00f8rer effektivt kan h\u00e5ndtere tunge laster og tilpasse seg komplekse arbeidsmilj\u00f8er og ulike driftskrav.<\/p>\n<p><img decoding=\"async\" src=\"https:\/\/www.hydraulic-cylinders.net\/wp-content\/uploads\/2025\/01\/songte-company-2.webp\" alt=\"Skuffesylinder for Pengpu SW60E\" \/><\/p>\n<h2>Funksjoner<\/h2>\n<ul>\n<li><strong>H\u00f8y styrke og holdbarhet:<\/strong> Den er vanligvis laget av h\u00f8yfast st\u00e5l eller aluminium, t\u00e5ler h\u00f8yt trykk og tunge belastninger, tilpasser seg t\u00f8ffe arbeidsmilj\u00f8er og er designet med slitestyrke og korrosjonsbestandighet i tankene for \u00e5 forlenge levetiden.<\/li>\n<li><strong>Effektiv hydraulisk drift:<\/strong> Ved \u00e5 bruke hydraulisk oljetrykk for \u00e5 oppn\u00e5 jevne forlengelses- og sammentrekningsbevegelser, kan den raskt reagere p\u00e5 kontrollkommandoer, gi sterke skyve- og trekkekrefter, og er egnet for h\u00e5ndtering av tunge belastninger og komplekse driftsoppgaver.<\/li>\n<li><strong>Ulike typer:<\/strong> Skuffesylinderen kan velges som enkeltvirkende (hydraulisk bruk i kun \u00e9n retning) eller dobbeltvirkende (hydraulisk bruk i to retninger) sylinder i henhold til driftsbehov. Noen modeller er teleskopiske, noe som gir st\u00f8rre forlengelse uten \u00e5 \u00f8ke de ytre m\u00e5lene, noe som gj\u00f8r dem egnet for bruksomr\u00e5der med begrenset plass.<\/li>\n<li><strong>Kan produseres av v\u00e5rt firma:<\/strong> Produktene v\u00e5re kan erstatte disse hydrauliske sylindrene perfekt.<\/li>\n<\/ul>\n<p><img decoding=\"async\" src=\"https:\/\/www.hydraulic-cylinders.net\/wp-content\/uploads\/2025\/01\/songte-cylinder-head-with-all-kinds-excavator-models.webp\" alt=\"Skuffesylinder for Pengpu SW60E\" \/><\/p>\n<h2>Bruksomr\u00e5der<\/h2>\n<p>B\u00f8ttesylinderen er mye brukt i diverse tunge maskiner, inkludert:<\/p>\n<ul>\n<li>Anleggsutstyr: I gravemaskiner er de avgj\u00f8rende for graving, lasting og flytting av jord eller rusk. I gravemaskiner hjelper skuffesylindere med b\u00e5de graving og l\u00f8fting. I frontlastere hjelper de med \u00e5 l\u00f8fte og dumpe last effektivt.<\/li>\n<li>Landbruksmaskiner: Brukes i frontlastere til \u00e5 utarbeide, l\u00f8fte og transportere jord, h\u00f8y og andre materialer. I gravemaskiner muliggj\u00f8r skuffesylindere gravebevegelsen ved \u00e5 la skuffen trenge ned i jorden.<\/li>\n<\/ul>\n<p>Nedenfor er noen spesifikke bruksomr\u00e5der for b\u00f8ttesylindere:<\/p>\n<ul>\n<li><strong>Konstruksjon:<\/strong> Skuffesylindere er viktige for utgraving, lasting og transport av jord, grus og andre materialer. De brukes ogs\u00e5 til \u00e5 l\u00f8fte og flytte tunge maskiner og utstyr p\u00e5 byggeplasser.<\/li>\n<li><strong>Gruvedrift:<\/strong> B\u00f8ttesylindere brukes i gruvedrift for \u00e5 grave og transportere materialer som kull og mineraler.<\/li>\n<li><strong>Skogbruk:<\/strong> I skogbruksdrift brukes skuffesylindere i utstyr som stalluner og fellerbunkere for \u00e5 flytte t\u00f8mmerstokker og andre tunge materialer.<\/li>\n<\/ul>\n<h2>Designhensyn og utvalgskriterier<\/h2>\n<p>N\u00e5r man designer b\u00f8ttesylindere, er det viktig \u00e5 vurdere flere faktorer for \u00e5 sikre optimal ytelse, holdbarhet, sikkerhet og enkelt vedlikehold. Disse faktorene inkluderer:<\/p>\n<ul>\n<li><strong>Lastekapasitet:<\/strong> Sylinderen m\u00e5 v\u00e6re konstruert for \u00e5 h\u00e5ndtere vekten av lasten den skal l\u00f8fte eller flytte.<\/li>\n<li><strong>Tetting:<\/strong> Sylinderen m\u00e5 v\u00e6re ordentlig forseglet for \u00e5 forhindre lekkasjer og sikre korrekt drift.<\/li>\n<li><strong>Varighet:<\/strong> Sylinderen m\u00e5 v\u00e6re laget av slitesterke materialer som t\u00e5ler de t\u00f8ffe milj\u00f8ene og tunge belastningene den vil m\u00f8te under drift.<\/li>\n<li><strong>Sikkerhet:<\/strong> Sylinderen m\u00e5 v\u00e6re konstruert med sikkerhetsfunksjoner for \u00e5 forhindre ulykker og skader under drift.<\/li>\n<li><strong>Vedlikehold:<\/strong> Sylinderen m\u00e5 utformes med tanke p\u00e5 enkelt vedlikehold for \u00e5 minimere nedetid og redusere vedlikeholdskostnader.<\/li>\n<\/ul>\n<p><img decoding=\"async\" src=\"https:\/\/www.hydraulic-cylinders.net\/wp-content\/uploads\/2025\/01\/songte-oil-pipes-and-spare-parts.webp\" alt=\"Skuffesylinder for Pengpu SW60E\" \/><\/p>\n<h2>Tetting og sm\u00f8ring<\/h2>\n<p>B\u00f8ttesylinderen bruker forskjellige tetningskomponenter, som stempeltetninger og stangtetninger, og velger slitesterke materialer, som polyuretan og nitrilgummi, for \u00e5 \u00f8ke slitestyrken. Sylinderhuset og den gjengede endeflaten er fint bearbeidet for \u00e5 forbedre slitestyrken. Regelmessig p\u00e5f\u00f8ring av passende mengder hydraulikkolje kan ogs\u00e5 bidra til \u00e5 sm\u00f8re sylinderen og forlenge levetiden.<\/p>\n<h2>Vedlikehold og feils\u00f8king<\/h2>\n<p>Regelmessig vedlikehold og inspeksjoner av b\u00f8ttesylinderen er n\u00f8dvendig for \u00e5 sikre optimal ytelse og forhindre havari. Vanlige vedlikeholdsoppgaver inkluderer riktig installasjon, regelmessig sm\u00f8ring, utskifting av pakninger og kalibreringskontroller. Det er ogs\u00e5 viktig \u00e5 diagnostisere og feils\u00f8ke eventuelle problemer som kan oppst\u00e5, for eksempel lekkasjer eller funksjonsfeil, for \u00e5 minimere nedetid og reparasjonskostnader. Forholdsregler kan iverksettes for \u00e5 minimere potensielle problemer.<\/p>\n<p><img decoding=\"async\" src=\"https:\/\/www.hydraulic-cylinders.net\/wp-content\/uploads\/2025\/01\/songte-chushion-collar.webp\" alt=\"Skuffesylinder for Pengpu SW60E\" \/><\/p>\n<h2>Sikkerhetshensyn og milj\u00f8faktorer<\/h2>\n<p>N\u00e5r du bruker b\u00f8ttesylinderen, er det viktig \u00e5 f\u00f8lge riktige sikkerhetsprosedyrer for \u00e5 forhindre ulykker og skader. Dette inkluderer bruk av passende personlig verneutstyr, \u00e5 f\u00f8lge riktige driftsprosedyrer og \u00e5 overholde alle sikkerhetsforskrifter og retningslinjer. Milj\u00f8faktorer, som temperatur og fuktighet, b\u00f8r ogs\u00e5 tas i betraktning n\u00e5r du bruker b\u00f8ttesylinderen for \u00e5 sikre optimal ytelse og levetid.<\/p>\n<h2>Om selskapet v\u00e5rt<\/h2>\n<p>Vi er en produsent av hydrauliske sylindere for utskifting, og tilbyr et komplett produktsortiment. Vi har blitt en av de ledende produsentene og grossistdistribut\u00f8rene av hydrauliske sylindere i det innenlandske og internasjonale markedet. Vi f\u00f8lger prinsippene om utmerket kvalitet, og er avhengige av den industrielle produksjonsstyringsstrategien til et fint produksjonsverksted. Ved \u00e5 bruke tekniske talenter, digitalt, avansert produksjonsutstyr og profesjonelle testsystemer, forbedrer selskapet v\u00e5rt kontinuerlig produksjonsplattformen, perfeksjonerer produksjonslinjen for produktkvalitet og har sterk innovasjonsevne for \u00e5 tilfredsstille kundenes ulike behov med prinsippene om h\u00f8y effektivitet, h\u00f8y presisjon og h\u00f8y kvalitet.<\/p>\n<p>V\u00e5rt firma tilbyr spesialiserte tjenester, internasjonal sertifisering og tilpassede l\u00f8sninger for \u00e5 m\u00f8te kundenes behov. Vi har avansert produksjonsutstyr og tilbyr omfattende ettersalgsservice.<\/p>\n<p><img decoding=\"async\" src=\"https:\/\/www.hydraulic-cylinders.net\/wp-content\/uploads\/2025\/01\/songte-company-3.webp\" alt=\"Skuffesylinder for Pengpu SW60E\" \/><\/p>\n<p>Forfatter: lyl<\/p>","protected":false},"excerpt":{"rendered":"<p>Bucket Cylinder For Pengpu SW60E Introduction The bucket cylinder, also known as a hydraulic cylinder, is a specially designed hydraulic actuator used to control the movement of the bucket in heavy machinery such as excavators, backhoes, and front-end loaders. Its main function is to allow the bucket to lift, lower, and tilt, making it easier [&hellip;]<\/p>","protected":false},"featured_media":14782,"comment_status":"open","ping_status":"closed","template":"","meta":{"_et_pb_use_builder":"","_et_pb_old_content":"","_et_gb_content_width":""},"product_brand":[],"product_cat":[1494],"product_tag":[1495,1496],"class_list":{"0":"post-15812","1":"product","2":"type-product","3":"status-publish","4":"has-post-thumbnail","6":"product_cat-bucket-cylinders","7":"product_tag-bucket-cylinders","8":"product_tag-hydraulic-cylinders","10":"first","11":"instock","12":"shipping-taxable","13":"product-type-simple"},"amp_enabled":true,"_links":{"self":[{"href":"https:\/\/www.hydraulic-cylinders.net\/nb\/wp-json\/wp\/v2\/product\/15812","targetHints":{"allow":["GET"]}}],"collection":[{"href":"https:\/\/www.hydraulic-cylinders.net\/nb\/wp-json\/wp\/v2\/product"}],"about":[{"href":"https:\/\/www.hydraulic-cylinders.net\/nb\/wp-json\/wp\/v2\/types\/product"}],"replies":[{"embeddable":true,"href":"https:\/\/www.hydraulic-cylinders.net\/nb\/wp-json\/wp\/v2\/comments?post=15812"}],"wp:featuredmedia":[{"embeddable":true,"href":"https:\/\/www.hydraulic-cylinders.net\/nb\/wp-json\/wp\/v2\/media\/14782"}],"wp:attachment":[{"href":"https:\/\/www.hydraulic-cylinders.net\/nb\/wp-json\/wp\/v2\/media?parent=15812"}],"wp:term":[{"taxonomy":"product_brand","embeddable":true,"href":"https:\/\/www.hydraulic-cylinders.net\/nb\/wp-json\/wp\/v2\/product_brand?post=15812"},{"taxonomy":"product_cat","embeddable":true,"href":"https:\/\/www.hydraulic-cylinders.net\/nb\/wp-json\/wp\/v2\/product_cat?post=15812"},{"taxonomy":"product_tag","embeddable":true,"href":"https:\/\/www.hydraulic-cylinders.net\/nb\/wp-json\/wp\/v2\/product_tag?post=15812"}],"curies":[{"name":"wp","href":"https:\/\/api.w.org\/{rel}","templated":true}]}}