{"id":15824,"date":"2025-01-19T15:02:11","date_gmt":"2025-01-19T15:02:11","guid":{"rendered":"https:\/\/www.hydraulic-cylinders.net\/product\/bucket-cylinder-for-nante-nt08\/"},"modified":"2025-01-19T15:02:13","modified_gmt":"2025-01-19T15:02:13","slug":"bucket-cylinder-for-nante-nt08","status":"publish","type":"product","link":"https:\/\/www.hydraulic-cylinders.net\/nb\/produkt\/bucket-cylinder-for-nante-nt08\/","title":{"rendered":"B\u00f8ttesylinder for Nante NT08"},"content":{"rendered":"<h1>B\u00f8ttesylinder for Nante NT08<\/h1>\n<h2>Introduksjon<\/h2>\n<p>Skuffesylinderen til Nante NT08 er en spesialisert hydraulisk sylinder designet for \u00e5 kontrollere bevegelsen av skuffer i tunge maskiner som gravemaskiner, traktorgravere og frontlastere. Hovedfunksjonen er \u00e5 muliggj\u00f8re l\u00f8fting, senking og tilting av skuffen, noe som gj\u00f8r det enklere \u00e5 h\u00e5ndtere ulike materialh\u00e5ndteringsoppgaver. I et hydraulisk system oppn\u00e5r skuffesylinderen presis kontroll over skuffen ved \u00e5 utnytte endringer i hydraulikkoljetrykket, slik at operat\u00f8rer effektivt kan h\u00e5ndtere tunge laster og tilpasse seg komplekse arbeidsmilj\u00f8er og ulike jobbkrav.<\/p>\n<p><img decoding=\"async\" src=\"https:\/\/www.hydraulic-cylinders.net\/wp-content\/uploads\/2025\/01\/songte-company-2.webp\" alt=\"Bilde av b\u00f8ttesylinder\"><\/p>\n<h2>Funksjoner<\/h2>\n<ul>\n<li><strong>H\u00f8y styrke og holdbarhet:<\/strong> B\u00f8ttesylinderen er vanligvis laget av h\u00f8yfast st\u00e5l eller aluminium, og t\u00e5ler h\u00f8yt trykk og tunge belastninger, og tilpasser seg t\u00f8ffe arbeidsmilj\u00f8er. Designet tar hensyn til slitestyrke og korrosjonsmotstand, noe som forlenger levetiden.<\/li>\n<li><strong>Effektiv hydraulisk drift:<\/strong> Ved \u00e5 utnytte hydraulisk oljetrykk oppn\u00e5r skuffesylinderen jevne forlengelses- og inntrekksbevegelser, noe som muliggj\u00f8r rask respons p\u00e5 kontrollkommandoer og gir kraftige skyve- og trekkkrefter. Den er egnet for h\u00e5ndtering av tunge lass og komplekse arbeidsoppgaver.<\/li>\n<li><strong>Allsidige typer:<\/strong> Skuffesylinderen kan velges som enkeltvirkende (hydraulisk trykk brukes i kun \u00e9n retning) eller dobbeltvirkende (hydraulisk trykk brukes i begge retninger) sylindere i henhold til spesifikke driftskrav. Noen modeller er teleskopiske, noe som gir st\u00f8rre forlengelse uten \u00e5 \u00f8ke de ytre m\u00e5lene, noe som gj\u00f8r dem egnet for applikasjoner med begrenset plass.<\/li>\n<li><strong>Perfekt erstatning:<\/strong> Produktet v\u00e5rt kan erstatte disse hydrauliske sylindrene perfekt.<\/li>\n<\/ul>\n<p><img decoding=\"async\" src=\"https:\/\/www.hydraulic-cylinders.net\/wp-content\/uploads\/2025\/01\/songte-cylinder-head-with-all-kinds-excavator-models.webp\" alt=\"Bilde av hydraulisk sylinder\"><\/p>\n<h2>Bruksomr\u00e5der<\/h2>\n<p>Skuffesylinderen finner bruksomr\u00e5der i diverse utstyr, inkludert:<\/p>\n<ul>\n<li><strong>Anleggsutstyr:<\/strong> De finnes i gravemaskiner, og er avgj\u00f8rende for utgraving, lasting og flytting av jord eller rusk. I gravemaskinlastere hjelper skuffesylinderen til med b\u00e5de graving og l\u00f8fting.<\/li>\n<li><strong>Landbruksmaskiner:<\/strong> Brukes i frontlastere for \u00e5 utarbeide, l\u00f8fte og transportere jord, h\u00f8y og andre materialer.<\/li>\n<li><strong>Gravemaskiner:<\/strong> Skuffesylinderen muliggj\u00f8r graveaksjoner ved \u00e5 la skuffen trenge ned i jorden.<\/li>\n<li><strong>Frontlastere:<\/strong> I frontlastere hjelper de med \u00e5 l\u00f8fte og dumpe gods effektivt.<\/li>\n<\/ul>\n<h2>Designhensyn og utvalgskriterier<\/h2>\n<p>N\u00e5r man designer en b\u00f8ttesylinder, m\u00e5 man ta hensyn til flere viktige faktorer og utvalgskriterier:<\/p>\n<ul>\n<li><strong>B\u00e6reevne:<\/strong> Sylinderen b\u00f8r v\u00e6re konstruert for \u00e5 t\u00e5le forventet belastning og krefter.<\/li>\n<li><strong>Tetting:<\/strong> Ulike tetningskomponenter, som stempeltetninger og stangtetninger, b\u00f8r brukes for \u00e5 sikre riktig tetting og forhindre lekkasje av hydraulikkolje.<\/li>\n<li><strong>Varighet:<\/strong> Sylinderen b\u00f8r v\u00e6re konstruert for \u00e5 t\u00e5le de forventede arbeidsforholdene, med tanke p\u00e5 faktorer som slitestyrke og korrosjonsmotstand.<\/li>\n<li><strong>Sikkerhet:<\/strong> Sikkerhetsfunksjoner b\u00f8r innlemmes i designet for \u00e5 sikre beskyttelse av operat\u00f8rer og forhindre ulykker.<\/li>\n<li><strong>Vedlikeholdbarhet:<\/strong> Sylinderdesignet b\u00f8r tillate enkelt vedlikehold, reparasjon og utskifting av komponenter for \u00e5 minimere nedetid.<\/li>\n<\/ul>\n<p><img decoding=\"async\" src=\"https:\/\/www.hydraulic-cylinders.net\/wp-content\/uploads\/2025\/01\/songte-oil-pipes-and-spare-parts.webp\" alt=\"Bilde av deler av hydrauliske sylindere\"><\/p>\n<h2>Tetting og sm\u00f8ring<\/h2>\n<p>Skuffesylinderen benytter ulike tetningskomponenter, som stempeltetninger og stangtetninger, laget av slitesterke materialer som polyuretan og nitrilgummi. Sylinderhuset og gjengede ender er fint behandlet for \u00e5 forbedre slitestyrken. Regelmessig sm\u00f8ring med passende hydraulikkolje er n\u00f8dvendig for \u00e5 sikre jevn drift og forhindre overdreven slitasje.<\/p>\n<h2>Regelmessig inspeksjon og forebyggende vedlikehold<\/h2>\n<ul>\n<li>Inspiser b\u00f8ttesylinderen regelmessig for tegn p\u00e5 skade, lekkasje eller unormal slitasje.<\/li>\n<li>Sm\u00f8r sylinderen ordentlig og s\u00f8rg for at alle beslag er festet.<\/li>\n<li>Skift ut pakninger med jevne mellomrom og utf\u00f8r kalibreringskontroller for \u00e5 opprettholde optimal ytelse.<\/li>\n<\/ul>\n<h2>Riktig produktinstallasjonsveiledning<\/h2>\n<p>N\u00e5r du monterer b\u00f8ttesylinderen, f\u00f8lg disse retningslinjene:<\/p>\n<ul>\n<li>S\u00f8rg for riktig justering av sylinderen.<\/li>\n<li>Bruk passende monteringsbraketter for \u00e5 feste sylinderen.<\/li>\n<\/ul>\n<p><img decoding=\"async\" src=\"https:\/\/www.hydraulic-cylinders.net\/wp-content\/uploads\/2025\/01\/songte-chushion-collar.webp\" alt=\"Putekragebilde\"><\/p>\n<h2>Vedlikeholdsoppgaver<\/h2>\n<p>Vanlige vedlikeholdsoppgaver for b\u00f8ttesylinderen inkluderer:<\/p>\n<ul>\n<li>Regelmessig inspeksjon<\/li>\n<li>Riktig sm\u00f8ring<\/li>\n<li>Utskifting av pakning<\/li>\n<li>Kalibreringskontroller<\/li>\n<\/ul>\n<p>Det er viktig \u00e5 understreke viktigheten av riktig installasjon, sm\u00f8ring og justering. Gi veiledning om riktig justering av sylinderen og anbefal bruk av passende installasjonsbraketter for \u00e5 feste sylinderen. Anbefal inspeksjons-, reparasjons- og utskiftingsprosedyrer, og gi tips for \u00e5 forlenge levetiden til b\u00f8ttesylinderen.<\/p>\n<p><img decoding=\"async\" src=\"https:\/\/www.hydraulic-cylinders.net\/wp-content\/uploads\/2025\/01\/songte-bushings-with-all-kinds-of-excavator-models.webp\" alt=\"Gravemaskinforinger bilde\"><\/p>\n<h2>Sikkerhetshensyn og milj\u00f8faktorer<\/h2>\n<p>N\u00e5r man bruker b\u00f8ttesylinderen, er det viktig \u00e5 prioritere sikkerhetstiltak for \u00e5 forhindre ulykker og sikre f\u00f8rerens velv\u00e6re. Milj\u00f8faktorer b\u00f8r ogs\u00e5 vurderes for \u00e5 minimere potensiell negativ p\u00e5virkning.<\/p>\n<h2>Feildiagnose og vanlige problemer<\/h2>\n<p>Vanlige feil og problemer knyttet til b\u00f8ttesylinderen inkluderer:<\/p>\n<ul>\n<li>Lekkasje<\/li>\n<li>Tap av kraft<\/li>\n<li>Treg drift<\/li>\n<\/ul>\n<p>Gi feils\u00f8kingstips og l\u00f8sninger for \u00e5 hjelpe leserne med \u00e5 diagnostisere og h\u00e5ndtere disse problemene effektivt. Tilby forebyggende tiltak for \u00e5 minimere potensielle problemer.<\/p>\n<p><img decoding=\"async\" src=\"https:\/\/www.hydraulic-cylinders.net\/wp-content\/uploads\/2025\/01\/songte-company-1.webp\" alt=\"Selskapets image\"><\/p>\n<h2>Om selskapet v\u00e5rt<\/h2>\n<p>Vi er en produsent som spesialiserer seg p\u00e5 produksjon av hydrauliske sylindere for utskifting. V\u00e5rt firma tilbyr et bredt spekter av produkter og har blitt en av de ledende produsentene og grossistdistribut\u00f8rene av hydrauliske sylindere i innenlandske og internasjonale markeder. Vi f\u00f8lger prinsippene om fortreffelighet og bruker strategier for industriell produksjonsstyring i v\u00e5rt velutstyrte produksjonsverksted. Med v\u00e5re tekniske talenter, avanserte digitale produksjonsutstyr og profesjonelle testsystemer forbedrer vi kontinuerlig v\u00e5r produksjonsplattform og produksjonsruter for produktkvalitet. Vi har en sterk kreativ evne og streber etter \u00e5 m\u00f8te ulike kundebehov med h\u00f8y effektivitet, presisjon og kvalitet.<\/p>\n<p><img decoding=\"async\" src=\"https:\/\/www.hydraulic-cylinders.net\/wp-content\/uploads\/2025\/01\/songte-company-3.webp\" alt=\"Selskapets image\"><\/p>\n<h2>Selskapsoversikt<\/h2>\n<ul>\n<li><strong>Profesjonalitet:<\/strong> Vi har h\u00f8yt kvalifiserte fagfolk som sikrer kvaliteten p\u00e5 produktene v\u00e5re.<\/li>\n<li><strong>Internasjonale sertifiseringer:<\/strong> Produktene v\u00e5re oppfyller internasjonale kvalitetsstandarder og har relevante sertifiseringer.<\/li>\n<li><strong>Tilpasningstjenester:<\/strong> Vi tilbyr skreddersydde l\u00f8sninger for \u00e5 m\u00f8te spesifikke kundekrav.<\/li>\n<li><strong>Produksjonsutstyr:<\/strong> Vi bruker avansert produksjonsutstyr for \u00e5 sikre produktkvalitet.<\/li>\n<li><strong>Ettersalgsservice:<\/strong> Vi tilbyr omfattende ettersalgstjenester<br \/>","protected":false},"excerpt":{"rendered":"<p>Bucket Cylinder For Nante NT08 Introduction The bucket cylinder for Nante NT08 is a specialized hydraulic cylinder designed for controlling the movement of buckets in heavy machinery such as excavators, backhoe loaders, and front-end loaders. Its main function is to enable the lifting, lowering, and tilting of the bucket, making it easier to handle various [&hellip;]<\/p>","protected":false},"featured_media":14787,"comment_status":"open","ping_status":"closed","template":"","meta":{"_et_pb_use_builder":"","_et_pb_old_content":"","_et_gb_content_width":""},"product_brand":[],"product_cat":[1494],"product_tag":[1495,1496],"class_list":{"0":"post-15824","1":"product","2":"type-product","3":"status-publish","4":"has-post-thumbnail","6":"product_cat-bucket-cylinders","7":"product_tag-bucket-cylinders","8":"product_tag-hydraulic-cylinders","10":"first","11":"instock","12":"shipping-taxable","13":"product-type-simple"},"amp_enabled":true,"_links":{"self":[{"href":"https:\/\/www.hydraulic-cylinders.net\/nb\/wp-json\/wp\/v2\/product\/15824","targetHints":{"allow":["GET"]}}],"collection":[{"href":"https:\/\/www.hydraulic-cylinders.net\/nb\/wp-json\/wp\/v2\/product"}],"about":[{"href":"https:\/\/www.hydraulic-cylinders.net\/nb\/wp-json\/wp\/v2\/types\/product"}],"replies":[{"embeddable":true,"href":"https:\/\/www.hydraulic-cylinders.net\/nb\/wp-json\/wp\/v2\/comments?post=15824"}],"wp:featuredmedia":[{"embeddable":true,"href":"https:\/\/www.hydraulic-cylinders.net\/nb\/wp-json\/wp\/v2\/media\/14787"}],"wp:attachment":[{"href":"https:\/\/www.hydraulic-cylinders.net\/nb\/wp-json\/wp\/v2\/media?parent=15824"}],"wp:term":[{"taxonomy":"product_brand","embeddable":true,"href":"https:\/\/www.hydraulic-cylinders.net\/nb\/wp-json\/wp\/v2\/product_brand?post=15824"},{"taxonomy":"product_cat","embeddable":true,"href":"https:\/\/www.hydraulic-cylinders.net\/nb\/wp-json\/wp\/v2\/product_cat?post=15824"},{"taxonomy":"product_tag","embeddable":true,"href":"https:\/\/www.hydraulic-cylinders.net\/nb\/wp-json\/wp\/v2\/product_tag?post=15824"}],"curies":[{"name":"wp","href":"https:\/\/api.w.org\/{rel}","templated":true}]}}