{"id":15831,"date":"2025-01-19T15:02:41","date_gmt":"2025-01-19T15:02:41","guid":{"rendered":"https:\/\/www.hydraulic-cylinders.net\/product\/bucket-cylinder-for-yanmar-sv017\/"},"modified":"2025-01-19T15:02:43","modified_gmt":"2025-01-19T15:02:43","slug":"bucket-cylinder-for-yanmar-sv017","status":"publish","type":"product","link":"https:\/\/www.hydraulic-cylinders.net\/nb\/produkt\/bucket-cylinder-for-yanmar-sv017\/","title":{"rendered":"B\u00f8ttesylinder for Yanmar SV017"},"content":{"rendered":"<h1>B\u00f8ttesylinder for Yanmar SV017<\/h1>\n<h2>Introduksjon<\/h2>\n<p>Skuffesylinderen til Yanmar SV017 er en spesialdesignet hydraulisk sylinder som brukes til \u00e5 kontrollere bevegelsen til skuffen i tunge maskiner som gravemaskiner, traktorgravere og frontlastere. Hovedfunksjonen er \u00e5 muliggj\u00f8re l\u00f8fting, senking og tilting av skuffen, noe som gj\u00f8r det enklere \u00e5 h\u00e5ndtere ulike materialh\u00e5ndteringsoppgaver. I det hydrauliske systemet oppn\u00e5r skuffesylinderen presis kontroll over skuffen ved \u00e5 utnytte trykkendringene i hydraulikkoljen, slik at operat\u00f8rer effektivt kan h\u00e5ndtere tunge laster og tilpasse seg komplekse arbeidsmilj\u00f8er og ulike jobbkrav.<\/p>\n<h2><img decoding=\"async\" src=\"https:\/\/www.hydraulic-cylinders.net\/wp-content\/uploads\/2025\/01\/songte-company-2.webp\" alt=\"Bilde av b\u00f8ttesylinder\">Produktfunksjoner<\/h2>\n<ul>\n<li>H\u00f8y styrke og holdbarhet: Vanligvis laget av h\u00f8yfast st\u00e5l eller aluminium, i stand til \u00e5 t\u00e5le h\u00f8yt trykk og tunge belastninger, tilpasse seg t\u00f8ffe arbeidsmilj\u00f8er, og designet med hensyn til slitestyrke og korrosjonsbestandighet for \u00e5 forlenge levetiden.<\/li>\n<li>Effektiv hydraulisk drift: Utnytter trykket fra hydraulikkoljen for \u00e5 oppn\u00e5 jevne forlengelses- og inntrekksbevegelser, gir rask respons p\u00e5 kontrollkommandoer, leverer kraftige skyve- og trekkkrefter, og er egnet for h\u00e5ndtering av tunge belastninger og komplekse arbeidsoppgaver.<\/li>\n<li>Ulike typer: Kan velges som enkeltvirkende (hydraulisk brukt kun i \u00e9n retning) eller dobbeltvirkende (hydraulisk brukt i begge retninger) sylindere i henhold til spesifikke driftsbehov. Noen modeller er teleskopiske, noe som gir st\u00f8rre forlengelse uten \u00e5 \u00f8ke de ytre m\u00e5lene, egnet for applikasjoner med begrenset plass.<\/li>\n<li>Perfekt erstatning: Produktene v\u00e5re kan erstatte disse hydrauliske sylindrene perfekt. <img decoding=\"async\" src=\"https:\/\/www.hydraulic-cylinders.net\/wp-content\/uploads\/2025\/01\/songte-cylinder-head-with-all-kinds-excavator-models.webp\" alt=\"Bilde av hydraulisk sylinder\"><\/li>\n<\/ul>\n<h2>Bruksomr\u00e5der<\/h2>\n<p>Skuffesylinderen til Yanmar SV017 finner bruksomr\u00e5der i ulike bransjer, inkludert:<\/p>\n<ul>\n<li>Anleggsutstyr: Finnes i gravemaskiner, der de er avgj\u00f8rende for graving, lasting og flytting av jord eller rusk. I gravemaskiner hjelper skuffesylinderen til med b\u00e5de graving og l\u00f8fting.<\/li>\n<li>Landbruksmaskiner: Brukes i frontlastere til \u00e5 utarbeide, l\u00f8fte og transportere jord, h\u00f8y og andre materialer.<\/li>\n<li>Gravemaskiner: Skuffesylinderen muliggj\u00f8r graveaksjoner ved \u00e5 la skuffen trenge ned i jorden.<\/li>\n<li>Frontlastere: I frontlastere hjelper de med \u00e5 l\u00f8fte og vippe varer effektivt.<\/li>\n<\/ul>\n<h2>Designhensyn og utvalgskriterier<\/h2>\n<p>N\u00e5r det gjelder designhensyn, m\u00e5 b\u00f8ttesylinderen oppfylle visse kriterier, inkludert:<\/p>\n<ul>\n<li>B\u00e6reevne<\/li>\n<li>Tetting<\/li>\n<li>Varighet<\/li>\n<li>Sikkerhet<\/li>\n<li>Vedlikeholdbarhet<\/li>\n<\/ul>\n<p><img decoding=\"async\" src=\"https:\/\/www.hydraulic-cylinders.net\/wp-content\/uploads\/2025\/01\/songte-oil-pipes-and-spare-parts.webp\" alt=\"Hydrauliske sylinderdeler\"><\/p>\n<h2>Tetting og sm\u00f8ring<\/h2>\n<p>Skuffesylinderen benytter forskjellige tetningselementer, som stempeltetninger og stangtetninger, laget av slitesterke materialer som polyuretan og nitrilgummi. Sylinderhuset og gjengede ender gjennomg\u00e5r fin bearbeiding for \u00e5 forbedre slitestyrken. Regelmessig sm\u00f8ring med riktig mengde hydraulikkolje er n\u00f8dvendig for problemfri drift.<\/p>\n<h2>Regelmessig inspeksjon og forebyggende vedlikehold<\/h2>\n<p>For \u00e5 sikre optimal ytelse og forlenge levetiden til b\u00f8ttesylinderen, b\u00f8r regelmessige inspeksjoner og forebyggende vedlikehold utf\u00f8res. Noen anbefalte tiltak inkluderer:<\/p>\n<ul>\n<li>Regelmessig inspeksjon av sylinderen for tegn p\u00e5 lekkasje, skade eller slitasje<\/li>\n<li>Riktig sm\u00f8ring av sylinderen<\/li>\n<li>Skifte pakninger ved behov<\/li>\n<li>Utf\u00f8rer kalibreringskontroller<\/li>\n<\/ul>\n<p><img decoding=\"async\" src=\"https:\/\/www.hydraulic-cylinders.net\/wp-content\/uploads\/2025\/01\/songte-chushion-collar.webp\" alt=\"Vedlikehold av hydrauliske sylindere\"><\/p>\n<h2>Sikkerhetshensyn og milj\u00f8faktorer<\/h2>\n<p>N\u00e5r du bruker b\u00f8ttesylinderen, er det viktig \u00e5 f\u00f8lge sikkerhetstiltakene for \u00e5 sikre et trygt arbeidsmilj\u00f8. Riktig h\u00e5ndtering og vedlikehold av sylinderen bidrar ogs\u00e5 til milj\u00f8messig b\u00e6rekraft.<\/p>\n<h2>Feildiagnose og vanlige problemer<\/h2>\n<p>Vanlige feil og problemer som kan oppst\u00e5 med b\u00f8ttesylinderen inkluderer lekkasje, utilstrekkelig kraft, uregelmessige bevegelser og unormal st\u00f8y. Det er avgj\u00f8rende \u00e5 diagnostisere og h\u00e5ndtere disse problemene raskt. Her er noen feils\u00f8kingstips og l\u00f8sninger som kan hjelpe leserne med \u00e5 diagnostisere og l\u00f8se problemer effektivt:<\/p>\n<ul>\n<li>Regelmessig inspeksjon og vedlikehold av sylinderen<\/li>\n<li>F\u00f8lg riktige installasjons-, sm\u00f8rings- og justeringsprosedyrer<\/li>\n<li>Gi veiledning om riktig justering under installasjon<\/li>\n<li>Bruk passende monteringsbraketter for \u00e5 feste sylinderen<\/li>\n<li>Anbefalte inspeksjons-, reparasjons- og utskiftingsprosedyrer<\/li>\n<li>Tilbyr reservedeler og ombyggingstjenester<\/li>\n<li>Teknikker for \u00e5 forlenge levetiden til b\u00f8ttesylinderen<\/li>\n<\/ul>\n<p><img decoding=\"async\" src=\"https:\/\/www.hydraulic-cylinders.net\/wp-content\/uploads\/2025\/01\/songte-bushings-with-all-kinds-of-excavator-models.webp\" alt=\"Hydrauliske sylinderforinger\"><\/p>\n<h2>Om selskapet v\u00e5rt<\/h2>\n<p>Vi er en produsent av hydrauliske sylindere for utskifting og har et bredt spekter av produkter. Vi er en av de ledende produsentene og grossistdistribut\u00f8rene av hydrauliske sylindere i innenlandske og internasjonale markeder. Med fokus p\u00e5 utmerket kvalitet og strategier for industrialisert produksjonsstyring, forbedrer vi kontinuerlig v\u00e5re produksjonsplattformer gjennom bruk av tekniske talenter, digitalt, avansert produksjonsutstyr og profesjonelle testsystemer. Vi har sterk kapasitet til \u00e5 tilby effektive, presise og h\u00f8ykvalitetsprodukter for \u00e5 m\u00f8te kundenes ulike behov.<\/p>\n<p>Ytterligere informasjon om v\u00e5rt selskap:<\/p>\n<ul>\n<li>Profesjonalitet<\/li>\n<li>Internasjonale sertifiseringer<\/li>\n<li>Tilpasningstjenester<\/li>\n<li>Produksjonsutstyr<\/li>\n<li>Ettersalgsservice<\/li>\n<\/ul>\n<p><img decoding=\"async\" src=\"https:\/\/www.hydraulic-cylinders.net\/wp-content\/uploads\/2025\/01\/songte-company-3.webp\" alt=\"Selskapets image\"><\/p>\n<p>Forfatter: lyl<\/p>","protected":false},"excerpt":{"rendered":"<p>Bucket Cylinder For Yanmar SV017 Introduction The bucket cylinder for Yanmar SV017 is a specially designed hydraulic cylinder used to control the movement of the bucket in heavy machinery such as excavators, backhoe loaders, and front-end loaders. Its main function is to enable the lifting, lowering, and tilting of the bucket, making it easier to [&hellip;]<\/p>","protected":false},"featured_media":14773,"comment_status":"open","ping_status":"closed","template":"","meta":{"_et_pb_use_builder":"","_et_pb_old_content":"","_et_gb_content_width":""},"product_brand":[],"product_cat":[1494],"product_tag":[1495,1496],"class_list":{"0":"post-15831","1":"product","2":"type-product","3":"status-publish","4":"has-post-thumbnail","6":"product_cat-bucket-cylinders","7":"product_tag-bucket-cylinders","8":"product_tag-hydraulic-cylinders","10":"first","11":"instock","12":"shipping-taxable","13":"product-type-simple"},"amp_enabled":true,"_links":{"self":[{"href":"https:\/\/www.hydraulic-cylinders.net\/nb\/wp-json\/wp\/v2\/product\/15831","targetHints":{"allow":["GET"]}}],"collection":[{"href":"https:\/\/www.hydraulic-cylinders.net\/nb\/wp-json\/wp\/v2\/product"}],"about":[{"href":"https:\/\/www.hydraulic-cylinders.net\/nb\/wp-json\/wp\/v2\/types\/product"}],"replies":[{"embeddable":true,"href":"https:\/\/www.hydraulic-cylinders.net\/nb\/wp-json\/wp\/v2\/comments?post=15831"}],"wp:featuredmedia":[{"embeddable":true,"href":"https:\/\/www.hydraulic-cylinders.net\/nb\/wp-json\/wp\/v2\/media\/14773"}],"wp:attachment":[{"href":"https:\/\/www.hydraulic-cylinders.net\/nb\/wp-json\/wp\/v2\/media?parent=15831"}],"wp:term":[{"taxonomy":"product_brand","embeddable":true,"href":"https:\/\/www.hydraulic-cylinders.net\/nb\/wp-json\/wp\/v2\/product_brand?post=15831"},{"taxonomy":"product_cat","embeddable":true,"href":"https:\/\/www.hydraulic-cylinders.net\/nb\/wp-json\/wp\/v2\/product_cat?post=15831"},{"taxonomy":"product_tag","embeddable":true,"href":"https:\/\/www.hydraulic-cylinders.net\/nb\/wp-json\/wp\/v2\/product_tag?post=15831"}],"curies":[{"name":"wp","href":"https:\/\/api.w.org\/{rel}","templated":true}]}}