{"id":15836,"date":"2025-01-19T15:03:08","date_gmt":"2025-01-19T15:03:08","guid":{"rendered":"https:\/\/www.hydraulic-cylinders.net\/product\/bucket-cylinder-for-yanmar-sv025-6\/"},"modified":"2025-01-19T15:03:10","modified_gmt":"2025-01-19T15:03:10","slug":"bucket-cylinder-for-yanmar-sv025-6","status":"publish","type":"product","link":"https:\/\/www.hydraulic-cylinders.net\/nb\/produkt\/bucket-cylinder-for-yanmar-sv025-6\/","title":{"rendered":"B\u00f8ttesylinder for Yanmar SV025-6"},"content":{"rendered":"<h1>B\u00f8ttesylinder for Yanmar SV025-6<\/h1>\n<h2>Introduksjon<\/h2>\n<p>Skuffesylinderen til Yanmar SV025-6 er en spesialdesignet hydraulisk sylinder som brukes til \u00e5 kontrollere bevegelsen til skuffen i tunge maskiner som gravemaskiner, traktorgravere og frontlastere. Hovedfunksjonen er \u00e5 la skuffen l\u00f8fte, senke og vippe, noe som gj\u00f8r det enklere \u00e5 h\u00e5ndtere ulike materialh\u00e5ndteringsoppgaver. I det hydrauliske systemet oppn\u00e5r skuffesylinderen presis skuffekontroll gjennom endringer i hydraulikkoljetrykket, slik at operat\u00f8rer effektivt kan h\u00e5ndtere tunge laster og tilpasse seg komplekse arbeidsmilj\u00f8er og ulike driftskrav.<\/p>\n<p><img decoding=\"async\" src=\"https:\/\/www.hydraulic-cylinders.net\/wp-content\/uploads\/2025\/01\/songte-company-2.webp\"><\/p>\n<h2>Produktfunksjoner<\/h2>\n<ul>\n<li>\n<h3>H\u00f8y styrke og holdbarhet<\/h3>\n<p>B\u00f8ttesylinderen er vanligvis laget av h\u00f8yfast st\u00e5l eller aluminium, som t\u00e5ler h\u00f8yt trykk og tunge belastninger. Den er designet med tanke p\u00e5 slitestyrke og korrosjonsmotstand, noe som kan forlenge levetiden.<\/p>\n<\/li>\n<li>\n<h3>Effektiv hydraulisk drift<\/h3>\n<p>Skuffesylinderen bruker hydraulisk oljetrykk for \u00e5 oppn\u00e5 jevn ekspansjon og sammentrekning, kan raskt reagere p\u00e5 kontrollkommandoer og gi kraftige skyve- og trekkekrefter, egnet for h\u00e5ndtering av tunge belastninger og komplekse driftsoppgaver.<\/p>\n<\/li>\n<li>\n<h3>Ulike typer<\/h3>\n<p>Skuffesylinderen kan velges som enkeltvirkende (hydraulisk brukes kun i \u00e9n retning) eller dobbeltvirkende (hydraulisk brukes i begge retninger) i henhold til behovene for \u00e5 oppfylle ulike driftskrav. Noen modeller er teleskopiske, noe som gir st\u00f8rre uttrekk uten \u00e5 \u00f8ke de ytre m\u00e5lene, egnet for bruksomr\u00e5der med begrenset plass.<\/p>\n<\/li>\n<li>\n<h3>Perfekt erstatning<\/h3>\n<p>Produktet v\u00e5rt kan erstatte disse hydrauliske sylindrene perfekt. <\/p>\n<\/li>\n<\/ul>\n<p><img decoding=\"async\" src=\"https:\/\/www.hydraulic-cylinders.net\/wp-content\/uploads\/2025\/01\/songte-cylinder-head-with-all-kinds-excavator-models.webp\"><\/p>\n<h2>S\u00f8knad<\/h2>\n<p>Skuffesylinderen er mye brukt i diverse tunge maskiner som:<\/p>\n<ul>\n<li>\n<h3>Anleggsutstyr<\/h3>\n<p>I gravemaskiner er de viktige for graving, lasting og flytting av jord eller rusk. I gravemaskiner hjelper b\u00f8ttesylinderen med b\u00e5de graving og l\u00f8fting. <\/p>\n<\/li>\n<li>\n<h3>Landbruksmaskiner<\/h3>\n<p>Brukes i frontlastere til \u00e5 utarbeide, l\u00f8fte og transportere jord, h\u00f8y og andre materialer. I gravemaskiner oppn\u00e5r skuffesylinderen gravefunksjon ved \u00e5 la skuffen trenge ned i jorden. I frontlastere bidrar de til \u00e5 l\u00f8fte og tilte gods effektivt.<\/p>\n<\/li>\n<\/ul>\n<h2>Designhensyn og utvalgskriterier<\/h2>\n<p>N\u00e5r du velger b\u00f8ttesylinder, b\u00f8r f\u00f8lgende designhensyn og utvalgskriterier tas i betraktning:<\/p>\n<ul>\n<li>\n<h3>B\u00e6reevne<\/h3>\n<p>Skuffesylinderen m\u00e5 kunne t\u00e5le vekten av materialet som h\u00e5ndteres og trykket i det hydrauliske systemet.<\/p>\n<\/li>\n<li>\n<h3>Tetting og holdbarhet<\/h3>\n<p>B\u00f8ttesylinderen m\u00e5 forsegles tett for \u00e5 forhindre lekkasje av hydraulisk v\u00e6ske. Sylinderhuset, stempelet og stangoverflaten b\u00f8r finbearbeides for \u00e5 forbedre slitestyrken. <\/p>\n<\/li>\n<li>\n<h3>Sikkerhet og vedlikehold<\/h3>\n<p>Skuffesylinderen m\u00e5 installeres riktig for \u00e5 sikre at den fungerer trygt og effektivt. Regelmessig vedlikehold b\u00f8r utf\u00f8res for \u00e5 holde den i god stand, og eventuelle slitte eller skadede deler m\u00e5 byttes ut i tide.<\/p>\n<\/li>\n<\/ul>\n<p><img decoding=\"async\" src=\"https:\/\/www.hydraulic-cylinders.net\/wp-content\/uploads\/2025\/01\/songte-oil-pipes-and-spare-parts.webp\"><\/p>\n<h2>Tetting og sm\u00f8ring<\/h2>\n<p>Skuffesylinderen bruker forskjellige tetninger som stempeltetninger, stangtetninger osv., laget av slitesterke materialer som polyuretan og nitrilgummi for \u00e5 sikre tett tetting. Sylinderhuset og stangoverflaten er finbearbeidet for \u00e5 forbedre slitestyrken. Regelmessig sm\u00f8ring med riktig mengde hydraulikkolje bidrar til \u00e5 opprettholde skuffesylinderens ytelse.<\/p>\n<h2>Inspeksjon og forebyggende vedlikehold<\/h2>\n<p>Regelmessig inspeksjon og forebyggende vedlikehold kan bidra til \u00e5 forlenge b\u00f8ttesylinderens levetid. F\u00f8lgende er vanlige vedlikeholdsoppgaver:<\/p>\n<ul>\n<li>\n<h3>Regelmessig inspeksjon<\/h3>\n<p>Inspeksjon av sylinderhuset, stempelet og stangen for slitasje eller skade.<\/p>\n<\/li>\n<li>\n<h3>Sm\u00f8ring<\/h3>\n<p>Tilsett passende mengde hydraulisk olje for \u00e5 sm\u00f8re sylinderen.<\/p>\n<\/li>\n<li>\n<h3>Utskifting av tetning<\/h3>\n<p>Skifte ut slitte eller skadede pakninger for \u00e5 sikre tett forsegling.<\/p>\n<\/li>\n<li>\n<h3>Kalibreringssjekk<\/h3>\n<p>Kontrollerer trykkkalibreringen for \u00e5 sikre n\u00f8yaktig trykkkontroll.<\/p>\n<\/li>\n<\/ul>\n<p>Riktig installasjon, sm\u00f8ring og justering er avgj\u00f8rende for b\u00f8ttesylinderens ytelse. S\u00f8rg for \u00e5 justere sylinderen riktig under installasjonen og bruk passende monteringsbraketter for \u00e5 feste den. Vi anbefaler \u00e5 kontrollere, reparere og bytte ut deler, samt \u00e5 tilby ombyggingstjenester for \u00e5 forlenge b\u00f8ttesylinderens levetid.<\/p>\n<p><img decoding=\"async\" src=\"https:\/\/www.hydraulic-cylinders.net\/wp-content\/uploads\/2025\/01\/songte-chushion-collar.webp\"><\/p>\n<h2>Sikkerhets- og milj\u00f8hensyn<\/h2>\n<p>Ved bruk av b\u00f8ttesylinderen m\u00e5 det tas n\u00f8dvendige sikkerhetstiltak for \u00e5 unng\u00e5 skade p\u00e5 personell eller utstyr. Riktig avhending av hydrauliske v\u00e6sker og andre materialer er viktig for \u00e5 beskytte milj\u00f8et.<\/p>\n<h2>Vanlig feildiagnose og l\u00f8sninger<\/h2>\n<p>Vanlige feil p\u00e5 b\u00f8ttesylinderen inkluderer lekkasje av hydraulisk v\u00e6ske, utilstrekkelig kraftuttak og ustabil drift. F\u00f8lgende er noen tips og l\u00f8sninger:<\/p>\n<ul>\n<li>\n<h3>Lekkasje av hydraulisk v\u00e6ske<\/h3>\n<p>Kontroller pakningen og skift den ut om n\u00f8dvendig. Se etter riper og andre skader p\u00e5 sylinderhuset eller stempelet og stangen. Juster kalibreringen om n\u00f8dvendig. <\/p>\n<\/li>\n<li>\n<h3>Utilstrekkelig kraftuttak<\/h3>\n<p>Kontroller at trykket i det hydrauliske systemet er riktig. Kontroller sylinderens b\u00e6reevne og juster eller skift den ut om n\u00f8dvendig. <\/p>\n<\/li>\n<li>\n<h3>Ustabil drift<\/h3>\n<p>Kontroller kalibreringen og juster den om n\u00f8dvendig. Kontroller trykket i det hydrauliske systemet og juster det om n\u00f8dvendig.<\/p>\n<\/li>\n<\/ul>\n<p>Forebyggende tiltak, som regelmessig inspeksjon, kan bidra til \u00e5 unng\u00e5 disse problemene og sikre at b\u00f8ttesylinderen fungerer p\u00e5litelig.<\/p>\n<p><img decoding=\"async\" src=\"https:\/\/www.hydraulic-cylinders.net\/wp-content\/uploads\/2025\/01\/songte-bushings-with-all-kinds-of-excavator-models.webp\"><\/p>\n<h2>Om selskapet v\u00e5rt<\/h2>\n<p>Vi er en produsent av hydrauliske sylinderutskiftninger med et komplett produktsortiment, og er n\u00e5 en av de ledende produsentene og grossistdistribut\u00f8rene av hydrauliske sylindere i innenlandske og utenlandske markeder. Vi f\u00f8lger prinsippet om kvalitetssikring og bruker industrialiserte produksjonsstyringsstrategier i raffinerte produksjonsverksteder. V\u00e5rt selskap forbedrer kontinuerlig produksjonsplattformen, perfeksjonerer produksjonskvaliteten og har en sterk kreativ evne til \u00e5 m\u00f8te kundenes varierte behov med h\u00f8y effektivitet, h\u00f8y presisjon og h\u00f8y kvalitet.<\/p>\n<h3>Profesjonalitet<\/h3>\n<p>Teamet v\u00e5rt best\u00e5r av erfarne fagfolk innen hydrauliske sylinderbransjen, fra design til produksjon, testing og ettersalgsservice. Vi har en dyp forst\u00e5else av hydrauliske sylinderes ytelse og tilbyr kundene profesjonelle og effektive tjenester.<\/p>\n<h3>Internasjonal sertifisering<\/h3>\n<p>Produktene v\u00e5re har best\u00e5tt internasjonale kvalitetssertifiseringer, inkludert ISO 9001 og CE, noe som sikrer at kvaliteten p\u00e5 produktene v\u00e5re oppfyller internasjonale standarder.<\/p>\n<h3>Tilpassede tjenester<\/h3>\n<p>Vi tilbyr tilpassede tjenester i henhold til kundenes spesifikke behov, for eksempel tilpassede sylindertyper og -st\u00f8rrelser, for \u00e5 m\u00f8te deres unike krav.<\/p>\n<h3>Avansert produksjonsutstyr<\/h3>\n<p>V\u00e5rt firma har avansert produksjonsutstyr, inkludert et CNC-maskineringssenter, CNC-dreiebenk og annet digitalt high-end produksjonsutstyr, som sikrer n\u00f8yaktigheten og presisjonen til hver hydrauliske sylinder.<\/p>\n<h3>Ettersalgsservice<\/h3>\n<p>Vi tilbyr omfattende ettersalgsservice, inkludert produktinstallasjon, teknisk st\u00f8tte og vedlikeholdstjenester, og sikrer at v\u00e5re hydrauliske sylindere fungerer effektivt og p\u00e5litelig i lengst mulig tid.<\/p>\n<p><img decoding=\"async\" src=\"https:\/\/hzpt.com\/wp-content\/uploads\/2024\/11\/songte-company-1.webp\"><\/p>\n<p>Forfatter: lyl<\/p>","protected":false},"excerpt":{"rendered":"<p>Bucket Cylinder For Yanmar SV025-6 Introduction The bucket cylinder for Yanmar SV025-6 is a specially designed hydraulic cylinder used to control the movement of the bucket in heavy machinery such as excavators, backhoe excavators, and front-end loaders. Its main function is to allow the bucket to lift, lower, and tilt, making it easier to handle [&hellip;]<\/p>","protected":false},"featured_media":14761,"comment_status":"open","ping_status":"closed","template":"","meta":{"_et_pb_use_builder":"","_et_pb_old_content":"","_et_gb_content_width":""},"product_brand":[],"product_cat":[1494],"product_tag":[1495,1496],"class_list":{"0":"post-15836","1":"product","2":"type-product","3":"status-publish","4":"has-post-thumbnail","6":"product_cat-bucket-cylinders","7":"product_tag-bucket-cylinders","8":"product_tag-hydraulic-cylinders","10":"first","11":"instock","12":"shipping-taxable","13":"product-type-simple"},"amp_enabled":true,"_links":{"self":[{"href":"https:\/\/www.hydraulic-cylinders.net\/nb\/wp-json\/wp\/v2\/product\/15836","targetHints":{"allow":["GET"]}}],"collection":[{"href":"https:\/\/www.hydraulic-cylinders.net\/nb\/wp-json\/wp\/v2\/product"}],"about":[{"href":"https:\/\/www.hydraulic-cylinders.net\/nb\/wp-json\/wp\/v2\/types\/product"}],"replies":[{"embeddable":true,"href":"https:\/\/www.hydraulic-cylinders.net\/nb\/wp-json\/wp\/v2\/comments?post=15836"}],"wp:featuredmedia":[{"embeddable":true,"href":"https:\/\/www.hydraulic-cylinders.net\/nb\/wp-json\/wp\/v2\/media\/14761"}],"wp:attachment":[{"href":"https:\/\/www.hydraulic-cylinders.net\/nb\/wp-json\/wp\/v2\/media?parent=15836"}],"wp:term":[{"taxonomy":"product_brand","embeddable":true,"href":"https:\/\/www.hydraulic-cylinders.net\/nb\/wp-json\/wp\/v2\/product_brand?post=15836"},{"taxonomy":"product_cat","embeddable":true,"href":"https:\/\/www.hydraulic-cylinders.net\/nb\/wp-json\/wp\/v2\/product_cat?post=15836"},{"taxonomy":"product_tag","embeddable":true,"href":"https:\/\/www.hydraulic-cylinders.net\/nb\/wp-json\/wp\/v2\/product_tag?post=15836"}],"curies":[{"name":"wp","href":"https:\/\/api.w.org\/{rel}","templated":true}]}}