{"id":15837,"date":"2025-01-19T15:03:12","date_gmt":"2025-01-19T15:03:12","guid":{"rendered":"https:\/\/www.hydraulic-cylinders.net\/product\/bucket-cylinder-for-yanmar-sv100\/"},"modified":"2025-01-19T15:03:14","modified_gmt":"2025-01-19T15:03:14","slug":"bucket-cylinder-for-yanmar-sv100","status":"publish","type":"product","link":"https:\/\/www.hydraulic-cylinders.net\/nb\/produkt\/bucket-cylinder-for-yanmar-sv100\/","title":{"rendered":"B\u00f8ttesylinder for Yanmar SV100"},"content":{"rendered":"<h1>B\u00f8ttesylinder for Yanmar SV100<\/h1>\n<h2>Introduksjon<\/h2>\n<p>Skuffesylinderen til Yanmar SV100 er en spesialdesignet hydraulisk sylinder som brukes til \u00e5 kontrollere bevegelsen til skuffen i tunge maskiner som gravemaskiner, traktorgravere og frontlastere. Hovedfunksjonen er \u00e5 muliggj\u00f8re l\u00f8fting, senking og tilting av skuffen, noe som gj\u00f8r det enklere \u00e5 h\u00e5ndtere ulike materialh\u00e5ndteringsoppgaver. I det hydrauliske systemet oppn\u00e5r skuffesylinderen presis kontroll over skuffen gjennom endringer i hydraulikkoljetrykket, slik at operat\u00f8rer effektivt kan h\u00e5ndtere tunge laster og tilpasse seg komplekse arbeidsmilj\u00f8er og ulike jobbkrav.<\/p>\n<p><img decoding=\"async\" src=\"https:\/\/www.hydraulic-cylinders.net\/wp-content\/uploads\/2025\/01\/songte-company-2.webp\" alt=\"Produktbilde\"><\/p>\n<h2>Funksjoner<\/h2>\n<ul>\n<li>H\u00f8y styrke og holdbarhet: Vanligvis laget av h\u00f8yfast st\u00e5l eller aluminium, t\u00e5ler den h\u00f8yt trykk og tunge belastninger, og tilpasser seg t\u00f8ffe arbeidsmilj\u00f8er. Designet tar hensyn til slitestyrke og korrosjonsmotstand for \u00e5 forlenge levetiden.<\/li>\n<li>Effektiv hydraulisk drift: Ved \u00e5 bruke hydraulisk oljetrykk oppn\u00e5r den jevne forlengelses- og inntrekksbevegelser, reagerer raskt p\u00e5 kontrollkommandoer, gir kraftige skyve- og trekkkrefter og er egnet for h\u00e5ndtering av tunge belastninger og komplekse arbeidsoppgaver.<\/li>\n<li>Ulike typer: Tilgjengelig som enkeltvirkende (hydraulisk kun i \u00e9n retning) eller dobbeltvirkende (hydraulisk i begge retninger) sylindere for \u00e5 m\u00f8te ulike driftsbehov. Noen modeller er teleskopiske, noe som gir st\u00f8rre forlengelse uten \u00e5 \u00f8ke de ytre m\u00e5lene, egnet for bruksomr\u00e5der med begrenset plass.<\/li>\n<li>Perfekt erstatning: Produktene v\u00e5re er utviklet for \u00e5 erstatte disse hydrauliske sylindrene perfekt.<\/li>\n<\/ul>\n<p><img decoding=\"async\" src=\"https:\/\/www.hydraulic-cylinders.net\/wp-content\/uploads\/2025\/01\/songte-cylinder-head-with-all-kinds-excavator-models.webp\" alt=\"Produktbilde\"><\/p>\n<h2>Bruksomr\u00e5der<\/h2>\n<p>Skuffesylinderen til Yanmar SV100 finner bruksomr\u00e5der i ulike bransjer og utstyr:<\/p>\n<ul>\n<li>Anleggsutstyr: Viktig for gravemaskiner, de muliggj\u00f8r graving, lasting og flytting av jord eller rusk. I gravemaskiner hjelper skuffesylindere med b\u00e5de graving og l\u00f8fting.<\/li>\n<li>Landbruksmaskiner: Brukes i frontlastere til \u00e5 utarbeide, l\u00f8fte og transportere jord, h\u00f8y og andre materialer.<\/li>\n<li>Gravemaskiner: Skuffesylindere muliggj\u00f8r graveaksjoner ved \u00e5 la skuffen trenge ned i jorden.<\/li>\n<li>Frontlastere: I frontlastere hjelper de med \u00e5 l\u00f8fte og dumpe varer effektivt.<\/li>\n<\/ul>\n<h2>Designhensyn og utvalgskriterier<\/h2>\n<p>N\u00e5r det gjelder designhensyn, tas det hensyn til flere viktige faktorer:<\/p>\n<ul>\n<li>B\u00e6reevne: Sylinderen m\u00e5 kunne t\u00e5le den tiltenkte belastningen og trykket.<\/li>\n<li>Tetting: Ulike tetningskomponenter som stempeltetninger og stangtetninger brukes, laget av slitesterke materialer som polyuretan og nitrilgummi.<\/li>\n<li>Holdbarhet: Sylinderen er konstruert for \u00e5 v\u00e6re motstandsdyktig mot slitasje, med sylinderhuset og de gjengede endeflatene finbehandlet for \u00e5 forbedre slitestyrken.<\/li>\n<li>Sikkerhet: Sikkerhetsfunksjoner er innlemmet i designet for \u00e5 sikre sikker drift.<\/li>\n<li>Vedlikeholdbarhet: Det tas hensyn til enklere vedlikehold og reparasjon av sylinderen.<\/li>\n<\/ul>\n<p><img decoding=\"async\" src=\"https:\/\/www.hydraulic-cylinders.net\/wp-content\/uploads\/2025\/01\/songte-oil-pipes-and-spare-parts.webp\" alt=\"Produktbilde\"><\/p>\n<h2>Tetting og sm\u00f8ring<\/h2>\n<p>Skuffesylinderen benytter forskjellige tetningskomponenter, som stempeltetninger og stangtetninger, som er laget av slitesterke materialer som polyuretan og nitrilgummi. Sylinderhuset og gjengede endeflater er fint behandlet for \u00e5 forbedre slitestyrken. Regelmessig sm\u00f8ring med riktig mengde hydraulikkolje er n\u00f8dvendig for \u00e5 sikre problemfri drift.<\/p>\n<h2>Regelmessig inspeksjon og forebyggende vedlikehold<\/h2>\n<p>For \u00e5 sikre optimal ytelse og levetid er det viktig \u00e5 utf\u00f8re regelmessige inspeksjoner og implementere forebyggende vedlikeholdstiltak. Noen viktige punkter inkluderer:<\/p>\n<ul>\n<li>Regelmessig inspeksjon av sylinderen for tegn p\u00e5 slitasje eller skade.<\/li>\n<li>Riktig sm\u00f8ring av alle bevegelige deler.<\/li>\n<li>Regelmessig utskifting av pakninger for \u00e5 opprettholde tetningseffektiviteten.<\/li>\n<li>Kalibreringskontroller for \u00e5 sikre n\u00f8yaktig drift.<\/li>\n<\/ul>\n<p><img decoding=\"async\" src=\"https:\/\/www.hydraulic-cylinders.net\/wp-content\/uploads\/2025\/01\/songte-chushion-collar.webp\" alt=\"Produktbilde\"><\/p>\n<h2>Sikkerhetshensyn og milj\u00f8faktorer<\/h2>\n<p>N\u00e5r du bruker b\u00f8ttesylinderen, er det av st\u00f8rste betydning \u00e5 f\u00f8lge sikkerhetstiltak for \u00e5 forhindre ulykker og sikre f\u00f8rerens velv\u00e6re. Det er viktig \u00e5 f\u00f8lge alle sikkerhetsretningslinjer og protokoller som er spesifikke for utstyret og milj\u00f8et.<\/p>\n<h2>Feils\u00f8king og vanlige problemer<\/h2>\n<p>Ved feil eller problemer er det viktig \u00e5 diagnostisere og h\u00e5ndtere dem raskt. Noen vanlige feils\u00f8kingstips og l\u00f8sninger inkluderer:<\/p>\n<ul>\n<li>Riktig justering av sylinderen under installasjon.<\/li>\n<li>Regelmessige kontroller og justeringer av hydraulisk trykk og str\u00f8mning.<\/li>\n<li>Forebyggende tiltak for \u00e5 minimere potensielle problemer.<\/li>\n<\/ul>\n<p><img decoding=\"async\" src=\"https:\/\/www.hydraulic-cylinders.net\/wp-content\/uploads\/2025\/01\/songte-bushings-with-all-kinds-of-excavator-models.webp\" alt=\"Produktbilde\"><\/p>\n<h2>Konklusjon<\/h2>\n<p>V\u00e5rt selskap er en ledende produsent og grossistdistribut\u00f8r av hydrauliske sylindere i det innenlandske og internasjonale markedet. Med fokus p\u00e5 overlegen kvalitet og bruk av avanserte produksjonsanlegg, streber vi etter \u00e5 m\u00f8te ulike kundebehov. V\u00e5r forpliktelse til kvalitet, teknisk ekspertise, internasjonale sertifiseringer, tilpassede tjenester, toppmoderne produksjonsutstyr og dedikert ettersalgsst\u00f8tte skiller oss fra andre i bransjen.<\/p>\n<p><img decoding=\"async\" src=\"https:\/\/www.hydraulic-cylinders.net\/wp-content\/uploads\/2025\/01\/songte-company-3.webp\" alt=\"Selskapets image\"><\/p>\n<p>Forfatter: lyl<\/p>","protected":false},"excerpt":{"rendered":"<p>Bucket Cylinder For Yanmar SV100 Introduction The bucket cylinder for Yanmar SV100 is a specially designed hydraulic cylinder used to control the movement of the bucket in heavy machinery such as excavators, backhoe loaders, and front-end loaders. Its main function is to enable the lifting, lowering, and tilting of the bucket, making it easier to [&hellip;]<\/p>","protected":false},"featured_media":14789,"comment_status":"open","ping_status":"closed","template":"","meta":{"_et_pb_use_builder":"","_et_pb_old_content":"","_et_gb_content_width":""},"product_brand":[],"product_cat":[1494],"product_tag":[1495,1496],"class_list":{"0":"post-15837","1":"product","2":"type-product","3":"status-publish","4":"has-post-thumbnail","6":"product_cat-bucket-cylinders","7":"product_tag-bucket-cylinders","8":"product_tag-hydraulic-cylinders","10":"first","11":"instock","12":"shipping-taxable","13":"product-type-simple"},"amp_enabled":true,"_links":{"self":[{"href":"https:\/\/www.hydraulic-cylinders.net\/nb\/wp-json\/wp\/v2\/product\/15837","targetHints":{"allow":["GET"]}}],"collection":[{"href":"https:\/\/www.hydraulic-cylinders.net\/nb\/wp-json\/wp\/v2\/product"}],"about":[{"href":"https:\/\/www.hydraulic-cylinders.net\/nb\/wp-json\/wp\/v2\/types\/product"}],"replies":[{"embeddable":true,"href":"https:\/\/www.hydraulic-cylinders.net\/nb\/wp-json\/wp\/v2\/comments?post=15837"}],"wp:featuredmedia":[{"embeddable":true,"href":"https:\/\/www.hydraulic-cylinders.net\/nb\/wp-json\/wp\/v2\/media\/14789"}],"wp:attachment":[{"href":"https:\/\/www.hydraulic-cylinders.net\/nb\/wp-json\/wp\/v2\/media?parent=15837"}],"wp:term":[{"taxonomy":"product_brand","embeddable":true,"href":"https:\/\/www.hydraulic-cylinders.net\/nb\/wp-json\/wp\/v2\/product_brand?post=15837"},{"taxonomy":"product_cat","embeddable":true,"href":"https:\/\/www.hydraulic-cylinders.net\/nb\/wp-json\/wp\/v2\/product_cat?post=15837"},{"taxonomy":"product_tag","embeddable":true,"href":"https:\/\/www.hydraulic-cylinders.net\/nb\/wp-json\/wp\/v2\/product_tag?post=15837"}],"curies":[{"name":"wp","href":"https:\/\/api.w.org\/{rel}","templated":true}]}}