{"id":15838,"date":"2025-01-19T15:03:16","date_gmt":"2025-01-19T15:03:16","guid":{"rendered":"https:\/\/www.hydraulic-cylinders.net\/product\/bucket-cylinder-for-yanmar-vi35-5b\/"},"modified":"2025-01-19T15:03:18","modified_gmt":"2025-01-19T15:03:18","slug":"bucket-cylinder-for-yanmar-vi35-5b","status":"publish","type":"product","link":"https:\/\/www.hydraulic-cylinders.net\/nb\/produkt\/bucket-cylinder-for-yanmar-vi35-5b\/","title":{"rendered":"Skuffesylinder for Yanmar VI35-5B"},"content":{"rendered":"<h1>Skuffesylinder for Yanmar VI35-5B<\/h1>\n<h2>Introduksjon<\/h2>\n<p>En skuffesylinder er en spesialdesignet hydraulisk sylinder som prim\u00e6rt brukes til \u00e5 kontrollere bevegelsen til skuffer i tunge maskiner som gravemaskiner, traktorgravere og frontlastere. Hovedfunksjonen er \u00e5 gj\u00f8re det mulig for skuffen \u00e5 l\u00f8fte, senke og vippe, noe som gj\u00f8r det enklere \u00e5 utf\u00f8re ulike materialh\u00e5ndteringsoppgaver. I det hydrauliske systemet oppn\u00e5r skuffesylinderen presis kontroll over skuffen ved hjelp av trykkendringer i hydraulikkoljen, slik at operat\u00f8rer effektivt kan h\u00e5ndtere tunge gjenstander, tilpasse seg komplekse arbeidsmilj\u00f8er og ulike driftsbehov.<\/p>\n<p><img decoding=\"async\" src=\"https:\/\/www.hydraulic-cylinders.net\/wp-content\/uploads\/2025\/01\/songte-company-2.webp\"><\/p>\n<h2>Funksjoner<\/h2>\n<ul>\n<li>\n<h3>H\u00f8y styrke og holdbarhet<\/h3>\n<p>Skuffesylindere er vanligvis laget av h\u00f8yfast st\u00e5l eller aluminium, i stand til \u00e5 t\u00e5le h\u00f8yt trykk og tunge belastninger, og designet med hensyn til slitasje- og korrosjonsbestandighet, noe som forlenger levetiden.<\/p>\n<\/li>\n<li>\n<h3>Effektiv hydraulisk drift<\/h3>\n<p>Skuffesylindere bruker trykket fra hydraulikkoljen for \u00e5 oppn\u00e5 jevn forlengelse og tilbaketrekking, noe som gir rask respons p\u00e5 kontrollkommandoer, gir kraftige skyve- og trekkekrefter, og er egnet for h\u00e5ndtering av tunge gjenstander og komplekse oppgaver.<\/p>\n<\/li>\n<li>\n<h3>Ulike typer<\/h3>\n<p>Skuffesylindere kan velges som enkeltvirkende (med hydraulikk i kun \u00e9n retning) eller dobbeltvirkende (med hydraulikk i begge retninger) basert p\u00e5 driftsbehov. Noen modeller er teleskopiske, noe som gir st\u00f8rre forlengelse uten \u00e5 \u00f8ke ytre m\u00e5l, noe som gj\u00f8r dem egnet for bruksomr\u00e5der med begrenset plass.<\/p>\n<\/li>\n<li>\n<h3>Utskiftbar<\/h3>\n<p>V\u00e5rt firma kan produsere og erstatte dette produktet. Produktene v\u00e5re kan erstatte disse hydrauliske sylindrene p\u00e5 en perfekt m\u00e5te.<\/p>\n<p>    <img decoding=\"async\" src=\"https:\/\/www.hydraulic-cylinders.net\/wp-content\/uploads\/2025\/01\/songte-cylinder-head-with-all-kinds-excavator-models.webp\">\n  <\/li>\n<li>\n<h3>Bredt spekter av bruksomr\u00e5der<\/h3>\n<p>B\u00f8ttesylindere er viktige for ulike typer utstyr, inkludert, men ikke begrenset til:<\/p>\n<ul>\n<li><strong>Gravemaskiner:<\/strong> Skuffesylindere muliggj\u00f8r gravefunksjon ved \u00e5 la skuffen trenge ned i jorden.<\/li>\n<li><strong>Frontlastere:<\/strong> De hjelper til med \u00e5 l\u00f8fte og vippe last effektivt.<\/li>\n<li><strong>Gravemaskiner:<\/strong> Skuffesylindere hjelper til med b\u00e5de graving og l\u00f8fting.<\/li>\n<li><strong>Landbruksmaskiner:<\/strong> Frontlastere og skuffesylindere hjelper til med oppsamling, l\u00f8fting og transport av jord, h\u00f8y og annet materiale.<\/li>\n<\/ul>\n<\/li>\n<\/ul>\n<h2>Designhensyn og utvalgskriterier<\/h2>\n<p>Ved utforming av b\u00f8ttesylindere inkluderer viktige hensyn:<\/p>\n<ul>\n<li>\n<h3>B\u00e6reevne<\/h3>\n<p>Sylinderen m\u00e5 kunne t\u00e5le vekten av lasten og eventuelle tilleggskrefter som p\u00e5f\u00f8res den. Sylinderens dimensjoner og materialer m\u00e5 velges for \u00e5 samsvare med lastkravene.<\/p>\n<\/li>\n<li>\n<h3>Tetting<\/h3>\n<p>Sylinderens ytelse og levetid avhenger av kvaliteten p\u00e5 pakningene, som m\u00e5 v\u00e6re laget av slitesterke materialer som polyuretan eller nitrilgummi. Sylinderens hus og gjengede endeflater m\u00e5 ogs\u00e5 finbehandles for \u00e5 forbedre slitestyrken. Regelmessig sm\u00f8ring med hydraulikkolje er n\u00f8dvendig for at sylinderen skal fungere problemfritt.<\/p>\n<p>    <img decoding=\"async\" src=\"https:\/\/www.hydraulic-cylinders.net\/wp-content\/uploads\/2025\/01\/songte-oil-pipes-and-spare-parts.webp\">\n  <\/li>\n<li>\n<h3>Holdbarhet og sikkerhet<\/h3>\n<p>Sylinderen m\u00e5 kunne t\u00e5le t\u00f8ffe forhold og fortsette \u00e5 fungere trygt. Materialer og design b\u00f8r prioritere holdbarhet, og sikkerhetsfunksjoner som trykkavlastningsventiler b\u00f8r innlemmes for \u00e5 forhindre skader og redusere risikoen for ulykker.<\/p>\n<\/li>\n<li>\n<h3>Vedlikehold og reparasjon<\/h3>\n<p>Sylinderen b\u00f8r v\u00e6re konstruert for enkel vedlikehold og reparasjon, med deler som er lett tilgjengelige og utskiftbare. Den b\u00f8r ogs\u00e5 v\u00e6re konstruert med tanke p\u00e5 periodisk inspeksjon og forebyggende vedlikehold for \u00e5 forlenge levetiden.<\/p>\n<p>    <img decoding=\"async\" src=\"https:\/\/www.hydraulic-cylinders.net\/wp-content\/uploads\/2025\/01\/songte-chushion-collar.webp\">\n  <\/li>\n<\/ul>\n<h2>Installasjon og vedlikehold<\/h2>\n<p>Riktig installasjon, sm\u00f8ring og justering av b\u00f8ttesylindere er avgj\u00f8rende for \u00e5 sikre at de fungerer som de skal og har lang levetid. Vanlige vedlikeholdsoppgaver inkluderer:<\/p>\n<ul>\n<li>\n<h3>Regelmessig inspeksjon<\/h3>\n<p>Det er n\u00f8dvendig \u00e5 inspisere sylinderen regelmessig for slitasje og skader for \u00e5 forhindre potensielle problemer.<\/p>\n<\/li>\n<li>\n<h3>Sm\u00f8ring<\/h3>\n<p>Riktig sm\u00f8ring er viktig for \u00e5 forhindre slitasje og korrosjon og forlenge sylinderens levetid.<\/p>\n<\/li>\n<li>\n<h3>Utskifting av pakninger og kalibreringskontroller<\/h3>\n<p>\u00c5 bytte ut slitte pakninger og kalibrere sylinderen med jevne mellomrom vil sikre problemfri drift og lang levetid.<\/p>\n<\/li>\n<\/ul>\n<p>Det er viktig \u00e5 gi riktige justeringsinstruksjoner for sylinderen under installasjon, foresl\u00e5 bruk av passende monteringsbraketter for \u00e5 feste sylinderen, og anbefale inspeksjons-, reparasjons- og utskiftingsprosedyrer for \u00e5 forlenge sylinderens levetid. <\/p>\n<p><img decoding=\"async\" src=\"https:\/\/hzpt.com\/wp-content\/uploads\/2024\/11\/songte-company-1.webp\"><\/p>\n<h2>Sikkerhetshensyn og milj\u00f8faktorer<\/h2>\n<p>N\u00e5r man bruker b\u00f8ttesylindere, er det viktig \u00e5 f\u00f8lge sikkerhetsprosedyrer og retningslinjer for \u00e5 forhindre ulykker og skader. Bruk av passende personlig verneutstyr, som hansker og vernebriller, b\u00f8r ogs\u00e5 oppfordres.<\/p>\n<h2>Feils\u00f8king og vanlige problemer<\/h2>\n<p>Problemer med b\u00f8ttesylindere kan omfatte lekkasjer, feil bruk og skader. Feils\u00f8king og probleml\u00f8sning krever kunnskap om hydrauliske systemer og de mekaniske komponentene som er involvert i sylinderens drift. Riktig diagnose og effektiv probleml\u00f8sning vil resultere i en b\u00f8ttesylinder med bedre ytelse.<\/p>\n<p>Forebyggende tiltak som regelmessige inspeksjoner og sm\u00f8ring kan minimere risikoen for potensielle problemer.<\/p>\n<p><img decoding=\"async\" src=\"https:\/\/www.hydraulic-cylinders.net\/wp-content\/uploads\/2025\/01\/songte-bushings-with-all-kinds-of-excavator-models.webp\"><\/p>\n<h2>Om selskapet v\u00e5rt<\/h2>\n<p>Vi er en produsent av hydrauliske sylindere med et bredt produktspekter og en etablert tilstedev\u00e6relse i b\u00e5de innenlandske og internasjonale markeder. Vi er forpliktet til \u00e5 levere produkter av ypperste kvalitet, basert p\u00e5 den industrielle produksjonsstyringsstrategien til fine produksjonsverksteder, og ved \u00e5 bruke teknologiske talenter, digitalt high-end produksjonsutstyr og profesjonelle testsystemer for kontinuerlig \u00e5 forbedre verkstedets produksjonsplattform, forbedre produksjonskvaliteten og ha sterk kreativ evne. Produktene v\u00e5re er designet med h\u00f8y effektivitet, n\u00f8yaktighet og kvalitet, og tilfredsstiller ulike kundebehov.<\/p>\n<ul>\n<li>\n<h3>Profesjonalitet<\/h3>\n<p>Teamet v\u00e5rt best\u00e5r av erfarne fagfolk med ekspertise innen design og produksjon av hydrauliske sylindere.<\/p>\n<\/li>\n<li>\n<h3>Internasjonal sertifisering<\/h3>\n<p>Produktene v\u00e5re er sertifisert i henhold til internasjonale standarder som ISO og CE.<\/p>\n<\/li>\n<li>\n<h3>Tilpasningstjenester<\/h3>\n<p>Vi tilbyr tilpasningstjenester for \u00e5 m\u00f8te spesifikke kundebehov og krav.<\/p>\n<\/li>\n<li>\n<h3>Produksjonsutstyr<\/h3>\n<p>Vi bruker toppmoderne digitalt, avansert produksjonsutstyr for \u00e5 sikre kvaliteten p\u00e5 produktene v\u00e5re.<\/p>\n<\/li>\n<li>\n<h3>Ettersalgsservice<\/h3>\n<p>Vi tilbyr omfattende ettersalgsservice, inkludert reparasjon og utskiftingstjenester.<\/p>\n<\/li>\n<\/ul>\n<p><img decoding=\"async\" src=\"https:\/\/www.hydraulic-cylinders.net\/wp-content\/uploads\/2025\/01\/songte-company-3.webp\"><\/p>\n<p>Forfatter: lyl<\/p>","protected":false},"excerpt":{"rendered":"<p>Bucket Cylinder For Yanmar VI35-5B Introduction A bucket cylinder is a specially designed hydraulic cylinder primarily used to control the movement of buckets in heavy machinery such as excavators, backhoe loaders, and front-end loaders. Its main function is to enable the bucket to lift, lower, and tilt, making it easier to carry out various material [&hellip;]<\/p>","protected":false},"featured_media":14788,"comment_status":"open","ping_status":"closed","template":"","meta":{"_et_pb_use_builder":"","_et_pb_old_content":"","_et_gb_content_width":""},"product_brand":[],"product_cat":[1494],"product_tag":[1495,1496],"class_list":{"0":"post-15838","1":"product","2":"type-product","3":"status-publish","4":"has-post-thumbnail","6":"product_cat-bucket-cylinders","7":"product_tag-bucket-cylinders","8":"product_tag-hydraulic-cylinders","10":"first","11":"instock","12":"shipping-taxable","13":"product-type-simple"},"amp_enabled":true,"_links":{"self":[{"href":"https:\/\/www.hydraulic-cylinders.net\/nb\/wp-json\/wp\/v2\/product\/15838","targetHints":{"allow":["GET"]}}],"collection":[{"href":"https:\/\/www.hydraulic-cylinders.net\/nb\/wp-json\/wp\/v2\/product"}],"about":[{"href":"https:\/\/www.hydraulic-cylinders.net\/nb\/wp-json\/wp\/v2\/types\/product"}],"replies":[{"embeddable":true,"href":"https:\/\/www.hydraulic-cylinders.net\/nb\/wp-json\/wp\/v2\/comments?post=15838"}],"wp:featuredmedia":[{"embeddable":true,"href":"https:\/\/www.hydraulic-cylinders.net\/nb\/wp-json\/wp\/v2\/media\/14788"}],"wp:attachment":[{"href":"https:\/\/www.hydraulic-cylinders.net\/nb\/wp-json\/wp\/v2\/media?parent=15838"}],"wp:term":[{"taxonomy":"product_brand","embeddable":true,"href":"https:\/\/www.hydraulic-cylinders.net\/nb\/wp-json\/wp\/v2\/product_brand?post=15838"},{"taxonomy":"product_cat","embeddable":true,"href":"https:\/\/www.hydraulic-cylinders.net\/nb\/wp-json\/wp\/v2\/product_cat?post=15838"},{"taxonomy":"product_tag","embeddable":true,"href":"https:\/\/www.hydraulic-cylinders.net\/nb\/wp-json\/wp\/v2\/product_tag?post=15838"}],"curies":[{"name":"wp","href":"https:\/\/api.w.org\/{rel}","templated":true}]}}