{"id":15842,"date":"2025-01-19T15:03:48","date_gmt":"2025-01-19T15:03:48","guid":{"rendered":"https:\/\/www.hydraulic-cylinders.net\/product\/bucket-cylinder-for-yishan-ys70\/"},"modified":"2025-01-19T15:03:50","modified_gmt":"2025-01-19T15:03:50","slug":"bucket-cylinder-for-yishan-ys70","status":"publish","type":"product","link":"https:\/\/www.hydraulic-cylinders.net\/nb\/produkt\/bucket-cylinder-for-yishan-ys70\/","title":{"rendered":"B\u00f8ttesylinder for Yishan YS70"},"content":{"rendered":"<p><!DOCTYPE html><br \/>\n<html><br \/>\n<head><br \/>\n<title>B\u00f8ttesylinder for Yishan YS70<\/title><br \/>\n<\/head><br \/>\n<body><\/p>\n<h1>B\u00f8ttesylinder for Yishan YS70<\/h1>\n<h2>Introduksjon<\/h2>\n<p>Skuffesylinderen er en spesialdesignet hydraulisk sylinder som brukes til \u00e5 kontrollere bevegelsen til skuffen i tunge maskiner som gravemaskiner, traktorgravere og frontlastere. Hovedfunksjonen er \u00e5 muliggj\u00f8re l\u00f8fting, senking og tilting av skuffen, noe som gj\u00f8r det enklere for ulike materialh\u00e5ndteringsoppgaver. I det hydrauliske systemet oppn\u00e5r skuffesylinderen presis kontroll over skuffen gjennom endringer i hydraulikkoljetrykket, slik at operat\u00f8rer effektivt kan h\u00e5ndtere tunge laster og tilpasse seg komplekse arbeidsmilj\u00f8er og ulike jobbkrav.<\/p>\n<p><img decoding=\"async\" src=\"https:\/\/www.hydraulic-cylinders.net\/wp-content\/uploads\/2025\/01\/songte-company-2.webp\" alt=\"Bilde av b\u00f8ttesylinder\"><\/p>\n<h2>Funksjoner<\/h2>\n<ul>\n<li>H\u00f8y styrke og holdbarhet: B\u00f8ttesylinderen er vanligvis laget av h\u00f8yfast st\u00e5l eller aluminium, og t\u00e5ler h\u00f8yt trykk og tunge belastninger, og tilpasser seg t\u00f8ffe arbeidsmilj\u00f8er. Designet tar hensyn til slitestyrke og korrosjonsmotstand for \u00e5 forlenge levetiden.<\/li>\n<li>Effektiv hydraulisk drift: Ved \u00e5 utnytte trykket fra hydraulikkoljen, muliggj\u00f8r skuffesylinderen jevn forlengelse og inntrekking, noe som gir kraftige skyve- og trekkekrefter, egnet for h\u00e5ndtering av tunge belastninger og komplekse arbeidsoppgaver.<\/li>\n<li>Ulike typer: Skuffesylinderen kan velges som enkeltvirkende (hydraulisk trykk brukes kun i \u00e9n retning) eller dobbeltvirkende (hydraulisk trykk brukes i begge retninger) sylindere i henhold til kravene. Noen modeller er teleskopiske, noe som gir st\u00f8rre forlengelse uten \u00e5 \u00f8ke de ytre m\u00e5lene, egnet for applikasjoner med begrenset plass.<\/li>\n<li>Perfekt erstatning: Produktene v\u00e5re kan erstatte disse hydrauliske sylindrene perfekt.<\/li>\n<\/ul>\n<p><img decoding=\"async\" src=\"https:\/\/www.hydraulic-cylinders.net\/wp-content\/uploads\/2025\/01\/songte-cylinder-head-with-all-kinds-excavator-models.webp\" alt=\"Produktbilde\"><\/p>\n<h2>Bruksomr\u00e5der<\/h2>\n<p>B\u00f8ttesylindere er mye brukt i ulike utstyr og industrier, inkludert:<\/p>\n<ul>\n<li>Anleggsutstyr: Finnes i gravemaskiner, og er viktige for utgraving, lasting og flytting av jord eller rusk. I gravemaskinlastere hjelper skuffesylinderen b\u00e5de med graving og l\u00f8fting.<\/li>\n<li>Landbruksmaskiner: Brukes i frontlastere til \u00e5 utarbeide, l\u00f8fte og transportere jord, h\u00f8y og andre materialer.<\/li>\n<li>Gravemaskiner: Skuffesylinderen muliggj\u00f8r graveaksjoner ved \u00e5 la skuffen trenge ned i jorden.<\/li>\n<li>Lastere: I frontlastere hjelper de med \u00e5 l\u00f8fte og dumpe last effektivt.<\/li>\n<\/ul>\n<h2>Designhensyn og utvalgskriterier<\/h2>\n<p>N\u00e5r det gjelder designhensyn og utvalgskriterier for b\u00f8ttesylindere, m\u00e5 flere viktige faktorer tas i betraktning:<\/p>\n<ul>\n<li>B\u00e6reevne<\/li>\n<li>Tetningsytelse<\/li>\n<li>Varighet<\/li>\n<li>Sikkerhet<\/li>\n<li>Vedlikeholdbarhet<\/li>\n<\/ul>\n<p><img decoding=\"async\" src=\"https:\/\/www.hydraulic-cylinders.net\/wp-content\/uploads\/2025\/01\/songte-oil-pipes-and-spare-parts.webp\" alt=\"Designbilde\"><\/p>\n<h2>Tetting og sm\u00f8ring<\/h2>\n<p>Skuffesylinderen benytter forskjellige tetningselementer som stempeltetninger og stangtetninger, som er laget av slitesterke materialer som polyuretan og nitrilgummi. Sylinderhuset og gjengede ender er fint behandlet for \u00e5 forbedre slitestyrken. Regelmessig sm\u00f8ring med riktig mengde hydraulisk olje er n\u00f8dvendig for \u00e5 sikre problemfri drift.<\/p>\n<h2>Regelmessig inspeksjon og forebyggende vedlikehold<\/h2>\n<p>For \u00e5 sikre optimal ytelse og levetid for b\u00f8ttesylinderen, b\u00f8r regelmessig inspeksjon og forebyggende vedlikeholdstiltak iverksettes:<\/p>\n<ul>\n<li>Inspeksjon for lekkasjer<\/li>\n<li>Riktig sm\u00f8ring<\/li>\n<li>Utskifting av pakning<\/li>\n<li>Kalibreringskontroller<\/li>\n<\/ul>\n<h2>Riktig installasjonsveiledning<\/h2>\n<p>Proper installation is crucial for the bucket cylinder&#8217;s performance. It is recommended to align the cylinder correctly during the installation process and use appropriate mounting brackets to secure the cylinder.<\/p>\n<p><img decoding=\"async\" src=\"https:\/\/www.hydraulic-cylinders.net\/wp-content\/uploads\/2025\/01\/songte-chushion-collar.webp\" alt=\"Installasjonsbilde\"><\/p>\n<h2>Vedlikeholdsoppgaver<\/h2>\n<p>Vanlige vedlikeholdsoppgaver for b\u00f8ttesylindere inkluderer regelmessige inspeksjoner, riktig sm\u00f8ring, utskifting av pakninger og kalibreringskontroller. Det er viktig \u00e5 understreke betydningen av riktig installasjon, sm\u00f8ring og justering. Gi riktig justeringsveiledning under installasjon, foresl\u00e5 bruk av passende installasjonsbraketter for \u00e5 feste sylinderen, anbefale inspeksjons-, reparasjons- og utskiftingsprosedyrer, og tilby utskifting av deler og ombyggingstjenester for \u00e5 forlenge levetiden til b\u00f8ttesylinderen.<\/p>\n<p><img decoding=\"async\" src=\"https:\/\/www.hydraulic-cylinders.net\/wp-content\/uploads\/2025\/01\/songte-bushings-with-all-kinds-of-excavator-models.webp\" alt=\"Vedlikeholdsbilde\"><\/p>\n<h2>Sikkerhetshensyn og milj\u00f8faktorer<\/h2>\n<p>Emphasizing safety measures when using bucket cylinders is essential, considering the keywords&#8217; potential hazards. It is crucial to address safety precautions to minimize risks and protect the environment.<\/p>\n<h2>Feils\u00f8king og vanlige problemer<\/h2>\n<p>For feils\u00f8king og vanlige problemer knyttet til b\u00f8ttesylindere er det viktig \u00e5 gi tips og l\u00f8sninger som hjelper leserne med \u00e5 diagnostisere og l\u00f8se problemer effektivt. Forholdsregler b\u00f8r ogs\u00e5 foresl\u00e5s for \u00e5 minimere potensielle problemer.<\/p>\n<p><img decoding=\"async\" src=\"https:\/\/hzpt.com\/wp-content\/uploads\/2024\/11\/songte-company-1.webp\" alt=\"Feils\u00f8kingsbilde\"><\/p>\n<h2>Om selskapet v\u00e5rt<\/h2>\n<p>Vi er en produsent av hydrauliske sylindere for utskifting, og tilbyr et bredt spekter av produkter. Vi har blitt en av de ledende produsentene og grossistdistribut\u00f8rene av hydrauliske sylindere i det innenlandske og internasjonale markedet. V\u00e5rt selskap f\u00f8lger en strategi for industrialisert produksjonsstyring, og er avhengig av utmerket kvalitet, sofistikerte produksjonsverksteder, teknisk talent, digitalt, avansert produksjonsutstyr og profesjonelle testsystemer. Vi forbedrer kontinuerlig produksjonsplattformen v\u00e5r i verkstedet, perfeksjonerer produksjonsruten for produktkvalitet og har sterke kreative evner. Med prinsippene om h\u00f8y effektivitet, h\u00f8y presisjon og h\u00f8y kvalitet m\u00f8ter vi kundenes ulike behov.<\/p>\n<p><img decoding=\"async\" src=\"https:\/\/www.hydraulic-cylinders.net\/wp-content\/uploads\/2025\/01\/songte-company-3.webp\" alt=\"Selskapets image\"><\/p>\n<p>V\u00e5rt firma er kjent for:<\/p>\n<ul>\n<li>Profesjonalitet<\/li>\n<li>Internasjonale sertifiseringer<\/li>\n<li>Tilpasningstjenester<\/li>\n<li>Produksjonsutstyr<\/li>\n<li>Ettersalgsservice<\/li>\n<\/ul>\n<p>Forfatter: lyl<\/p>\n<p><\/body><br \/>\n<\/html><\/p>","protected":false},"excerpt":{"rendered":"<p>Bucket Cylinder For Yishan YS70 Bucket Cylinder For Yishan YS70 Introduction The bucket cylinder is a specially designed hydraulic cylinder used to control the movement of the bucket in heavy machinery such as excavators, backhoe loaders, and front-end loaders. Its main function is to enable the lifting, lowering, and tilting of the bucket, making it [&hellip;]<\/p>","protected":false},"featured_media":14782,"comment_status":"open","ping_status":"closed","template":"","meta":{"_et_pb_use_builder":"","_et_pb_old_content":"","_et_gb_content_width":""},"product_brand":[],"product_cat":[1494],"product_tag":[1495,1496],"class_list":{"0":"post-15842","1":"product","2":"type-product","3":"status-publish","4":"has-post-thumbnail","6":"product_cat-bucket-cylinders","7":"product_tag-bucket-cylinders","8":"product_tag-hydraulic-cylinders","10":"first","11":"instock","12":"shipping-taxable","13":"product-type-simple"},"amp_enabled":true,"_links":{"self":[{"href":"https:\/\/www.hydraulic-cylinders.net\/nb\/wp-json\/wp\/v2\/product\/15842","targetHints":{"allow":["GET"]}}],"collection":[{"href":"https:\/\/www.hydraulic-cylinders.net\/nb\/wp-json\/wp\/v2\/product"}],"about":[{"href":"https:\/\/www.hydraulic-cylinders.net\/nb\/wp-json\/wp\/v2\/types\/product"}],"replies":[{"embeddable":true,"href":"https:\/\/www.hydraulic-cylinders.net\/nb\/wp-json\/wp\/v2\/comments?post=15842"}],"wp:featuredmedia":[{"embeddable":true,"href":"https:\/\/www.hydraulic-cylinders.net\/nb\/wp-json\/wp\/v2\/media\/14782"}],"wp:attachment":[{"href":"https:\/\/www.hydraulic-cylinders.net\/nb\/wp-json\/wp\/v2\/media?parent=15842"}],"wp:term":[{"taxonomy":"product_brand","embeddable":true,"href":"https:\/\/www.hydraulic-cylinders.net\/nb\/wp-json\/wp\/v2\/product_brand?post=15842"},{"taxonomy":"product_cat","embeddable":true,"href":"https:\/\/www.hydraulic-cylinders.net\/nb\/wp-json\/wp\/v2\/product_cat?post=15842"},{"taxonomy":"product_tag","embeddable":true,"href":"https:\/\/www.hydraulic-cylinders.net\/nb\/wp-json\/wp\/v2\/product_tag?post=15842"}],"curies":[{"name":"wp","href":"https:\/\/api.w.org\/{rel}","templated":true}]}}