{"id":15843,"date":"2025-01-19T15:03:53","date_gmt":"2025-01-19T15:03:53","guid":{"rendered":"https:\/\/www.hydraulic-cylinders.net\/product\/bucket-cylinder-for-yishan-ys220\/"},"modified":"2025-01-19T15:03:59","modified_gmt":"2025-01-19T15:03:59","slug":"bucket-cylinder-for-yishan-ys220","status":"publish","type":"product","link":"https:\/\/www.hydraulic-cylinders.net\/nb\/produkt\/bucket-cylinder-for-yishan-ys220\/","title":{"rendered":"B\u00f8ttesylinder for Yishan YS220"},"content":{"rendered":"<h1>B\u00f8ttesylinder for Yishan YS220<\/h1>\n<h2>Introduksjon<\/h2>\n<p>Skuffesylinderen for Yishan YS220 er en spesialisert hydraulisk sylinder designet for \u00e5 kontrollere bevegelsen til skuffer i tunge maskiner som gravemaskiner, traktorgravere og frontlastere. Hovedfunksjonen er \u00e5 gj\u00f8re det mulig for skuffen \u00e5 l\u00f8fte, senke og vippe, noe som gj\u00f8r det enklere \u00e5 utf\u00f8re ulike materialh\u00e5ndteringsoppgaver. I hydrauliske systemer bruker skuffesylinderen trykkendringen i hydraulikkoljen for \u00e5 oppn\u00e5 presis kontroll over skuffen, slik at operat\u00f8rer effektivt kan h\u00e5ndtere tunge laster, tilpasse seg komplekse arbeidsmilj\u00f8er og ulike driftskrav.<\/p>\n<p><img decoding=\"async\" src=\"https:\/\/www.hydraulic-cylinders.net\/wp-content\/uploads\/2025\/01\/songte-company-2.webp\" alt=\"B\u00f8ttesylinder for Yishan YS220\"><\/p>\n<h2>Funksjoner<\/h2>\n<ul>\n<li>H\u00f8y styrke og holdbarhet: Vanligvis laget av h\u00f8yfast st\u00e5l eller aluminium, t\u00e5ler den h\u00f8yt trykk og tunge belastninger, og tilpasser seg t\u00f8ffe arbeidsmilj\u00f8er. Designet tar hensyn til slitestyrke og korrosjonsmotstand, noe som forlenger levetiden.<\/li>\n<li>Effektiv hydraulisk drift: Jevn forlengelse og sammentrekning oppn\u00e5s ved \u00e5 bruke hydraulisk oljetrykk, noe som muliggj\u00f8r rask respons p\u00e5 kontrollkommandoer og gir kraftige skyve- og trekkekrefter, egnet for h\u00e5ndtering av tunge gjenstander og komplekse arbeidsoppgaver.<\/li>\n<li>Ulike typer: Enkeltvirkende (hydraulisk kun brukt i \u00e9n retning) eller dobbeltvirkende (hydraulisk brukt i begge retninger) sylindere kan velges i henhold til driftskrav. Noen modeller er teleskopiske, noe som gir st\u00f8rre forlengelse uten \u00e5 \u00f8ke de ytre m\u00e5lene, egnet for applikasjoner med begrenset plass.<\/li>\n<li>Perfekt erstatning: Produktene v\u00e5re kan erstatte disse hydrauliske sylindrene perfekt.<\/li>\n<\/ul>\n<p><img decoding=\"async\" src=\"https:\/\/www.hydraulic-cylinders.net\/wp-content\/uploads\/2025\/01\/songte-cylinder-head-with-all-kinds-excavator-models.webp\" alt=\"B\u00f8ttesylinder for Yishan YS220\"><\/p>\n<h2>Bruksomr\u00e5der<\/h2>\n<h3>Anleggsutstyr:<\/h3>\n<p>I gravemaskiner er de viktige for graving, lasting og flytting av jord eller rusk. I gravemaskinlastere hjelper skuffesylindre b\u00e5de med graving og l\u00f8fting. I frontlastere hjelper de med \u00e5 l\u00f8fte og vippe last effektivt.<\/p>\n<h3>Landbruksmaskiner:<\/h3>\n<p>Brukes i frontlastere for utgraving, l\u00f8fting og transport av jord, h\u00f8y og andre materialer. I gravemaskiner muliggj\u00f8r skuffesylinderen graving ved \u00e5 la skuffen trenge ned i jorden.<\/p>\n<h2>Designhensyn og utvalgskriterier<\/h2>\n<ul>\n<li>B\u00e6reevne: Den hydrauliske sylinderen m\u00e5 ha tilstrekkelig b\u00e6reevne til \u00e5 oppfylle kravene til applikasjonen.<\/li>\n<li>Tetningsytelse: Ulike tetningskomponenter brukes, som stempeltetninger og stangtetninger, laget av slitesterke materialer som polyuretan og nitrilgummi, for \u00e5 forbedre tetningsytelsen.<\/li>\n<li>Holdbarhet: Sylinderhuset og den gjengede endeflaten er presist bearbeidet for \u00e5 forbedre slitestyrken. Regelmessig sm\u00f8ring er n\u00f8dvendig for \u00e5 forhindre slitasje og sikre normal drift.<\/li>\n<li>Sikkerhet: Det b\u00f8r tas n\u00f8dvendige sikkerhetstiltak under installasjon og drift for \u00e5 sikre sikker bruk.<\/li>\n<li>Vedlikehold: Regelmessig inspeksjon og vedlikehold er n\u00f8dvendig for \u00e5 oppdage og forhindre potensielle problemer. Utskifting av reservedeler og ombyggingstjenester er ogs\u00e5 tilgjengelige.<\/li>\n<\/ul>\n<p><img decoding=\"async\" src=\"https:\/\/www.hydraulic-cylinders.net\/wp-content\/uploads\/2025\/01\/songte-oil-pipes-and-spare-parts.webp\" alt=\"B\u00f8ttesylinder for Yishan YS220\"><\/p>\n<h2>Tetting og sm\u00f8ring<\/h2>\n<p>Ulike tetningskomponenter brukes, som stempeltetninger og stangtetninger, laget av slitesterke materialer som polyuretan og nitrilgummi, for \u00e5 forbedre tetningsytelsen. Sylinderhuset og den gjengede endeflaten er presist bearbeidet for \u00e5 forbedre slitestyrken. Regelmessig sm\u00f8ring er n\u00f8dvendig for \u00e5 forhindre slitasje og sikre normal drift.<\/p>\n<h2>Vedlikehold og reparasjon<\/h2>\n<p>Regelmessig inspeksjon og vedlikehold er n\u00f8dvendig for \u00e5 oppdage og forhindre potensielle problemer. Vanlige vedlikeholdsoppgaver inkluderer regelmessige kontroller, passende sm\u00f8ring og utskifting av tetninger. Riktig installasjon, sm\u00f8ring og justering er avgj\u00f8rende for \u00e5 sikre produktets levetid. Det anbefales \u00e5 bruke passende monteringsbraketter for \u00e5 sikre sylinderen. Vi tilbyr anbefalte inspeksjons-, reparasjons- og utskiftingsprosedyrer, reservedeler og ombyggingstjenester for \u00e5 forbedre produktets levetid.<\/p>\n<p><img decoding=\"async\" src=\"https:\/\/www.hydraulic-cylinders.net\/wp-content\/uploads\/2025\/01\/songte-chushion-collar.webp\" alt=\"B\u00f8ttesylinder for Yishan YS220\"><\/p>\n<h2>Sikkerhets- og milj\u00f8hensyn<\/h2>\n<p>Riktig bruk av sikkerhetstiltak er avgj\u00f8rende ved bruk av hydrauliske sylindere. Man m\u00e5 v\u00e6re forsiktig for \u00e5 unng\u00e5 lekkasjer av hydraulisk v\u00e6ske, som kan skade milj\u00f8et og sette personell i fare.<\/p>\n<h2>Feildiagnose og feils\u00f8king<\/h2>\n<p>Noen vanlige problemer med hydrauliske sylindere inkluderer tetningssvikt, lekkasjer og manglende evne til \u00e5 forlenge eller trekke seg inn. Disse kan l\u00f8ses ved \u00e5 identifisere \u00e5rsaken og bytte ut de skadede delene. Forebyggende tiltak som regelmessig vedlikehold og inspeksjoner kan bidra til \u00e5 forhindre problemer f\u00f8r de oppst\u00e5r.<\/p>\n<p><img decoding=\"async\" src=\"https:\/\/www.hydraulic-cylinders.net\/wp-content\/uploads\/2025\/01\/songte-bushings-with-all-kinds-of-excavator-models.webp\" alt=\"B\u00f8ttesylinder for Yishan YS220\"><\/p>\n<h2>Om oss<\/h2>\n<p>Vi er en produsent av hydrauliske sylindere som produserer et komplett produktsortiment og har blitt en av de ledende produsentene og grossistdistribut\u00f8rene av hydrauliske sylindere i innenlandske og internasjonale markeder. Vi f\u00f8lger prinsippet om utmerket kvalitet og stoler p\u00e5 bransjens produksjonsstrategi i v\u00e5rt sofistikerte produksjonsverksted. Med v\u00e5r bruk av teknologiske talenter, digitalt high-end produksjonsutstyr og profesjonelle testsystemer forbedrer vi kontinuerlig v\u00e5r produksjonsplattform, forfiner produksjonslinjer av produktkvalitet og har sterke kreative evner. Vi m\u00f8ter kundenes ulike behov med prinsipper for h\u00f8y effektivitet, h\u00f8y presisjon og h\u00f8y kvalitet.<\/p>\n<ul>\n<li>Profesjonalitet: Vi har et team av fagfolk som har kunnskap om hydrauliske sylindere og deres bruksomr\u00e5der.<\/li>\n<li>Internasjonal sertifisering: Produktene v\u00e5re har internasjonale sertifiseringer som CE og ISO9001.<\/li>\n<li>Tilpasningstjenester: Vi tilbyr tilpassede tjenester for \u00e5 m\u00f8te kundenes spesifikke behov.<\/li>\n<li>Produksjonsutstyr: Vi bruker sofistikert produksjonsutstyr, som presisjons-CNC-maskiner og sveiseroboter, for \u00e5 sikre produkter av h\u00f8y kvalitet.<\/li>\n<li>Ettersalgsservice: Vi tilbyr ettersalgsservice til kundene v\u00e5re, inkludert teknisk st\u00f8tte, utskifting av reservedeler og ombyggingstjenester.<\/li>\n<\/ul>\n<p><img decoding=\"async\" src=\"https:\/\/hzpt.com\/wp-content\/uploads\/2024\/11\/songte-company-1.webp\" alt=\"B\u00f8ttesylinder for Yishan YS220\"><\/p>\n<p>Forfatter: lyl<\/p>","protected":false},"excerpt":{"rendered":"<p>Bucket Cylinder For Yishan YS220 Introduction The Bucket Cylinder for Yishan YS220 is a specialized hydraulic cylinder designed to control the movement of buckets in heavy machinery such as excavators, backhoe loaders, and front loaders. Its primary function is to enable the bucket to lift, lower, and tilt, making it easier to carry out various [&hellip;]<\/p>","protected":false},"featured_media":14780,"comment_status":"open","ping_status":"closed","template":"","meta":{"_et_pb_use_builder":"","_et_pb_old_content":"","_et_gb_content_width":""},"product_brand":[],"product_cat":[1494],"product_tag":[1495,1496],"class_list":{"0":"post-15843","1":"product","2":"type-product","3":"status-publish","4":"has-post-thumbnail","6":"product_cat-bucket-cylinders","7":"product_tag-bucket-cylinders","8":"product_tag-hydraulic-cylinders","10":"first","11":"instock","12":"shipping-taxable","13":"product-type-simple"},"amp_enabled":true,"_links":{"self":[{"href":"https:\/\/www.hydraulic-cylinders.net\/nb\/wp-json\/wp\/v2\/product\/15843","targetHints":{"allow":["GET"]}}],"collection":[{"href":"https:\/\/www.hydraulic-cylinders.net\/nb\/wp-json\/wp\/v2\/product"}],"about":[{"href":"https:\/\/www.hydraulic-cylinders.net\/nb\/wp-json\/wp\/v2\/types\/product"}],"replies":[{"embeddable":true,"href":"https:\/\/www.hydraulic-cylinders.net\/nb\/wp-json\/wp\/v2\/comments?post=15843"}],"wp:featuredmedia":[{"embeddable":true,"href":"https:\/\/www.hydraulic-cylinders.net\/nb\/wp-json\/wp\/v2\/media\/14780"}],"wp:attachment":[{"href":"https:\/\/www.hydraulic-cylinders.net\/nb\/wp-json\/wp\/v2\/media?parent=15843"}],"wp:term":[{"taxonomy":"product_brand","embeddable":true,"href":"https:\/\/www.hydraulic-cylinders.net\/nb\/wp-json\/wp\/v2\/product_brand?post=15843"},{"taxonomy":"product_cat","embeddable":true,"href":"https:\/\/www.hydraulic-cylinders.net\/nb\/wp-json\/wp\/v2\/product_cat?post=15843"},{"taxonomy":"product_tag","embeddable":true,"href":"https:\/\/www.hydraulic-cylinders.net\/nb\/wp-json\/wp\/v2\/product_tag?post=15843"}],"curies":[{"name":"wp","href":"https:\/\/api.w.org\/{rel}","templated":true}]}}