{"id":15855,"date":"2025-01-19T15:04:49","date_gmt":"2025-01-19T15:04:49","guid":{"rendered":"https:\/\/www.hydraulic-cylinders.net\/product\/bucket-cylinder-for-yuchai-yc35-8-2\/"},"modified":"2025-01-19T15:04:51","modified_gmt":"2025-01-19T15:04:51","slug":"bucket-cylinder-for-yuchai-yc35-8-2","status":"publish","type":"product","link":"https:\/\/www.hydraulic-cylinders.net\/nb\/produkt\/bucket-cylinder-for-yuchai-yc35-8-2\/","title":{"rendered":"B\u00f8ttesylinder for Yuchai YC35-8"},"content":{"rendered":"<p><!DOCTYPE html><br \/>\n<html><br \/>\n<head><br \/>\n<title>B\u00f8ttesylinder for Yuchai YC35-8<\/title><br \/>\n<\/head><br \/>\n<body><\/p>\n<h1>B\u00f8ttesylinder for Yuchai YC35-8<\/h1>\n<h2>Introduksjon<\/h2>\n<p>Skuffesylinderen til Yuchai YC35-8 er en spesialdesignet hydraulisk sylinder som brukes til \u00e5 kontrollere bevegelsen til skuffen i tunge maskiner som gravemaskiner, traktorgravere og frontlastere. Hovedfunksjonen er \u00e5 gj\u00f8re det mulig for skuffen \u00e5 l\u00f8fte, senke og tilte, noe som forenkler ulike materialh\u00e5ndteringsoppgaver. I det hydrauliske systemet oppn\u00e5r skuffesylinderen presis kontroll over skuffen ved hjelp av trykkendringene i hydraulikkoljen, slik at operat\u00f8rer effektivt kan h\u00e5ndtere tunge laster og tilpasse seg komplekse arbeidsmilj\u00f8er og ulike jobbkrav.<\/p>\n<p><img decoding=\"async\" src=\"https:\/\/www.hydraulic-cylinders.net\/wp-content\/uploads\/2025\/01\/songte-company-2.webp\" alt=\"Bilde av b\u00f8ttesylinder\"><\/p>\n<h2>Funksjoner<\/h2>\n<ul>\n<li><strong>H\u00f8y styrke og holdbarhet:<\/strong> Den er vanligvis laget av h\u00f8yfast st\u00e5l eller aluminium, og t\u00e5ler h\u00f8yt trykk og tunge belastninger, og tilpasser seg t\u00f8ffe arbeidsmilj\u00f8er. Designet tar hensyn til slitestyrke og korrosjonsbestandighet, noe som forlenger levetiden.<\/li>\n<li><strong>Effektiv hydraulisk drift:<\/strong> Ved \u00e5 utnytte trykket fra hydraulikkoljen for \u00e5 oppn\u00e5 jevne forlengelses- og tilbaketrekksbevegelser, kan den raskt reagere p\u00e5 kontrollkommandoer, og gi kraftige skyve- og trekkkrefter for h\u00e5ndtering av tunge belastninger og komplekse oppgaver.<\/li>\n<li><strong>Ulike typer:<\/strong> Tilgjengelig med enkeltvirkende (hydraulisk trykk brukes i \u00e9n retning) eller dobbeltvirkende (hydraulisk trykk brukes i begge retninger) sylindere for \u00e5 m\u00f8te ulike driftsbehov. Noen modeller er teleskopiske, noe som gir st\u00f8rre forlengelse uten \u00e5 \u00f8ke de ytre m\u00e5lene, egnet for applikasjoner med begrenset plass.<\/li>\n<li><strong>Perfekt erstatning:<\/strong> Produktene v\u00e5re kan erstatte disse hydrauliske sylindrene p\u00e5 en perfekt m\u00e5te.<\/li>\n<\/ul>\n<p><img decoding=\"async\" src=\"https:\/\/www.hydraulic-cylinders.net\/wp-content\/uploads\/2025\/01\/songte-cylinder-head-with-all-kinds-excavator-models.webp\" alt=\"Bilde av erstatningssylinder\"><\/p>\n<h2>Bruksomr\u00e5der<\/h2>\n<p>Skuffesylinderen til Yuchai YC35-8 finner bruksomr\u00e5der i diverse utstyr:<\/p>\n<ul>\n<li><strong>Anleggsutstyr:<\/strong> De finnes i gravemaskiner og er avgj\u00f8rende for utgraving, lasting og flytting av jord eller rusk. I gravemaskiner hjelper skuffesylinderen til med b\u00e5de graving og l\u00f8fting.<\/li>\n<li><strong>Landbruksmaskiner:<\/strong> Brukes i frontlastere for \u00e5 utarbeide, l\u00f8fte og transportere jord, h\u00f8y og andre materialer.<\/li>\n<li><strong>Gravemaskiner:<\/strong> Skuffesylinderen muliggj\u00f8r utgraving ved \u00e5 la skuffen trenge ned i jorden.<\/li>\n<li><strong>Lastere:<\/strong> I frontlastere hjelper de med \u00e5 l\u00f8fte og tilte for \u00e5 effektivt dumpe last.<\/li>\n<\/ul>\n<h2>Designhensyn og utvalgskriterier<\/h2>\n<p>N\u00e5r det gjelder designhensyn og utvalgskriterier for b\u00f8ttesylinderen, b\u00f8r flere faktorer tas i betraktning:<\/p>\n<ul>\n<li><strong>B\u00e6reevne:<\/strong> Sylinderen m\u00e5 kunne t\u00e5le forventede belastninger og trykk.<\/li>\n<li><strong>Tetting:<\/strong> Riktig tetting er avgj\u00f8rende for \u00e5 forhindre lekkasje og opprettholde optimal ytelse. Ulike tetningskomponenter som stempeltetninger og stangtetninger laget av slitesterke materialer som polyuretan og nitrilgummi brukes.<\/li>\n<li><strong>Varighet:<\/strong> The cylinder&#8217;s construction should be durable to endure the demanding working conditions and ensure a long service life.<\/li>\n<li><strong>Sikkerhet:<\/strong> Sikkerhetsfunksjoner b\u00f8r innarbeides for \u00e5 forhindre ulykker og sikre operat\u00f8renes og omkringliggende personells velv\u00e6re.<\/li>\n<li><strong>Vedlikeholdbarhet:<\/strong> Enkel tilgang for vedlikehold og reparasjoner er viktig for \u00e5 minimere nedetid og holde sylinderen i optimal driftstilstand.<\/li>\n<\/ul>\n<p><img decoding=\"async\" src=\"https:\/\/www.hydraulic-cylinders.net\/wp-content\/uploads\/2025\/01\/songte-oil-pipes-and-spare-parts.webp\" alt=\"Bilde av deler av hydrauliske sylindere\"><\/p>\n<h2>Tetting og sm\u00f8ring<\/h2>\n<p>Skuffesylinderen benytter forskjellige tetningskomponenter, som stempeltetninger og stangtetninger, som er laget av slitesterke materialer som polyuretan og nitrilgummi. Sylinderhuset og gjengede endeflater er fint bearbeidet for \u00e5 forbedre slitestyrken. Regelmessig sm\u00f8ring med passende hydraulisk olje er n\u00f8dvendig for \u00e5 sikre problemfri drift.<\/p>\n<h2>Regelmessig inspeksjon og forebyggende vedlikehold<\/h2>\n<p>For \u00e5 sikre optimal ytelse og levetid for b\u00f8ttesylinderen, b\u00f8r regelmessig inspeksjon og forebyggende vedlikehold utf\u00f8res:<\/p>\n<ul>\n<li>Inspiser for tegn p\u00e5 slitasje, skade eller lekkasje.<\/li>\n<li>Sm\u00f8r alle bevegelige deler ordentlig.<\/li>\n<li>Skift ut pakninger n\u00e5r det er n\u00f8dvendig.<\/li>\n<li>Utf\u00f8r kalibreringskontroller for \u00e5 sikre n\u00f8yaktig drift.<\/li>\n<\/ul>\n<p><img decoding=\"async\" src=\"https:\/\/www.hydraulic-cylinders.net\/wp-content\/uploads\/2025\/01\/songte-chushion-collar.webp\" alt=\"Putekragebilde\"><\/p>\n<h2>Sikkerhetshensyn og milj\u00f8faktorer<\/h2>\n<p>N\u00e5r du bruker b\u00f8ttesylinderen, er det viktig \u00e5 f\u00f8lge sikkerhetstiltak for \u00e5 forhindre ulykker og sikre et trygt arbeidsmilj\u00f8. Sikkerhetsforholdsregler b\u00f8r tas med hensyn til bruk av sylinderen.<\/p>\n<h2>Feildiagnose og vanlige problemer<\/h2>\n<p>Ved feil er det viktig \u00e5 diagnostisere og utbedre dem raskt. Noen vanlige problemer som kan oppst\u00e5 med b\u00f8ttesylinderen inkluderer:<\/p>\n<ul>\n<li>Lekkasje av hydraulisk olje<\/li>\n<li>Str\u00f8mtap eller treg drift<\/li>\n<li>Unormal st\u00f8y eller vibrasjoner<\/li>\n<\/ul>\n<p><img decoding=\"async\" src=\"https:\/\/www.hydraulic-cylinders.net\/wp-content\/uploads\/2025\/01\/songte-bushings-with-all-kinds-of-excavator-models.webp\" alt=\"Bilde av foringer\"><\/p>\n<h2>Tips for feils\u00f8king og vedlikehold<\/h2>\n<p>For effektiv feils\u00f8king og probleml\u00f8sning kan f\u00f8lgende tips v\u00e6re nyttige:<\/p>\n<ul>\n<li>Gi veiledning for riktig justering av sylinderen under installasjon.<\/li>\n<li>Anbefaler bruk av egnede monteringsbraketter for \u00e5 feste sylinderen.<\/li>\n<li>Gi r\u00e5d om anbefalte inspeksjons-, reparasjons- og utskiftingsprosedyrer.<\/li>\n<li>Gi tips for \u00e5 forlenge levetiden til b\u00f8ttesylinderen.<\/li>\n<\/ul>\n<h2>V\u00e5rt selskap<\/h2>\n<p>Vi er en produsent av hydrauliske reservesylindere og en av de ledende produsentene og grossistdistribut\u00f8rene i det innenlandske og internasjonale markedet. Vi f\u00f8lger prinsippene om utmerket kvalitet og bruker strategier for industriell produksjonsstyring i v\u00e5re sofistikerte produksjonsverksteder. Med v\u00e5re tekniske talenter, avansert digitalt produksjonsutstyr og profesjonelle testsystemer forbedrer vi kontinuerlig produksjonsplattformen v\u00e5r og perfeksjonerer produksjonsruten for produktkvalitet. Vi har en sterk kreativ evne og streber etter \u00e5 m\u00f8te ulike kundebehov med h\u00f8y effektivitet, presisjon og kvalitet.<\/p>\n<p><img decoding=\"async\" src=\"https:\/\/www.hydraulic-cylinders.net\/wp-content\/uploads\/2025\/01\/songte-company-3.webp\" alt=\"Selskapets image\"><\/p>\n<p>V\u00e5rt firma er kjent for:<\/p>\n<ul>\n<li>Profesjonalitet<\/li>\n<li>Internasjonale sertifiseringer<\/li>\n<li>Tilpasningstjenester<\/li>\n<li>Avansert produksjonsutstyr<\/li>\n<li>Ettersalgstjenester<\/li>\n<\/ul>\n<p>Forfatter: lyl<\/p>\n<p><\/body><br \/>\n<\/html><\/p>","protected":false},"excerpt":{"rendered":"<p>Bucket Cylinder For Yuchai YC35-8 Bucket Cylinder For Yuchai YC35-8 Introduction The bucket cylinder for Yuchai YC35-8 is a specially designed hydraulic cylinder used to control the movement of the bucket in heavy machinery such as excavators, backhoe loaders, and front-end loaders. Its main function is to enable the bucket to lift, lower, and tilt, [&hellip;]<\/p>","protected":false},"featured_media":14785,"comment_status":"open","ping_status":"closed","template":"","meta":{"_et_pb_use_builder":"","_et_pb_old_content":"","_et_gb_content_width":""},"product_brand":[],"product_cat":[1494],"product_tag":[1495,1496],"class_list":{"0":"post-15855","1":"product","2":"type-product","3":"status-publish","4":"has-post-thumbnail","6":"product_cat-bucket-cylinders","7":"product_tag-bucket-cylinders","8":"product_tag-hydraulic-cylinders","10":"first","11":"instock","12":"shipping-taxable","13":"product-type-simple"},"amp_enabled":true,"_links":{"self":[{"href":"https:\/\/www.hydraulic-cylinders.net\/nb\/wp-json\/wp\/v2\/product\/15855","targetHints":{"allow":["GET"]}}],"collection":[{"href":"https:\/\/www.hydraulic-cylinders.net\/nb\/wp-json\/wp\/v2\/product"}],"about":[{"href":"https:\/\/www.hydraulic-cylinders.net\/nb\/wp-json\/wp\/v2\/types\/product"}],"replies":[{"embeddable":true,"href":"https:\/\/www.hydraulic-cylinders.net\/nb\/wp-json\/wp\/v2\/comments?post=15855"}],"wp:featuredmedia":[{"embeddable":true,"href":"https:\/\/www.hydraulic-cylinders.net\/nb\/wp-json\/wp\/v2\/media\/14785"}],"wp:attachment":[{"href":"https:\/\/www.hydraulic-cylinders.net\/nb\/wp-json\/wp\/v2\/media?parent=15855"}],"wp:term":[{"taxonomy":"product_brand","embeddable":true,"href":"https:\/\/www.hydraulic-cylinders.net\/nb\/wp-json\/wp\/v2\/product_brand?post=15855"},{"taxonomy":"product_cat","embeddable":true,"href":"https:\/\/www.hydraulic-cylinders.net\/nb\/wp-json\/wp\/v2\/product_cat?post=15855"},{"taxonomy":"product_tag","embeddable":true,"href":"https:\/\/www.hydraulic-cylinders.net\/nb\/wp-json\/wp\/v2\/product_tag?post=15855"}],"curies":[{"name":"wp","href":"https:\/\/api.w.org\/{rel}","templated":true}]}}