{"id":15862,"date":"2025-01-19T15:05:25","date_gmt":"2025-01-19T15:05:25","guid":{"rendered":"https:\/\/www.hydraulic-cylinders.net\/product\/bucket-cylinder-for-yuchai-yc50-8\/"},"modified":"2025-01-19T15:05:27","modified_gmt":"2025-01-19T15:05:27","slug":"bucket-cylinder-for-yuchai-yc50-8","status":"publish","type":"product","link":"https:\/\/www.hydraulic-cylinders.net\/nb\/produkt\/bucket-cylinder-for-yuchai-yc50-8\/","title":{"rendered":"B\u00f8ttesylinder for Yuchai YC50-8"},"content":{"rendered":"<h1>B\u00f8ttesylinder for Yuchai YC50-8<\/h1>\n<h2>Introduksjon<\/h2>\n<p>Skuffesylinderen til Yuchai YC50-8 er en spesialisert hydraulisk sylinder som er utviklet for \u00e5 kontrollere bevegelsen til skuffen i tunge maskiner som gravemaskiner, traktorgravere og frontlastere. Hovedfunksjonen er \u00e5 muliggj\u00f8re l\u00f8fting, senking og tilting av skuffen, noe som gj\u00f8r det enklere \u00e5 h\u00e5ndtere ulike materialh\u00e5ndteringsoppgaver. I et hydraulisk system oppn\u00e5r skuffesylinderen presis kontroll over skuffen ved \u00e5 utnytte trykkendringene i hydraulikkoljen, slik at operat\u00f8rer effektivt kan h\u00e5ndtere tunge laster og tilpasse seg komplekse arbeidsmilj\u00f8er og ulike driftskrav.<\/p>\n<p><img decoding=\"async\" src=\"https:\/\/www.hydraulic-cylinders.net\/wp-content\/uploads\/2025\/01\/songte-company-2.webp\"\/><\/p>\n<h2>Funksjoner<\/h2>\n<ul>\n<li><strong>H\u00f8y styrke og holdbarhet:<\/strong> B\u00f8ttesylinderen er vanligvis laget av h\u00f8yfast st\u00e5l eller aluminium, og t\u00e5ler h\u00f8yt trykk og tunge belastninger, og tilpasser seg t\u00f8ffe arbeidsforhold. Den er designet med tanke p\u00e5 slitestyrke og korrosjonsbestandighet, noe som forlenger levetiden.<\/li>\n<li><strong>Effektiv hydraulisk drift:<\/strong> Ved \u00e5 utnytte trykket fra hydraulikkoljen oppn\u00e5r skuffesylinderen jevne forlengelses- og inntrekksbevegelser, noe som gir rask respons p\u00e5 kontrollkommandoer og kraftige skyve- og trekkkrefter. Den er egnet for h\u00e5ndtering av tunge belastninger og komplekse driftsoppgaver.<\/li>\n<li><strong>Ulike typer:<\/strong> Skuffesylinderen kan velges som enkeltvirkende (hydraulisk trykk brukes i kun \u00e9n retning) eller dobbeltvirkende (hydraulisk trykk brukes i begge retninger) sylindere i henhold til krav, for \u00e5 im\u00f8tekomme ulike driftsbehov. Noen modeller er teleskopiske, noe som gir st\u00f8rre forlengelse uten \u00e5 \u00f8ke de ytre m\u00e5lene, noe som gj\u00f8r dem egnet for applikasjoner med begrenset plass.<\/li>\n<li><strong>Perfekt erstatning:<\/strong> Produktet v\u00e5rt kan erstatte disse hydrauliske sylindrene perfekt.<\/li>\n<\/ul>\n<p><img decoding=\"async\" src=\"https:\/\/www.hydraulic-cylinders.net\/wp-content\/uploads\/2025\/01\/songte-cylinder-head-with-all-kinds-excavator-models.webp\"\/><\/p>\n<h2>Bruksomr\u00e5der<\/h2>\n<p>B\u00f8ttesylinderen finner sin anvendelse i diverse utstyr:<\/p>\n<ul>\n<li><strong>Anleggsutstyr:<\/strong> De finnes i gravemaskiner og er avgj\u00f8rende for utgraving, lasting og flytting av jord eller rusk. I gravemaskiner hjelper skuffesylinderen til med b\u00e5de graving og l\u00f8fting.<\/li>\n<li><strong>Landbruksmaskiner:<\/strong> De brukes i frontlastere, og hjelper til med \u00e5 ut\u00f8pe, l\u00f8fte og transportere jord, h\u00f8y og andre materialer.<\/li>\n<li><strong>Gravemaskiner:<\/strong> Skuffesylinderen muliggj\u00f8r graveaksjoner ved \u00e5 la skuffen trenge ned i jorden.<\/li>\n<li><strong>Frontlastere:<\/strong> I frontlastere hjelper de med \u00e5 l\u00f8fte og tilte last effektivt.<\/li>\n<\/ul>\n<h2>Designhensyn og utvalgskriterier<\/h2>\n<p>N\u00e5r det gjelder designhensyn og utvalgskriterier, er f\u00f8lgende aspekter viktige:<\/p>\n<ul>\n<li><strong>B\u00e6reevne:<\/strong> Diskuter b\u00f8ttesylinderens evne til \u00e5 b\u00e6re tunge belastninger.<\/li>\n<li><strong>Tetting:<\/strong> Diskuter bruken av ulike tetninger, som stempeltetninger og stangtetninger, laget av slitesterke materialer som polyuretan og nitrilgummi.<\/li>\n<li><strong>Varighet:<\/strong> Diskuter den fine overflatebehandlingen av sylinderhuset og den gjengede endeflaten for \u00e5 forbedre slitestyrken.<\/li>\n<li><strong>Sikkerhet:<\/strong> Diskuter sikkerhetstiltakene knyttet til bruk av b\u00f8ttesylinderen.<\/li>\n<li><strong>Vedlikeholdbarhet:<\/strong> Diskuter hvor enkelt det er \u00e5 vedlikeholde og reparere b\u00f8ttesylinderen.<\/li>\n<\/ul>\n<p><img decoding=\"async\" src=\"https:\/\/www.hydraulic-cylinders.net\/wp-content\/uploads\/2025\/01\/songte-oil-pipes-and-spare-parts.webp\"\/><\/p>\n<h2>Tetting og sm\u00f8ring<\/h2>\n<p>Skuffesylinderen bruker forskjellige tetninger, som stempeltetninger og stangtetninger, laget av slitesterke materialer som polyuretan og nitrilgummi. Sylinderhuset og den gjengede endeflaten gjennomg\u00e5r en fin overflatebehandling for \u00e5 forbedre slitestyrken. Regelmessig sm\u00f8ring med riktig mengde hydraulikkolje er n\u00f8dvendig for \u00e5 sikre jevn drift og lang levetid.<\/p>\n<h2>Inspeksjon og forebyggende vedlikehold<\/h2>\n<p>Regelmessig inspeksjon og forebyggende vedlikehold er avgj\u00f8rende for \u00e5 sikre optimal ytelse av b\u00f8ttesylinderen. F\u00f8lgende tiltak b\u00f8r iverksettes:<\/p>\n<ul>\n<li>Inspiser sylinderen for eventuelle skader eller lekkasjer.<\/li>\n<li>S\u00f8rg for riktig sm\u00f8ring av alle bevegelige deler.<\/li>\n<li>Skift pakninger regelmessig for \u00e5 forhindre lekkasje.<\/li>\n<li>Utf\u00f8r kalibreringskontroller for \u00e5 opprettholde n\u00f8yaktig drift.<\/li>\n<\/ul>\n<p><img decoding=\"async\" src=\"https:\/\/www.hydraulic-cylinders.net\/wp-content\/uploads\/2025\/01\/songte-chushion-collar.webp\"\/><\/p>\n<h2>Sikkerhetshensyn og milj\u00f8faktorer<\/h2>\n<p>Det er av st\u00f8rste betydning \u00e5 s\u00f8rge for sikkerhetstiltak ved bruk av b\u00f8ttesylinderen. Vurder milj\u00f8faktorene n\u00e5r du velger og bruker sylinderen for \u00e5 minimere eventuell negativ p\u00e5virkning.<\/p>\n<h2>Feildiagnose og vanlige problemer<\/h2>\n<p>N\u00e5r du st\u00f8ter p\u00e5 feil eller vanlige problemer med b\u00f8ttesylinderen, kan f\u00f8lgende tips og l\u00f8sninger bidra til \u00e5 diagnostisere og l\u00f8se problemer effektivt. I tillegg kan du iverksette forebyggende tiltak for \u00e5 minimere potensielle problemer.<\/p>\n<p><img decoding=\"async\" src=\"https:\/\/www.hydraulic-cylinders.net\/wp-content\/uploads\/2025\/01\/songte-bushings-with-all-kinds-of-excavator-models.webp\"\/><\/p>\n<h2>Vedlikeholdsoppgaver<\/h2>\n<p>Fremhev tre vanlige vedlikeholdsoppgaver: regelmessig inspeksjon, riktig sm\u00f8ring og utskifting av tetninger, samt viktigheten av riktig installasjon, sm\u00f8ring og justering. Gi veiledning for riktig justering av sylinderen under installasjon og anbefal bruk av passende monteringsbraketter for \u00e5 feste sylinderen. Anbefal inspeksjons-, reparasjons- og utskiftingsprosedyrer, tilby tjenester for utskifting av deler og ombygging, og gi tips for \u00e5 forlenge levetiden til b\u00f8ttesylinderen.<\/p>\n<h2>V\u00e5rt selskap<\/h2>\n<p>Vi er en produsent som spesialiserer seg p\u00e5 hydrauliske sylindere for utskifting. V\u00e5rt firma tilbyr et bredt spekter av produkter og har blitt en av de ledende produsentene og grossistdistribut\u00f8rene av hydrauliske sylindere i b\u00e5de innenlandske og internasjonale markeder. Vi f\u00f8lger prinsippene om fortreffelighet og stoler p\u00e5 industrialiserte produksjonsstyringsstrategier i v\u00e5rt raffinerte produksjonsverksted. Med fokus p\u00e5 teknologisk talent, avansert digitalt produksjonsutstyr og profesjonelle testsystemer, forbedrer vi kontinuerlig v\u00e5r produksjonsplattform og produktkvalitetsproduksjonsruter, og sikrer h\u00f8y effektivitet, presisjon og kvalitet for \u00e5 m\u00f8te ulike kundekrav.<\/p>\n<p><img decoding=\"async\" src=\"https:\/\/hzpt.com\/wp-content\/uploads\/2024\/11\/songte-company-1.webp\"\/><\/p>\n<h2>Om selskapet v\u00e5rt<\/h2>\n<p>V\u00e5rt selskap skiller seg ut i bransjen av f\u00f8lgende grunner:<\/p>\n<ul>\n<li>Profesjonalitet<\/li>\n<li>Internasjonale sertifiseringer<\/li>\n<li>Tilpasningstjenester<\/li>\n<li>Produksjonsutstyr<\/li>\n<li>Ettersalgstjenester<\/li>\n<\/ul>\n<p><img decoding=\"async\" src=\"https:\/\/www.hydraulic-cylinders.net\/wp-content\/uploads\/2025\/01\/songte-company-3.webp\"\/><\/p>\n<p>Forfatter: lyl<\/p>","protected":false},"excerpt":{"rendered":"<p>Bucket Cylinder For Yuchai YC50-8 Introduction The bucket cylinder for Yuchai YC50-8 is a specialized hydraulic cylinder designed to control the movement of the bucket in heavy machinery such as excavators, backhoe loaders, and front loaders. Its main function is to enable the lifting, lowering, and tilting of the bucket, making it easier to handle [&hellip;]<\/p>","protected":false},"featured_media":14771,"comment_status":"open","ping_status":"closed","template":"","meta":{"_et_pb_use_builder":"","_et_pb_old_content":"","_et_gb_content_width":""},"product_brand":[],"product_cat":[1494],"product_tag":[1495,1496],"class_list":{"0":"post-15862","1":"product","2":"type-product","3":"status-publish","4":"has-post-thumbnail","6":"product_cat-bucket-cylinders","7":"product_tag-bucket-cylinders","8":"product_tag-hydraulic-cylinders","10":"first","11":"instock","12":"shipping-taxable","13":"product-type-simple"},"amp_enabled":true,"_links":{"self":[{"href":"https:\/\/www.hydraulic-cylinders.net\/nb\/wp-json\/wp\/v2\/product\/15862","targetHints":{"allow":["GET"]}}],"collection":[{"href":"https:\/\/www.hydraulic-cylinders.net\/nb\/wp-json\/wp\/v2\/product"}],"about":[{"href":"https:\/\/www.hydraulic-cylinders.net\/nb\/wp-json\/wp\/v2\/types\/product"}],"replies":[{"embeddable":true,"href":"https:\/\/www.hydraulic-cylinders.net\/nb\/wp-json\/wp\/v2\/comments?post=15862"}],"wp:featuredmedia":[{"embeddable":true,"href":"https:\/\/www.hydraulic-cylinders.net\/nb\/wp-json\/wp\/v2\/media\/14771"}],"wp:attachment":[{"href":"https:\/\/www.hydraulic-cylinders.net\/nb\/wp-json\/wp\/v2\/media?parent=15862"}],"wp:term":[{"taxonomy":"product_brand","embeddable":true,"href":"https:\/\/www.hydraulic-cylinders.net\/nb\/wp-json\/wp\/v2\/product_brand?post=15862"},{"taxonomy":"product_cat","embeddable":true,"href":"https:\/\/www.hydraulic-cylinders.net\/nb\/wp-json\/wp\/v2\/product_cat?post=15862"},{"taxonomy":"product_tag","embeddable":true,"href":"https:\/\/www.hydraulic-cylinders.net\/nb\/wp-json\/wp\/v2\/product_tag?post=15862"}],"curies":[{"name":"wp","href":"https:\/\/api.w.org\/{rel}","templated":true}]}}