{"id":15863,"date":"2025-01-19T15:05:29","date_gmt":"2025-01-19T15:05:29","guid":{"rendered":"https:\/\/www.hydraulic-cylinders.net\/product\/bucket-cylinder-for-yuchai-yc60-8\/"},"modified":"2025-01-19T15:05:31","modified_gmt":"2025-01-19T15:05:31","slug":"bucket-cylinder-for-yuchai-yc60-8","status":"publish","type":"product","link":"https:\/\/www.hydraulic-cylinders.net\/nb\/produkt\/bucket-cylinder-for-yuchai-yc60-8\/","title":{"rendered":"B\u00f8ttesylinder for Yuchai YC60-8"},"content":{"rendered":"<h2>B\u00f8ttesylinder for Yuchai YC60-8<\/h2>\n<p>Introduksjon:<\/p>\n<p>Skuffesylinderen til Yuchai YC60-8 er en spesialdesignet hydraulisk sylinder som brukes til \u00e5 kontrollere bevegelsen til skuffen i tunge maskiner som gravemaskiner, traktorgravere og frontlastere. Hovedfunksjonen er \u00e5 muliggj\u00f8re l\u00f8fting, senking og tilting av skuffen, noe som forenkler ulike materialh\u00e5ndteringsoppgaver. I det hydrauliske systemet kontrollerer skuffesylinderen presist skuffens bevegelse ved \u00e5 endre trykket i hydraulikkoljen, slik at operat\u00f8rer effektivt kan h\u00e5ndtere tunge laster og tilpasse seg komplekse arbeidsmilj\u00f8er og ulike jobbkrav.<\/p>\n<p><img decoding=\"async\" src=\"https:\/\/www.hydraulic-cylinders.net\/wp-content\/uploads\/2025\/01\/songte-company-2.webp\" alt=\"Bilde av b\u00f8ttesylinder\"><\/p>\n<h2>Funksjoner:<\/h2>\n<ul>\n<li>H\u00f8y styrke og holdbarhet: B\u00f8ttesylinderen er vanligvis laget av h\u00f8yfast st\u00e5l eller aluminium, og t\u00e5ler h\u00f8yt trykk og tunge belastninger, og tilpasser seg t\u00f8ffe arbeidsmilj\u00f8er. Designet tar hensyn til slitestyrke og korrosjonsbestandighet, noe som forlenger levetiden.<\/li>\n<li>Effektiv hydraulisk drift: Ved \u00e5 utnytte trykket fra den hydrauliske oljen, oppn\u00e5r skuffesylinderen jevne forlengelses- og inntrekksbevegelser, reagerer raskt p\u00e5 kontrollkommandoer og gir kraftige skyve- og trekkkrefter som er egnet for h\u00e5ndtering av tunge belastninger og komplekse oppgaver.<\/li>\n<li>Ulike typer: Skuffesylinderen kan velges som enkeltvirkende (hydraulisk kun i \u00e9n retning) eller dobbeltvirkende (hydraulisk i begge retninger) avhengig av driftskravene. Noen modeller er teleskopiske, noe som gir st\u00f8rre forlengelse uten \u00e5 \u00f8ke de ytre m\u00e5lene, noe som gj\u00f8r dem egnet for plassbegrensede applikasjoner.<\/li>\n<li>Perfekt erstatning: Produktet v\u00e5rt kan erstatte andre hydrauliske sylindere perfekt og gi tilsvarende ytelse.<\/li>\n<\/ul>\n<p><img decoding=\"async\" src=\"https:\/\/www.hydraulic-cylinders.net\/wp-content\/uploads\/2025\/01\/songte-cylinder-head-with-all-kinds-excavator-models.webp\" alt=\"Produktutskiftningsbilde\"><\/p>\n<h2>Bruksomr\u00e5der:<\/h2>\n<p>Skuffesylinderen er mye brukt i ulike bruksomr\u00e5der, inkludert:<\/p>\n<ol>\n<li>Anleggsutstyr: De finnes i gravemaskiner og er avgj\u00f8rende for utgraving, lasting og flytting av jord eller rusk. I gravemaskiner hjelper skuffesylinderen med b\u00e5de graving og l\u00f8fting.<\/li>\n<li>Landbruksmaskiner: Brukes i frontlastere, og de hjelper til med \u00e5 utarbeide, l\u00f8fte og transportere jord, h\u00f8y og andre materialer.<\/li>\n<li>Gravemaskiner: Skuffesylinderen muliggj\u00f8r utgraving ved \u00e5 la skuffen trenge ned i jorden.<\/li>\n<li>Lastere: I frontlastere hjelper de med \u00e5 l\u00f8fte og dumpe last effektivt.<\/li>\n<\/ol>\n<h2>Designhensyn og utvalgskriterier:<\/h2>\n<p>N\u00e5r det gjelder designhensyn, spiller flere faktorer en avgj\u00f8rende rolle, for eksempel:<\/p>\n<ul>\n<li>B\u00e6reevne: Skuffesylinderens evne til \u00e5 motst\u00e5 tunge belastninger og trykk.<\/li>\n<li>Tetting: Bruk av forskjellige tetninger, som stempeltetninger og stangtetninger, laget av slitesterke materialer som polyuretan og nitrilgummi.<\/li>\n<li>Holdbarhet: Sylinderhuset og gjengede ender gjennomg\u00e5r finbehandling for \u00e5 forbedre slitestyrken.<\/li>\n<li>Sikkerhet: Sikre sylinderens trygge drift og forhindre ulykker.<\/li>\n<li>Vedlikeholdsvennlighet: Enkel tilgang for vedlikehold og reparasjon.<\/li>\n<\/ul>\n<p><img decoding=\"async\" src=\"https:\/\/www.hydraulic-cylinders.net\/wp-content\/uploads\/2025\/01\/songte-oil-pipes-and-spare-parts.webp\" alt=\"Produktdesignbilde\"><\/p>\n<h2>Tetting og sm\u00f8ring:<\/h2>\n<p>Skuffesylinderen benytter forskjellige tetninger, som stempeltetninger og stangtetninger, laget av slitesterke materialer som polyuretan og nitrilgummi. Sylinderhuset og gjengede ender er fint behandlet for \u00e5 forbedre slitestyrken. Regelmessig sm\u00f8ring med passende hydraulisk olje er n\u00f8dvendig for \u00e5 sikre problemfri drift.<\/p>\n<h2>Inspeksjon og forebyggende vedlikehold:<\/h2>\n<p>Regelmessige inspeksjoner og forebyggende vedlikeholdstiltak er avgj\u00f8rende for optimal ytelse. Her er anbefalte oppgaver:<\/p>\n<ul>\n<li>Regelmessige kontroller<\/li>\n<li>Riktig sm\u00f8ring<\/li>\n<li>Utskifting av pakning<\/li>\n<li>Kalibreringskontroller<\/li>\n<\/ul>\n<p><img decoding=\"async\" src=\"https:\/\/www.hydraulic-cylinders.net\/wp-content\/uploads\/2025\/01\/songte-chushion-collar.webp\" alt=\"Vedlikeholdsbilde\"><\/p>\n<h2>Sikkerhetshensyn og milj\u00f8faktorer:<\/h2>\n<p>Det er av st\u00f8rste betydning \u00e5 ivareta sikkerhetstiltak ved bruk av b\u00f8ttesylindere. Milj\u00f8faktorer b\u00f8r ogs\u00e5 vurderes for \u00e5 minimere potensiell negativ p\u00e5virkning.<\/p>\n<h2>Feils\u00f8king og vanlige problemer:<\/h2>\n<p>Riktig feils\u00f8king og rettidige l\u00f8sninger er avgj\u00f8rende for \u00e5 l\u00f8se vanlige problemer. Her er noen tips og l\u00f8sninger for effektiv diagnose og probleml\u00f8sning:<\/p>\n<h2>Oversikt over selskapet:<\/h2>\n<p>Vi er en ledende produsent og grossistdistribut\u00f8r av hydrauliske sylindere for utskifting i b\u00e5de innenlandske og internasjonale markeder. V\u00e5rt omfattende produktsortiment og v\u00e5r forpliktelse til kvalitet har etablert oss som en av bransjelederne. Vi overholder strenge kvalitetsstandarder og benytter avanserte produksjonsprosesser, inkludert bruk av dyktige teknikere, toppmoderne utstyr og profesjonelle testsystemer. Med fokus p\u00e5 effektivitet, presisjon og overlegen kvalitet, im\u00f8tekommer vi ulike kundebehov.<\/p>\n<p><img decoding=\"async\" src=\"https:\/\/www.hydraulic-cylinders.net\/wp-content\/uploads\/2025\/01\/songte-company-3.webp\" alt=\"Selskapets image\"><\/p>\n<p>V\u00e5rt firma er kjent for:<\/p>\n<ul>\n<li>Ekspertise og profesjonalitet<\/li>\n<li>Internasjonale sertifiseringer<\/li>\n<li>Tilpasningstjenester<\/li>\n<li>Avansert produksjonsutstyr<\/li>\n<li>Responsiv ettersalgsservice<\/li>\n<\/ul>\n<p>Forfatter: lyl<\/p>\n<p><img decoding=\"async\" src=\"https:\/\/hzpt.com\/wp-content\/uploads\/2024\/11\/songte-company-1.webp\" alt=\"Selskapets image\"><\/p>","protected":false},"excerpt":{"rendered":"<p>Bucket Cylinder For Yuchai YC60-8 Introduction: The bucket cylinder for Yuchai YC60-8 is a specially designed hydraulic cylinder used to control the movement of the bucket in heavy machinery such as excavators, backhoe loaders, and front-end loaders. Its main function is to enable the lifting, lowering, and tilting of the bucket, facilitating various material handling [&hellip;]<\/p>","protected":false},"featured_media":14769,"comment_status":"open","ping_status":"closed","template":"","meta":{"_et_pb_use_builder":"","_et_pb_old_content":"","_et_gb_content_width":""},"product_brand":[],"product_cat":[1494],"product_tag":[1495,1496],"class_list":{"0":"post-15863","1":"product","2":"type-product","3":"status-publish","4":"has-post-thumbnail","6":"product_cat-bucket-cylinders","7":"product_tag-bucket-cylinders","8":"product_tag-hydraulic-cylinders","10":"first","11":"instock","12":"shipping-taxable","13":"product-type-simple"},"amp_enabled":true,"_links":{"self":[{"href":"https:\/\/www.hydraulic-cylinders.net\/nb\/wp-json\/wp\/v2\/product\/15863","targetHints":{"allow":["GET"]}}],"collection":[{"href":"https:\/\/www.hydraulic-cylinders.net\/nb\/wp-json\/wp\/v2\/product"}],"about":[{"href":"https:\/\/www.hydraulic-cylinders.net\/nb\/wp-json\/wp\/v2\/types\/product"}],"replies":[{"embeddable":true,"href":"https:\/\/www.hydraulic-cylinders.net\/nb\/wp-json\/wp\/v2\/comments?post=15863"}],"wp:featuredmedia":[{"embeddable":true,"href":"https:\/\/www.hydraulic-cylinders.net\/nb\/wp-json\/wp\/v2\/media\/14769"}],"wp:attachment":[{"href":"https:\/\/www.hydraulic-cylinders.net\/nb\/wp-json\/wp\/v2\/media?parent=15863"}],"wp:term":[{"taxonomy":"product_brand","embeddable":true,"href":"https:\/\/www.hydraulic-cylinders.net\/nb\/wp-json\/wp\/v2\/product_brand?post=15863"},{"taxonomy":"product_cat","embeddable":true,"href":"https:\/\/www.hydraulic-cylinders.net\/nb\/wp-json\/wp\/v2\/product_cat?post=15863"},{"taxonomy":"product_tag","embeddable":true,"href":"https:\/\/www.hydraulic-cylinders.net\/nb\/wp-json\/wp\/v2\/product_tag?post=15863"}],"curies":[{"name":"wp","href":"https:\/\/api.w.org\/{rel}","templated":true}]}}