{"id":15865,"date":"2025-01-19T15:05:37","date_gmt":"2025-01-19T15:05:37","guid":{"rendered":"https:\/\/www.hydraulic-cylinders.net\/product\/bucket-cylinder-for-yuchai-yc230lc-8\/"},"modified":"2025-01-19T15:05:39","modified_gmt":"2025-01-19T15:05:39","slug":"bucket-cylinder-for-yuchai-yc230lc-8","status":"publish","type":"product","link":"https:\/\/www.hydraulic-cylinders.net\/nb\/produkt\/bucket-cylinder-for-yuchai-yc230lc-8\/","title":{"rendered":"B\u00f8ttesylinder for Yuchai YC230LC-8"},"content":{"rendered":"<h1>B\u00f8ttesylinder for Yuchai YC230LC-8<\/h1>\n<h2>Introduksjon<\/h2>\n<p>En skuffesylinder er en hydraulisk sylinder som er spesielt utviklet for \u00e5 kontrollere bevegelsen til skuffen i tunge maskiner, som gravemaskiner, traktorgravere og frontlastere. Hovedfunksjonen er \u00e5 la skuffen l\u00f8fte, senke og vippe, noe som gj\u00f8r det enklere \u00e5 h\u00e5ndtere ulike materialh\u00e5ndteringsoppgaver. I hydrauliske systemer oppn\u00e5r skuffesylinderen presis kontroll over skuffen gjennom endringer i hydraulikkoljetrykket, slik at operat\u00f8rer kan h\u00e5ndtere tunge laster effektivt, tilpasse seg komplekse arbeidsmilj\u00f8er og ulike driftsbehov.<\/p>\n<p><img decoding=\"async\" src=\"https:\/\/www.hydraulic-cylinders.net\/wp-content\/uploads\/2025\/01\/songte-company-2.webp\" alt=\"B\u00f8ttesylinder\"><\/p>\n<h2>Funksjoner<\/h2>\n<ul>\n<li>\n<h3>H\u00f8y styrke og holdbarhet<\/h3>\n<p>B\u00f8ttesylindere er vanligvis laget av h\u00f8yfast st\u00e5l eller aluminium, som t\u00e5ler h\u00f8yt trykk og tunge belastninger, tilpasser seg t\u00f8ffe arbeidsmilj\u00f8er, og er designet med slitestyrke og korrosjonsbestandighet i tankene, noe som forlenger levetiden.<\/p>\n<\/li>\n<li>\n<h3>Effektiv hydraulisk drift<\/h3>\n<p>Skuffesylinderen bruker hydraulisk oljetrykk for \u00e5 oppn\u00e5 jevne forlengelses- og sammentrekningsbevegelser, noe som gir rask respons p\u00e5 kontrollkommandoer, kraftig skyve- og trekkekraft og er egnet for h\u00e5ndtering av tunge laster og komplekse driftsoppgaver.<\/p>\n<\/li>\n<li>\n<h3>Ulike typer<\/h3>\n<p>Skuffesylindere kan v\u00e6re enkeltvirkende (ved bruk av hydraulikk kun i \u00e9n retning) eller dobbeltvirkende (ved bruk av hydraulikk i begge retninger) avhengig av driftsbehov. Noen modeller er teleskopiske, noe som gir st\u00f8rre utvidelse uten \u00e5 \u00f8ke de ytre dimensjonene, noe som gj\u00f8r dem egnet for bruksomr\u00e5der med begrenset plass.<\/p>\n<\/li>\n<li>\n<h3>Perfekt erstatningsalternativ<\/h3>\n<p>Produktene v\u00e5re kan erstatte disse hydrauliske sylindrene perfekt, og vi kan produsere dette produktet.<\/p>\n<\/li>\n<p><img decoding=\"async\" src=\"https:\/\/www.hydraulic-cylinders.net\/wp-content\/uploads\/2025\/01\/songte-cylinder-head-with-all-kinds-excavator-models.webp\" alt=\"Utskifting av b\u00f8ttesylinder\"><\/p>\n<\/ul>\n<h2>Bruksomr\u00e5der<\/h2>\n<p>B\u00f8ttesylindere brukes i forskjellige maskiner, inkludert:<\/p>\n<ul>\n<li>\n<h3>Anleggsutstyr<\/h3>\n<p>I gravemaskiner er de viktige for utgraving, lasting og flytting av jord eller rusk. I gravemaskinlastere hjelper skuffesylinderen med graving og l\u00f8fting. <\/p>\n<\/li>\n<li>\n<h3>Landbruksmaskiner<\/h3>\n<p>Brukes i frontlastere for \u00e5 utarbeide, l\u00f8fte og transportere jord, h\u00f8y og andre materialer. <\/p>\n<\/li>\n<li>\n<h3>Gravemaskiner<\/h3>\n<p>Skuffesylinderen oppn\u00e5r utgraving ved \u00e5 la skuffen trenge ned i jorden. <\/p>\n<\/li>\n<li>\n<h3>Frontlastere<\/h3>\n<p>I frontlastere hjelper de med \u00e5 l\u00f8fte og tilte last effektivt.<\/p>\n<\/li>\n<\/ul>\n<h2>Designhensyn og utvalgskriterier<\/h2>\n<p>N\u00e5r det gjelder designhensyn, m\u00e5 b\u00f8ttesylindere oppfylle spesifikke kriterier for \u00e5 fungere optimalt. Her er noen viktige faktorer:<\/p>\n<ul>\n<li>\n<h3>B\u00e6reevne<\/h3>\n<p>Sylinderens b\u00e6reevne skal kunne b\u00e6re vekten av lasten uten deformasjon eller brudd.<\/p>\n<\/li>\n<li>\n<h3>Tetting<\/h3>\n<p>Sylinderen m\u00e5 v\u00e6re tilstrekkelig forseglet for \u00e5 forhindre lekkasje av hydraulisk v\u00e6ske.<\/p>\n<\/li>\n<li>\n<h3>Varighet<\/h3>\n<p>Sylinderen m\u00e5 v\u00e6re slitesterk nok til \u00e5 t\u00e5le det t\u00f8ffe arbeidsmilj\u00f8et og motst\u00e5 slitasje.<\/p>\n<\/li>\n<li>\n<h3>Sikkerhet<\/h3>\n<p>Skuffesylindere m\u00e5 v\u00e6re konstruert for \u00e5 forhindre potensielle farer som lekkasjer, brudd eller eksplosjoner.<\/p>\n<\/li>\n<li>\n<h3>Vedlikehold<\/h3>\n<p>Sylinderen m\u00e5 v\u00e6re konstruert for enkelt vedlikehold og reparasjon, noe som reduserer nedetid.<\/p>\n<\/li>\n<\/ul>\n<p><img decoding=\"async\" src=\"https:\/\/www.hydraulic-cylinders.net\/wp-content\/uploads\/2025\/01\/songte-oil-pipes-and-spare-parts.webp\" alt=\"Deler av b\u00f8ttesylinder\"><\/p>\n<h2>Tetting og sm\u00f8ring<\/h2>\n<p>Skuffesylinderen bruker forskjellige tetninger, som stempeltetninger og stangtetninger, laget av slitesterke materialer som polyuretan og nitrilgummi. Sylinderhuset og gjengeenden gjennomg\u00e5r presis behandling for \u00e5 forbedre slitestyrken. Regelmessig tilsetning av riktig mengde hydraulikkolje er avgj\u00f8rende for sm\u00f8ring og opprettholdelse av optimal ytelse.<\/p>\n<h2>Vedlikehold og reparasjon<\/h2>\n<p>Regelmessig inspeksjon og forebyggende vedlikehold er avgj\u00f8rende for \u00e5 forlenge levetiden til b\u00f8ttesylindre. Her er noen vanlige vedlikeholdsoppgaver:<\/p>\n<ul>\n<li>\n<h3>Regelmessig inspeksjon<\/h3>\n<p>Inspiser sylinderen regelmessig for tegn p\u00e5 slitasje, skade eller lekkasjer.<\/p>\n<\/li>\n<li>\n<h3>Sm\u00f8ring<\/h3>\n<p>S\u00f8rg for at sylinderen er tilstrekkelig smurt for \u00e5 opprettholde optimal ytelse.<\/p>\n<\/li>\n<li>\n<h3>Utskifting av tetning<\/h3>\n<p>Skift sylinderpakningene n\u00e5r det oppdages tegn p\u00e5 slitasje, skade eller lekkasjer.<\/p>\n<\/li>\n<li>\n<h3>Kalibreringssjekk<\/h3>\n<p>Sjekk kalibreringen av sylinderen med jevne mellomrom for \u00e5 sikre optimal ytelse.<\/p>\n<\/li>\n<\/ul>\n<p><img decoding=\"async\" src=\"https:\/\/www.hydraulic-cylinders.net\/wp-content\/uploads\/2025\/01\/songte-chushion-collar.webp\" alt=\"Montering av b\u00f8ttesylinder\"><\/p>\n<h2>Sikkerhetshensyn og milj\u00f8faktorer<\/h2>\n<p>B\u00f8ttesylindere b\u00f8r h\u00e5ndteres med forsiktighet og installeres riktig for \u00e5 unng\u00e5 potensielle farer som lekkasjer, brudd eller eksplosjoner. Milj\u00f8faktorer, som temperatur, fuktighet og eksponering for etsende stoffer, kan p\u00e5virke sylinderens ytelse og holdbarhet. Derfor er det viktig \u00e5 ta n\u00f8dvendige forholdsregler ved h\u00e5ndtering og bruk av b\u00f8ttesylindere.<\/p>\n<h2>Diagnose og feils\u00f8king<\/h2>\n<p>Vanlige problemer med b\u00f8ttesylindere inkluderer lekkasjer, redusert ytelse og funksjonsfeil. Feils\u00f8kingstips og l\u00f8sninger for disse problemene inkluderer kontroll av tetningene, verifisering av hydraulikkv\u00e6skeniv\u00e5et og vurdering av sylinderens kalibrering. Forebyggende tiltak, som regelmessig vedlikehold og riktig h\u00e5ndtering, kan minimere potensielle problemer.<\/p>\n<p><img decoding=\"async\" src=\"https:\/\/www.hydraulic-cylinders.net\/wp-content\/uploads\/2025\/01\/songte-bushings-with-all-kinds-of-excavator-models.webp\" alt=\"B\u00f8ttesylinderforinger\"><\/p>\n<h2>Om selskapet v\u00e5rt<\/h2>\n<p>Vi er en produsent av hydrauliske sylinderutskiftninger med et komplett produktsortiment, og er n\u00e5 en av de ledende produsentene og grossistdistribut\u00f8rene av hydrauliske sylindere i det innenlandske og internasjonale markedet. Vi f\u00f8lger prinsippet om utmerket kvalitet og er avhengige av den industrielle produksjonsstyringsstrategien til sofistikerte produksjonsverksteder. Vi forbedrer kontinuerlig v\u00e5r produksjonsplattform, forbedrer produktkvaliteten p\u00e5 produksjonslinjene og har sterke kreative evner til \u00e5 m\u00f8te kundenes ulike behov med h\u00f8y effektivitet, h\u00f8y presisjon og produkter av h\u00f8y kvalitet.<\/p>\n<ul>\n<li>\n<h3>Profesjonalitet<\/h3>\n<p>V\u00e5rt firma er bemannet med et team av tekniske eksperter og fagfolk med mange \u00e5rs erfaring innen utskifting av hydrauliske sylindere.<\/p>\n<\/li>\n<li>\n<h3>Internasjonal sertifisering<\/h3>\n<p>Produktene v\u00e5re har internasjonale sertifiseringer som ISO, CE og ROHS, noe som sikrer samsvar med globale standarder.<\/p>\n<\/li>\n<li>\n<h3>Tilpasning<\/h3>\n<p>Vi tilbyr skreddersydde tjenester for \u00e5 m\u00f8te kundenes unike behov og preferanser.<\/p>\n<\/li>\n<li>\n<h3>Produksjonsutstyr<\/h3>\n<p>V\u00e5rt firma har sofistikert og avansert produksjonsutstyr, inkludert CNC-dreiebenker, fresemaskiner og testfasiliteter.<\/p>\n<\/li>\n<li>\n<h3>Ettersalgsservice<\/h3>\n<p>Vi tilbyr utmerket ettersalgsservice, inkludert reparasjon, utskifting og ombygging, for \u00e5 sikre kundetilfredshet og langsiktige kundeforhold.<\/p>\n<\/li>\n<\/ul>\n<p><img decoding=\"async\" src=\"https:\/\/hzpt.com\/wp-content\/uploads\/2024\/11\/songte-company-1.webp\" alt=\"Selskapsoversikt\"><\/p>\n<p>Forfatter: lyl<\/p>","protected":false},"excerpt":{"rendered":"<p>Bucket Cylinder For Yuchai YC230LC-8 Introduction A bucket cylinder is a hydraulic cylinder specially designed to control the movement of the bucket in heavy machinery, such as excavators, backhoe loaders, and front loaders. Its main function is to allow the bucket to lift, lower, and tilt, making it easier to handle various material handling tasks. [&hellip;]<\/p>","protected":false},"featured_media":14762,"comment_status":"open","ping_status":"closed","template":"","meta":{"_et_pb_use_builder":"","_et_pb_old_content":"","_et_gb_content_width":""},"product_brand":[],"product_cat":[1494],"product_tag":[1495,1496],"class_list":{"0":"post-15865","1":"product","2":"type-product","3":"status-publish","4":"has-post-thumbnail","6":"product_cat-bucket-cylinders","7":"product_tag-bucket-cylinders","8":"product_tag-hydraulic-cylinders","10":"first","11":"instock","12":"shipping-taxable","13":"product-type-simple"},"amp_enabled":true,"_links":{"self":[{"href":"https:\/\/www.hydraulic-cylinders.net\/nb\/wp-json\/wp\/v2\/product\/15865","targetHints":{"allow":["GET"]}}],"collection":[{"href":"https:\/\/www.hydraulic-cylinders.net\/nb\/wp-json\/wp\/v2\/product"}],"about":[{"href":"https:\/\/www.hydraulic-cylinders.net\/nb\/wp-json\/wp\/v2\/types\/product"}],"replies":[{"embeddable":true,"href":"https:\/\/www.hydraulic-cylinders.net\/nb\/wp-json\/wp\/v2\/comments?post=15865"}],"wp:featuredmedia":[{"embeddable":true,"href":"https:\/\/www.hydraulic-cylinders.net\/nb\/wp-json\/wp\/v2\/media\/14762"}],"wp:attachment":[{"href":"https:\/\/www.hydraulic-cylinders.net\/nb\/wp-json\/wp\/v2\/media?parent=15865"}],"wp:term":[{"taxonomy":"product_brand","embeddable":true,"href":"https:\/\/www.hydraulic-cylinders.net\/nb\/wp-json\/wp\/v2\/product_brand?post=15865"},{"taxonomy":"product_cat","embeddable":true,"href":"https:\/\/www.hydraulic-cylinders.net\/nb\/wp-json\/wp\/v2\/product_cat?post=15865"},{"taxonomy":"product_tag","embeddable":true,"href":"https:\/\/www.hydraulic-cylinders.net\/nb\/wp-json\/wp\/v2\/product_tag?post=15865"}],"curies":[{"name":"wp","href":"https:\/\/api.w.org\/{rel}","templated":true}]}}