{"id":1587,"date":"2023-10-07T06:30:23","date_gmt":"2023-10-07T06:30:23","guid":{"rendered":"https:\/\/hydraulic-cylinders.net\/?post_type=product&#038;p=1587"},"modified":"2025-04-11T02:25:26","modified_gmt":"2025-04-11T02:25:26","slug":"rotary-drilling-pressurized-cylinder","status":"publish","type":"product","link":"https:\/\/www.hydraulic-cylinders.net\/nb\/produkt\/rotary-drilling-pressurized-cylinder\/","title":{"rendered":"Roterende boretrykksylinder"},"content":{"rendered":"<h1 style=\"text-align: center;\"><strong>Roterende boretrykksylinder<\/strong><\/h1>\n<p><img loading=\"lazy\" decoding=\"async\" class=\"aligncenter wp-image-1588\" src=\"https:\/\/hydraulic-cylinders.net\/wp-content\/uploads\/2023\/10\/pressurized-cylinder-1-300x300.webp\" alt=\"\" width=\"400\" height=\"400\" \/><\/p>\n<p>Trykksylinderen for roterende boring er en hydraulisk komponent med h\u00f8y ytelse, spesielt utviklet for \u00e5 forbedre effektiviteten og presisjonen i roterende boreoperasjoner. Denne sylinderen spiller en avgj\u00f8rende rolle i \u00e5 kontrollere den vertikale bevegelsen til boremasten, noe som sikrer n\u00f8yaktig posisjonering og optimalisert boreytelse.<\/p>\n<p>Den roterende boretrykksylinderen er uunnv\u00e6rlig for \u00e5 maksimere effektiviteten og presisjonen i roterende boreoperasjoner. Med sin overlegne konstruksjon, presise hydrauliske kontroll, justerbare slaglengde og forbedrede stabilitet, gir denne sylinderen operat\u00f8rene mulighet til \u00e5 posisjonere boremasten og optimalisere boreytelsen n\u00f8yaktig. Ved \u00e5 f\u00f8lge riktige bruksmetoder og overholde anbefalte vedlikeholdspraksiser, kan operat\u00f8rer sikre levetiden og p\u00e5liteligheten til den roterende boretrykksylinderen, noe som f\u00f8rer til sikre og effektive boreoperasjoner. Velg denne h\u00f8ytytende hydrauliske komponenten for \u00e5 heve boreutstyret ditt og oppn\u00e5 eksepsjonelle boreresultater.<\/p>\n<p>Viktige egenskaper ved trykksylinder for roterende boring:<\/p>\n<ol>\n<li>Overlegen konstruksjon:<\/li>\n<\/ol>\n<ul>\n<li>Den roterende boretrykksylinderen er konstruert av materialer av topp kvalitet, noe som garanterer holdbarhet og lang levetid.<\/li>\n<li>Den er konstruert for \u00e5 t\u00e5le de krevende forholdene som oppst\u00e5r under boreoperasjoner, inkludert tunge belastninger, vibrasjoner og ekstreme milj\u00f8er.<\/li>\n<\/ul>\n<ol start=\"2\">\n<li>Presis hydraulisk kontroll:<\/li>\n<\/ol>\n<ul>\n<li>Denne sylinderen opererer via et hydraulisk kontrollsystem, som bruker trykksatt hydraulisk v\u00e6ske til \u00e5 kontrollere boremastens vertikale bevegelse.<\/li>\n<li>Den presise hydrauliske kontrollen sikrer n\u00f8yaktig og responsiv bevegelse, noe som muliggj\u00f8r presis posisjonering og kontroll under boreoperasjoner.<\/li>\n<\/ul>\n<ol start=\"3\">\n<li>Justerbar slaglengde:<\/li>\n<\/ol>\n<ul>\n<li>Den roterende trykksylinderen for boring har justerbar slaglengde, noe som gir fleksibilitet til \u00e5 im\u00f8tekomme ulike borekrav og grunnforhold.<\/li>\n<li>Denne justerbarheten lar operat\u00f8rer oppn\u00e5 optimal boreytelse og tilpasse seg ulike prosjektspesifikasjoner.<\/li>\n<\/ul>\n<ol start=\"4\">\n<li>Forbedret stabilitet og sikkerhet:<\/li>\n<\/ol>\n<ul>\n<li>Sylinderens design vektlegger stabilitet og sikkerhet under boreoperasjoner.<\/li>\n<li>Den minimerer effektivt vibrasjoner og sikrer jevne bevegelser, noe som forbedrer boremastens generelle stabilitet.<\/li>\n<\/ul>\n<h2><strong>Parameter for trykksylinder for roterende boring:<\/strong><\/h2>\n<table border=\"1\" cellspacing=\"0\" cellpadding=\"0\">\n<tbody>\n<tr>\n<td>Produktnavn<\/td>\n<td>Roterende boretrykksylinder<\/td>\n<\/tr>\n<tr>\n<td>Funksjoner:<\/td>\n<td>Kontroller l\u00f8fting og senking av motorhodet<\/td>\n<\/tr>\n<tr>\n<td>Borediameter:<\/td>\n<td>125 mm\uff5e210 mm<\/td>\n<\/tr>\n<tr>\n<td>Stangdiameter:<\/td>\n<td>90 mm \uff5e150 mm<br \/>\nSlaglengde \u22648500 mm<\/td>\n<\/tr>\n<tr>\n<td>Trykk:<\/td>\n<td>opptil 35 MPa<\/td>\n<\/tr>\n<tr>\n<td>Bruksomr\u00e5der for trykksylindere:<\/td>\n<td>Rotasjonsboring<\/td>\n<\/tr>\n<\/tbody>\n<\/table>\n<h2><strong>Identifikasjonsdiagram for trykksylinder for roterende boring:<\/strong><\/h2>\n<p><img loading=\"lazy\" decoding=\"async\" class=\"alignnone wp-image-1590 size-full\" src=\"https:\/\/hydraulic-cylinders.net\/wp-content\/uploads\/2023\/10\/pressurized-cylinder-2.webp\" alt=\"\" width=\"1418\" height=\"946\" srcset=\"https:\/\/hydraulic-cylinders.net\/wp-content\/uploads\/2023\/10\/pressurized-cylinder-2.webp 1418w, https:\/\/hydraulic-cylinders.net\/wp-content\/uploads\/2023\/10\/pressurized-cylinder-2-1280x854.webp 1280w, https:\/\/hydraulic-cylinders.net\/wp-content\/uploads\/2023\/10\/pressurized-cylinder-2-980x654.webp 980w, https:\/\/hydraulic-cylinders.net\/wp-content\/uploads\/2023\/10\/pressurized-cylinder-2-480x320.webp 480w\" sizes=\"(min-width: 0px) and (max-width: 480px) 480px, (min-width: 481px) and (max-width: 980px) 980px, (min-width: 981px) and (max-width: 1280px) 1280px, (min-width: 1281px) 1418px, 100vw\" \/><\/p>\n<h2><strong>Bruksmetode for roterende boretrykksylinder<\/strong><strong>:<\/strong><\/h2>\n<ol>\n<li><strong>Gj\u00f8r deg kjent med driftskontroller og sikkerhetsretningslinjer:<\/strong><\/li>\n<\/ol>\n<ul>\n<li>F\u00f8r du bruker rotasjonsboreutstyret, er det viktig \u00e5 bli kjent med utstyrsprodusentens driftskontroller og sikkerhetsretningslinjer.<\/li>\n<li>F\u00f8lg alle sikkerhetsprosedyrer og forholdsregler n\u00f8ye for \u00e5 sikre trygge og effektive boreoperasjoner.<\/li>\n<\/ul>\n<ol start=\"2\">\n<li><strong>Justering av streklengden:<\/strong><\/li>\n<\/ol>\n<ul>\n<li>Bruk kontrollmekanismen, for eksempel et kontrollpanel eller en joystick, til \u00e5 aktivere den roterende boretrykksylinderen.<\/li>\n<li>Juster slaglengden i henhold til de spesifikke borekravene og grunnforholdene.<\/li>\n<li>Sylinderen vil oversette den trykksatte hydrauliske v\u00e6sken til den n\u00f8dvendige kraften for presis posisjonering av boremasten.<\/li>\n<\/ul>\n<ol start=\"3\">\n<li><strong>Overv\u00e5king og justering av boremastens posisjon:<\/strong><\/li>\n<\/ol>\n<ul>\n<li>Overv\u00e5k boremastens posisjon kontinuerlig under drift.<\/li>\n<li>Gj\u00f8r n\u00f8dvendige justeringer for \u00e5 sikre n\u00f8yaktig boring og opprettholde \u00f8nsket boreh\u00f8yde.<\/li>\n<\/ul>\n<h2><strong>Hvilken hydraulikklov bruker bremsesystemet?<\/strong><\/h2>\n<p>Bremsesystemet i kj\u00f8ret\u00f8y bruker vanligvis Pascals hydrauliske lov. Pascals lov sier at n\u00e5r trykk p\u00e5f\u00f8res en v\u00e6ske i et lukket system, overf\u00f8res trykket likt i alle retninger. I et kj\u00f8ret\u00f8ys bremsesystem tillater denne loven overf\u00f8ring av kraft fra f\u00f8rerens fot som trykker p\u00e5 bremsepedalen til bremsekaliperne p\u00e5 hvert hjul.<\/p>\n<p>Her er en forenklet forklaring p\u00e5 hvordan bremsesystemet bruker Pascals lov:<\/p>\n<ol>\n<li><strong>Bremsepedal:<\/strong><br \/>\nN\u00e5r f\u00f8reren trykker p\u00e5 bremsepedalen, p\u00e5f\u00f8rer den kraft p\u00e5 et stempel i hovedsylinderen.<\/li>\n<li><strong>Hovedsylinder:<\/strong><br \/>\nHovedsylinderen inneholder hydraulisk v\u00e6ske og huser stempelet. N\u00e5r f\u00f8reren trykker p\u00e5 bremsepedalen, komprimerer stempelet v\u00e6sken og \u00f8ker trykket.<\/li>\n<li><strong>Hydrauliske linjer:<\/strong><br \/>\nDet \u00f8kte trykket overf\u00f8res gjennom de hydrauliske ledningene, som forbinder hovedsylinderen med bremsekaliperne eller hjulsylinderne p\u00e5 hvert hjul.<\/li>\n<li><strong>Bremsekalipere\/hjulsylindere:<\/strong><br \/>\nBremsekaliper (i skivebremser) eller hjulsylindre (i trommelbremser) inneholder stempler som p\u00e5virkes av det hydrauliske trykket. Trykket som ut\u00f8ves av den hydrauliske v\u00e6sken f\u00e5r stemplene til \u00e5 bevege seg, noe som legger kraft p\u00e5 bremseklossene eller bremseskoene.<\/li>\n<li><strong>Bremseklosser\/-sko:<\/strong><br \/>\nBremseklossene (i skivebremser) eller bremseskoene (i trommelbremser) presses mot de roterende bremseskivene eller -tromlene, noe som skaper friksjon. Denne friksjonen bremser eller stopper hjulenes rotasjon, og dermed bremser kj\u00f8ret\u00f8yet.<\/li>\n<\/ol>\n<h2><strong>Fabrikkens kapasitet og kapasitet:<\/strong><\/h2>\n<h3>(1) Montering<\/h3>\n<p>Vi har en f\u00f8rsteklasses uavhengig forsknings- og utviklingsplattform for montering. Verkstedet for produksjon av hydrauliske sylindere har fire halvautomatiske monteringslinjer for l\u00f8ftesylindere og \u00e9n automatisk monteringslinje for vippesylindere, med en \u00e5rlig produksjonskapasitet p\u00e5 1 million enheter. Spesialsylinderverkstedet er utstyrt med ulike spesifikasjoner for et halvautomatisk rengj\u00f8ringsmonteringssystem med en \u00e5rlig produksjonskapasitet p\u00e5 200 000 enheter, og er utstyrt med kjent CNC-maskineringsutstyr, et maskineringssenter, spesialutstyr for h\u00f8ypresisjons sylinderbehandling, en robotsveisemaskin, en automatisk rengj\u00f8ringsmaskin, en automatisk sylindermonteringsmaskin og en automatisk produksjonslinje for lakkering. Vi har mer enn 300 sett (sett) av kritisk utstyr. Optimal allokering og effektiv bruk av utstyrsressurser sikrer n\u00f8yaktighetskravene til produktene og oppfyller produktenes h\u00f8ye kvalitetsbehov.<\/p>\n<p><img loading=\"lazy\" decoding=\"async\" class=\"alignnone wp-image-626\" src=\"https:\/\/hydraulic-cylinders.net\/wp-content\/uploads\/2023\/08\/hydraulic-cylinder-product-1-300x158.webp\" alt=\"\" width=\"495\" height=\"260\" srcset=\"https:\/\/hydraulic-cylinders.net\/wp-content\/uploads\/2023\/08\/hydraulic-cylinder-product-1-300x158.webp 495w, https:\/\/hydraulic-cylinders.net\/wp-content\/uploads\/2023\/08\/hydraulic-cylinder-product-1-480x252.webp 480w\" sizes=\"(min-width: 0px) and (max-width: 480px) 480px, (min-width: 481px) 495px, 100vw\" \/> <img loading=\"lazy\" decoding=\"async\" class=\"alignnone wp-image-627\" src=\"https:\/\/hydraulic-cylinders.net\/wp-content\/uploads\/2023\/08\/hydraulic-cylinder-product-2-300x189.webp\" alt=\"\" width=\"413\" height=\"260\" \/><\/p>\n<h3>(2) Maskinering<\/h3>\n<p>Maskineringsverkstedet er utstyrt med et spesialtilpasset dreiesenter for skr\u00e5 skinner, maskineringssenter, h\u00f8yhastighets honemaskin, sveiserobot og annet relatert utstyr, som kan h\u00e5ndtere bearbeiding av sylinderr\u00f8r med en maksimal indre diameter p\u00e5 400 mm og en maksimal lengde p\u00e5 6 meter.<\/p>\n<p><img loading=\"lazy\" decoding=\"async\" class=\"alignnone wp-image-628 size-large\" src=\"https:\/\/hydraulic-cylinders.net\/wp-content\/uploads\/2023\/08\/hydraulic-cylinder-product-3-1024x391.webp\" alt=\"\" width=\"1024\" height=\"391\" srcset=\"https:\/\/hydraulic-cylinders.net\/wp-content\/uploads\/2023\/08\/hydraulic-cylinder-product-3-980x374.webp 980w, https:\/\/hydraulic-cylinders.net\/wp-content\/uploads\/2023\/08\/hydraulic-cylinder-product-3-480x183.webp 480w\" sizes=\"(min-width: 0px) and (max-width: 480px) 480px, (min-width: 481px) and (max-width: 980px) 980px, (min-width: 981px) 1024px, 100vw\" \/><\/p>\n<h3>(3) Sveising<\/h3>\n<p><img loading=\"lazy\" decoding=\"async\" class=\"alignnone wp-image-629 size-large\" src=\"https:\/\/hydraulic-cylinders.net\/wp-content\/uploads\/2023\/08\/hydraulic-cylinder-product-4-1024x510.webp\" alt=\"\" width=\"1024\" height=\"510\" srcset=\"https:\/\/hydraulic-cylinders.net\/wp-content\/uploads\/2023\/08\/hydraulic-cylinder-product-4-980x488.webp 980w, https:\/\/hydraulic-cylinders.net\/wp-content\/uploads\/2023\/08\/hydraulic-cylinder-product-4-480x239.webp 480w\" sizes=\"(min-width: 0px) and (max-width: 480px) 480px, (min-width: 481px) and (max-width: 980px) 980px, (min-width: 981px) 1024px, 100vw\" \/><\/p>\n<h3>(4) Maling og belegg<\/h3>\n<p>Med sm\u00e5 og mellomstore sylinderautomatiske vannbaserte malingsbeleggslinjer, for \u00e5 oppn\u00e5 automatisk robotlasting og -lossing og automatisk spr\u00f8yting, er den designede kapasiteten 4000 stykker per skift;<br \/>\nVi har ogs\u00e5 en halvautomatisk produksjonslinje for maling for store sylindere drevet av en kabelkjede, med en designkapasitet p\u00e5 60 kasser per skift.<\/p>\n<p><img loading=\"lazy\" decoding=\"async\" class=\"alignnone wp-image-630\" src=\"https:\/\/hydraulic-cylinders.net\/wp-content\/uploads\/2023\/08\/hydraulic-cylinder-product-5-300x213.webp\" alt=\"\" width=\"366\" height=\"260\" \/> <img loading=\"lazy\" decoding=\"async\" class=\"alignnone wp-image-631\" src=\"https:\/\/hydraulic-cylinders.net\/wp-content\/uploads\/2023\/08\/hydraulic-cylinder-product-6-300x225.webp\" alt=\"\" width=\"347\" height=\"260\" \/><\/p>\n<h3>(5) Testing<\/h3>\n<p>Vi har f\u00f8rsteklasses inspeksjonsfasiliteter og testbenker for \u00e5 sikre at sylinderens ytelse oppfyller kravene.<\/p>\n<p><img loading=\"lazy\" decoding=\"async\" class=\"alignnone wp-image-632\" src=\"https:\/\/hydraulic-cylinders.net\/wp-content\/uploads\/2023\/08\/hydraulic-cylinder-product-8-300x200.webp\" alt=\"\" width=\"389\" height=\"260\" \/><\/p>\n<p>&nbsp;<\/p>\n<p>&nbsp;<\/p>\n<p>Vi er en av de beste produsentene av hydrauliske sylindere. Vi kan tilby et omfattende utvalg av hydrauliske sylindere. Vi tilbyr ogs\u00e5 tilsvarende <a href=\"https:\/\/hzpt.com\/agricultural-pto-gearbox\/\" target=\"_blank\" rel=\"noopener\">landbruksgirkasser<\/a>Vi har eksportert produktene v\u00e5re til kunder over hele verden og opparbeidet oss et godt rykte p\u00e5 grunn av v\u00e5r overlegne produktkvalitet og ettersalgsservice. Vi \u00f8nsker kunder i inn- og utland velkommen til \u00e5 kontakte oss for \u00e5 forhandle om forretninger, utveksle informasjon og <a href=\"https:\/\/www.hydraulic-cylinders.net\/nb\/contact-us\/\">samarbeide med oss<\/a>!<\/p>","protected":false},"excerpt":{"rendered":"<p>Rotary Drilling Pressurized Cylinder The rotary drilling pressurized cylinder is a high-performance hydraulic component specially designed to enhance efficiency and precision in rotary drilling operations. This cylinder plays a crucial role in controlling the vertical movement of the drilling mast, ensuring accurate positioning and optimized drilling performance. The rotary drilling pressurized cylinder is indispensable for [&hellip;]<\/p>","protected":false},"featured_media":1589,"comment_status":"open","ping_status":"closed","template":"","meta":{"_et_pb_use_builder":"","_et_pb_old_content":"","_et_gb_content_width":""},"product_brand":[],"product_cat":[1518,1549,1376],"product_tag":[1380],"class_list":{"0":"post-1587","1":"product","2":"type-product","3":"status-publish","4":"has-post-thumbnail","6":"product_cat-rotary-drilling-rig-hydraulic-cylinders","7":"product_cat-single-acting-hydraulic-cylinder","8":"product_cat-hydraulic-cylinder","9":"product_tag-hydraulic-cylinder","11":"first","12":"instock","13":"shipping-taxable","14":"product-type-simple"},"amp_enabled":true,"_links":{"self":[{"href":"https:\/\/www.hydraulic-cylinders.net\/nb\/wp-json\/wp\/v2\/product\/1587","targetHints":{"allow":["GET"]}}],"collection":[{"href":"https:\/\/www.hydraulic-cylinders.net\/nb\/wp-json\/wp\/v2\/product"}],"about":[{"href":"https:\/\/www.hydraulic-cylinders.net\/nb\/wp-json\/wp\/v2\/types\/product"}],"replies":[{"embeddable":true,"href":"https:\/\/www.hydraulic-cylinders.net\/nb\/wp-json\/wp\/v2\/comments?post=1587"}],"wp:featuredmedia":[{"embeddable":true,"href":"https:\/\/www.hydraulic-cylinders.net\/nb\/wp-json\/wp\/v2\/media\/1589"}],"wp:attachment":[{"href":"https:\/\/www.hydraulic-cylinders.net\/nb\/wp-json\/wp\/v2\/media?parent=1587"}],"wp:term":[{"taxonomy":"product_brand","embeddable":true,"href":"https:\/\/www.hydraulic-cylinders.net\/nb\/wp-json\/wp\/v2\/product_brand?post=1587"},{"taxonomy":"product_cat","embeddable":true,"href":"https:\/\/www.hydraulic-cylinders.net\/nb\/wp-json\/wp\/v2\/product_cat?post=1587"},{"taxonomy":"product_tag","embeddable":true,"href":"https:\/\/www.hydraulic-cylinders.net\/nb\/wp-json\/wp\/v2\/product_tag?post=1587"}],"curies":[{"name":"wp","href":"https:\/\/api.w.org\/{rel}","templated":true}]}}