{"id":15872,"date":"2025-01-19T15:06:14","date_gmt":"2025-01-19T15:06:14","guid":{"rendered":"https:\/\/www.hydraulic-cylinders.net\/product\/bucket-cylinder-for-xinyuan-crawler-excavator-xy60-8\/"},"modified":"2025-01-19T15:06:16","modified_gmt":"2025-01-19T15:06:16","slug":"bucket-cylinder-for-xinyuan-crawler-excavator-xy60-8","status":"publish","type":"product","link":"https:\/\/www.hydraulic-cylinders.net\/nb\/produkt\/bucket-cylinder-for-xinyuan-crawler-excavator-xy60-8\/","title":{"rendered":"B\u00f8ttesylinder for Xinyuan beltegraver XY60-8"},"content":{"rendered":"<h1>B\u00f8ttesylinder for Xinyuan beltegraver XY60-8<\/h1>\n<h2>Introduksjon<\/h2>\n<p>En skuffesylinder er en spesialisert hydraulisk sylinder som er konstruert for \u00e5 kontrollere bevegelsen til skuffen i tunge maskiner som gravemaskiner, traktorgravere og frontlastere. Hovedfunksjonen er \u00e5 gj\u00f8re det mulig for skuffen \u00e5 l\u00f8fte, senke og vippe for \u00e5 lette ulike materialh\u00e5ndteringsoppgaver. I det hydrauliske systemet oppn\u00e5r skuffesylinderen presis kontroll over skuffens bevegelse gjennom endringer i hydraulikkoljetrykket, slik at operat\u00f8rer effektivt kan h\u00e5ndtere tunge laster og tilpasse seg komplekse arbeidsmilj\u00f8er og ulike driftsbehov.<\/p>\n<p><img decoding=\"async\" src=\"https:\/\/www.hydraulic-cylinders.net\/wp-content\/uploads\/2025\/01\/songte-company-2.webp\"><\/p>\n<h2>Funksjoner<\/h2>\n<ul>\n<li>H\u00f8y styrke og holdbarhet: Vanligvis laget av h\u00f8yfast st\u00e5l eller aluminium, t\u00e5ler den h\u00f8yt trykk og tunge belastninger, tilpasser seg t\u00f8ffe arbeidsmilj\u00f8er og er designet med slitestyrke og korrosjonsbestandighet i tankene, noe som forlenger levetiden.<\/li>\n<li>Effektiv hydraulisk drift: Jevn forlengelse og inntrekking oppn\u00e5s ved hjelp av hydraulisk oljetrykk, noe som gir rask respons p\u00e5 kontrollkommandoer og kraftig skyve- og trekkekraft, egnet for h\u00e5ndtering av tunge belastninger og komplekse arbeidsoppgaver.<\/li>\n<li>Ulike typer: Enkeltvirkende (hydraulisk brukt i kun \u00e9n retning) eller dobbeltvirkende (hydraulisk brukt i begge retninger) sylindere kan velges i henhold til krav for \u00e5 m\u00f8te ulike driftsbehov. Noen modeller er teleskopiske, noe som gir st\u00f8rre forlengelse uten \u00e5 \u00f8ke de ytre m\u00e5lene, noe som gj\u00f8r dem egnet for plassbegrensede applikasjoner.<\/li>\n<li>Tilpasningsbar: Produktet v\u00e5rt kan perfekt erstatte disse hydrauliske sylindrene.<\/li>\n<\/ul>\n<p><img decoding=\"async\" src=\"https:\/\/www.hydraulic-cylinders.net\/wp-content\/uploads\/2025\/01\/songte-cylinder-head-with-all-kinds-excavator-models.webp\"><\/p>\n<h2>Bruksomr\u00e5der<\/h2>\n<p>Skuffesylinderen har forskjellige bruksomr\u00e5der i f\u00f8lgende anleggsmaskiner:<\/p>\n<h3>Gravemaskiner<\/h3>\n<p>Skuffesylinderen muliggj\u00f8r gravefunksjon ved \u00e5 la skuffen trenge ned i jorden.<\/p>\n<h3>Gravemaskiner<\/h3>\n<p>Skuffesylinderen hjelper til med b\u00e5de graving og l\u00f8fting.<\/p>\n<h3>Frontlastere<\/h3>\n<p>Skuffesylinderen hjelper til med \u00e5 l\u00f8fte og tilte for effektiv dumping av materialet.<\/p>\n<h3>Landbruksmaskiner<\/h3>\n<p>Brukes for frontlastere, og brukes til \u00e5 utarbeide, l\u00f8fte og transportere jord, h\u00f8y og andre materialer.<\/p>\n<p>I hver applikasjon spiller skuffesylindere en kritisk rolle i maskineriets drift.<\/p>\n<h2>Designhensyn og utvalgskriterier<\/h2>\n<p>N\u00e5r man designer b\u00f8ttesylindere, m\u00e5 man ta hensyn til flere faktorer. F\u00f8lgende er noen av de viktigste hensynene:<\/p>\n<h3>Lastekapasitet<\/h3>\n<p>Skuffesylindere m\u00e5 ha styrke og holdbarhet til \u00e5 t\u00e5le vekten av materialet som h\u00e5ndteres.<\/p>\n<h3>Tetting<\/h3>\n<p>Bruk av ulike tetningselementer som stempeltetningsringer og stangtetningsringer, valg av slitesterke materialer som polyuretan og nitrilgummi for tetningselementer, og finbearbeiding av sylinderhus og gjengeender for \u00e5 forbedre slitestyrken.<\/p>\n<h3>Varighet<\/h3>\n<p>Skuffesylindere m\u00e5 utformes med tanke p\u00e5 slitestyrke og korrosjonsbestandighet for \u00e5 \u00f8ke levetiden.<\/p>\n<h3>Sikkerhet<\/h3>\n<p>Skuffesylindere m\u00e5 v\u00e6re konstruert for \u00e5 forhindre lekkasjer og sikre operat\u00f8renes sikkerhet mens maskinen er i drift.<\/p>\n<h3>Vedlikeholdbarhet<\/h3>\n<p>Skuffesylindere m\u00e5 v\u00e6re utformet slik at de enkelt kan vedlikeholdes og repareres n\u00e5r det er n\u00f8dvendig.<\/p>\n<p><img decoding=\"async\" src=\"https:\/\/www.hydraulic-cylinders.net\/wp-content\/uploads\/2025\/01\/songte-oil-pipes-and-spare-parts.webp\"><\/p>\n<h2>Tetting og sm\u00f8ring<\/h2>\n<p>B\u00f8ttesylindere bruker forskjellige tetningselementer, som stempeltetningsringer og stangtetningsringer, som er laget av slitesterke materialer som polyuretan og nitrilgummi. Sylinderhuset og gjengeendene er bearbeidet for \u00e5 forbedre slitestyrken. Det er ogs\u00e5 n\u00f8dvendig \u00e5 jevnlig tilsette passende mengder hydraulisk olje for sm\u00f8ring.<\/p>\n<h2>Vedlikehold og reparasjon<\/h2>\n<p>Regelmessig inspeksjon, riktig sm\u00f8ring, utskifting av pakninger og kalibreringskontroller er vanlige vedlikeholdsoppgaver for b\u00f8ttesylindere. Riktig installasjon, sm\u00f8ring og justering er viktig, og det anbefales \u00e5 gi riktig veiledning for \u00e5 justere sylinderen under installasjon. Bruk av passende monteringsbraketter for \u00e5 sikre sylinderen og anbefalte inspeksjons-, reparasjons- og utskiftingsprosedyrer kan forlenge levetiden til b\u00f8ttesylinderen.<\/p>\n<p><img decoding=\"async\" src=\"https:\/\/www.hydraulic-cylinders.net\/wp-content\/uploads\/2025\/01\/songte-chushion-collar.webp\"><\/p>\n<h2>Sikkerhetshensyn og milj\u00f8faktorer<\/h2>\n<p>Skuffesylinderen m\u00e5 utformes og brukes med sikkerhet i tankene, og operat\u00f8rer m\u00e5 f\u00f8lge sikkerhetsprotokoller og retningslinjer n\u00e5r de arbeider med maskiner. Skuffesylindere m\u00e5 ogs\u00e5 kastes p\u00e5 en ansvarlig m\u00e5te for \u00e5 unng\u00e5 negative p\u00e5virkninger p\u00e5 milj\u00f8et.<\/p>\n<h2>Feils\u00f8king og vanlige problemer<\/h2>\n<p>Vanlige problemer med b\u00f8ttesylindere inkluderer lekkasje, deformasjon og rust. Feils\u00f8kingstips og l\u00f8sninger kan hjelpe leserne med \u00e5 diagnostisere og l\u00f8se disse problemene effektivt. Forebyggende tiltak kan ogs\u00e5 iverksettes for \u00e5 minimere potensielle problemer.<\/p>\n<p><img decoding=\"async\" src=\"https:\/\/www.hydraulic-cylinders.net\/wp-content\/uploads\/2025\/01\/songte-bushings-with-all-kinds-of-excavator-models.webp\"><\/p>\n<h2>Om selskapet v\u00e5rt<\/h2>\n<p>Vi er en produsent av hydrauliske sylindere som kan erstatte konvensjonelle hydrauliske sylindere. V\u00e5rt firma tilbyr et komplett utvalg av produkter og har blitt en av de ledende produsentene og grossistdistribut\u00f8rene av hydrauliske sylindere i innenlandske og internasjonale markeder. Vi f\u00f8lger prinsippene om utmerket kvalitet og er avhengige av industrialiserte produksjonsstyringsstrategier i fine produksjonsverksteder, med bruk av tekniske talenter, digitalt high-end produksjonsutstyr og profesjonelle testsystemer. Vi forbedrer kontinuerlig produksjonsplattformen v\u00e5r i verkstedet, forbedrer produksjonsruten for produktkvalitet og har sterke kreative evner for \u00e5 m\u00f8te kundenes ulike behov med h\u00f8y effektivitet, h\u00f8y presisjon og h\u00f8y kvalitet.<\/p>\n<p><img decoding=\"async\" src=\"https:\/\/hzpt.com\/wp-content\/uploads\/2024\/11\/songte-company-1.webp\"><\/p>\n<h3>Profesjonalitet<\/h3>\n<p>Vi har et team av sv\u00e6rt profesjonelle og dyktige medarbeidere som streber etter \u00e5 levere produkter av h\u00f8y kvalitet til v\u00e5re kunder.<\/p>\n<h3>Internasjonal sertifisering<\/h3>\n<p>Produktene v\u00e5re er sertifisert av internasjonale organisasjoner som ISO og CE.<\/p>\n<h3>Tilpasningstjenester<\/h3>\n<p>Vi tilbyr skreddersydde tjenester for \u00e5 m\u00f8te kundenes spesifikke behov.<\/p>\n<h3>Produksjonsutstyr<\/h3>\n<p>Vi bruker avansert og h\u00f8ykvalitets produksjonsutstyr for \u00e5 produsere produktene v\u00e5re.<\/p>\n<h3>Ettersalgsservice<\/h3>\n<p>Vi tilbyr utmerket ettersalgsservice for \u00e5 sikre kundetilfredshet.<\/p>\n<p>Forfatter: lyl<\/p>","protected":false},"excerpt":{"rendered":"<p>Bucket Cylinder For Xinyuan Crawler Excavator XY60-8 Introduction A bucket cylinder is a specialized hydraulic cylinder designed for controlling the movement of the bucket in heavy machinery such as excavators, backhoe excavators, and front-end loaders. Its main function is to enable the bucket to lift, lower, and tilt to facilitate various material handling tasks. In [&hellip;]<\/p>","protected":false},"featured_media":14782,"comment_status":"open","ping_status":"closed","template":"","meta":{"_et_pb_use_builder":"","_et_pb_old_content":"","_et_gb_content_width":""},"product_brand":[],"product_cat":[1494],"product_tag":[1495,1496],"class_list":{"0":"post-15872","1":"product","2":"type-product","3":"status-publish","4":"has-post-thumbnail","6":"product_cat-bucket-cylinders","7":"product_tag-bucket-cylinders","8":"product_tag-hydraulic-cylinders","10":"first","11":"instock","12":"shipping-taxable","13":"product-type-simple"},"amp_enabled":true,"_links":{"self":[{"href":"https:\/\/www.hydraulic-cylinders.net\/nb\/wp-json\/wp\/v2\/product\/15872","targetHints":{"allow":["GET"]}}],"collection":[{"href":"https:\/\/www.hydraulic-cylinders.net\/nb\/wp-json\/wp\/v2\/product"}],"about":[{"href":"https:\/\/www.hydraulic-cylinders.net\/nb\/wp-json\/wp\/v2\/types\/product"}],"replies":[{"embeddable":true,"href":"https:\/\/www.hydraulic-cylinders.net\/nb\/wp-json\/wp\/v2\/comments?post=15872"}],"wp:featuredmedia":[{"embeddable":true,"href":"https:\/\/www.hydraulic-cylinders.net\/nb\/wp-json\/wp\/v2\/media\/14782"}],"wp:attachment":[{"href":"https:\/\/www.hydraulic-cylinders.net\/nb\/wp-json\/wp\/v2\/media?parent=15872"}],"wp:term":[{"taxonomy":"product_brand","embeddable":true,"href":"https:\/\/www.hydraulic-cylinders.net\/nb\/wp-json\/wp\/v2\/product_brand?post=15872"},{"taxonomy":"product_cat","embeddable":true,"href":"https:\/\/www.hydraulic-cylinders.net\/nb\/wp-json\/wp\/v2\/product_cat?post=15872"},{"taxonomy":"product_tag","embeddable":true,"href":"https:\/\/www.hydraulic-cylinders.net\/nb\/wp-json\/wp\/v2\/product_tag?post=15872"}],"curies":[{"name":"wp","href":"https:\/\/api.w.org\/{rel}","templated":true}]}}