{"id":15873,"date":"2025-01-19T15:06:18","date_gmt":"2025-01-19T15:06:18","guid":{"rendered":"https:\/\/www.hydraulic-cylinders.net\/product\/bucket-cylinder-for-xinyuan-crawler-excavator-xy90\/"},"modified":"2025-01-19T15:06:20","modified_gmt":"2025-01-19T15:06:20","slug":"bucket-cylinder-for-xinyuan-crawler-excavator-xy90","status":"publish","type":"product","link":"https:\/\/www.hydraulic-cylinders.net\/nb\/produkt\/bucket-cylinder-for-xinyuan-crawler-excavator-xy90\/","title":{"rendered":"B\u00f8ttesylinder for Xinyuan beltegraver XY90"},"content":{"rendered":"<p><!DOCTYPE html><br \/>\n<html><br \/>\n<head><br \/>\n<title>B\u00f8ttesylinder for Xinyuan beltegraver XY90<\/title><br \/>\n<\/head><br \/>\n<body><\/p>\n<h1>B\u00f8ttesylinder for Xinyuan beltegraver XY90<\/h1>\n<h2>Introduksjon<\/h2>\n<p>Skuffesylinderen er en spesialdesignet hydraulisk sylinder som brukes til \u00e5 kontrollere bevegelsen til skuffen i tunge maskiner som gravemaskiner, traktorgravere og frontlastere. Hovedfunksjonen er \u00e5 gj\u00f8re det mulig \u00e5 l\u00f8fte, senke og vippe skuffen, noe som gj\u00f8r den praktisk for ulike materialh\u00e5ndteringsoppgaver. I det hydrauliske systemet oppn\u00e5r skuffesylinderen presis kontroll over skuffen ved hjelp av trykkendringene i hydraulikkoljen, slik at operat\u00f8rer effektivt kan h\u00e5ndtere tunge laster og tilpasse seg komplekse arbeidsmilj\u00f8er og ulike driftsbehov.<\/p>\n<p><img decoding=\"async\" src=\"https:\/\/www.hydraulic-cylinders.net\/wp-content\/uploads\/2025\/01\/songte-company-2.webp\" alt=\"Bilde av b\u00f8ttesylinder\"><\/p>\n<h2>Funksjoner<\/h2>\n<ul>\n<li>H\u00f8y styrke og holdbarhet: Skuffesylinderen er vanligvis laget av h\u00f8yfast st\u00e5l eller aluminium, og t\u00e5ler h\u00f8yt trykk og tunge belastninger, og tilpasser seg t\u00f8ffe arbeidsmilj\u00f8er. Designet tar hensyn til slitestyrke og korrosjonsbestandighet, noe som forlenger levetiden.<\/li>\n<li>Effektiv hydraulisk drift: Ved \u00e5 utnytte trykket fra hydraulikkoljen oppn\u00e5r skuffesylinderen jevne forlengelses- og inntrekksbevegelser, noe som gir rask respons p\u00e5 kontrollkommandoer og gir kraftige skyve- og trekkkrefter som er egnet for h\u00e5ndtering av tunge belastninger og komplekse arbeidsoppgaver.<\/li>\n<li>Ulike typer: Skuffesylinderen kan velges som enkeltvirkende (hydraulisk brukes kun i \u00e9n retning) eller dobbeltvirkende (hydraulisk brukes i begge retninger) sylindere for \u00e5 oppfylle ulike driftsbehov. Noen modeller er teleskopiske, noe som gir st\u00f8rre forlengelse uten \u00e5 \u00f8ke de ytre m\u00e5lene, noe som gj\u00f8r dem egnet for bruksomr\u00e5der med begrenset plass.<\/li>\n<li>Perfekt erstatning: Produktene v\u00e5re kan erstatte disse hydrauliske sylindrene perfekt, og gir p\u00e5litelig ytelse og kompatibilitet.<\/li>\n<\/ul>\n<p><img decoding=\"async\" src=\"https:\/\/www.hydraulic-cylinders.net\/wp-content\/uploads\/2025\/01\/songte-cylinder-head-with-all-kinds-excavator-models.webp\" alt=\"Erstatningsalternativer\"><\/p>\n<h2>Bruksomr\u00e5der<\/h2>\n<h3>Anleggsutstyr:<\/h3>\n<p>I gravemaskiner er de viktige for graving, lasting og flytting av jord eller rusk. I gravemaskiner hjelper skuffesylinderen til med b\u00e5de graving og l\u00f8fting.<\/p>\n<h3>Landbruksmaskiner:<\/h3>\n<p>Brukes i frontlastere for \u00e5 utarbeide, l\u00f8fte og transportere jord, h\u00f8y og andre materialer.<\/p>\n<h3>Gravemaskiner:<\/h3>\n<p>Skuffesylinderen muliggj\u00f8r graveaksjoner ved \u00e5 la skuffen trenge ned i jorden.<\/p>\n<h3>Lastere:<\/h3>\n<p>I frontlastere hjelper de med \u00e5 l\u00f8fte og dumpe gods effektivt.<\/p>\n<h2>Designhensyn og utvalgskriterier<\/h2>\n<ul>\n<li>B\u00e6reevne: Diskuterer sylinderens evne til \u00e5 b\u00e6re de spesifiserte belastningene.<\/li>\n<li>Tetting: Utforsking av ulike tetningselementer som stempeltetninger og stangtetninger laget av slitesterke materialer som polyuretan og nitrilgummi.<\/li>\n<li>Holdbarhet: Diskusjon av sylinderens holdbarhet, med tanke p\u00e5 faktorer som fin overflatebehandling av sylinderhuset og gjengede ender for \u00e5 forbedre slitestyrken.<\/li>\n<li>Sikkerhet: Diskusjon av sikkerhetshensyn ved design og drift av b\u00f8ttesylinderen.<\/li>\n<li>Vedlikehold: Utforsking av vedlikeholdspraksis som regelmessige inspeksjoner, sm\u00f8ring, utskifting av tetninger og kalibreringskontroller.<\/li>\n<\/ul>\n<p><img decoding=\"async\" src=\"https:\/\/www.hydraulic-cylinders.net\/wp-content\/uploads\/2025\/01\/songte-oil-pipes-and-spare-parts.webp\" alt=\"Tetninger og reservedeler\"><\/p>\n<h2>Tetting og sm\u00f8ring<\/h2>\n<p>Skuffesylinderen benytter ulike tetningskomponenter, som stempeltetninger og stangtetninger, laget av slitesterke materialer som polyuretan og nitrilgummi. Sylinderhuset og gjengede ender er fint behandlet for \u00e5 forbedre slitestyrken. Regelmessig sm\u00f8ring med passende hydraulikkolje er n\u00f8dvendig for \u00e5 sikre jevn drift og lang levetid.<\/p>\n<h2>Inspeksjon og forebyggende vedlikehold<\/h2>\n<ul>\n<li>Regelmessige inspeksjoner: Inspiser sylinderen for tegn p\u00e5 skade eller slitasje.<\/li>\n<li>Riktig sm\u00f8ring: S\u00f8rg for tilstrekkelig sm\u00f8ring av sylinderkomponentene.<\/li>\n<li>Utskifting av tetninger og kalibreringskontroller: Skift ut slitte tetninger og kontroller kalibreringen av det hydrauliske systemet regelmessig.<\/li>\n<\/ul>\n<p><img decoding=\"async\" src=\"https:\/\/www.hydraulic-cylinders.net\/wp-content\/uploads\/2025\/01\/songte-chushion-collar.webp\" alt=\"Vedlikeholdstips\"><\/p>\n<h2>Sikkerhetshensyn og milj\u00f8faktorer<\/h2>\n<p>N\u00e5r du bruker b\u00f8ttesylinderen, er det viktig \u00e5 f\u00f8lge sikkerhetstiltak for \u00e5 sikre f\u00f8rerens velv\u00e6re og forhindre ulykker. Milj\u00f8faktorer, som temperatur og fuktighet, b\u00f8r ogs\u00e5 tas i betraktning for \u00e5 sikre optimal ytelse og levetid for sylinderen.<\/p>\n<h2>Feils\u00f8king og vanlige problemer<\/h2>\n<p>\u00c5 adressere potensielle problemer og gi feils\u00f8kingstips og l\u00f8sninger for \u00e5 hjelpe leserne med \u00e5 diagnostisere og l\u00f8se problemer effektivt. Forebyggende tiltak anbefales ogs\u00e5 for \u00e5 minimere potensielle problemer.<\/p>\n<p><img decoding=\"async\" src=\"https:\/\/www.hydraulic-cylinders.net\/wp-content\/uploads\/2025\/01\/songte-bushings-with-all-kinds-of-excavator-models.webp\" alt=\"Feils\u00f8kingstips\"><\/p>\n<h2>Om selskapet v\u00e5rt<\/h2>\n<p>Vi er en produsent av hydrauliske reservesylindere og en av de ledende produsentene og grossistdistribut\u00f8rene av hydrauliske sylindere i det innenlandske og internasjonale markedet. Vi f\u00f8lger prinsippene om utmerket kvalitet og stoler p\u00e5 industrialiserte produksjonsstyringsstrategier i v\u00e5rt sofistikerte produksjonsverksted. Med v\u00e5re tekniske talenter, avanserte digitale produksjonsutstyr og profesjonelle testsystemer forbedrer vi kontinuerlig v\u00e5r produksjonsplattform og produksjonsruter for produktkvalitet. V\u00e5rt selskap har en sterk innovasjonsevne, med sikte p\u00e5 \u00e5 m\u00f8te ulike kundebehov med h\u00f8y effektivitet, h\u00f8y presisjon og produkter av h\u00f8y kvalitet.<\/p>\n<p><img decoding=\"async\" src=\"https:\/\/www.hydraulic-cylinders.net\/wp-content\/uploads\/2025\/01\/songte-company-3.webp\" alt=\"Selskapsoversikt\"><\/p>\n<h3>Profesjonalitet:<\/h3>\n<p>Vi vektlegger profesjonalitet i alle aspekter av driften v\u00e5r, fra produktdesign til kundeservice.<\/p>\n<h3>Internasjonale sertifiseringer:<\/h3>\n<p>Vi har internasjonale sertifiseringer som bekrefter kvaliteten og p\u00e5liteligheten til produktene v\u00e5re.<\/p>\n<h3>Tilpasningstjenester:<\/h3>\n<p>Vi tilbyr tilpasningstjenester for \u00e5 m\u00f8te spesifikke kundekrav.<\/p>\n<h3>Produksjonsutstyr:<\/h3>\n<p>Vi bruker avansert produksjonsutstyr for \u00e5 sikre presisjonen og konsistensen til v\u00e5re hydrauliske sylindere.<\/p>\n<h3>Ettersalgsservice:<\/h3>\n<p>Vi tilbyr omfattende ettersalgsservice, inkludert utskifting og ombygging av deler, for \u00e5 forlenge levetiden til v\u00e5re hydrauliske sylindere.<\/p>\n<p>Forfatter: lyl<\/p>\n<p><img decoding=\"async\" src=\"https:\/\/hzpt.com\/wp-content\/uploads\/2024\/11\/songte-company-1.webp\" alt=\"Selskapets image\"><\/p>\n<p><\/body><br \/>\n<\/html><\/p>","protected":false},"excerpt":{"rendered":"<p>Bucket Cylinder For Xinyuan Crawler Excavator XY90 Bucket Cylinder For Xinyuan Crawler Excavator XY90 Introduction The bucket cylinder is a specially designed hydraulic cylinder used to control the movement of the bucket in heavy machinery such as excavators, backhoe loaders, and front-end loaders. Its main function is to enable the bucket to lift, lower, and [&hellip;]<\/p>","protected":false},"featured_media":14780,"comment_status":"open","ping_status":"closed","template":"","meta":{"_et_pb_use_builder":"","_et_pb_old_content":"","_et_gb_content_width":""},"product_brand":[],"product_cat":[1494],"product_tag":[1495,1496],"class_list":{"0":"post-15873","1":"product","2":"type-product","3":"status-publish","4":"has-post-thumbnail","6":"product_cat-bucket-cylinders","7":"product_tag-bucket-cylinders","8":"product_tag-hydraulic-cylinders","10":"first","11":"instock","12":"shipping-taxable","13":"product-type-simple"},"amp_enabled":true,"_links":{"self":[{"href":"https:\/\/www.hydraulic-cylinders.net\/nb\/wp-json\/wp\/v2\/product\/15873","targetHints":{"allow":["GET"]}}],"collection":[{"href":"https:\/\/www.hydraulic-cylinders.net\/nb\/wp-json\/wp\/v2\/product"}],"about":[{"href":"https:\/\/www.hydraulic-cylinders.net\/nb\/wp-json\/wp\/v2\/types\/product"}],"replies":[{"embeddable":true,"href":"https:\/\/www.hydraulic-cylinders.net\/nb\/wp-json\/wp\/v2\/comments?post=15873"}],"wp:featuredmedia":[{"embeddable":true,"href":"https:\/\/www.hydraulic-cylinders.net\/nb\/wp-json\/wp\/v2\/media\/14780"}],"wp:attachment":[{"href":"https:\/\/www.hydraulic-cylinders.net\/nb\/wp-json\/wp\/v2\/media?parent=15873"}],"wp:term":[{"taxonomy":"product_brand","embeddable":true,"href":"https:\/\/www.hydraulic-cylinders.net\/nb\/wp-json\/wp\/v2\/product_brand?post=15873"},{"taxonomy":"product_cat","embeddable":true,"href":"https:\/\/www.hydraulic-cylinders.net\/nb\/wp-json\/wp\/v2\/product_cat?post=15873"},{"taxonomy":"product_tag","embeddable":true,"href":"https:\/\/www.hydraulic-cylinders.net\/nb\/wp-json\/wp\/v2\/product_tag?post=15873"}],"curies":[{"name":"wp","href":"https:\/\/api.w.org\/{rel}","templated":true}]}}