{"id":15875,"date":"2025-01-19T15:06:26","date_gmt":"2025-01-19T15:06:26","guid":{"rendered":"https:\/\/www.hydraulic-cylinders.net\/product\/bucket-cylinder-for-xinyuan-wheel-excavator-xy75w-8-9\/"},"modified":"2025-01-19T15:06:29","modified_gmt":"2025-01-19T15:06:29","slug":"bucket-cylinder-for-xinyuan-wheel-excavator-xy75w-8-9","status":"publish","type":"product","link":"https:\/\/www.hydraulic-cylinders.net\/nb\/produkt\/bucket-cylinder-for-xinyuan-wheel-excavator-xy75w-8-9\/","title":{"rendered":"B\u00f8ttesylinder for Xinyuan hjulgraver XY75W-8-9"},"content":{"rendered":"<h1>B\u00f8ttesylinder for Xinyuan hjulgraver XY75W-8-9<\/h1>\n<h2>Introduksjon<\/h2>\n<p>En skuffesylinder er en spesialdesignet hydraulisk sylinder som brukes til \u00e5 kontrollere bevegelsen til en skuffe i tunge maskiner som gravemaskiner, traktorgravere og frontlastere. Hovedfunksjonen er \u00e5 gj\u00f8re det mulig for skuffen \u00e5 l\u00f8fte, senke og vippe for enkel h\u00e5ndtering av forskjellige materialer. I det hydrauliske systemet oppn\u00e5r skuffesylinderen presis kontroll over skuffen ved \u00e5 endre trykket i hydraulikkoljen, slik at operat\u00f8rer effektivt kan h\u00e5ndtere tunge laster og tilpasse seg komplekse arbeidsmilj\u00f8er og ulike driftskrav.<\/p>\n<p><img decoding=\"async\" src=\"https:\/\/www.hydraulic-cylinders.net\/wp-content\/uploads\/2025\/01\/songte-company-2.webp\" alt=\"B\u00f8ttesylinder\"><\/p>\n<h2>Funksjoner<\/h2>\n<ul>\n<li>H\u00f8y styrke og holdbarhet: Vanligvis laget av h\u00f8yfast st\u00e5l eller aluminium, t\u00e5ler den h\u00f8yt trykk og tunge belastninger, tilpasser seg t\u00f8ffe arbeidsmilj\u00f8er, og designet tar hensyn til slitestyrke og korrosjonsmotstand for \u00e5 forlenge levetiden.<\/li>\n<li>Effektiv hydraulisk drift: Jevn forlengelse og tilbaketrekking oppn\u00e5s ved \u00e5 utnytte trykket fra hydraulikkoljen, noe som gir kraftig skyve- og trekkekraft, og er egnet for h\u00e5ndtering av tunge belastninger og komplekse driftsoppgaver.<\/li>\n<li>Flere typer: Enkeltvirkende (hydraulisk brukt i kun \u00e9n retning) eller dobbeltvirkende (hydraulisk brukt i begge retninger) sylindere kan velges i henhold til driftsbehov. Noen modeller er teleskopiske, noe som gir st\u00f8rre forlengelse uten \u00e5 \u00f8ke de ytre dimensjonene, egnet for applikasjoner med begrenset plass. <\/li>\n<li>Perfekt erstatning: Produktene v\u00e5re kan erstatte disse hydrauliske sylindrene perfekt. <\/li>\n<\/ul>\n<p><img decoding=\"async\" src=\"https:\/\/www.hydraulic-cylinders.net\/wp-content\/uploads\/2025\/01\/songte-cylinder-head-with-all-kinds-excavator-models.webp\" alt=\"Produkt\"><\/p>\n<h2>Bruksomr\u00e5der<\/h2>\n<p>Skuffesylinderen er viktig for utgraving, lasting og flytting av jord eller rusk i anleggsmaskiner. I gravemaskiner hjelper skuffesylindere med utgraving og l\u00f8fting. I landbruksmaskiner brukes de til frontlastere, for utgraving, l\u00f8fting og transport av jord, h\u00f8y og andre materialer. I gravemaskiner oppn\u00e5r skuffesylindere graveaksjoner ved \u00e5 la skuffen trenge ned i jorden. I frontlastere hjelper de med \u00e5 l\u00f8fte og dumpe varer effektivt.<\/p>\n<h2>Designhensyn og utvalgskriterier<\/h2>\n<ul>\n<li>B\u00e6reevne: Sylinderens b\u00e6reevne b\u00f8r tas i betraktning n\u00e5r man velger riktig sylinder for applikasjonen.<\/li>\n<li>Tetting: Ulike tetningskomponenter som stempeltetninger og stangtetninger b\u00f8r brukes. Tetningskomponentene b\u00f8r v\u00e6re laget av slitesterke materialer som polyuretan og nitrilgummi. Sylinderhus og gjengede endeflater b\u00f8r finbearbeides for \u00e5 forbedre slitestyrken, og hydraulikkolje b\u00f8r etterfylles regelmessig for sm\u00f8ring.<\/li>\n<li>Holdbarhet: Det b\u00f8r tas hensyn til sylinderens design for \u00e5 sikre dens holdbarhet. Den b\u00f8r v\u00e6re laget av h\u00f8yfaste og slitesterke materialer for \u00e5 motst\u00e5 slitasje, korrosjon og andre milj\u00f8faktorer.<\/li>\n<li>Sikkerhet: Sikkerhet b\u00f8r v\u00e6re en grunnleggende faktor ved design og valg. Sylinderen b\u00f8r designes og velges for sikker drift, og passende sikkerhetstiltak b\u00f8r tas i betraktning.<\/li>\n<li>Vedlikehold: Vedlikehold b\u00f8r vurderes ved design og valg av sylindere. Sylindere b\u00f8r utformes for enkelt vedlikehold og reparasjoner, og planlagt vedlikehold b\u00f8r utf\u00f8res for \u00e5 forlenge sylinderens levetid.<\/li>\n<\/ul>\n<p><img decoding=\"async\" src=\"https:\/\/www.hydraulic-cylinders.net\/wp-content\/uploads\/2025\/01\/songte-oil-pipes-and-spare-parts.webp\" alt=\"Produkt\"><\/p>\n<h2>Vedlikehold og installasjon<\/h2>\n<p>F\u00f8lgende er tre vanlige vedlikeholdsoppgaver:<\/p>\n<ol>\n<li>Regelmessig inspeksjon<\/li>\n<li>Riktig sm\u00f8ring<\/li>\n<li>Utskifting av pakning og kalibreringskontroll<\/li>\n<\/ol>\n<p>Riktig installasjon, sm\u00f8ring og justering er avgj\u00f8rende for \u00e5 sikre at b\u00f8ttesylinderen varer lenge. Riktig justering av sylinderen b\u00f8r kontrolleres under installasjon, og passende monteringsbraketter b\u00f8r brukes til \u00e5 feste sylinderen. Anbefalte inspeksjons-, reparasjons- og utskiftingsprosedyrer b\u00f8r f\u00f8lges, og ombyggingstjenester b\u00f8r tilbys for \u00e5 forlenge produktets levetid.<\/p>\n<p><img decoding=\"async\" src=\"https:\/\/www.hydraulic-cylinders.net\/wp-content\/uploads\/2025\/01\/songte-chushion-collar.webp\" alt=\"Produkt\"><\/p>\n<h2>Sikkerhets- og milj\u00f8hensyn<\/h2>\n<p>Det b\u00f8r tas n\u00f8dvendige sikkerhetstiltak ved bruk av b\u00f8ttesylinderen for \u00e5 unng\u00e5 ulykker og sikre trygge arbeidsrutiner. Milj\u00f8faktorer b\u00f8r ogs\u00e5 vurderes ved valg og bruk av sylinderen for \u00e5 minimere negative milj\u00f8p\u00e5virkninger.<\/p>\n<h2>Diagnose og feils\u00f8king<\/h2>\n<p>F\u00f8lgende er noen vanlige problemer som kan oppst\u00e5 n\u00e5r du bruker b\u00f8ttesylinderen:<\/p>\n<ul>\n<li>Tetningsfeil<\/li>\n<li>Overdreven lekkasje<\/li>\n<li>Redusert driftseffektivitet<\/li>\n<\/ul>\n<p>Feils\u00f8kingstips og l\u00f8sninger b\u00f8r gis for \u00e5 hjelpe med \u00e5 diagnostisere og l\u00f8se problemer effektivt, og forebyggende tiltak b\u00f8r iverksettes for \u00e5 minimere potensielle problemer.<\/p>\n<p><img decoding=\"async\" src=\"https:\/\/www.hydraulic-cylinders.net\/wp-content\/uploads\/2025\/01\/songte-bushings-with-all-kinds-of-excavator-models.webp\" alt=\"Produkt\"><\/p>\n<h2>Om selskapet v\u00e5rt<\/h2>\n<p>Vi er en produsent av hydrauliske sylindere som erstatter eksisterende sylindere. V\u00e5rt firma tilbyr et komplett produktsortiment og har blitt en av de ledende produsentene og grossistene av hydrauliske sylindere i innenlandske og utenlandske markeder. Vi fokuserer p\u00e5 utmerket kvalitet, er avhengige av den industrialiserte produksjonsstyringsstrategien til et sofistikert produksjonsverksted, forbedrer kontinuerlig produksjonsplattformen til verkstedet, perfeksjonerer kvalitetsproduksjonsruten for produktene v\u00e5re og har sterk kreativitet. Med prinsippene om h\u00f8y effektivitet, h\u00f8y presisjon og h\u00f8y kvalitet, streber vi etter \u00e5 m\u00f8te de ulike behovene til v\u00e5re kunder.<\/p>\n<p><img decoding=\"async\" src=\"https:\/\/hzpt.com\/wp-content\/uploads\/2024\/11\/songte-company-1.webp\" alt=\"Bedrift\"><\/p>\n<h3>Profesjonalitet<\/h3>\n<p>Vi er et team av fagfolk som er dedikert til \u00e5 tilby kundene v\u00e5re utmerkede produkter og tjenester. Teamet v\u00e5rt best\u00e5r av ingeni\u00f8rer, teknikere og andre dyktige fagfolk som jobber hardt for \u00e5 sikre at produktene v\u00e5re oppfyller de h\u00f8yeste standardene for kvalitet og p\u00e5litelighet.<\/p>\n<h3>Internasjonale sertifiseringer<\/h3>\n<p>V\u00e5rt firma har oppn\u00e5dd en rekke internasjonale sertifiseringer, inkludert ISO9001, CE og andre, for \u00e5 sikre at produktene v\u00e5re oppfyller de h\u00f8yeste internasjonale standardene.<\/p>\n<h3>Tilpasningstjenester<\/h3>\n<p>Vi tilbyr tilpasningstjenester for \u00e5 m\u00f8te kundenes unike behov. Vi samarbeider med kundene v\u00e5re for \u00e5 designe og produsere hydrauliske sylindere som oppfyller deres spesifikke krav og behov.<\/p>\n<h3>Produksjonsutstyr<\/h3>\n<p>V\u00e5rt firma har investert tungt i avansert produksjonsutstyr for \u00e5 sikre at vi kan produsere hydrauliske sylindere av h\u00f8y kvalitet raskt og effektivt.<\/p>\n<h3>Ettersalgsservice<\/h3>\n<p>Vi tilbyr utmerket ettersalgsservice for \u00e5 sikre at kundene v\u00e5re er forn\u00f8yde med produktene v\u00e5re. Vi tilbyr teknisk st\u00f8tte, vedlikehold, reparasjon og ombyggingstjenester for \u00e5 hjelpe kundene v\u00e5re med \u00e5 f\u00e5 mest mulig ut av produktene v\u00e5re.<\/p>\n<p>Forfatter: lyl.<\/p>","protected":false},"excerpt":{"rendered":"<p>Bucket Cylinder For Xinyuan Wheel Excavator XY75W-8-9 Introduction A bucket cylinder is a specially designed hydraulic cylinder used to control the movement of a bucket in heavy machinery such as excavators, backhoe excavators, and front-end loaders. Its main function is to enable the bucket to lift, lower, and tilt for easy handling of various materials. [&hellip;]<\/p>","protected":false},"featured_media":14776,"comment_status":"open","ping_status":"closed","template":"","meta":{"_et_pb_use_builder":"","_et_pb_old_content":"","_et_gb_content_width":""},"product_brand":[],"product_cat":[1494],"product_tag":[1495,1496],"class_list":{"0":"post-15875","1":"product","2":"type-product","3":"status-publish","4":"has-post-thumbnail","6":"product_cat-bucket-cylinders","7":"product_tag-bucket-cylinders","8":"product_tag-hydraulic-cylinders","10":"first","11":"instock","12":"shipping-taxable","13":"product-type-simple"},"amp_enabled":true,"_links":{"self":[{"href":"https:\/\/www.hydraulic-cylinders.net\/nb\/wp-json\/wp\/v2\/product\/15875","targetHints":{"allow":["GET"]}}],"collection":[{"href":"https:\/\/www.hydraulic-cylinders.net\/nb\/wp-json\/wp\/v2\/product"}],"about":[{"href":"https:\/\/www.hydraulic-cylinders.net\/nb\/wp-json\/wp\/v2\/types\/product"}],"replies":[{"embeddable":true,"href":"https:\/\/www.hydraulic-cylinders.net\/nb\/wp-json\/wp\/v2\/comments?post=15875"}],"wp:featuredmedia":[{"embeddable":true,"href":"https:\/\/www.hydraulic-cylinders.net\/nb\/wp-json\/wp\/v2\/media\/14776"}],"wp:attachment":[{"href":"https:\/\/www.hydraulic-cylinders.net\/nb\/wp-json\/wp\/v2\/media?parent=15875"}],"wp:term":[{"taxonomy":"product_brand","embeddable":true,"href":"https:\/\/www.hydraulic-cylinders.net\/nb\/wp-json\/wp\/v2\/product_brand?post=15875"},{"taxonomy":"product_cat","embeddable":true,"href":"https:\/\/www.hydraulic-cylinders.net\/nb\/wp-json\/wp\/v2\/product_cat?post=15875"},{"taxonomy":"product_tag","embeddable":true,"href":"https:\/\/www.hydraulic-cylinders.net\/nb\/wp-json\/wp\/v2\/product_tag?post=15875"}],"curies":[{"name":"wp","href":"https:\/\/api.w.org\/{rel}","templated":true}]}}