{"id":15882,"date":"2025-01-19T15:06:59","date_gmt":"2025-01-19T15:06:59","guid":{"rendered":"https:\/\/www.hydraulic-cylinders.net\/product\/bucket-cylinder-for-volwa-small-excavator-dls130-9\/"},"modified":"2025-01-19T15:07:05","modified_gmt":"2025-01-19T15:07:05","slug":"bucket-cylinder-for-volwa-small-excavator-dls130-9","status":"publish","type":"product","link":"https:\/\/www.hydraulic-cylinders.net\/nb\/produkt\/bucket-cylinder-for-volwa-small-excavator-dls130-9\/","title":{"rendered":"Skuffesylinder for Volwa liten gravemaskin DLS130-9"},"content":{"rendered":"<h1>Skuffesylinder for Volwa liten gravemaskin DLS130-9<\/h1>\n<h2>Introduksjon<\/h2>\n<p>En skuffesylinder er en spesialdesignet hydraulisk sylinder som prim\u00e6rt brukes til \u00e5 kontrollere bevegelsen til skuffen i tunge maskiner som gravemaskiner, traktorgravere og frontlastere. Hovedfunksjonen er \u00e5 gj\u00f8re det mulig \u00e5 l\u00f8fte, senke og tilte skuffen, noe som gj\u00f8r det enklere \u00e5 h\u00e5ndtere ulike materialh\u00e5ndteringsoppgaver. I det hydrauliske systemet kontrollerer skuffesylindere de presise bevegelsene til skuffen ved hjelp av trykkendringene i hydraulikkoljen, slik at operat\u00f8rer kan h\u00e5ndtere tunge laster effektivt, tilpasse seg komplekse arbeidsmilj\u00f8er og ulike driftskrav.<\/p>\n<p><img decoding=\"async\" src=\"https:\/\/www.hydraulic-cylinders.net\/wp-content\/uploads\/2025\/01\/songte-company-2.webp\"><\/p>\n<h2>Funksjoner<\/h2>\n<ul>\n<li>H\u00f8y styrke og holdbarhet: Den er vanligvis laget av h\u00f8yfast st\u00e5l eller aluminium, t\u00e5ler h\u00f8yt trykk og tunge belastninger, og er designet for slitestyrke og korrosjonsbestandighet, noe som forlenger levetiden.<\/li>\n<li>Effektiv hydraulisk drift: Ved \u00e5 bruke trykket fra hydraulikkoljen for \u00e5 oppn\u00e5 jevn ekspansjon og sammentrekning, kan den reagere raskt p\u00e5 driftskommandoer, gi kraftige skyve- og trekkekrefter, og er egnet for h\u00e5ndtering av tunge belastninger og komplekse driftsoppgaver.<\/li>\n<li>Ulike typer: Enkeltvirkende (hydraulisk brukes kun i \u00e9n retning) eller dobbeltvirkende (hydraulisk brukes i begge retninger) sylindere kan velges i henhold til driftsbehov. Noen modeller er teleskopiske, noe som gir st\u00f8rre uttrekk uten \u00e5 \u00f8ke de ytre m\u00e5lene, egnet for bruksomr\u00e5der med begrenset plass.<\/li>\n<li>Tilpassbar: Vi kan produsere dette produktet, og produktet v\u00e5rt kan erstatte disse hydrauliske sylindrene perfekt.<\/li>\n<\/ul>\n<p><img decoding=\"async\" src=\"https:\/\/www.hydraulic-cylinders.net\/wp-content\/uploads\/2025\/01\/songte-cylinder-head-with-all-kinds-excavator-models.webp\"><\/p>\n<h2>Bruksomr\u00e5der<\/h2>\n<p>B\u00f8ttesylindere er mye brukt i diverse tungt utstyr, inkludert:<\/p>\n<ul>\n<li>Anleggsutstyr: I gravemaskiner er de viktige for utgraving, lasting og flytting av jord eller rusk. I gravemaskiner hjelper b\u00f8ttesylindere med utgraving og l\u00f8fting. <\/li>\n<li>Landbruksmaskiner: Brukes i frontlastere til \u00e5 utarbeide, l\u00f8fte og transportere jord, h\u00f8y og andre materialer.<\/li>\n<li>Gravemaskiner: Skuffesylindere tillater graveaksjonen ved \u00e5 la skuffen trenge ned i jorden.<\/li>\n<li>Lastere: I frontlastere bidrar de til \u00e5 l\u00f8fte og dumpe last effektivt.<\/li>\n<\/ul>\n<p>Hver applikasjon kan utvides og beskrives mer detaljert, med en n\u00f8kkelordbeskrivelse p\u00e5 ikke mindre enn 200 ord.<\/p>\n<h2>Designhensyn<\/h2>\n<p>Ved utforming av b\u00f8ttesylindere b\u00f8r f\u00f8lgende hensyn tas i betraktning:<\/p>\n<ul>\n<li>B\u00e6reevne: T\u00e5ler sylinderen den forventede belastningen?<\/li>\n<li>Tetting: Riktige tetninger for \u00e5 forhindre lekkasjer og forurensning av hydrauliske v\u00e6sker.<\/li>\n<li>Holdbarhet: Sylinderen b\u00f8r v\u00e6re konstruert for \u00e5 motst\u00e5 slitasje og korrosjon.<\/li>\n<li>Sikkerhet: Det m\u00e5 iverksettes n\u00f8dvendige sikkerhetstiltak for \u00e5 beskytte operat\u00f8rer og utstyr.<\/li>\n<li>Vedlikeholdbarhet: Sylinderen skal v\u00e6re lett \u00e5 vedlikeholde og reparere.<\/li>\n<\/ul>\n<p><img decoding=\"async\" src=\"https:\/\/www.hydraulic-cylinders.net\/wp-content\/uploads\/2025\/01\/songte-oil-pipes-and-spare-parts.webp\"><\/p>\n<h2>Tetting og sm\u00f8ring<\/h2>\n<p>B\u00f8ttesylindere bruker forskjellige tetninger, som stempeltetninger, stangtetninger osv. Tetninger er laget av slitesterke materialer som polyuretan og nitrilgummi, og sylinderhuset og gjengede endeflater er raffinert for \u00e5 forbedre slitestyrken. Regelmessig sm\u00f8ring med hydraulikkolje er n\u00f8dvendig for \u00e5 sikre jevn drift av sylinderen.<\/p>\n<h2>Inspeksjon og vedlikehold<\/h2>\n<p>Regelmessig inspeksjon og forebyggende vedlikeholdstiltak b\u00f8r iverksettes for \u00e5 sikre at b\u00f8ttesylindrene varer lenge. Vedlikeholdsoppgaver inkluderer:<\/p>\n<ul>\n<li>Regelmessig inspeksjon<\/li>\n<li>Riktig sm\u00f8ring<\/li>\n<li>Utskifting av pakning<\/li>\n<li>Kalibreringskontroll<\/li>\n<\/ul>\n<p>Viktigheten av riktig installasjon, sm\u00f8ring og justering b\u00f8r vektlegges under installasjon. Riktig justeringsveiledning og bruk av passende installasjonsbraketter for \u00e5 feste sylinderen anbefales. Anbefalte inspeksjons-, reparasjons- og utskiftingsprosedyrer b\u00f8r gis, sammen med tips for \u00e5 \u00f8ke levetiden til b\u00f8ttesylindere.<\/p>\n<p><img decoding=\"async\" src=\"https:\/\/www.hydraulic-cylinders.net\/wp-content\/uploads\/2025\/01\/songte-chushion-collar.webp\"><\/p>\n<h2>Sikkerhets- og milj\u00f8hensyn<\/h2>\n<p>Ved bruk av b\u00f8ttesylindere b\u00f8r sikkerhetstiltak tas, og milj\u00f8faktorer b\u00f8r vurderes. Riktig sikkerhetsutstyr, som vernekl\u00e6r og hjelmer, b\u00f8r brukes under drift. Avfallsmaterialer b\u00f8r kastes p\u00e5 riktig m\u00e5te og i henhold til milj\u00f8forskrifter.<\/p>\n<h2>Vanlige problemer og feils\u00f8king<\/h2>\n<p>Vanlige problemer som kan oppst\u00e5 med b\u00f8ttesylindere inkluderer lekkasje, redusert ytelse og skadede tetninger. For \u00e5 l\u00f8se disse problemene b\u00f8r det iverksettes riktige feils\u00f8kingstiltak, inkludert kontroll av lekkasjer, verifisering av riktig sm\u00f8ring og inspeksjon av tetninger. Forebyggende tiltak, som riktig sm\u00f8ring og utskifting av tetninger, kan bidra til \u00e5 minimere potensielle problemer.<\/p>\n<p><img decoding=\"async\" src=\"https:\/\/www.hydraulic-cylinders.net\/wp-content\/uploads\/2025\/01\/songte-bushings-with-all-kinds-of-excavator-models.webp\"><\/p>\n<h2>Om selskapet v\u00e5rt<\/h2>\n<p>Vi er en produsent av hydrauliske sylindere og en ledende produsent og grossist av hydrauliske sylindere i innenlandske og utenlandske markeder. Vi f\u00f8lger prinsippet om utmerket kvalitet og stoler p\u00e5 den industrialiserte produksjonsstyringsstrategien til det sofistikerte produksjonsverkstedet. Vi forbedrer stadig produksjonsplattformen til verkstedet, forbedrer kvaliteten p\u00e5 produktets produksjonsrute og har sterk kreativ evne. Vi m\u00f8ter kundenes ulike behov med prinsippene om h\u00f8y effektivitet, h\u00f8y presisjon og h\u00f8y kvalitet.<\/p>\n<p>Vi tilbyr profesjonelle, internasjonalt sertifiserte, tilpassede tjenester, og produksjonsutstyret v\u00e5rt er toppmoderne. Vi tilbyr ettersalgstjenester og leverer reservedeler og ombyggingstjenester for \u00e5 \u00f8ke levetiden til produktene v\u00e5re.<\/p>\n<p><img decoding=\"async\" src=\"https:\/\/hzpt.com\/wp-content\/uploads\/2024\/11\/songte-company-1.webp\"><\/p>\n<p>Forfatter lyl<\/p>","protected":false},"excerpt":{"rendered":"<p>Bucket Cylinder For Volwa Small Excavator DLS130-9 Introduction A bucket cylinder is a specifically designed hydraulic cylinder primarily used to control the movement of the bucket in heavy machinery such as excavators, backhoe excavators, and front-end loaders. Its main function is to enable the bucket to lift, lower and tilt, making it easier to handle [&hellip;]<\/p>","protected":false},"featured_media":14789,"comment_status":"open","ping_status":"closed","template":"","meta":{"_et_pb_use_builder":"","_et_pb_old_content":"","_et_gb_content_width":""},"product_brand":[],"product_cat":[1494],"product_tag":[1495,1496],"class_list":{"0":"post-15882","1":"product","2":"type-product","3":"status-publish","4":"has-post-thumbnail","6":"product_cat-bucket-cylinders","7":"product_tag-bucket-cylinders","8":"product_tag-hydraulic-cylinders","10":"first","11":"instock","12":"shipping-taxable","13":"product-type-simple"},"amp_enabled":true,"_links":{"self":[{"href":"https:\/\/www.hydraulic-cylinders.net\/nb\/wp-json\/wp\/v2\/product\/15882","targetHints":{"allow":["GET"]}}],"collection":[{"href":"https:\/\/www.hydraulic-cylinders.net\/nb\/wp-json\/wp\/v2\/product"}],"about":[{"href":"https:\/\/www.hydraulic-cylinders.net\/nb\/wp-json\/wp\/v2\/types\/product"}],"replies":[{"embeddable":true,"href":"https:\/\/www.hydraulic-cylinders.net\/nb\/wp-json\/wp\/v2\/comments?post=15882"}],"wp:featuredmedia":[{"embeddable":true,"href":"https:\/\/www.hydraulic-cylinders.net\/nb\/wp-json\/wp\/v2\/media\/14789"}],"wp:attachment":[{"href":"https:\/\/www.hydraulic-cylinders.net\/nb\/wp-json\/wp\/v2\/media?parent=15882"}],"wp:term":[{"taxonomy":"product_brand","embeddable":true,"href":"https:\/\/www.hydraulic-cylinders.net\/nb\/wp-json\/wp\/v2\/product_brand?post=15882"},{"taxonomy":"product_cat","embeddable":true,"href":"https:\/\/www.hydraulic-cylinders.net\/nb\/wp-json\/wp\/v2\/product_cat?post=15882"},{"taxonomy":"product_tag","embeddable":true,"href":"https:\/\/www.hydraulic-cylinders.net\/nb\/wp-json\/wp\/v2\/product_tag?post=15882"}],"curies":[{"name":"wp","href":"https:\/\/api.w.org\/{rel}","templated":true}]}}