{"id":15898,"date":"2025-01-19T15:08:16","date_gmt":"2025-01-19T15:08:16","guid":{"rendered":"https:\/\/www.hydraulic-cylinders.net\/product\/bucket-cylinder-for-volwa-cane-unloader-dls100-9a\/"},"modified":"2025-01-19T15:08:18","modified_gmt":"2025-01-19T15:08:18","slug":"bucket-cylinder-for-volwa-cane-unloader-dls100-9a","status":"publish","type":"product","link":"https:\/\/www.hydraulic-cylinders.net\/nb\/produkt\/bucket-cylinder-for-volwa-cane-unloader-dls100-9a\/","title":{"rendered":"Skuffesylinder for Volwa-r\u00f8ravlaster DLS100-9A"},"content":{"rendered":"<h1>Skuffesylinder for Volwa-r\u00f8ravlaster DLS100-9A<\/h1>\n<h2>Introduksjon<\/h2>\n<p>Skuffesylinderen er en spesialdesignet hydraulisk sylinder som brukes til \u00e5 kontrollere bevegelsen til skuffen i tunge maskiner som gravemaskiner, traktorgravere og frontlastere. Hovedfunksjonen er \u00e5 muliggj\u00f8re l\u00f8fting, senking og tilting av skuffen for ulike materialh\u00e5ndteringsoppgaver. I et hydraulisk system oppn\u00e5r skuffesylinderen presis kontroll over skuffen ved \u00e5 utnytte endringer i hydraulikkoljetrykket, slik at operat\u00f8rer effektivt kan h\u00e5ndtere tunge laster og tilpasse seg komplekse arbeidsmilj\u00f8er og ulike jobbkrav.<\/p>\n<p><img decoding=\"async\" src=\"https:\/\/www.hydraulic-cylinders.net\/wp-content\/uploads\/2025\/01\/songte-company-2.webp\" alt=\"Bilde av b\u00f8ttesylinder\"><\/p>\n<h2>Funksjoner<\/h2>\n<ul>\n<li>H\u00f8y styrke og holdbarhet: B\u00f8ttesylinderen er vanligvis laget av h\u00f8yfast st\u00e5l eller aluminium, og t\u00e5ler h\u00f8yt trykk og tunge belastninger, og tilpasser seg t\u00f8ffe arbeidsmilj\u00f8er. Designet tar hensyn til slitestyrke og korrosjonsbestandighet, noe som forlenger levetiden.<\/li>\n<li>Effektiv hydraulisk drift: Ved \u00e5 utnytte hydraulisk oljetrykk oppn\u00e5r skuffesylinderen jevne forlengelses- og inntrekksbevegelser, noe som muliggj\u00f8r rask respons p\u00e5 kontrollkommandoer og gir kraftige skyve- og trekkkrefter, egnet for h\u00e5ndtering av tunge belastninger og komplekse oppgaver.<\/li>\n<li>Ulike typer: Skuffesylindere kan velges som enkeltvirkende (hydraulisk brukt kun i \u00e9n retning) eller dobbeltvirkende (hydraulisk brukt i begge retninger) sylindere for \u00e5 m\u00f8te ulike driftsbehov. Noen modeller er teleskopiske, noe som gir st\u00f8rre forlengelse uten \u00e5 \u00f8ke de ytre m\u00e5lene, noe som gj\u00f8r dem egnet for bruksomr\u00e5der med begrenset plass.<\/li>\n<li>Perfekt erstatning: Produktene v\u00e5re kan erstatte eksisterende hydrauliske sylindere perfekt, og gir en p\u00e5litelig l\u00f8sning for ulike bruksomr\u00e5der.<\/li>\n<\/ul>\n<p><img decoding=\"async\" src=\"https:\/\/www.hydraulic-cylinders.net\/wp-content\/uploads\/2025\/01\/songte-cylinder-head-with-all-kinds-excavator-models.webp\" alt=\"Bilde av erstatningssylinder\"><\/p>\n<h2>Bruksomr\u00e5der<\/h2>\n<p>B\u00f8ttesylindere brukes ofte i f\u00f8lgende utstyr:<\/p>\n<h3>Anleggsutstyr:<\/h3>\n<p>I gravemaskiner er de viktige for utgraving, lasting og materialflytting. I gravemaskiner hjelper skuffesylindre med b\u00e5de graving og l\u00f8fting.<\/p>\n<h3>Landbruksmaskiner:<\/h3>\n<p>De brukes i frontlastere, og h\u00e5ndterer utgraving, l\u00f8fting og transport av jord, h\u00f8y og andre materialer.<\/p>\n<h3>Gravemaskiner:<\/h3>\n<p>Skuffesylindere muliggj\u00f8r graveaksjoner ved \u00e5 la skuffen trenge ned i jorden.<\/p>\n<h3>Lastere:<\/h3>\n<p>I frontlastere hjelper de med effektiv l\u00f8fting og lossing av varer.<\/p>\n<p><img decoding=\"async\" src=\"https:\/\/www.hydraulic-cylinders.net\/wp-content\/uploads\/2025\/01\/songte-bushings-with-all-kinds-of-excavator-models.webp\" alt=\"Bruksomr\u00e5der for sylinderbilde\"><\/p>\n<h2>Designhensyn og utvalgskriterier<\/h2>\n<p>N\u00e5r man designer b\u00f8ttesylindere, m\u00e5 man vurdere flere faktorer:<\/p>\n<ul>\n<li>B\u00e6reevne: Sylinderen skal v\u00e6re konstruert for \u00e5 t\u00e5le den tiltenkte belastningen uten \u00e5 svikte.<\/li>\n<li>Tetting: Ulike tetningskomponenter, som stempeltetninger og stangtetninger, b\u00f8r brukes for \u00e5 sikre riktig tetting og forhindre oljelekkasje.<\/li>\n<li>Holdbarhet: Sylinderen skal v\u00e6re slitesterk og motstandsdyktig mot slitasje, noe som sikrer lang levetid.<\/li>\n<li>Sikkerhet: Sikkerhetsfunksjoner b\u00f8r innlemmes i sylinderens design for \u00e5 forhindre ulykker og sikre operat\u00f8rbeskyttelse.<\/li>\n<li>Vedlikeholdsvennlighet: Sylinderen b\u00f8r v\u00e6re konstruert for enkelt vedlikehold, slik at det er enkelt \u00e5 inspisere, reparere og utskifte komponenter.<\/li>\n<\/ul>\n<p><img decoding=\"async\" src=\"https:\/\/www.hydraulic-cylinders.net\/wp-content\/uploads\/2025\/01\/songte-oil-pipes-and-spare-parts.webp\" alt=\"Designhensyn Bilde\"><\/p>\n<h2>Tetting og sm\u00f8ring<\/h2>\n<p>B\u00f8ttesylinderen benytter ulike tetningskomponenter, inkludert stempeltetninger og stangtetninger. Disse tetningene er laget av slitesterke materialer som polyuretan og nitrilgummi. Sylinderhuset og gjengede ender er fint behandlet for \u00e5 forbedre slitestyrken. Regelmessig sm\u00f8ring med riktig mengde hydraulikkolje er n\u00f8dvendig for \u00e5 sikre jevn drift og forlenge sylinderens levetid.<\/p>\n<h2>Regelmessig inspeksjon og forebyggende vedlikehold<\/h2>\n<p>For \u00e5 opprettholde optimal ytelse er regelmessige inspeksjoner og forebyggende vedlikehold avgj\u00f8rende. Her er noen anbefalte tiltak:<\/p>\n<ul>\n<li>Inspiser sylinderen for tegn p\u00e5 skade eller slitasje.<\/li>\n<li>S\u00f8rg for riktig sm\u00f8ring av alle bevegelige deler.<\/li>\n<li>Skift ut slitte eller skadede pakninger for \u00e5 forhindre oljelekkasje.<\/li>\n<li>Utf\u00f8r kalibreringskontroller for \u00e5 sikre n\u00f8yaktig drift.<\/li>\n<\/ul>\n<p><img decoding=\"async\" src=\"https:\/\/www.hydraulic-cylinders.net\/wp-content\/uploads\/2025\/01\/songte-chushion-collar.webp\" alt=\"Vedlikeholdstips-bilde\"><\/p>\n<h2>Sikkerhetshensyn og milj\u00f8faktorer<\/h2>\n<p>N\u00e5r man bruker b\u00f8ttesylindere, er det viktig \u00e5 prioritere sikkerhetstiltak for \u00e5 forhindre ulykker og sikre f\u00f8rerens velv\u00e6re. Det er avgj\u00f8rende \u00e5 f\u00f8lge sikkerhetsprotokoller og retningslinjer for \u00e5 opprettholde et trygt arbeidsmilj\u00f8. I tillegg er det viktig \u00e5 ta hensyn til milj\u00f8faktorer som riktig avhending av hydrauliske v\u00e6sker og overholdelse av milj\u00f8forskrifter for b\u00e6rekraftig drift.<\/p>\n<h2>Feils\u00f8king og vanlige problemer<\/h2>\n<p>Brukere av b\u00f8ttesylindere kan st\u00f8te p\u00e5 diverse problemer. Her er noen tips og l\u00f8sninger for feils\u00f8king:<\/p>\n<ul>\n<li>Hvis sylinderen ikke utvides eller trekkes tilbake, sjekk for lekkasjer av hydraulikkolje og s\u00f8rg for at oljeniv\u00e5et er riktig.<\/li>\n<li>Hvis sylinderen g\u00e5r sakte, sjekk for begrensninger i det hydrauliske systemet og s\u00f8rg for at oljen har riktig temperatur.<\/li>\n<li>Hvis det er for mye st\u00f8y under drift, m\u00e5 du inspisere for l\u00f8se eller slitte komponenter og stram eller skift ut etter behov.<\/li>\n<\/ul>\n<p><img decoding=\"async\" src=\"https:\/\/www.hydraulic-cylinders.net\/wp-content\/uploads\/2025\/01\/songte-company-1.webp\" alt=\"Bilde av feils\u00f8kingstips\"><\/p>\n<h2>Selskapsoversikt<\/h2>\n<p>Vi er en ledende produsent og grossistdistribut\u00f8r av hydrauliske sylindere, og spesialiserer oss p\u00e5 \u00e5 tilby erstatningsl\u00f8sninger. V\u00e5rt omfattende produktsortiment har gjort oss til et p\u00e5litelig navn i det innenlandske og internasjonale markedet. Med fokus p\u00e5 kvalitet og bruk av avanserte produksjonsanlegg forbedrer vi kontinuerlig v\u00e5re produksjonsplattformer, og sikrer h\u00f8y effektivitet, presisjon og kvalitet for \u00e5 m\u00f8te ulike kundebehov.<\/p>\n<p><img decoding=\"async\" src=\"https:\/\/www.hydraulic-cylinders.net\/wp-content\/uploads\/2025\/01\/songte-company-3.webp\" alt=\"Selskapets image\"><\/p>\n<p>V\u00e5rt selskap skiller seg ut n\u00e5r det gjelder:<\/p>\n<ul>\n<li>Profesjonalitet<\/li>\n<li>Internasjonale sertifiseringer<\/li>\n<li>Tilpasningstjenester<\/li>\n<li>Toppmoderne produksjonsutstyr<\/li>\n<li>Ettersalgstjenester<\/li>\n<\/ul>\n<p>Vi er stolte av \u00e5 levere f\u00f8rsteklasses produkter og tjenester. Samarbeid med oss \u200b\u200bfor alle dine behov for hydrauliske sylindere.<\/p>\n<p>Forfatter: lyl<\/p>","protected":false},"excerpt":{"rendered":"<p>Bucket Cylinder For Volwa Cane Unloader DLS100-9A Introduction The bucket cylinder is a specially designed hydraulic cylinder used to control the movement of the bucket in heavy machinery such as excavators, backhoe loaders, and front loaders. Its main function is to enable the lifting, lowering, and tilting of the bucket for various material handling tasks. [&hellip;]<\/p>","protected":false},"featured_media":14788,"comment_status":"open","ping_status":"closed","template":"","meta":{"_et_pb_use_builder":"","_et_pb_old_content":"","_et_gb_content_width":""},"product_brand":[],"product_cat":[1494],"product_tag":[1495,1496],"class_list":{"0":"post-15898","1":"product","2":"type-product","3":"status-publish","4":"has-post-thumbnail","6":"product_cat-bucket-cylinders","7":"product_tag-bucket-cylinders","8":"product_tag-hydraulic-cylinders","10":"first","11":"instock","12":"shipping-taxable","13":"product-type-simple"},"amp_enabled":true,"_links":{"self":[{"href":"https:\/\/www.hydraulic-cylinders.net\/nb\/wp-json\/wp\/v2\/product\/15898","targetHints":{"allow":["GET"]}}],"collection":[{"href":"https:\/\/www.hydraulic-cylinders.net\/nb\/wp-json\/wp\/v2\/product"}],"about":[{"href":"https:\/\/www.hydraulic-cylinders.net\/nb\/wp-json\/wp\/v2\/types\/product"}],"replies":[{"embeddable":true,"href":"https:\/\/www.hydraulic-cylinders.net\/nb\/wp-json\/wp\/v2\/comments?post=15898"}],"wp:featuredmedia":[{"embeddable":true,"href":"https:\/\/www.hydraulic-cylinders.net\/nb\/wp-json\/wp\/v2\/media\/14788"}],"wp:attachment":[{"href":"https:\/\/www.hydraulic-cylinders.net\/nb\/wp-json\/wp\/v2\/media?parent=15898"}],"wp:term":[{"taxonomy":"product_brand","embeddable":true,"href":"https:\/\/www.hydraulic-cylinders.net\/nb\/wp-json\/wp\/v2\/product_brand?post=15898"},{"taxonomy":"product_cat","embeddable":true,"href":"https:\/\/www.hydraulic-cylinders.net\/nb\/wp-json\/wp\/v2\/product_cat?post=15898"},{"taxonomy":"product_tag","embeddable":true,"href":"https:\/\/www.hydraulic-cylinders.net\/nb\/wp-json\/wp\/v2\/product_tag?post=15898"}],"curies":[{"name":"wp","href":"https:\/\/api.w.org\/{rel}","templated":true}]}}