{"id":15906,"date":"2025-01-19T15:08:48","date_gmt":"2025-01-19T15:08:48","guid":{"rendered":"https:\/\/www.hydraulic-cylinders.net\/product\/bucket-cylinder-for-wacker-e6003\/"},"modified":"2025-01-19T15:08:53","modified_gmt":"2025-01-19T15:08:53","slug":"bucket-cylinder-for-wacker-e6003","status":"publish","type":"product","link":"https:\/\/www.hydraulic-cylinders.net\/nb\/produkt\/bucket-cylinder-for-wacker-e6003\/","title":{"rendered":"Skuffesylinder for Wacker E6003"},"content":{"rendered":"<h2>Skuffesylinder for Wacker E6003<\/h2>\n<h3>Introduksjon<\/h3>\n<p>En skuffesylinder for Wacker E6003 er en spesialdesignet hydraulisk sylinder som prim\u00e6rt brukes til \u00e5 kontrollere bevegelsen til skuffen i tunge maskiner som gravemaskiner, traktorgravere og frontlastere. Hovedfunksjonen er \u00e5 la skuffen bevege seg opp, ned og tilte, noe som gj\u00f8r det enkelt \u00e5 transportere forskjellige materialer. I det hydrauliske systemet oppn\u00e5r skuffesylinderen presis kontroll over skuffen gjennom endringer i hydraulikkoljetrykket, slik at operat\u00f8rer kan h\u00e5ndtere tunge laster effektivt, tilpasse seg komplekse arbeidsmilj\u00f8er og ulike driftskrav.<\/p>\n<div>\n  <img decoding=\"async\" src=\"https:\/\/www.hydraulic-cylinders.net\/wp-content\/uploads\/2025\/01\/songte-company-2.webp\" alt=\"Skuffesylinder for Wacker E6003\">\n<\/div>\n<h3>Funksjoner<\/h3>\n<ul>\n<li><strong>H\u00f8y styrke og holdbarhet:<\/strong> Skuffesylinderen er vanligvis laget av h\u00f8yfast st\u00e5l eller aluminium, og t\u00e5ler h\u00f8yt trykk og tunge belastninger, samtidig som den er designet med slitestyrke og korrosjonsbestandighet i tankene, noe som forlenger levetiden.<\/li>\n<li><strong>Effektiv hydraulisk drift:<\/strong> Ved \u00e5 bruke hydraulisk oljetrykk for \u00e5 oppn\u00e5 jevn forlengelse og inntrekking, reagerer skuffesylinderen raskt p\u00e5 kontrollkommandoer og gir kraftig skyve- og trekkekraft, egnet for h\u00e5ndtering av tunge gjenstander og komplekse oppgaver.<\/li>\n<li><strong>Ulike typer:<\/strong> Skuffesylindere kan velges i henhold til enkeltvirkende (hydraulikk brukes kun i \u00e9n retning) eller dobbeltvirkende (hydraulikk brukes i begge retninger), samt noen modeller som er teleskopiske, noe som gir st\u00f8rre forlengelse uten \u00e5 \u00f8ke den utvendige st\u00f8rrelsen, egnet for applikasjoner med begrenset plass.<\/li>\n<li><strong>Utskiftbar:<\/strong> V\u00e5re b\u00f8ttesylindere kan perfekt erstatte disse hydrauliske sylindrene.<\/li>\n<li><strong>Tilpassbar:<\/strong> V\u00e5rt firma kan produsere ulike st\u00f8rrelser og typer b\u00f8ttesylindere i henhold til kundens krav.<\/li>\n<\/ul>\n<div>\n  <img decoding=\"async\" src=\"https:\/\/www.hydraulic-cylinders.net\/wp-content\/uploads\/2025\/01\/songte-cylinder-head-with-all-kinds-excavator-models.webp\" alt=\"Skuffesylinder for Wacker E6003\">\n<\/div>\n<h3>Bruksomr\u00e5der<\/h3>\n<p>B\u00f8ttesylinderen er mye brukt i ulike bransjer og maskiner, for eksempel:<\/p>\n<ul>\n<li><strong>Anleggsutstyr:<\/strong> I gravemaskiner er de avgj\u00f8rende for graving, lasting og flytting av jord eller rusk. I gravemaskiner hjelper skuffesylinderen med graving og l\u00f8fting.<\/li>\n<li><strong>Landbruksmaskiner:<\/strong> Brukes i frontlastere til \u00e5 utarbeide, l\u00f8fte og transportere jord, h\u00f8y og andre materialer.<\/li>\n<li><strong>Gravemaskiner:<\/strong> Skuffesylinderen muliggj\u00f8r graving ved \u00e5 la skuffen trenge ned i jorden.<\/li>\n<li><strong>Lastere:<\/strong> I frontlastere hjelper de med \u00e5 l\u00f8fte og tippe last effektivt.<\/li>\n<\/ul>\n<h3>Designhensyn og utvalgskriterier<\/h3>\n<p>B\u00f8ttesylindere er designet med ulike faktorer i tankene, for eksempel:<\/p>\n<ul>\n<li><strong>B\u00e6reevne:<\/strong> Sylinderen skal kunne b\u00e6re vekten av lasten.<\/li>\n<li><strong>Tetting:<\/strong> Tetting er avgj\u00f8rende for \u00e5 hindre at hydraulikkoljen lekker og ogs\u00e5 for \u00e5 beskytte sylinderen mot forurensning.<\/li>\n<li><strong>Varighet:<\/strong> Sylinderen b\u00f8r v\u00e6re laget av materialer av h\u00f8y kvalitet som t\u00e5ler t\u00f8ffe forhold og har lang levetid.<\/li>\n<li><strong>Sikkerhet:<\/strong> Sikkerhetsfunksjoner b\u00f8r inkluderes i designet for \u00e5 forhindre ulykker og skader.<\/li>\n<li><strong>Vedlikehold:<\/strong> Sylinderen b\u00f8r v\u00e6re enkel \u00e5 vedlikeholde og reparere for \u00e5 minimere nedetid.<\/li>\n<\/ul>\n<div>\n  <img decoding=\"async\" src=\"https:\/\/www.hydraulic-cylinders.net\/wp-content\/uploads\/2025\/01\/songte-oil-pipes-and-spare-parts.webp\" alt=\"Skuffesylinder for Wacker E6003\">\n<\/div>\n<h3>Tetting og sm\u00f8ring<\/h3>\n<p>B\u00f8ttesylindere bruker forskjellige tetninger, som stempeltetninger, stangtetninger og viskertetninger, laget av slitesterke materialer som polyuretan og nitrilgummi. Sylinderhuset og gjengeenden er fint bearbeidet for \u00e5 forbedre slitestyrken. Regelmessig vedlikehold og riktig sm\u00f8ring er avgj\u00f8rende for \u00e5 sikre sylinderens levetid og ytelse.<\/p>\n<h3>Vedlikehold og reparasjon<\/h3>\n<p>Regelmessig inspeksjon, riktig sm\u00f8ring, utskifting av pakninger og kalibreringskontroller er vanlige vedlikeholdsoppgaver for b\u00f8ttesylindere. Riktig installasjon og justering av sylinderen er avgj\u00f8rende, og passende monteringsbraketter b\u00f8r brukes for \u00e5 sikre sylinderen. Anbefalte inspeksjons-, reparasjons- og utskiftingsprosedyrer b\u00f8r f\u00f8lges for optimal bruk og levetid p\u00e5 b\u00f8ttesylinderen.<\/p>\n<div>\n  <img decoding=\"async\" src=\"https:\/\/www.hydraulic-cylinders.net\/wp-content\/uploads\/2025\/01\/songte-chushion-collar.webp\" alt=\"Skuffesylinder for Wacker E6003\">\n<\/div>\n<h3>Sikkerhets- og milj\u00f8hensyn<\/h3>\n<p>Sikkerhetstiltak er avgj\u00f8rende ved bruk av b\u00f8ttesylindere. Operat\u00f8rer b\u00f8r f\u00f8lge riktige sikkerhetsretningslinjer og bruke passende personlig verneutstyr. Milj\u00f8hensyn b\u00f8r ogs\u00e5 tas i betraktning, for eksempel bruk av milj\u00f8vennlig hydraulikkolje og riktig avhending av brukt olje.<\/p>\n<h3>Feildiagnose og feils\u00f8king<\/h3>\n<p>Vanlige problemer med b\u00f8ttesylindere inkluderer lekkasjer, d\u00e5rlig ytelse og skade p\u00e5 sylinderen. Feils\u00f8kingstips og l\u00f8sninger b\u00f8r gis for \u00e5 hjelpe leserne med \u00e5 diagnostisere og l\u00f8se problemer effektivt. Forebyggende tiltak b\u00f8r ogs\u00e5 foresl\u00e5s for \u00e5 minimere potensielle problemer.<\/p>\n<div>\n  <img decoding=\"async\" src=\"https:\/\/www.hydraulic-cylinders.net\/wp-content\/uploads\/2025\/01\/songte-bushings-with-all-kinds-of-excavator-models.webp\" alt=\"Skuffesylinder for Wacker E6003\">\n<\/div>\n<h3>Om selskapet v\u00e5rt<\/h3>\n<p>Vi er en produsent av hydrauliske sylindere for utskifting, med et komplett produktsortiment, og er n\u00e5 en av de ledende produsentene og grossistdistribut\u00f8rene av hydrauliske sylindere i innenlandske og utenlandske markeder. Vi f\u00f8lger prinsippet om utmerket kvalitet og stoler p\u00e5 den industrielle produksjonsstyringsstrategien til finproduksjonsverksteder. V\u00e5rt selskap forbedrer kontinuerlig produksjonsplattformen til verkstedet, perfeksjonerer produksjonsruten for produktkvalitet og har sterk kreativ evne til \u00e5 m\u00f8te kundenes ulike behov med h\u00f8y effektivitet, h\u00f8y presisjon og h\u00f8y kvalitet. <\/p>\n<p>V\u00e5rt firma tilbyr profesjonelle tjenester som spenner fra internasjonale sertifiseringer til tilpassede tjenester, avansert produksjonsutstyr og ettersalgsservice.<\/p>\n<div>\n  <img decoding=\"async\" src=\"https:\/\/hzpt.com\/wp-content\/uploads\/2024\/11\/songte-company-1.webp\" alt=\"Skuffesylinder for Wacker E6003\">\n<\/div>\n<p>Forfatter: lyl.<\/p>","protected":false},"excerpt":{"rendered":"<p>Bucket Cylinder For Wacker E6003 Introduction A bucket cylinder for Wacker E6003 is a specially designed hydraulic cylinder used primarily to control the movement of the bucket in heavy machinery such as excavators, backhoe loaders, and front loaders. Its main function is to allow the bucket to move up, down, and tilt, making it easy [&hellip;]<\/p>","protected":false},"featured_media":14773,"comment_status":"open","ping_status":"closed","template":"","meta":{"_et_pb_use_builder":"","_et_pb_old_content":"","_et_gb_content_width":""},"product_brand":[],"product_cat":[1494],"product_tag":[1495,1496],"class_list":{"0":"post-15906","1":"product","2":"type-product","3":"status-publish","4":"has-post-thumbnail","6":"product_cat-bucket-cylinders","7":"product_tag-bucket-cylinders","8":"product_tag-hydraulic-cylinders","10":"first","11":"instock","12":"shipping-taxable","13":"product-type-simple"},"amp_enabled":true,"_links":{"self":[{"href":"https:\/\/www.hydraulic-cylinders.net\/nb\/wp-json\/wp\/v2\/product\/15906","targetHints":{"allow":["GET"]}}],"collection":[{"href":"https:\/\/www.hydraulic-cylinders.net\/nb\/wp-json\/wp\/v2\/product"}],"about":[{"href":"https:\/\/www.hydraulic-cylinders.net\/nb\/wp-json\/wp\/v2\/types\/product"}],"replies":[{"embeddable":true,"href":"https:\/\/www.hydraulic-cylinders.net\/nb\/wp-json\/wp\/v2\/comments?post=15906"}],"wp:featuredmedia":[{"embeddable":true,"href":"https:\/\/www.hydraulic-cylinders.net\/nb\/wp-json\/wp\/v2\/media\/14773"}],"wp:attachment":[{"href":"https:\/\/www.hydraulic-cylinders.net\/nb\/wp-json\/wp\/v2\/media?parent=15906"}],"wp:term":[{"taxonomy":"product_brand","embeddable":true,"href":"https:\/\/www.hydraulic-cylinders.net\/nb\/wp-json\/wp\/v2\/product_brand?post=15906"},{"taxonomy":"product_cat","embeddable":true,"href":"https:\/\/www.hydraulic-cylinders.net\/nb\/wp-json\/wp\/v2\/product_cat?post=15906"},{"taxonomy":"product_tag","embeddable":true,"href":"https:\/\/www.hydraulic-cylinders.net\/nb\/wp-json\/wp\/v2\/product_tag?post=15906"}],"curies":[{"name":"wp","href":"https:\/\/api.w.org\/{rel}","templated":true}]}}