{"id":15907,"date":"2025-01-19T15:08:55","date_gmt":"2025-01-19T15:08:55","guid":{"rendered":"https:\/\/www.hydraulic-cylinders.net\/product\/bucket-cylinder-for-wacker-e5023\/"},"modified":"2025-01-19T15:08:57","modified_gmt":"2025-01-19T15:08:57","slug":"bucket-cylinder-for-wacker-e5023","status":"publish","type":"product","link":"https:\/\/www.hydraulic-cylinders.net\/nb\/produkt\/bucket-cylinder-for-wacker-e5023\/","title":{"rendered":"Skuffesylinder for Wacker E5023"},"content":{"rendered":"<h1>Skuffesylinder for Wacker E5023<\/h1>\n<h2>Introduksjon<\/h2>\n<p>En skuffesylinder er en spesialdesignet hydraulisk sylinder som prim\u00e6rt brukes til \u00e5 kontrollere bevegelsen til skuffen i tunge maskiner som gravemaskiner, traktorgravere og frontlastere. Hovedfunksjonen er \u00e5 la skuffen l\u00f8fte, senke og vippe, noe som gj\u00f8r det enklere \u00e5 h\u00e5ndtere ulike materialh\u00e5ndteringsoppgaver. I et hydraulisk system oppn\u00e5r skuffesylinderen presis kontroll over skuffen gjennom endringer i hydraulikkoljetrykket, slik at f\u00f8reren kan h\u00e5ndtere tunge laster effektivt og tilpasse seg komplekse arbeidsmilj\u00f8er og ulike jobbkrav.<\/p>\n<p><img decoding=\"async\" src=\"https:\/\/www.hydraulic-cylinders.net\/wp-content\/uploads\/2025\/01\/songte-company-2.webp\" alt=\"Skuffesylinder for Wacker E5023\"><\/p>\n<h2>Funksjoner<\/h2>\n<ul>\n<li>H\u00f8y styrke og holdbarhet: vanligvis laget av h\u00f8yfast st\u00e5l eller aluminium, t\u00e5ler h\u00f8yt trykk og tunge belastninger, tilpasser seg t\u00f8ffe arbeidsmilj\u00f8er og er designet med slitestyrke og korrosjonsbestandighet i tankene for \u00e5 forlenge levetiden.<\/li>\n<li>Effektiv hydraulisk drift: bruker hydraulisk oljetrykk for \u00e5 oppn\u00e5 jevne forlengelses- og tilbaketrekningsbevegelser, i stand til \u00e5 reagere raskt p\u00e5 kontrollkommandoer, gi sterke skyve- og trekkkrefter, egnet for h\u00e5ndtering av tunge belastninger og komplekse arbeidsoppgaver.<\/li>\n<li>Flere typer: tilgjengelig som enkeltvirkende (hydraulisk brukt i kun \u00e9n retning) eller dobbeltvirkende (hydraulisk brukt i begge retninger) sylindere, avhengig av behovet for \u00e5 oppfylle ulike driftskrav. Noen modeller er teleskopiske, noe som gir st\u00f8rre forlengelse uten \u00e5 \u00f8ke de ytre dimensjonene, egnet for bruksomr\u00e5der med begrenset plass.<\/li>\n<li>Kan produseres av v\u00e5rt firma: produktene v\u00e5re kan erstatte disse hydrauliske sylindrene perfekt.<\/li>\n<\/ul>\n<p><img decoding=\"async\" src=\"https:\/\/www.hydraulic-cylinders.net\/wp-content\/uploads\/2025\/01\/songte-cylinder-head-with-all-kinds-excavator-models.webp\" alt=\"Skuffesylinder for Wacker E5023\"><\/p>\n<h2>Bruksomr\u00e5der<\/h2>\n<p>B\u00f8ttesylindere brukes ofte i en rekke tunge maskiner, inkludert:<\/p>\n<ul>\n<li>Anleggsutstyr: finnes i gravemaskiner, og er avgj\u00f8rende for graving, lasting og flytting av jord eller rusk. I gravemaskiner hjelper skuffesylindere med b\u00e5de graving og l\u00f8fting. I frontlastere hjelper de med \u00e5 l\u00f8fte og tilte varer effektivt.<\/li>\n<li>Landbruksmaskiner: brukes i frontlastere, de \u00f8ser opp, l\u00f8fter og transporterer jord, h\u00f8y og andre materialer. I gravemaskiner forenkler skuffesylindere gravingen ved \u00e5 la skuffen trenge gjennom jorden. <\/li>\n<\/ul>\n<h2>Designhensyn og utvalgskriterier<\/h2>\n<p>B\u00f8ttesylindere er utformet med f\u00f8lgende hensyn:<\/p>\n<ul>\n<li>B\u00e6reevne: Sylinderen m\u00e5 kunne t\u00e5le belastningen fra materialet som l\u00f8ftes eller flyttes.<\/li>\n<li>Tetting: Sylinderen m\u00e5 kunne forhindre oljelekkasjer under drift, noe som kan skade andre komponenter i maskinen.<\/li>\n<li>Holdbarhet: Sylinderen m\u00e5 t\u00e5le det t\u00f8ffe driftsmilj\u00f8et og motst\u00e5 slitasje.<\/li>\n<li>Sikkerhet: Sylinderen m\u00e5 v\u00e6re utformet med sikkerhetsfunksjoner for \u00e5 forhindre ulykker.<\/li>\n<li>Vedlikeholdsvennlighet: Sylinderen m\u00e5 v\u00e6re konstruert for enkel vedlikehold og reparasjon.<\/li>\n<\/ul>\n<p><img decoding=\"async\" src=\"https:\/\/www.hydraulic-cylinders.net\/wp-content\/uploads\/2025\/01\/songte-oil-pipes-and-spare-parts.webp\" alt=\"Skuffesylinder for Wacker E5023\"><\/p>\n<h2>Tetting og sm\u00f8ring<\/h2>\n<p>Ulike tetningskomponenter som stempeltetninger og stangtetninger, laget av slitesterke materialer som polyuretan og nitrilgummi, brukes til \u00e5 forbedre tetningsytelsen. Sylinderhuset og den gjengede endeflaten er fint bearbeidet for \u00e5 forbedre slitestyrken. Sylinderen krever regelmessig sm\u00f8ring med passende hydraulisk olje for \u00e5 opprettholde optimal ytelse.<\/p>\n<h2>Vedlikehold og reparasjon<\/h2>\n<p>Regelmessig inspeksjon, riktig sm\u00f8ring, utskifting av tetninger og kalibreringskontroller er vanlige vedlikeholdsoppgaver. Riktig installasjon, sm\u00f8ring og justering er avgj\u00f8rende for \u00e5 sikre sikker og effektiv drift. Riktig justeringsveiledning og passende installasjonsbraketter anbefales. Anbefalte inspeksjons-, reparasjons- og utskiftingsprosedyrer er gitt, inkludert reservedeler og ombyggingstjenester for \u00e5 forlenge sylinderens levetid.<\/p>\n<p><img decoding=\"async\" src=\"https:\/\/www.hydraulic-cylinders.net\/wp-content\/uploads\/2025\/01\/songte-chushion-collar.webp\" alt=\"Skuffesylinder for Wacker E5023\"><\/p>\n<h2>Sikkerhets- og milj\u00f8hensyn<\/h2>\n<p>N\u00e5r man bruker b\u00f8ttesylindere, er det viktig \u00e5 f\u00f8lge sikkerhetstiltak for \u00e5 forhindre ulykker. Milj\u00f8hensyn inkluderer riktig avhending av brukt hydraulikkolje og andre deler.<\/p>\n<h2>Feildiagnose og vanlige problemer<\/h2>\n<p>Vanlige problemer med skuffesylindere inkluderer oljelekkasje, utilstrekkelig l\u00f8ftekraft og redusert forlengelses- og inntrekkingshastighet. Riktig inspeksjon og diagnose kan bidra til \u00e5 identifisere og l\u00f8se problemer.<\/p>\n<p><img decoding=\"async\" src=\"https:\/\/www.hydraulic-cylinders.net\/wp-content\/uploads\/2025\/01\/songte-bushings-with-all-kinds-of-excavator-models.webp\" alt=\"Skuffesylinder for Wacker E5023\"><\/p>\n<h2>Om selskapet v\u00e5rt<\/h2>\n<p>Vi er en produsent av hydrauliske sylindere som kan erstatte originale. V\u00e5rt firma har et komplett produktsortiment og er en av de ledende produsentene og grossistdistribut\u00f8rene av hydrauliske sylindere i det innenlandske og internasjonale markedet. Vi f\u00f8lger prinsippet om utmerket kvalitet, stoler p\u00e5 den industrielle produksjonsstyringsstrategien til fine produksjonsverksteder, forbedrer kontinuerlig produksjonsplattformen til verkstedet, perfeksjonerer produksjonslinjen for produktkvalitet og har sterk kreativ evne til \u00e5 m\u00f8te kundenes ulike behov med h\u00f8y effektivitet, h\u00f8y presisjon og h\u00f8y kvalitet. <\/p>\n<ul>\n<li>Profesjonalitet<\/li>\n<li>Internasjonal sertifisering<\/li>\n<li>Tilpasset tjeneste<\/li>\n<li>Produksjonsutstyr<\/li>\n<li>Ettersalgsservice<\/li>\n<\/ul>\n<p><img decoding=\"async\" src=\"https:\/\/hzpt.com\/wp-content\/uploads\/2024\/11\/songte-company-1.webp\" alt=\"Skuffesylinder for Wacker E5023\"><\/p>\n<p>Forfatter: lyl<\/p>","protected":false},"excerpt":{"rendered":"<p>Bucket Cylinder For Wacker E5023 Introduction A bucket cylinder is a specially designed hydraulic cylinder primarily used for controlling the movement of the bucket in heavy machinery such as excavators, backhoes, and front loaders. Its main function is to allow the bucket to lift, lower, and tilt, making it easier to handle various material-handling tasks. [&hellip;]<\/p>","protected":false},"featured_media":14771,"comment_status":"open","ping_status":"closed","template":"","meta":{"_et_pb_use_builder":"","_et_pb_old_content":"","_et_gb_content_width":""},"product_brand":[],"product_cat":[1494],"product_tag":[1495,1496],"class_list":{"0":"post-15907","1":"product","2":"type-product","3":"status-publish","4":"has-post-thumbnail","6":"product_cat-bucket-cylinders","7":"product_tag-bucket-cylinders","8":"product_tag-hydraulic-cylinders","10":"first","11":"instock","12":"shipping-taxable","13":"product-type-simple"},"amp_enabled":true,"_links":{"self":[{"href":"https:\/\/www.hydraulic-cylinders.net\/nb\/wp-json\/wp\/v2\/product\/15907","targetHints":{"allow":["GET"]}}],"collection":[{"href":"https:\/\/www.hydraulic-cylinders.net\/nb\/wp-json\/wp\/v2\/product"}],"about":[{"href":"https:\/\/www.hydraulic-cylinders.net\/nb\/wp-json\/wp\/v2\/types\/product"}],"replies":[{"embeddable":true,"href":"https:\/\/www.hydraulic-cylinders.net\/nb\/wp-json\/wp\/v2\/comments?post=15907"}],"wp:featuredmedia":[{"embeddable":true,"href":"https:\/\/www.hydraulic-cylinders.net\/nb\/wp-json\/wp\/v2\/media\/14771"}],"wp:attachment":[{"href":"https:\/\/www.hydraulic-cylinders.net\/nb\/wp-json\/wp\/v2\/media?parent=15907"}],"wp:term":[{"taxonomy":"product_brand","embeddable":true,"href":"https:\/\/www.hydraulic-cylinders.net\/nb\/wp-json\/wp\/v2\/product_brand?post=15907"},{"taxonomy":"product_cat","embeddable":true,"href":"https:\/\/www.hydraulic-cylinders.net\/nb\/wp-json\/wp\/v2\/product_cat?post=15907"},{"taxonomy":"product_tag","embeddable":true,"href":"https:\/\/www.hydraulic-cylinders.net\/nb\/wp-json\/wp\/v2\/product_tag?post=15907"}],"curies":[{"name":"wp","href":"https:\/\/api.w.org\/{rel}","templated":true}]}}