{"id":15912,"date":"2025-01-19T15:09:22","date_gmt":"2025-01-19T15:09:22","guid":{"rendered":"https:\/\/www.hydraulic-cylinders.net\/product\/bucket-cylinder-for-aotai-at60e-9\/"},"modified":"2025-01-19T15:09:24","modified_gmt":"2025-01-19T15:09:24","slug":"bucket-cylinder-for-aotai-at60e-9","status":"publish","type":"product","link":"https:\/\/www.hydraulic-cylinders.net\/nb\/produkt\/bucket-cylinder-for-aotai-at60e-9\/","title":{"rendered":"B\u00f8ttesylinder for Aotai AT60E-9"},"content":{"rendered":"<h1>B\u00f8ttesylinder for Aotai AT60E-9<\/h1>\n<h2>Introduksjon<\/h2>\n<p>En skuffesylinder er en spesialisert hydraulisk sylinder som er konstruert for \u00e5 kontrollere bevegelsen til skuffen i tunge maskiner som gravemaskiner, traktorgravere og frontlastere. Hovedfunksjonen er \u00e5 gj\u00f8re det mulig for skuffen \u00e5 l\u00f8fte, senke og vippe, noe som gj\u00f8r det enklere \u00e5 utf\u00f8re ulike materialh\u00e5ndteringsoppgaver. Skuffesylinderen oppn\u00e5r presis kontroll over skuffens bevegelser ved \u00e5 bruke endringer i hydraulikkoljetrykket i det hydrauliske systemet, slik at operat\u00f8rer kan h\u00e5ndtere tunge laster effektivt og tilpasse seg komplekse arbeidsmilj\u00f8er og ulike jobbkrav.<\/p>\n<p><img decoding=\"async\" src=\"https:\/\/www.hydraulic-cylinders.net\/wp-content\/uploads\/2025\/01\/songte-company-2.webp\" alt=\"Skuffesylinder for Aotai AT60E-9 bilde\"><\/p>\n<h2>Funksjoner<\/h2>\n<ul>\n<li>\n<h3>H\u00f8y styrke og holdbarhet<\/h3>\n<p>B\u00f8ttesylinderen er vanligvis laget av h\u00f8yfast st\u00e5l eller aluminium, og t\u00e5ler h\u00f8yt trykk og tunge belastninger, og tilpasser seg t\u00f8ffe arbeidsmilj\u00f8er. Designet tar hensyn til slitestyrke og korrosjonsbestandighet, noe som forlenger levetiden.<\/p>\n<\/li>\n<li>\n<h3>Effektiv hydraulisk drift<\/h3>\n<p>Ved \u00e5 bruke hydraulisk oljetrykk for \u00e5 oppn\u00e5 jevne forlengelses- og sammentrekningsbevegelser, kan skuffesylinderen reagere raskt p\u00e5 betjeningskommandoer, og gi kraftige skyve- og trekkkrefter som er egnet for h\u00e5ndtering av tunge belastninger og komplekse arbeidsoppgaver.<\/p>\n<\/li>\n<li>\n<h3>Ulike typer<\/h3>\n<p>Skuffesylinderen kan v\u00e6re enkeltvirkende (ved bruk av hydraulikk i kun \u00e9n retning) eller dobbeltvirkende (ved bruk av hydraulikk i begge retninger) avhengig av driftskravene. Noen modeller er teleskopiske, noe som gir st\u00f8rre forlengelse uten \u00e5 \u00f8ke de ytre m\u00e5lene, noe som gj\u00f8r dem egnet for bruksomr\u00e5der med begrenset plass.<\/p>\n<\/li>\n<li>\n<h3>Kan produseres av v\u00e5rt selskap<\/h3>\n<p>Produktet v\u00e5rt kan erstatte disse hydrauliske sylindrene perfekt.<\/p>\n<\/li>\n<\/ul>\n<p><img decoding=\"async\" src=\"https:\/\/www.hydraulic-cylinders.net\/wp-content\/uploads\/2025\/01\/songte-cylinder-head-with-all-kinds-excavator-models.webp\" alt=\"Aotai AT60E-9\"><\/p>\n<h2>Bruksomr\u00e5der<\/h2>\n<p>Skottesylinderen finner en rekke bruksomr\u00e5der, for eksempel:<\/p>\n<ul>\n<li>\n<h3>Anleggsutstyr<\/h3>\n<p>I gravemaskiner er de viktige for graving, lasting og flytting av jord eller rusk. I gravemaskinlastere hjelper skuffesylinderen med b\u00e5de graving og l\u00f8fting. <\/p>\n<\/li>\n<li>\n<h3>Landbruksmaskiner<\/h3>\n<p>De brukes i frontlastere til \u00e5 grave, l\u00f8fte og transportere jord, h\u00f8y og andre materialer. I gravemaskiner tillater skuffesylinderen graving i jorden. I frontlastere hjelper de med \u00e5 l\u00f8fte og dumpe last effektivt.<\/p>\n<\/li>\n<\/ul>\n<h2>Designhensyn og utvalgskriterier<\/h2>\n<p>Hensyn ved design av b\u00f8ttesylindere inkluderer b\u00e6reevne, tetning, holdbarhet, sikkerhet og vedlikeholdsvennlighet. Viktige diskusjonspunkter inkluderer:<\/p>\n<ul>\n<li>\n<h3>B\u00e6reevne<\/h3>\n<p>Skuffesylinderen m\u00e5 kunne t\u00e5le vekten av materialet som h\u00e5ndteres og kreftene som genereres under drift.<\/p>\n<\/li>\n<li>\n<h3>Tetting<\/h3>\n<p>Ulike typer tetninger, som stempeltetninger og stangtetninger, brukes for \u00e5 forhindre lekkasje av hydraulisk v\u00e6ske, og de m\u00e5 t\u00e5le h\u00f8y temperatur og trykk.<\/p>\n<\/li>\n<li>\n<h3>Varighet<\/h3>\n<p>Skuffesylinderen m\u00e5 v\u00e6re konstruert for \u00e5 t\u00e5le t\u00f8ffe arbeidsforhold og motst\u00e5 slitasje over tid.<\/p>\n<\/li>\n<li>\n<h3>Sikkerhet<\/h3>\n<p>Skuffesylinderen m\u00e5 v\u00e6re konstruert og installert for \u00e5 minimere risikoen for ulykker, som lekkasjer eller sylindersvikt.<\/p>\n<\/li>\n<li>\n<h3>Vedlikeholdbarhet<\/h3>\n<p>Skuffesylinderen m\u00e5 v\u00e6re utformet for \u00e5 forenkle vedlikehold og reparasjon, inkludert enkel tilgang til pakninger og sylinderens indre.<\/p>\n<\/li>\n<\/ul>\n<p><img decoding=\"async\" src=\"https:\/\/www.hydraulic-cylinders.net\/wp-content\/uploads\/2025\/01\/songte-oil-pipes-and-spare-parts.webp\" alt=\"Aotai AT60E-9 Reservedeler\"><\/p>\n<h2>Tetting og sm\u00f8ring for b\u00f8ttesylinder<\/h2>\n<p>Tetting og sm\u00f8ring av b\u00f8ttesylinderen er avgj\u00f8rende for \u00e5 sikre lang levetid. F\u00f8lgende fremgangsm\u00e5ter anbefales:<\/p>\n<ul>\n<li>\n<h3>Bruk av slitesterke tetninger<\/h3>\n<p>Tetninger som stempeltetninger og stangtetninger b\u00f8r v\u00e6re laget av slitesterke materialer som polyuretan og nitrilgummi.<\/p>\n<\/li>\n<li>\n<h3>Fin overflatebehandling<\/h3>\n<p>Sylinderen og gjengeoverflaten b\u00f8r finbearbeides for \u00e5 forbedre slitestyrken.<\/p>\n<\/li>\n<li>\n<h3>Regelmessig sm\u00f8ring<\/h3>\n<p>Skuffesylinderen b\u00f8r sm\u00f8res med en passende mengde hydraulikkolje med jevne mellomrom.<\/p>\n<\/li>\n<\/ul>\n<h2>Vedlikehold og reparasjon<\/h2>\n<p>Regelmessig inspeksjon og forebyggende vedlikeholdstiltak er avgj\u00f8rende for \u00e5 opprettholde skuffesylinderens p\u00e5litelighet og forlenge levetiden. Vanlige vedlikeholdsoppgaver inkluderer:<\/p>\n<ul>\n<li>\n<h3>Regelmessige inspeksjoner<\/h3>\n<p>Regelmessige kontroller b\u00f8r utf\u00f8res for \u00e5 vurdere skuffesylinderens tilstand og oppdage tegn p\u00e5 skade eller slitasje.<\/p>\n<\/li>\n<li>\n<h3>Riktig sm\u00f8ring<\/h3>\n<p>Skuffesylinderen b\u00f8r sm\u00f8res riktig for \u00e5 sikre problemfri drift.<\/p>\n<\/li>\n<li>\n<h3>Utskifting av tetning<\/h3>\n<p>Slitte pakninger b\u00f8r skiftes ut s\u00e5 snart som mulig for \u00e5 forhindre lekkasje av hydraulisk v\u00e6ske og sikre korrekt drift.<\/p>\n<\/li>\n<li>\n<h3>Justeringskontroll<\/h3>\n<p>Riktig justering av sylinderen er avgj\u00f8rende for effektiv drift. Det anbefales \u00e5 bruke passende monteringsst\u00f8tter for \u00e5 feste sylinderen p\u00e5 plass.<\/p>\n<\/li>\n<li>\n<h3>Deleskift og ombyggingstjenester<\/h3>\n<p>Reservedeler og ombyggingstjenester er tilgjengelige for \u00e5 forbedre b\u00f8ttesylinderens levetid og ytelse.<\/p>\n<\/li>\n<\/ul>\n<p><img decoding=\"async\" src=\"https:\/\/www.hydraulic-cylinders.net\/wp-content\/uploads\/2025\/01\/songte-chushion-collar.webp\" alt=\"B\u00f8ttesylinder for Aotai AT60E-9 putekrage\"><\/p>\n<h2>Sikkerhetshensyn og milj\u00f8faktorer<\/h2>\n<p>Sikkerhetstiltak er avgj\u00f8rende n\u00e5r man arbeider med hydrauliske sylindere for \u00e5 forhindre ulykker og sikre sikkerheten til operat\u00f8rer og tilskuere. Milj\u00f8faktorer som h\u00f8ye temperaturer, fuktighet og korrosjon kan ogs\u00e5 p\u00e5virke b\u00f8ttesylinderens ytelse og levetid.<\/p>\n<h2>Feils\u00f8king og vanlige problemer<\/h2>\n<p>F\u00f8lgende er noen vanlige problemer med b\u00f8ttesylindere og mulige l\u00f8sninger:<\/p>\n<ul>\n<li>\n<h3>Lekkasje<\/h3>\n<p>Lekkasje av hydraulisk v\u00e6ske er et vanlig problem med b\u00f8ttesylindere, og det kan v\u00e6re for\u00e5rsaket av skadede tetninger, feiljusterte komponenter eller slitte deler. L\u00f8sningen er \u00e5 bytte ut de defekte komponentene umiddelbart.<\/p>\n<\/li>\n<li>\n<h3>Mangel p\u00e5 makt<\/h3>\n<p>Hvis b\u00f8ttesylinderen ikke gir nok kraft, kan det skyldes lavt hydraulikktrykk eller en feilfungerende hydraulikkpumpe. L\u00f8sningen er \u00e5 kontrollere og justere hydraulikktrykket, og bytte ut hydraulikkpumpen om n\u00f8dvendig.<\/p>\n<\/li>\n<li>\n<h3>Fast sylinder<\/h3>\n<p>Hvis b\u00f8ttesylinderen sitter fast i \u00e9n posisjon, kan det skyldes et skadet stempel eller en skadet stang, eller en feiljustert komponent. L\u00f8sningen er \u00e5 bytte ut de defekte komponentene og justere sylinderen riktig.<\/p>\n<\/li>\n<\/ul>\n<p><img decoding=\"async\" src=\"https:\/\/www.hydraulic-cylinders.net\/wp-content\/uploads\/2025\/01\/songte-bushings-with-all-kinds-of-excavator-models.webp\" alt=\"B\u00f8ttesylinder for Aotai AT60E-9 foringer\"><\/p>\n<h2>Om selskapet v\u00e5rt<\/h2>\n<p>Vi er en produsent av hydrauliske erstatningssylindere med et komplett produktsortiment, og er n\u00e5 en av de ledende produsentene og grossistdistribut\u00f8rene av hydrauliske sylindere i b\u00e5de innenlandske og internasjonale markeder. Vi f\u00f8lger prinsippet om utmerket kvalitet og er avhengige av industrialiserte produksjonsstyringsstrategier i fint bearbeidede produksjonsverksteder. Ved \u00e5 bruke teknologiske talenter, digitalt avansert produksjonsutstyr og profesjonelle testsystemer, forbedrer vi kontinuerlig produksjonsplattformen for verksteder, forbedrer produktkvaliteten og produksjonsrutene, og har en sterk kreativ evne til \u00e5 m\u00f8te kundenes krav med h\u00f8y effektivitet, n\u00f8yaktighet og kvalitet.<\/p>\n<ul>\n<li>\n<h3>Profesjonalitet<\/h3>\n<p>V\u00e5rt firma har et sterkt teknisk team, avansert produksjonsutstyr og profesjonelle testsystemer for \u00e5 sikre kvaliteten p\u00e5 produktene v\u00e5re.<\/p>\n<\/li>\n<li>\n<h3>Internasjonal sertifisering<\/h3>\n<p>Produktene v\u00e5re har best\u00e5tt en rekke internasjonale sertifiseringer som ISO9001:2015, SGS og CE.<\/p>\n<\/li>\n<li>\n<h3>Tilpasningstjenester<\/h3>\n<p>Vi tilbyr skreddersydde tjenester i henhold til kundenes krav for \u00e5 im\u00f8tekomme deres ulike behov.<\/p>\n<\/li>\n<li>\n<h3>Produksjonsutstyr<\/h3>\n<p>Vi bruker avansert produksjonsutstyr, som automatiske sveisemaskiner, CNC-maskineringssentre og presisjonsslipemaskiner, for \u00e5 forbedre produktkvaliteten og produksjonseffektiviteten.<\/p>\n<\/li>\n<li>\n<h3>Ettersalgstjenester<\/h3>\n<p>Vi tilbyr omfattende ettersalgsservice, inkludert teknisk st\u00f8tte, garanti og reparasjonstjenester for \u00e5 sikre kundetilfredshet.<\/p>\n<\/li>\n<\/ul>\n<p><img decoding=\"async\" src=\"https:\/\/hzpt.com\/wp-content\/uploads\/2024\/11\/songte-company-1.webp\" alt=\"B\u00f8ttesylinder for Aotai AT60E-9 Company\"><\/p>\n<p>Forfatter: lyl.<\/p>","protected":false},"excerpt":{"rendered":"<p>Bucket Cylinder for Aotai AT60E-9 Introduction A bucket cylinder is a specialized hydraulic cylinder designed for controlling the motion of the bucket in heavy machinery such as excavators, backhoe loaders, and front-end loaders. Its main function is to enable the bucket to lift, lower, and tilt, making it easier to carry out various material handling [&hellip;]<\/p>","protected":false},"featured_media":14789,"comment_status":"open","ping_status":"closed","template":"","meta":{"_et_pb_use_builder":"","_et_pb_old_content":"","_et_gb_content_width":""},"product_brand":[],"product_cat":[1494],"product_tag":[1495,1496],"class_list":{"0":"post-15912","1":"product","2":"type-product","3":"status-publish","4":"has-post-thumbnail","6":"product_cat-bucket-cylinders","7":"product_tag-bucket-cylinders","8":"product_tag-hydraulic-cylinders","10":"first","11":"instock","12":"shipping-taxable","13":"product-type-simple"},"amp_enabled":true,"_links":{"self":[{"href":"https:\/\/www.hydraulic-cylinders.net\/nb\/wp-json\/wp\/v2\/product\/15912","targetHints":{"allow":["GET"]}}],"collection":[{"href":"https:\/\/www.hydraulic-cylinders.net\/nb\/wp-json\/wp\/v2\/product"}],"about":[{"href":"https:\/\/www.hydraulic-cylinders.net\/nb\/wp-json\/wp\/v2\/types\/product"}],"replies":[{"embeddable":true,"href":"https:\/\/www.hydraulic-cylinders.net\/nb\/wp-json\/wp\/v2\/comments?post=15912"}],"wp:featuredmedia":[{"embeddable":true,"href":"https:\/\/www.hydraulic-cylinders.net\/nb\/wp-json\/wp\/v2\/media\/14789"}],"wp:attachment":[{"href":"https:\/\/www.hydraulic-cylinders.net\/nb\/wp-json\/wp\/v2\/media?parent=15912"}],"wp:term":[{"taxonomy":"product_brand","embeddable":true,"href":"https:\/\/www.hydraulic-cylinders.net\/nb\/wp-json\/wp\/v2\/product_brand?post=15912"},{"taxonomy":"product_cat","embeddable":true,"href":"https:\/\/www.hydraulic-cylinders.net\/nb\/wp-json\/wp\/v2\/product_cat?post=15912"},{"taxonomy":"product_tag","embeddable":true,"href":"https:\/\/www.hydraulic-cylinders.net\/nb\/wp-json\/wp\/v2\/product_tag?post=15912"}],"curies":[{"name":"wp","href":"https:\/\/api.w.org\/{rel}","templated":true}]}}