{"id":15915,"date":"2025-01-19T15:09:35","date_gmt":"2025-01-19T15:09:35","guid":{"rendered":"https:\/\/www.hydraulic-cylinders.net\/product\/bucket-cylinder-for-aotai-at180e-9\/"},"modified":"2025-01-19T15:09:37","modified_gmt":"2025-01-19T15:09:37","slug":"bucket-cylinder-for-aotai-at180e-9","status":"publish","type":"product","link":"https:\/\/www.hydraulic-cylinders.net\/nb\/produkt\/bucket-cylinder-for-aotai-at180e-9\/","title":{"rendered":"B\u00f8ttesylinder for Aotai AT180E-9"},"content":{"rendered":"<h1>B\u00f8ttesylinder for Aotai AT180E-9<\/h1>\n<h2>Introduksjon<\/h2>\n<p>Skuffesylinderen er en spesialdesignet hydraulisk sylinder som brukes til \u00e5 kontrollere bevegelsen til skuffen i tunge maskiner som gravemaskiner, traktorgravere og hjullastere. Hovedfunksjonen er \u00e5 gj\u00f8re det mulig \u00e5 l\u00f8fte, senke og tilte skuffen, noe som gj\u00f8r det enklere for ulike materialh\u00e5ndteringsoppgaver. I et hydraulisk system oppn\u00e5r skuffesylinderen presis kontroll over skuffen ved \u00e5 utnytte trykkendringene i hydraulikkoljen, slik at operat\u00f8rer kan h\u00e5ndtere tunge laster effektivt og tilpasse seg komplekse arbeidsmilj\u00f8er og ulike jobbkrav.<\/p>\n<p><img decoding=\"async\" src=\"https:\/\/www.hydraulic-cylinders.net\/wp-content\/uploads\/2025\/01\/songte-company-2.webp\" alt=\"Bilde av b\u00f8ttesylinder\"><\/p>\n<h2>Funksjoner<\/h2>\n<ul>\n<li>H\u00f8y styrke og holdbarhet: B\u00f8ttesylinderen er vanligvis laget av h\u00f8yfast st\u00e5l eller aluminium, og t\u00e5ler h\u00f8yt trykk og tunge belastninger, og tilpasser seg t\u00f8ffe arbeidsmilj\u00f8er. Designet tar hensyn til slitestyrke og korrosjonsmotstand, noe som forlenger levetiden.<\/li>\n<li>Effektiv hydraulisk drift: Ved \u00e5 utnytte trykket fra hydraulikkoljen oppn\u00e5r b\u00f8ttesylinderen jevne forlengelses- og inntrekksbevegelser, noe som gir rask respons p\u00e5 kontrollkommandoer og kraftige skyve- og trekkkrefter, egnet for h\u00e5ndtering av tunge belastninger og komplekse driftsoppgaver.<\/li>\n<li>Ulike typer: Finnes med enkeltvirkende (hydraulisk kun i \u00e9n retning) eller dobbeltvirkende (hydraulisk i begge retninger) sylindere, og b\u00f8ttesylinderen kan velges i henhold til spesifikke driftsbehov. Noen modeller er teleskopiske, noe som gir st\u00f8rre forlengelse uten \u00e5 \u00f8ke de ytre m\u00e5lene, noe som gj\u00f8r dem egnet for bruksomr\u00e5der med begrenset plass.<\/li>\n<li>Perfekt erstatning: Produktet v\u00e5rt kan erstatte disse hydrauliske sylindrene perfekt.<\/li>\n<\/ul>\n<p><img decoding=\"async\" src=\"https:\/\/www.hydraulic-cylinders.net\/wp-content\/uploads\/2025\/01\/songte-cylinder-head-with-all-kinds-excavator-models.webp\" alt=\"Bilde av utskifting av b\u00f8ttesylinder\"><\/p>\n<h2>Bruksomr\u00e5der<\/h2>\n<p>Skuffesylinderen finner bruksomr\u00e5der i ulike typer maskiner:<\/p>\n<ul>\n<li>Anleggsutstyr: Det spiller en avgj\u00f8rende rolle i gravemaskiner for graving, lasting og flytting av jord eller rusk. I gravemaskinen hjelper skuffesylinderen til med b\u00e5de grave- og l\u00f8fteoppgaver.<\/li>\n<li>Landbruksmaskiner: Brukes i frontlastere til \u00e5 utarbeide, l\u00f8fte og transportere jord, h\u00f8y og andre materialer.<\/li>\n<li>Gravemaskiner: Skuffesylinderen muliggj\u00f8r graveaksjoner ved \u00e5 la skuffen trenge ned i jorden.<\/li>\n<li>Hjullastere: I hjullastere hjelper de med effektiv l\u00f8fting og dumping av varer.<\/li>\n<\/ul>\n<h2>Designhensyn og utvalgskriterier<\/h2>\n<p>N\u00e5r det gjelder designhensyn og utvalgskriterier for b\u00f8ttesylindere, b\u00f8r flere viktige faktorer tas i betraktning:<\/p>\n<ul>\n<li>B\u00e6reevne<\/li>\n<li>Tetningsytelse<\/li>\n<li>Varighet<\/li>\n<li>Sikkerhet<\/li>\n<li>Vedlikeholdbarhet<\/li>\n<\/ul>\n<p><img decoding=\"async\" src=\"https:\/\/www.hydraulic-cylinders.net\/wp-content\/uploads\/2025\/01\/songte-oil-pipes-and-spare-parts.webp\" alt=\"Tetting og sm\u00f8ring bilde\"><\/p>\n<h2>Tetting og sm\u00f8ring<\/h2>\n<p>For \u00e5 sikre optimal ytelse bruker b\u00f8ttesylinderen forskjellige tetningskomponenter som stempeltetninger og stangtetninger laget av slitesterke materialer som polyuretan og nitrilgummi. Sylinderhuset og gjengede ender gjennomg\u00e5r finbehandling for \u00e5 forbedre slitestyrken. Regelmessig sm\u00f8ring med riktig mengde hydraulikkolje er n\u00f8dvendig.<\/p>\n<h2>Regelmessig inspeksjon og forebyggende vedlikehold<\/h2>\n<p>For \u00e5 opprettholde levetiden til b\u00f8ttesylinderen, b\u00f8r det utf\u00f8res regelmessige inspeksjoner og forebyggende vedlikeholdstiltak, inkludert:<\/p>\n<ul>\n<li>Sjekker for lekkasjer<\/li>\n<li>Riktig sm\u00f8ring<\/li>\n<li>Utskifting av tetninger<\/li>\n<li>Kalibreringskontroller<\/li>\n<\/ul>\n<h2>Riktig installasjonsveiledning<\/h2>\n<p>Riktig installasjon er avgj\u00f8rende for optimal ytelse av b\u00f8ttesylinderen. Det anbefales \u00e5 justere sylinderen riktig under installasjonsprosessen og bruke passende monteringsbraketter for \u00e5 feste sylinderen.<\/p>\n<p><img decoding=\"async\" src=\"https:\/\/www.hydraulic-cylinders.net\/wp-content\/uploads\/2025\/01\/songte-chushion-collar.webp\" alt=\"Bilde av installasjonsveiledningen\"><\/p>\n<h2>Vedlikeholdsoppgaver<\/h2>\n<p>Vanlige vedlikeholdsoppgaver for b\u00f8ttesylindere inkluderer regelmessige inspeksjoner, riktig sm\u00f8ring, utskifting av pakninger og kalibreringskontroller. Det er viktig \u00e5 understreke betydningen av riktig installasjon, sm\u00f8ring og justering. Anbefale bruk av passende installasjonsbraketter for \u00e5 sikre sylinderen og gi anbefalte inspeksjons-, reparasjons- og utskiftingsprosedyrer for \u00e5 forlenge b\u00f8ttesylinderens levetid.<\/p>\n<h2>Sikkerhetshensyn og milj\u00f8faktorer<\/h2>\n<p>Viktigheten av sikkerhetstiltak ved bruk av b\u00f8ttesylindere og hensyn til milj\u00f8faktorer b\u00f8r ikke overses.<\/p>\n<h2>Feildiagnose og vanlige problemer<\/h2>\n<p>N\u00e5r man st\u00f8ter p\u00e5 feil eller problemer med b\u00f8ttesylinderen, er riktig diagnose og rask probleml\u00f8sning avgj\u00f8rende. Vi tilbyr feils\u00f8kingstips, l\u00f8sninger og forebyggende tiltak for \u00e5 minimere potensielle problemer.<\/p>\n<p><img decoding=\"async\" src=\"https:\/\/www.hydraulic-cylinders.net\/wp-content\/uploads\/2025\/01\/songte-bushings-with-all-kinds-of-excavator-models.webp\" alt=\"Bilde av feildiagnose og forebygging\"><\/p>\n<p>Husk \u00e5 organisere artikkelen logisk, bruke underoverskrifter for enkel navigering, innlemme relevante bilder eller diagrammer for \u00e5 forbedre forst\u00e5elsen, og s\u00f8rge for klart og konsist innhold som passer for lesere med ulike niv\u00e5er av teknisk kunnskap.<\/p>\n<h2>Om selskapet v\u00e5rt<\/h2>\n<p>Vi er en produsent av hydrauliske sylindere for utskifting, og tilbyr et bredt spekter av produkter. Vi har blitt en av de ledende produsentene og grossistdistribut\u00f8rene av hydrauliske sylindere i b\u00e5de innenlandske og internasjonale markeder. Vi f\u00f8lger prinsippene om kvalitetssikring, og bruker industrialiserte produksjonsstyringsstrategier i v\u00e5re n\u00f8ye utformede produksjonsverksteder. Ved \u00e5 bruke tekniske talenter, avansert digitalt produksjonsutstyr og profesjonelle testsystemer, forbedrer vi kontinuerlig produksjonsplattformen v\u00e5r, perfeksjonerer produksjonsrutene v\u00e5re for produktkvalitet og har sterke kreative evner. V\u00e5re prinsipper for h\u00f8y effektivitet, h\u00f8y presisjon og h\u00f8y kvalitet lar oss m\u00f8te ulike kundebehov.<\/p>\n<p><img decoding=\"async\" src=\"https:\/\/www.hydraulic-cylinders.net\/wp-content\/uploads\/2025\/01\/songte-company-3.webp\" alt=\"Selskapets image\"><\/p>","protected":false},"excerpt":{"rendered":"<p>Bucket Cylinder For Aotai AT180E-9 Introduction The bucket cylinder is a specially designed hydraulic cylinder used to control the movement of the bucket in heavy machinery such as excavators, backhoe loaders, and wheel loaders. Its main function is to enable the bucket to lift, lower, and tilt, making it easier for various material handling tasks. [&hellip;]<\/p>","protected":false},"featured_media":14785,"comment_status":"open","ping_status":"closed","template":"","meta":{"_et_pb_use_builder":"","_et_pb_old_content":"","_et_gb_content_width":""},"product_brand":[],"product_cat":[1494],"product_tag":[1495,1496],"class_list":{"0":"post-15915","1":"product","2":"type-product","3":"status-publish","4":"has-post-thumbnail","6":"product_cat-bucket-cylinders","7":"product_tag-bucket-cylinders","8":"product_tag-hydraulic-cylinders","10":"first","11":"instock","12":"shipping-taxable","13":"product-type-simple"},"amp_enabled":true,"_links":{"self":[{"href":"https:\/\/www.hydraulic-cylinders.net\/nb\/wp-json\/wp\/v2\/product\/15915","targetHints":{"allow":["GET"]}}],"collection":[{"href":"https:\/\/www.hydraulic-cylinders.net\/nb\/wp-json\/wp\/v2\/product"}],"about":[{"href":"https:\/\/www.hydraulic-cylinders.net\/nb\/wp-json\/wp\/v2\/types\/product"}],"replies":[{"embeddable":true,"href":"https:\/\/www.hydraulic-cylinders.net\/nb\/wp-json\/wp\/v2\/comments?post=15915"}],"wp:featuredmedia":[{"embeddable":true,"href":"https:\/\/www.hydraulic-cylinders.net\/nb\/wp-json\/wp\/v2\/media\/14785"}],"wp:attachment":[{"href":"https:\/\/www.hydraulic-cylinders.net\/nb\/wp-json\/wp\/v2\/media?parent=15915"}],"wp:term":[{"taxonomy":"product_brand","embeddable":true,"href":"https:\/\/www.hydraulic-cylinders.net\/nb\/wp-json\/wp\/v2\/product_brand?post=15915"},{"taxonomy":"product_cat","embeddable":true,"href":"https:\/\/www.hydraulic-cylinders.net\/nb\/wp-json\/wp\/v2\/product_cat?post=15915"},{"taxonomy":"product_tag","embeddable":true,"href":"https:\/\/www.hydraulic-cylinders.net\/nb\/wp-json\/wp\/v2\/product_tag?post=15915"}],"curies":[{"name":"wp","href":"https:\/\/api.w.org\/{rel}","templated":true}]}}