{"id":15921,"date":"2025-01-19T15:10:04","date_gmt":"2025-01-19T15:10:04","guid":{"rendered":"https:\/\/www.hydraulic-cylinders.net\/product\/bucket-cylinder-for-atlas-7808lc\/"},"modified":"2025-01-19T15:10:14","modified_gmt":"2025-01-19T15:10:14","slug":"bucket-cylinder-for-atlas-7808lc","status":"publish","type":"product","link":"https:\/\/www.hydraulic-cylinders.net\/nb\/produkt\/bucket-cylinder-for-atlas-7808lc\/","title":{"rendered":"Skuffesylinder for Atlas 7808LC"},"content":{"rendered":"<h1>Skuffesylinder for Atlas 7808LC<\/h1>\n<h2>Introduksjon<\/h2>\n<p>Skuffesylinderen til Atlas 7808LC er en type hydraulisk sylinder som er spesielt utviklet for \u00e5 kontrollere bevegelsen til skuffer i tunge maskiner som gravemaskiner, traktorgravere og frontlastere. Hovedfunksjonen er \u00e5 tillate at skuffen l\u00f8ftes, senkes og vippes, og dermed forenkle ulike materialh\u00e5ndteringsoppgaver. I det hydrauliske systemet oppn\u00e5r skuffesylinderen presis kontroll over skuffen gjennom endringer i hydraulikkoljetrykket, slik at operat\u00f8rer kan h\u00e5ndtere tunge laster effektivt og tilpasse seg komplekse arbeidsmilj\u00f8er og ulike driftskrav.<\/p>\n<p><img decoding=\"async\" src=\"https:\/\/www.hydraulic-cylinders.net\/wp-content\/uploads\/2025\/01\/songte-company-2.webp\" alt=\"B\u00f8ttesylinder\" style=\"width:100%\"><\/p>\n<h2>Funksjoner<\/h2>\n<ul>\n<li>\n<h3>H\u00f8y styrke og holdbarhet<\/h3>\n<p>B\u00f8ttesylindere er vanligvis laget av h\u00f8yfast st\u00e5l eller aluminium, noe som gj\u00f8r at de t\u00e5ler h\u00f8yt trykk og tunge belastninger, og tilpasser seg t\u00f8ffe arbeidsmilj\u00f8er. Designet tar hensyn til slitasje- og korrosjonsmotstand, noe som forlenger levetiden.<\/p>\n<\/li>\n<li>\n<h3>Effektiv hydraulisk drift<\/h3>\n<p>Skuffesylindere bruker hydraulisk oljetrykk for \u00e5 oppn\u00e5 jevn forlengelse og inntrekking, slik at de kan reagere raskt p\u00e5 kontrollkommandoer, gi kraftig skyve- og trekkekraft og v\u00e6re egnet for h\u00e5ndtering av tunge belastninger og komplekse driftsoppgaver.<\/p>\n<\/li>\n<li>\n<h3>Flere typer<\/h3>\n<p>Skuffesylindere leveres i enkeltvirkende (hydraulisk brukt i \u00e9n retning) eller dobbeltvirkende (hydraulisk brukt i to retninger) modeller, for \u00e5 m\u00f8te ulike driftskrav. Noen modeller er teleskopiske, noe som gir st\u00f8rre forlengelse uten \u00e5 \u00f8ke de ytre m\u00e5lene, noe som gj\u00f8r dem egnet for bruksomr\u00e5der med begrenset plass.<\/p>\n<\/li>\n<li>\n<h3>Utskiftbar<\/h3>\n<p>V\u00e5rt firma kan produsere dette produktet, og produktet v\u00e5rt kan erstatte disse hydrauliske sylindrene perfekt.<\/p>\n<\/li>\n<\/ul>\n<p><img decoding=\"async\" src=\"https:\/\/www.hydraulic-cylinders.net\/wp-content\/uploads\/2025\/01\/songte-cylinder-head-with-all-kinds-excavator-models.webp\" alt=\"Hydraulisk sylinder\" style=\"width:100%\"><\/p>\n<h2>Bruksomr\u00e5der<\/h2>\n<p>B\u00f8ttesylindere er mye brukt i ulike anleggsmaskiner, landbruksmaskiner og andre industrier, inkludert:<\/p>\n<ul>\n<li>\n<h3>Anleggsutstyr<\/h3>\n<p>Skuffesylindere finnes i gravemaskiner, der de er viktige for graving, lasting og flytting av jord eller rusk. I gravemaskinlastere hjelper skuffesylinderen med b\u00e5de graving og l\u00f8fting. I frontlastere hjelper de med \u00e5 l\u00f8fte og dumpe gods effektivt.<\/p>\n<\/li>\n<li>\n<h3>Landbruksmaskiner<\/h3>\n<p>Skuffesylindere brukes i frontlastere for \u00e5 ut\u00f8pe, l\u00f8fte og transportere jord, h\u00f8y og andre materialer.<\/p>\n<\/li>\n<li>\n<h3>Gravemaskiner<\/h3>\n<p>Skuffesylindere gj\u00f8r det mulig for gravemaskiner \u00e5 trenge ned i jorden ved \u00e5 la skuffen bevege seg gjennom den.<\/p>\n<\/li>\n<\/ul>\n<h2>Designhensyn og utvalgskriterier<\/h2>\n<p>N\u00e5r det gjelder designhensyn for b\u00f8ttesylindere, er flere viktige faktorer avgj\u00f8rende for deres p\u00e5litelige ytelse, inkludert:<\/p>\n<ul>\n<li>\n<h3>B\u00e6reevne<\/h3>\n<p>B\u00e6reevnen til skuffesylinderen er kritisk og m\u00e5 v\u00e6re konstruert for \u00e5 h\u00e5ndtere vekten av lasten som l\u00f8ftes eller flyttes.<\/p>\n<\/li>\n<li>\n<h3>Tetting og holdbarhet<\/h3>\n<p>Skuffesylindere krever p\u00e5litelige tetninger for \u00e5 forhindre oljelekkasjer, noe som kan for\u00e5rsake hydraulisk svikt og f\u00f8re til nedetid for utstyr. I tillegg m\u00e5 sylinderens holdbarhet vurderes for \u00e5 sikre lang levetid.<\/p>\n<\/li>\n<li>\n<h3>Sikkerhet<\/h3>\n<p>Skuffesylinderen m\u00e5 v\u00e6re konstruert med brukersikkerhet i tankene for \u00e5 forhindre ulykker eller skader som kan oppst\u00e5 under drift.<\/p>\n<\/li>\n<li>\n<h3>Vedlikehold og reparasjon<\/h3>\n<p>Sylinderen m\u00e5 v\u00e6re utformet slik at den er enkel \u00e5 vedlikeholde og reparere. Dette kan inkludere funksjoner som utskiftbare deler eller enkel tilgang for inspeksjon og vedlikehold.<\/p>\n<\/li>\n<\/ul>\n<p><img decoding=\"async\" src=\"https:\/\/www.hydraulic-cylinders.net\/wp-content\/uploads\/2025\/01\/songte-oil-pipes-and-spare-parts.webp\" alt=\"Hydraulisk sylinder\" style=\"width:100%\"><\/p>\n<h2>Tetting og sm\u00f8ring<\/h2>\n<p>B\u00f8ttesylindere bruker forskjellige tetningskomponenter, inkludert stempeltetninger og stangtetninger, som vanligvis er laget av slitesterke materialer som polyuretan eller nitrilgummi. For \u00e5 sikre lang levetid m\u00e5 sylinderhuset og stangoverflaten behandles for slitestyrke. Regelmessig sm\u00f8ring med hydraulikkolje er ogs\u00e5 n\u00f8dvendig for \u00e5 opprettholde sylinderens normale drift.<\/p>\n<h2>Vedlikehold og reparasjon<\/h2>\n<p>For \u00e5 sikre riktig drift og forlenge levetiden til b\u00f8ttesylinderen, er regelmessige inspeksjoner og forebyggende vedlikehold n\u00f8dvendig. Dette kan omfatte oppgaver som:<\/p>\n<ul>\n<li>\n<h3>Regelmessig inspeksjon<\/h3>\n<p>Regelmessig inspeksjon av sylinder, tetninger, monteringsbraketter og beslag kan forhindre at sm\u00e5 problemer blir til store problemer og til slutt redusere nedetid.<\/p>\n<\/li>\n<li>\n<h3>Riktig sm\u00f8ring<\/h3>\n<p>Riktig sm\u00f8ring av sylinderen er avgj\u00f8rende for problemfri drift. Dette kan inkludere bruk av passende hydraulisk olje eller fett, avhengig av sylinderens design.<\/p>\n<\/li>\n<li>\n<h3>Utskifting av tetning og kalibreringskontroll<\/h3>\n<p>\u00c5 bytte ut slitte pakninger og kontrollere kalibreringen kan forbedre sylinderens ytelse og levetid.<\/p>\n<\/li>\n<\/ul>\n<p><img decoding=\"async\" src=\"https:\/\/www.hydraulic-cylinders.net\/wp-content\/uploads\/2025\/01\/songte-chushion-collar.webp\" alt=\"Hydraulisk sylinder\" style=\"width:100%\"><\/p>\n<h2>Sikkerhetshensyn og milj\u00f8faktorer<\/h2>\n<p>B\u00f8ttesylindere krever riktig bruk og vedlikehold for \u00e5 sikre sikker drift. Operat\u00f8rer b\u00f8r v\u00e6re oppl\u00e6rt i riktig bruk av sylinderen og f\u00f8lge alle sikkerhetsretningslinjer. Milj\u00f8faktorer, som temperatur, fuktighet og eksponering for kjemikalier, kan ogs\u00e5 p\u00e5virke sylinderens ytelse og m\u00e5 tas i betraktning.<\/p>\n<h2>Vanlige problemer og feils\u00f8king<\/h2>\n<p>Noen vanlige problemer som kan oppst\u00e5 med b\u00f8ttesylindere inkluderer lekkasjer, langsom eller uresponsiv drift og skade p\u00e5 sylinderhuset eller pakningene. Feils\u00f8king av disse problemene kan inneb\u00e6re \u00e5 kontrollere at sm\u00f8ringen er riktig, inspisere pakninger og beslag, og unders\u00f8ke sylinderen for skader. Regelmessig forebyggende vedlikehold kan bidra til \u00e5 redusere forekomsten av disse problemene.<\/p>\n<p><img decoding=\"async\" src=\"https:\/\/www.hydraulic-cylinders.net\/wp-content\/uploads\/2025\/01\/songte-bushings-with-all-kinds-of-excavator-models.webp\" alt=\"Hydraulisk sylinder\" style=\"width:100%\"><\/p>\n<h2>Om selskapet v\u00e5rt<\/h2>\n<p>Vi er en ledende produsent og grossistdistribut\u00f8r av hydrauliske sylindere i det innenlandske og internasjonale markedet. V\u00e5rt selskap f\u00f8lger prinsippet om utmerket kvalitet og er avhengig av industrialiserte produksjonsstyringsstrategier basert p\u00e5 presisjonsproduksjonsverksteder, teknologiske talenter, digitalt high-end produksjonsutstyr samt profesjonelle testsystemer. V\u00e5rt selskap forbedrer kontinuerlig verkstedsproduksjonsplattformen, forbedrer produktkvaliteten og produksjonsruten, og har sterke produksjonsevner for \u00e5 m\u00f8te kundenes ulike behov med h\u00f8y effektivitet, presisjon og kvalitet. <\/p>\n<p>V\u00e5rt firma tilbyr ulike produkter og tjenester som:<\/p>\n<ul>\n<li>\n<h3>Profesjonalitet<\/h3>\n<p>Vi har et team av fagfolk med mange \u00e5rs erfaring i bransjen for \u00e5 sikre at produktene v\u00e5re oppfyller de h\u00f8yeste standardene for kvalitet og p\u00e5litelighet.<\/p>\n<\/li>\n<li>\n<h3>Internasjonal sertifisering<\/h3>\n<p>Produktene v\u00e5re er sertifisert i henhold til internasjonale standarder, som ISO 9001:2015, noe som sikrer at kundene v\u00e5re kan stole p\u00e5 produktene v\u00e5re.<\/p>\n<\/li>\n<li>\n<h3>Tilpasningstjenester<\/h3>\n<p>Vi tilbyr skreddersydde tjenester for \u00e5 m\u00f8te kundenes unike behov, og tilbyr skreddersydde l\u00f8sninger som er utformet for \u00e5 m\u00f8te spesifikke krav.<\/p>\n<\/li>\n<li>\n<h3>Produksjonsutstyr<\/h3>\n<p>Vi bruker avansert produksjonsutstyr, som CNC-maskiner, for \u00e5 sikre presisjonsproduksjon og produkter av h\u00f8y kvalitet.<\/p>\n<\/li>\n<li>\n<h3>Ettersalgsservice<\/h3>\n<p>Vi tilbyr ettersalgsservice for \u00e5 sikre at kundene v\u00e5re er forn\u00f8yde med produktene og tjenestene v\u00e5re, og tilbyr vedlikehold, reparasjon og utskiftingstjenester.<\/p>\n<\/li>\n<\/ul>\n<p><img decoding=\"async\" src=\"https:\/\/hzpt.com\/wp-content\/uploads\/2024\/11\/songte-company-1.webp\" alt=\"Hydraulisk sylinder\" style=\"width:100%\"><\/p>\n<p>Forfatter: lyl<\/p>","protected":false},"excerpt":{"rendered":"<p>Bucket Cylinder For Atlas 7808LC Introduction The bucket cylinder for Atlas 7808LC is a type of hydraulic cylinder that is specially designed for controlling the movement of buckets in heavy machinery such as excavators, backhoe loaders, and front-end loaders. Its main function is to allow the bucket to be lifted, lowered and tilted, thereby facilitating [&hellip;]<\/p>","protected":false},"featured_media":14773,"comment_status":"open","ping_status":"closed","template":"","meta":{"_et_pb_use_builder":"","_et_pb_old_content":"","_et_gb_content_width":""},"product_brand":[],"product_cat":[1494],"product_tag":[1495,1496],"class_list":{"0":"post-15921","1":"product","2":"type-product","3":"status-publish","4":"has-post-thumbnail","6":"product_cat-bucket-cylinders","7":"product_tag-bucket-cylinders","8":"product_tag-hydraulic-cylinders","10":"first","11":"instock","12":"shipping-taxable","13":"product-type-simple"},"amp_enabled":true,"_links":{"self":[{"href":"https:\/\/www.hydraulic-cylinders.net\/nb\/wp-json\/wp\/v2\/product\/15921","targetHints":{"allow":["GET"]}}],"collection":[{"href":"https:\/\/www.hydraulic-cylinders.net\/nb\/wp-json\/wp\/v2\/product"}],"about":[{"href":"https:\/\/www.hydraulic-cylinders.net\/nb\/wp-json\/wp\/v2\/types\/product"}],"replies":[{"embeddable":true,"href":"https:\/\/www.hydraulic-cylinders.net\/nb\/wp-json\/wp\/v2\/comments?post=15921"}],"wp:featuredmedia":[{"embeddable":true,"href":"https:\/\/www.hydraulic-cylinders.net\/nb\/wp-json\/wp\/v2\/media\/14773"}],"wp:attachment":[{"href":"https:\/\/www.hydraulic-cylinders.net\/nb\/wp-json\/wp\/v2\/media?parent=15921"}],"wp:term":[{"taxonomy":"product_brand","embeddable":true,"href":"https:\/\/www.hydraulic-cylinders.net\/nb\/wp-json\/wp\/v2\/product_brand?post=15921"},{"taxonomy":"product_cat","embeddable":true,"href":"https:\/\/www.hydraulic-cylinders.net\/nb\/wp-json\/wp\/v2\/product_cat?post=15921"},{"taxonomy":"product_tag","embeddable":true,"href":"https:\/\/www.hydraulic-cylinders.net\/nb\/wp-json\/wp\/v2\/product_tag?post=15921"}],"curies":[{"name":"wp","href":"https:\/\/api.w.org\/{rel}","templated":true}]}}