{"id":15923,"date":"2025-01-19T15:10:21","date_gmt":"2025-01-19T15:10:21","guid":{"rendered":"https:\/\/www.hydraulic-cylinders.net\/product\/bucket-cylinder-for-bonny-ced1000-7\/"},"modified":"2025-01-19T15:10:23","modified_gmt":"2025-01-19T15:10:23","slug":"bucket-cylinder-for-bonny-ced1000-7","status":"publish","type":"product","link":"https:\/\/www.hydraulic-cylinders.net\/nb\/produkt\/bucket-cylinder-for-bonny-ced1000-7\/","title":{"rendered":"Skuffesylinder for Bonny CED1000-7"},"content":{"rendered":"<h1>Skuffesylinder for Bonny CED1000-7<\/h1>\n<h2>Introduksjon<\/h2>\n<p>En skuffesylinder er en spesialdesignet hydraulisk sylinder som brukes til \u00e5 kontrollere bevegelsen til skuffen i tunge maskiner som gravemaskiner, traktorgravere og frontlastere. Hovedfunksjonen er \u00e5 gj\u00f8re det mulig \u00e5 l\u00f8fte, senke og tilte skuffen, noe som gj\u00f8r det enkelt \u00e5 h\u00e5ndtere ulike materialh\u00e5ndteringsoppgaver. I det hydrauliske systemet bruker skuffesylinderen trykkendringen i hydraulikkoljen for \u00e5 oppn\u00e5 presis kontroll over skuffen, slik at operat\u00f8rer effektivt kan h\u00e5ndtere tunge gjenstander og tilpasse seg komplekse arbeidsmilj\u00f8er og ulike jobbkrav.<\/p>\n<p><img loading=\"lazy\" decoding=\"async\" src=\"https:\/\/www.hydraulic-cylinders.net\/wp-content\/uploads\/2025\/01\/songte-company-2.webp\" alt=\"Skuffesylinder for Bonny CED1000-7\" width=\"500\" height=\"300\"><\/p>\n<h2>Funksjoner<\/h2>\n<ol>\n<li>\n<h3>H\u00f8y styrke og holdbarhet<\/h3>\n<p>B\u00f8ttesylindere er vanligvis laget av h\u00f8yfast st\u00e5l eller aluminium som t\u00e5ler h\u00f8yt trykk og tunge belastninger, og tilpasser seg t\u00f8ffe arbeidsmilj\u00f8er. Designet tar hensyn til slitestyrke og korrosjonsbestandighet, noe som forlenger levetiden.<\/p>\n<\/li>\n<li>\n<h3>Effektiv hydraulisk drift<\/h3>\n<p>Skuffesylindere bruker hydraulisk oljetrykk for \u00e5 oppn\u00e5 jevne forlengelses- og inntrekksbevegelser, noe som gir rask respons p\u00e5 kontrollkommandoer og gir kraftige skyve- og trekkkrefter som er egnet for h\u00e5ndtering av tunge gjenstander og komplekse arbeidsoppgaver.<\/p>\n<\/li>\n<li>\n<h3>Ulike typer<\/h3>\n<p>Skuffesylindere kan velges som enkeltvirkende (hydraulisk brukes kun i \u00e9n retning) eller dobbeltvirkende (hydraulisk brukes i begge retninger) i henhold til driftsbehovene. Noen modeller er teleskopiske, noe som gir st\u00f8rre uttrekk uten \u00e5 \u00f8ke de ytre m\u00e5lene, egnet for applikasjoner med begrenset plass.<\/p>\n<\/li>\n<li>\n<h3>Utskiftbar<\/h3>\n<p>Produktet v\u00e5rt kan erstatte disse hydrauliske sylindrene perfekt.<\/p>\n<\/li>\n<li>\n<h3>S\u00f8knad<\/h3>\n<p>Skuffesylindere brukes i diverse anleggsutstyr, landbruksmaskiner, gravemaskiner og frontlastere. De er viktige for utgraving, lasting og flytting av jord eller rusk. Skuffesylindere hjelper med utgraving, l\u00f8fting og dumping av jord i gravemaskin. For frontlastere hjelper de med \u00e5 l\u00f8fte og tilte last effektivt.<\/p>\n<\/li>\n<\/ol>\n<h2>Designhensyn og utvalgsstandarder<\/h2>\n<p><img loading=\"lazy\" decoding=\"async\" src=\"https:\/\/www.hydraulic-cylinders.net\/wp-content\/uploads\/2025\/01\/songte-oil-pipes-and-spare-parts.webp\" alt=\"Design av b\u00f8ttesylinder\" width=\"500\" height=\"300\"><\/p>\n<p>Skuffesylindere er kritiske komponenter i tungt maskineri og m\u00e5 designes og velges med flere faktorer i tankene:<\/p>\n<ol>\n<li>\n<h3>B\u00e6reevne<\/h3>\n<p>Skuffesylindere b\u00f8r konstrueres for \u00e5 t\u00e5le de maksimale kreftene og p\u00e5kjenningene de kan m\u00f8te i felten. Konstruksjonen b\u00f8r ogs\u00e5 ta hensyn til maksimal arbeidsbelastning.<\/p>\n<\/li>\n<li>\n<h3>Tetting<\/h3>\n<p>B\u00f8ttesylindere bruker forskjellige tetningskomponenter som stempeltetninger, stangtetninger osv. De m\u00e5 v\u00e6re laget av slitesterke materialer som polyuretan og nitrilgummi. Sylinderhuset og gjengeoverflaten gjennomg\u00e5r fin bearbeiding for \u00e5 forbedre slitestyrken. Regelmessig sm\u00f8ring er viktig for \u00e5 forhindre skader fra utilstrekkelig sm\u00f8ring.<\/p>\n<\/li>\n<li>\n<h3>Holdbarhet og sikkerhet<\/h3>\n<p>Skuffesylindere m\u00e5 bygges for \u00e5 t\u00e5le tunge belastninger og ugunstige arbeidsforhold. De m\u00e5 v\u00e6re slitesterke nok til \u00e5 vare lenge og sikre sikkerhet.<\/p>\n<\/li>\n<li>\n<h3>Vedlikehold<\/h3>\n<p>B\u00f8ttesylindere krever regelmessig vedlikehold og reparasjon for \u00e5 forlenge levetiden. Inspeksjon, utskifting og kalibrering av deler som tetninger og pakninger er n\u00f8dvendig for \u00e5 forhindre feil og minimere nedetid.<\/p>\n<\/li>\n<\/ol>\n<h2>Installasjonsveiledning<\/h2>\n<p><img loading=\"lazy\" decoding=\"async\" src=\"https:\/\/www.hydraulic-cylinders.net\/wp-content\/uploads\/2025\/01\/songte-chushion-collar.webp\" alt=\"Installasjonsveiledning for b\u00f8ttesylinder\" width=\"500\" height=\"300\"><\/p>\n<p>Riktig installasjon er avgj\u00f8rende for optimal ytelse og levetid p\u00e5 b\u00f8ttesylinderen. F\u00f8lgende er de anbefalte installasjonsprosedyrene:<\/p>\n<ol>\n<li>Juster sylinderen riktig og bruk passende monteringsbraketter for \u00e5 feste sylinderen p\u00e5 plass.<\/li>\n<li>S\u00f8rg for at alle hydrauliske koblinger er p\u00e5 plass og sikret.<\/li>\n<li>Kontroller hydraulikkoljeniv\u00e5et og etterfyll om n\u00f8dvendig.<\/li>\n<li>Start maskinen og test sylinderens drift for \u00e5 sikre at den fungerer som den skal.<\/li>\n<\/ol>\n<h2>Vedlikeholdsoppgaver<\/h2>\n<p><img loading=\"lazy\" decoding=\"async\" src=\"https:\/\/www.hydraulic-cylinders.net\/wp-content\/uploads\/2025\/01\/songte-bushings-with-all-kinds-of-excavator-models.webp\" alt=\"Vedlikeholdsoppgaver\" width=\"500\" height=\"300\"><\/p>\n<p>Regelmessig vedlikehold er viktig for \u00e5 forlenge levetiden til b\u00f8ttesylinderen. F\u00f8lgende er vanlige vedlikeholdsoppgaver:<\/p>\n<ol>\n<li>Regelmessig inspeksjon av sylinderen for tegn p\u00e5 slitasje og skade.<\/li>\n<li>Regelmessig sm\u00f8ring av sylinderen for \u00e5 forhindre skader fra utilstrekkelig sm\u00f8ring.<\/li>\n<li>Utskifting av slitte eller skadede tetninger og pakninger.<\/li>\n<li>Kalibreringskontroller for \u00e5 sikre at sylinderen fungerer som den skal.<\/li>\n<\/ol>\n<h2>Sikkerhetshensyn og milj\u00f8faktorer<\/h2>\n<p>N\u00e5r man bruker b\u00f8ttesylindere, er sikkerhet en topprioritet. Operat\u00f8rer b\u00f8r v\u00e6re tilstrekkelig oppl\u00e6rt og f\u00f8lge alle sikkerhetsretningslinjer for \u00e5 unng\u00e5 ulykker. I tillegg kan milj\u00f8faktorer som temperatur og fuktighet p\u00e5virke b\u00f8ttesylinderens ytelse og levetid. Riktig lagring og vedlikehold kan minimere disse effektene.<\/p>\n<h2>Feils\u00f8king og vanlige problemer<\/h2>\n<p><img loading=\"lazy\" decoding=\"async\" src=\"https:\/\/hzpt.com\/wp-content\/uploads\/2024\/11\/songte-company-1.webp\" alt=\"Feils\u00f8king og vanlige problemer\" width=\"500\" height=\"300\"><\/p>\n<p>B\u00f8ttesylindere kan st\u00f8te p\u00e5 flere problemer som kan p\u00e5virke ytelsen. F\u00f8lgende er vanlige problemer:<\/p>\n<ol>\n<li>Lekkasje av olje<\/li>\n<li>Treg drift<\/li>\n<li>Redusert effekt<\/li>\n<li>Overdreven st\u00f8y eller vibrasjon<\/li>\n<\/ol>\n<p>Riktig diagnose og rask handling kan bidra til \u00e5 l\u00f8se disse problemene og forhindre ytterligere skade p\u00e5 b\u00f8ttesylinderen.<\/p>\n<h2>Om selskapet v\u00e5rt<\/h2>\n<p><img loading=\"lazy\" decoding=\"async\" src=\"https:\/\/www.hydraulic-cylinders.net\/wp-content\/uploads\/2025\/01\/songte-company-3.webp\" alt=\"Om selskapet v\u00e5rt\" width=\"500\" height=\"300\"><\/p>\n<p>Vi er en ledende produsent og grossist av hydrauliske sylindere i det innenlandske og internasjonale markedet. V\u00e5rt selskap produserer et komplett utvalg av produkter og f\u00f8lger utmerket kvalitet med industristandard produksjonsstyringsstrategier. Vi er avhengige av et team av tekniske talenter, avansert digitalt produksjonsutstyr og profesjonelle testsystemer for kontinuerlig \u00e5 forbedre v\u00e5r produksjonsplattform og produktkvalitetsruter. V\u00e5re produkter er egnet for kundenes mangfoldige behov og f\u00f8lger prinsipper for h\u00f8y effektivitet, h\u00f8y presisjon og h\u00f8y kvalitet.<\/p>\n<p>Vi tilbyr skreddersydde tjenester, produksjonsutstyr og ettersalgstjenester til kundene v\u00e5re. Vi har som m\u00e5l \u00e5 tilby produkter av h\u00f8y kvalitet som oppfyller kundenes behov og forventninger.<\/p>\n<p>Denne artikkelen er skrevet av Lyl.<\/p>","protected":false},"excerpt":{"rendered":"<p>Bucket Cylinder For Bonny CED1000-7 Introduction A bucket cylinder is a specially designed hydraulic cylinder used to control the movement of the bucket in heavy machinery such as excavators, backhoe excavators, and front-end loaders. Its main function is to enable the bucket to lift, lower, and tilt, making it easy to handle various material handling [&hellip;]<\/p>","protected":false},"featured_media":14769,"comment_status":"open","ping_status":"closed","template":"","meta":{"_et_pb_use_builder":"","_et_pb_old_content":"","_et_gb_content_width":""},"product_brand":[],"product_cat":[1494],"product_tag":[1495,1496],"class_list":{"0":"post-15923","1":"product","2":"type-product","3":"status-publish","4":"has-post-thumbnail","6":"product_cat-bucket-cylinders","7":"product_tag-bucket-cylinders","8":"product_tag-hydraulic-cylinders","10":"first","11":"instock","12":"shipping-taxable","13":"product-type-simple"},"amp_enabled":true,"_links":{"self":[{"href":"https:\/\/www.hydraulic-cylinders.net\/nb\/wp-json\/wp\/v2\/product\/15923","targetHints":{"allow":["GET"]}}],"collection":[{"href":"https:\/\/www.hydraulic-cylinders.net\/nb\/wp-json\/wp\/v2\/product"}],"about":[{"href":"https:\/\/www.hydraulic-cylinders.net\/nb\/wp-json\/wp\/v2\/types\/product"}],"replies":[{"embeddable":true,"href":"https:\/\/www.hydraulic-cylinders.net\/nb\/wp-json\/wp\/v2\/comments?post=15923"}],"wp:featuredmedia":[{"embeddable":true,"href":"https:\/\/www.hydraulic-cylinders.net\/nb\/wp-json\/wp\/v2\/media\/14769"}],"wp:attachment":[{"href":"https:\/\/www.hydraulic-cylinders.net\/nb\/wp-json\/wp\/v2\/media?parent=15923"}],"wp:term":[{"taxonomy":"product_brand","embeddable":true,"href":"https:\/\/www.hydraulic-cylinders.net\/nb\/wp-json\/wp\/v2\/product_brand?post=15923"},{"taxonomy":"product_cat","embeddable":true,"href":"https:\/\/www.hydraulic-cylinders.net\/nb\/wp-json\/wp\/v2\/product_cat?post=15923"},{"taxonomy":"product_tag","embeddable":true,"href":"https:\/\/www.hydraulic-cylinders.net\/nb\/wp-json\/wp\/v2\/product_tag?post=15923"}],"curies":[{"name":"wp","href":"https:\/\/api.w.org\/{rel}","templated":true}]}}