{"id":1595,"date":"2023-10-07T08:23:14","date_gmt":"2023-10-07T08:23:14","guid":{"rendered":"https:\/\/hydraulic-cylinders.net\/?post_type=product&#038;p=1595"},"modified":"2025-04-11T03:36:18","modified_gmt":"2025-04-11T03:36:18","slug":"mining-dump-truck-rear-suspension-cylinder","status":"publish","type":"product","link":"https:\/\/www.hydraulic-cylinders.net\/nb\/produkt\/mining-dump-truck-rear-suspension-cylinder\/","title":{"rendered":"Bakre fj\u00e6ringssylinder for gruvedriftsbil"},"content":{"rendered":"<h1 style=\"text-align: center;\"><strong>Bakre fj\u00e6ringssylinder for gruvedriftsbil<\/strong><\/h1>\n<p><img loading=\"lazy\" decoding=\"async\" class=\"aligncenter wp-image-1596\" src=\"https:\/\/hydraulic-cylinders.net\/wp-content\/uploads\/2023\/10\/rear-suspension-cylinder-1-300x300.webp\" alt=\"\" width=\"400\" height=\"400\" \/><\/p>\n<p>Bakre fj\u00e6ringssylinder p\u00e5 gruvedumper er en viktig komponent som er spesielt utviklet for \u00e5 optimalisere stabiliteten og ytelsen til gruvedumpere. Med sin robuste konstruksjon og avanserte funksjoner spiller denne sylinderen en avgj\u00f8rende rolle i \u00e5 absorbere st\u00f8t, opprettholde riktig fj\u00e6ring og forbedre den totale effektiviteten til tunge gruvedriftsoperasjoner.<\/p>\n<p>Bakre fj\u00e6ringssylinder for gruvedumpere er en viktig komponent for \u00e5 forbedre stabilitet, b\u00e6reevne og generell ytelse i gruvedumpere. Den robuste konstruksjonen, overlegne st\u00f8tdempingen og den presise fj\u00e6ringskontrollen gj\u00f8r den til en verdifull ressurs i den krevende gruveindustrien. Ved \u00e5 f\u00f8lge riktige bruksmetoder og implementere regelmessige vedlikeholdspraksiser, kan f\u00f8rere sikre levetiden og p\u00e5liteligheten til bakre fj\u00e6ringssylinderen for gruvedumpere, noe som f\u00f8rer til sikker og effektiv gruvedrift. Velg denne h\u00f8yytelsessylinderen for \u00e5 forbedre stabilitet, produktivitet og f\u00f8rerkomfort i din gruvedumperfl\u00e5te.<\/p>\n<p>Bakre sylinderoppheng for gruvedrift, viktige egenskaper:<\/p>\n<ol>\n<li>Robust og slitesterk konstruksjon:<\/li>\n<\/ol>\n<ul>\n<li>Bakre sylinderoppheng p\u00e5 gruvedumper er bygget med materialer av h\u00f8y kvalitet, noe som sikrer holdbarhet og lang levetid i t\u00f8ffe gruvemilj\u00f8er.<\/li>\n<li>Den t\u00e5ler tunge belastninger, konstante vibrasjoner og utfordrende terreng, og gir p\u00e5litelig ytelse gjennom hele levetiden.<\/li>\n<\/ul>\n<ol start=\"2\">\n<li>Overlegen st\u00f8tdemping:<\/li>\n<\/ol>\n<ul>\n<li>Denne sylinderen er utstyrt med avansert st\u00f8tdempingteknologi, som effektivt minimerer virkningen av st\u00f8t og vibrasjoner som oppst\u00e5r under gruvedrift.<\/li>\n<li>Det forbedrer stabiliteten til dumperen, reduserer belastningen p\u00e5 kj\u00f8ret\u00f8yets komponenter og sikrer en jevnere og mer komfortabel kj\u00f8retur for b\u00e5de f\u00f8reren og nyttelasten.<\/li>\n<\/ul>\n<ol start=\"3\">\n<li>Presis fj\u00e6ringskontroll:<\/li>\n<\/ol>\n<ul>\n<li>Bakre fj\u00e6ringssylinder p\u00e5 gruvedumper gir presis kontroll over fj\u00e6ringssystemet, slik at f\u00f8rere kan justere fj\u00e6ringsinnstillingene i henhold til spesifikke gruveforhold.<\/li>\n<li>Denne funksjonen bidrar til \u00e5 optimalisere lastebilens ytelse ved \u00e5 sikre riktig balanse mellom lastekapasitet, man\u00f8vrerbarhet og stabilitet.<\/li>\n<\/ul>\n<h2><strong>Parameter for bakre fj\u00e6ringssylinder for gruvedrift:<\/strong><\/h2>\n<table border=\"1\" cellspacing=\"0\" cellpadding=\"0\">\n<tbody>\n<tr>\n<td>Produktnavn<\/td>\n<td>Bakre fj\u00e6ringssylinder for gruvedriftsbil<\/td>\n<\/tr>\n<tr>\n<td>Funksjoner:<\/td>\n<td>St\u00f8tt vekt, absorber og eliminer vibrasjoner<\/td>\n<\/tr>\n<tr>\n<td>Borediameter:<\/td>\n<td>150 mm \uff5e450 mm<\/td>\n<\/tr>\n<tr>\n<td>Stangdiameter:<\/td>\n<td>120 mm \uff5e400 mm<br \/>\nSlaglengde \u2264400 mm<\/td>\n<\/tr>\n<tr>\n<td>Skyvekraft:<\/td>\n<td>Maksimum 38 MPa<\/td>\n<\/tr>\n<tr>\n<td>Bruksomr\u00e5der for bakre fj\u00e6ringssylinder:<\/td>\n<td>Gruvedriftsdumper<\/td>\n<\/tr>\n<\/tbody>\n<\/table>\n<h2><strong>Diagram for identifikasjon av sylinder for gruvedriftsdumper:<\/strong><\/h2>\n<p><img loading=\"lazy\" decoding=\"async\" class=\"alignnone wp-image-1594 size-full\" src=\"https:\/\/hydraulic-cylinders.net\/wp-content\/uploads\/2023\/10\/mining-dump-truck-cylinder.webp\" alt=\"\" width=\"1418\" height=\"946\" srcset=\"https:\/\/hydraulic-cylinders.net\/wp-content\/uploads\/2023\/10\/mining-dump-truck-cylinder.webp 1418w, https:\/\/hydraulic-cylinders.net\/wp-content\/uploads\/2023\/10\/mining-dump-truck-cylinder-1280x854.webp 1280w, https:\/\/hydraulic-cylinders.net\/wp-content\/uploads\/2023\/10\/mining-dump-truck-cylinder-980x654.webp 980w, https:\/\/hydraulic-cylinders.net\/wp-content\/uploads\/2023\/10\/mining-dump-truck-cylinder-480x320.webp 480w\" sizes=\"(min-width: 0px) and (max-width: 480px) 480px, (min-width: 481px) and (max-width: 980px) 980px, (min-width: 981px) and (max-width: 1280px) 1280px, (min-width: 1281px) 1418px, 100vw\" \/><\/p>\n<h2><strong>Bruksmetode for gruvedrift av bakre fj\u00e6ringssylinder for dumper<\/strong><strong>:<\/strong><\/h2>\n<ol>\n<li><strong>Installasjon og kalibrering:<\/strong><\/li>\n<\/ol>\n<ul>\n<li>Bakre sylinder for hjuloppheng p\u00e5 gruvebil b\u00f8r installeres og kalibreres av kvalifiserte teknikere som er kjent med de spesifikke kravene til gruvebiler.<\/li>\n<li>Riktig installasjon og kalibrering sikrer optimal ytelse og overholdelse av sikkerhetsstandarder.<\/li>\n<\/ul>\n<ol start=\"2\">\n<li><strong>Justering av fj\u00e6ring:<\/strong><\/li>\n<\/ol>\n<ul>\n<li>Bruk fj\u00e6ringskontrollsystemet i lastebilens f\u00f8rerhus til \u00e5 justere innstillingene for bakhjulsopphenget.<\/li>\n<li>Ta hensyn til faktorer som lastvekt, terrengforhold og \u00f8nsket kj\u00f8reh\u00f8yde n\u00e5r du justerer fj\u00e6ringen.<\/li>\n<\/ul>\n<ol start=\"3\">\n<li><strong>Regelmessig overv\u00e5king:<\/strong><\/li>\n<\/ol>\n<ul>\n<li>Overv\u00e5k kontinuerlig ytelsen til gruvedumperens bakre fj\u00e6ringssystem under drift.<\/li>\n<li>V\u00e6r oppmerksom p\u00e5 tegn p\u00e5 overdreven sprett, ustabilitet eller uvanlige lyder, da dette kan indikere behov for justering eller vedlikehold.<\/li>\n<\/ul>\n<h2><strong>Hva er ladetrykk i et hydraulisk system?<\/strong><\/h2>\n<p>I et hydraulisk system refererer ladetrykket til trykket til den hydrauliske v\u00e6sken i systemet. Det er trykket som ut\u00f8ves p\u00e5 v\u00e6sken av en ekstern str\u00f8mkilde, for eksempel en pumpe eller akkumulator, for \u00e5 gi den energien som er n\u00f8dvendig for at systemet skal kunne utf\u00f8re sine tiltenkte funksjoner.<\/p>\n<p>Ladetrykket er en avgj\u00f8rende parameter i et hydraulisk system, ettersom det bestemmer kraften og hastigheten som de hydrauliske aktuatorene, som sylindere eller motorer, kan operere med. Her er noen viktige punkter \u00e5 forst\u00e5 om ladetrykk:<\/p>\n<ol>\n<li><strong>Kraftproduksjon:<\/strong> En hydraulisk pumpe genererer prim\u00e6rt ladetrykk, som trekker v\u00e6ske fra et reservoar og setter det under trykk. Pumpen forsyner systemet kontinuerlig med et spesifisert trykk for \u00e5 sikre jevn drift.<\/li>\n<li><strong>Systemdesign:<\/strong> Ladetrykket bestemmes vanligvis av designkravene til det hydrauliske systemet. Det p\u00e5virkes av faktorer som lastekapasitet, \u00f8nsket driftshastighet og aktuatortype.<\/li>\n<li><strong>Trykkregulering:<\/strong> Hydrauliske systemer har ofte trykkavlastnings- eller kontrollventiler for \u00e5 regulere ladetrykket. Disse ventilene s\u00f8rger for at trykket holder seg innenfor et trygt og optimalt omr\u00e5de, og beskytter systemet mot overtrykk.<\/li>\n<li><strong>Kraft og fart:<\/strong> Ladetrykket p\u00e5virker direkte kraften og hastigheten som hydrauliske aktuatorer opererer med. H\u00f8yere ladetrykk \u00f8ker kraftuttaket, slik at systemet kan flytte tyngre laster. Omvendt kan lavere ladetrykk redusere kraftuttaket, men gi jevnere og mer presis kontroll for spesifikke applikasjoner.<\/li>\n<li><strong>Effektivitet og varmeutvikling:<\/strong> Ladetrykket p\u00e5virker ogs\u00e5 den totale effektiviteten til det hydrauliske systemet. H\u00f8yere ladetrykk kan \u00f8ke energiforbruket og generere mer varme i systemet. Effektiv trykkkontroll og riktig systemdesign bidrar til \u00e5 redusere energitap og h\u00e5ndtere varmespredning.<\/li>\n<li><strong>Trykktap:<\/strong> Det er viktig \u00e5 ta hensyn til trykktap i det hydrauliske systemet p\u00e5 grunn av v\u00e6skefriksjon, str\u00f8mningsbegrensninger og trykkfall over ventiler og komponenter. Disse tapene kan p\u00e5virke det faktiske ladetrykket som aktuatorene opplever, og b\u00f8r minimeres for \u00e5 opprettholde \u00f8nsket ytelse.<\/li>\n<\/ol>\n<h2><strong>Fabrikkens kapasitet og kapasitet:<\/strong><\/h2>\n<h3>(1) Montering<\/h3>\n<p>Vi har en f\u00f8rsteklasses uavhengig forsknings- og utviklingsplattform for montering. Verkstedet for produksjon av hydrauliske sylindere har fire halvautomatiske monteringslinjer for l\u00f8ftesylindere og \u00e9n automatisk monteringslinje for vippesylindere, med en \u00e5rlig produksjonskapasitet p\u00e5 1 million enheter. Spesialsylinderverkstedet er utstyrt med ulike spesifikasjoner for et halvautomatisk rengj\u00f8ringsmonteringssystem med en \u00e5rlig produksjonskapasitet p\u00e5 200 000 enheter, og er utstyrt med kjent CNC-maskineringsutstyr, et maskineringssenter, spesialutstyr for h\u00f8ypresisjons sylinderbehandling, en robotsveisemaskin, en automatisk rengj\u00f8ringsmaskin, en automatisk sylindermonteringsmaskin og en automatisk produksjonslinje for lakkering. Vi har mer enn 300 sett (sett) av kritisk utstyr. Optimal allokering og effektiv bruk av utstyrsressurser sikrer n\u00f8yaktighetskravene til produktene og oppfyller produktenes h\u00f8ye kvalitetsbehov.<\/p>\n<p><img loading=\"lazy\" decoding=\"async\" class=\"alignnone wp-image-626\" src=\"https:\/\/hydraulic-cylinders.net\/wp-content\/uploads\/2023\/08\/hydraulic-cylinder-product-1-300x158.webp\" alt=\"\" width=\"495\" height=\"260\" srcset=\"https:\/\/hydraulic-cylinders.net\/wp-content\/uploads\/2023\/08\/hydraulic-cylinder-product-1-300x158.webp 495w, https:\/\/hydraulic-cylinders.net\/wp-content\/uploads\/2023\/08\/hydraulic-cylinder-product-1-480x252.webp 480w\" sizes=\"(min-width: 0px) and (max-width: 480px) 480px, (min-width: 481px) 495px, 100vw\" \/> <img loading=\"lazy\" decoding=\"async\" class=\"alignnone wp-image-627\" src=\"https:\/\/hydraulic-cylinders.net\/wp-content\/uploads\/2023\/08\/hydraulic-cylinder-product-2-300x189.webp\" alt=\"\" width=\"413\" height=\"260\" \/><\/p>\n<h3>(2) Maskinering<\/h3>\n<p>Maskineringsverkstedet er utstyrt med et spesialtilpasset dreiesenter for skr\u00e5 skinner, maskineringssenter, h\u00f8yhastighets honemaskin, sveiserobot og annet relatert utstyr, som kan h\u00e5ndtere bearbeiding av sylinderr\u00f8r med en maksimal indre diameter p\u00e5 400 mm og en maksimal lengde p\u00e5 6 meter.<\/p>\n<p><img loading=\"lazy\" decoding=\"async\" class=\"alignnone wp-image-628 size-large\" src=\"https:\/\/hydraulic-cylinders.net\/wp-content\/uploads\/2023\/08\/hydraulic-cylinder-product-3-1024x391.webp\" alt=\"\" width=\"1024\" height=\"391\" srcset=\"https:\/\/hydraulic-cylinders.net\/wp-content\/uploads\/2023\/08\/hydraulic-cylinder-product-3-980x374.webp 980w, https:\/\/hydraulic-cylinders.net\/wp-content\/uploads\/2023\/08\/hydraulic-cylinder-product-3-480x183.webp 480w\" sizes=\"(min-width: 0px) and (max-width: 480px) 480px, (min-width: 481px) and (max-width: 980px) 980px, (min-width: 981px) 1024px, 100vw\" \/><\/p>\n<h3>(3) Sveising<\/h3>\n<p><img loading=\"lazy\" decoding=\"async\" class=\"alignnone wp-image-629 size-large\" src=\"https:\/\/hydraulic-cylinders.net\/wp-content\/uploads\/2023\/08\/hydraulic-cylinder-product-4-1024x510.webp\" alt=\"\" width=\"1024\" height=\"510\" srcset=\"https:\/\/hydraulic-cylinders.net\/wp-content\/uploads\/2023\/08\/hydraulic-cylinder-product-4-980x488.webp 980w, https:\/\/hydraulic-cylinders.net\/wp-content\/uploads\/2023\/08\/hydraulic-cylinder-product-4-480x239.webp 480w\" sizes=\"(min-width: 0px) and (max-width: 480px) 480px, (min-width: 481px) and (max-width: 980px) 980px, (min-width: 981px) 1024px, 100vw\" \/><\/p>\n<h3>(4) Maling og belegg<\/h3>\n<p>Med sm\u00e5 og mellomstore sylinderautomatiske vannbaserte malingsbeleggslinjer, for \u00e5 oppn\u00e5 automatisk robotlasting og -lossing og automatisk spr\u00f8yting, er den designede kapasiteten 4000 stykker per skift;<br \/>\nVi har ogs\u00e5 en halvautomatisk produksjonslinje for maling for store sylindere drevet av en kabelkjede, med en designkapasitet p\u00e5 60 kasser per skift.<\/p>\n<p><img loading=\"lazy\" decoding=\"async\" class=\"alignnone wp-image-630\" src=\"https:\/\/hydraulic-cylinders.net\/wp-content\/uploads\/2023\/08\/hydraulic-cylinder-product-5-300x213.webp\" alt=\"\" width=\"366\" height=\"260\" \/> <img loading=\"lazy\" decoding=\"async\" class=\"alignnone wp-image-631\" src=\"https:\/\/hydraulic-cylinders.net\/wp-content\/uploads\/2023\/08\/hydraulic-cylinder-product-6-300x225.webp\" alt=\"\" width=\"347\" height=\"260\" \/><\/p>\n<h3>(5) Testing<\/h3>\n<p>Vi har f\u00f8rsteklasses inspeksjonsfasiliteter og testbenker for \u00e5 sikre at sylinderens ytelse oppfyller kravene.<\/p>\n<p><img loading=\"lazy\" decoding=\"async\" class=\"alignnone wp-image-632\" src=\"https:\/\/hydraulic-cylinders.net\/wp-content\/uploads\/2023\/08\/hydraulic-cylinder-product-8-300x200.webp\" alt=\"\" width=\"389\" height=\"260\" \/><\/p>\n<p>&nbsp;<\/p>\n<p>&nbsp;<\/p>\n<p>Vi er en av de beste produsentene av hydrauliske sylindere. Vi kan tilby et omfattende utvalg av hydrauliske sylindere. Vi tilbyr ogs\u00e5 tilsvarende <a href=\"https:\/\/hzpt.com\/agricultural-pto-gearbox\/\" target=\"_blank\" rel=\"noopener\">landbruksgirkasser<\/a>Vi har eksportert produktene v\u00e5re til kunder over hele verden og opparbeidet oss et godt rykte p\u00e5 grunn av v\u00e5r overlegne produktkvalitet og ettersalgsservice. Vi \u00f8nsker kunder i inn- og utland velkommen til \u00e5 kontakte oss for \u00e5 forhandle om forretninger, utveksle informasjon og <a href=\"https:\/\/www.hydraulic-cylinders.net\/nb\/contact-us\/\">samarbeide med oss<\/a>!<\/p>","protected":false},"excerpt":{"rendered":"<p>Mining Dump Truck Rear Suspension Cylinder The mining dump truck rear suspension cylinder is a vital component specifically designed to optimize the stability and performance of mining dump trucks. With its robust construction and advanced features, this cylinder plays a crucial role in absorbing shocks, maintaining proper suspension, and enhancing the overall efficiency of heavy-duty [&hellip;]<\/p>","protected":false},"featured_media":1598,"comment_status":"open","ping_status":"closed","template":"","meta":{"_et_pb_use_builder":"","_et_pb_old_content":"","_et_gb_content_width":""},"product_brand":[],"product_cat":[1550,1517,1532,1376],"product_tag":[1380],"class_list":{"0":"post-1595","1":"product","2":"type-product","3":"status-publish","4":"has-post-thumbnail","6":"product_cat-double-acting-hydraulic-cylinder","7":"product_cat-dump-truck-hydraulic-cylinders","8":"product_cat-mining-dump-truck-hydraulic-cylinders","9":"product_cat-hydraulic-cylinder","10":"product_tag-hydraulic-cylinder","12":"first","13":"instock","14":"shipping-taxable","15":"product-type-simple"},"amp_enabled":true,"_links":{"self":[{"href":"https:\/\/www.hydraulic-cylinders.net\/nb\/wp-json\/wp\/v2\/product\/1595","targetHints":{"allow":["GET"]}}],"collection":[{"href":"https:\/\/www.hydraulic-cylinders.net\/nb\/wp-json\/wp\/v2\/product"}],"about":[{"href":"https:\/\/www.hydraulic-cylinders.net\/nb\/wp-json\/wp\/v2\/types\/product"}],"replies":[{"embeddable":true,"href":"https:\/\/www.hydraulic-cylinders.net\/nb\/wp-json\/wp\/v2\/comments?post=1595"}],"wp:featuredmedia":[{"embeddable":true,"href":"https:\/\/www.hydraulic-cylinders.net\/nb\/wp-json\/wp\/v2\/media\/1598"}],"wp:attachment":[{"href":"https:\/\/www.hydraulic-cylinders.net\/nb\/wp-json\/wp\/v2\/media?parent=1595"}],"wp:term":[{"taxonomy":"product_brand","embeddable":true,"href":"https:\/\/www.hydraulic-cylinders.net\/nb\/wp-json\/wp\/v2\/product_brand?post=1595"},{"taxonomy":"product_cat","embeddable":true,"href":"https:\/\/www.hydraulic-cylinders.net\/nb\/wp-json\/wp\/v2\/product_cat?post=1595"},{"taxonomy":"product_tag","embeddable":true,"href":"https:\/\/www.hydraulic-cylinders.net\/nb\/wp-json\/wp\/v2\/product_tag?post=1595"}],"curies":[{"name":"wp","href":"https:\/\/api.w.org\/{rel}","templated":true}]}}