{"id":15953,"date":"2025-01-19T15:12:39","date_gmt":"2025-01-19T15:12:39","guid":{"rendered":"https:\/\/www.hydraulic-cylinders.net\/product\/bucket-cylinder-for-baoding-wy90d-9\/"},"modified":"2025-01-19T15:12:41","modified_gmt":"2025-01-19T15:12:41","slug":"bucket-cylinder-for-baoding-wy90d-9","status":"publish","type":"product","link":"https:\/\/www.hydraulic-cylinders.net\/nb\/produkt\/bucket-cylinder-for-baoding-wy90d-9\/","title":{"rendered":"B\u00f8ttesylinder for Baoding WY90D-9"},"content":{"rendered":"<p><!DOCTYPE html><br \/>\n<html><br \/>\n<head><br \/>\n<title>B\u00f8ttesylinder for Baoding WY90D-9<\/title><br \/>\n<\/head><br \/>\n<body><\/p>\n<h1>B\u00f8ttesylinder for Baoding WY90D-9<\/h1>\n<h2>Introduksjon<\/h2>\n<p>En skuffesylinder er en spesialdesignet hydraulisk sylinder som brukes til \u00e5 kontrollere bevegelsen til skuffen i tunge maskiner som gravemaskiner, traktorgravere og frontlastere. Hovedfunksjonen er \u00e5 gj\u00f8re det mulig for skuffen \u00e5 l\u00f8fte, senke og vippe, noe som forenkler ulike materialh\u00e5ndteringsoppgaver. I et hydraulisk system oppn\u00e5r skuffesylinderen presis kontroll over skuffen ved \u00e5 utnytte endringer i hydraulikkoljetrykket, slik at operat\u00f8rer effektivt kan h\u00e5ndtere tunge laster og tilpasse seg komplekse arbeidsmilj\u00f8er og ulike jobbkrav.<\/p>\n<p><img decoding=\"async\" src=\"https:\/\/www.hydraulic-cylinders.net\/wp-content\/uploads\/2025\/01\/songte-company-2.webp\" alt=\"Produktbilde\"><\/p>\n<h2>Funksjoner<\/h2>\n<ul>\n<li><strong>H\u00f8y styrke og holdbarhet:<\/strong> B\u00f8ttesylinderen er vanligvis laget av h\u00f8yfast st\u00e5l eller aluminium, og t\u00e5ler h\u00f8yt trykk og tunge belastninger, og tilpasser seg t\u00f8ffe arbeidsforhold. Designet tar hensyn til slitestyrke og korrosjonsmotstand, noe som forlenger levetiden.<\/li>\n<li><strong>Effektiv hydraulisk drift:<\/strong> Ved \u00e5 utnytte hydraulisk oljetrykk oppn\u00e5r skuffesylinderen jevne forlengelses- og inntrekksbevegelser, noe som muliggj\u00f8r rask respons p\u00e5 kontrollkommandoer og gir kraftige skyve- og trekkkrefter, noe som gj\u00f8r den egnet for h\u00e5ndtering av tunge lass og komplekse arbeidsoppgaver.<\/li>\n<li><strong>Ulike typer:<\/strong> Skuffesylinderen kan velges som enkeltvirkende (hydraulisk brukes kun i \u00e9n retning) eller dobbeltvirkende (hydraulisk brukes i begge retninger) sylindere i henhold til de spesifikke driftsbehovene. Noen modeller er teleskopiske, noe som gir st\u00f8rre forlengelse uten \u00e5 \u00f8ke de ytre m\u00e5lene, noe som gj\u00f8r dem egnet for applikasjoner med begrenset plass.<\/li>\n<li><strong>Erstatningskompatibilitet:<\/strong> Produktet v\u00e5rt kan erstatte disse hydrauliske sylindrene perfekt.<\/li>\n<\/ul>\n<p><img decoding=\"async\" src=\"https:\/\/www.hydraulic-cylinders.net\/wp-content\/uploads\/2025\/01\/songte-cylinder-head-with-all-kinds-excavator-models.webp\" alt=\"Produktutskifting\"><\/p>\n<h2>Bruksomr\u00e5der<\/h2>\n<ul>\n<li><strong>Anleggsutstyr:<\/strong> De finnes i gravemaskiner og er avgj\u00f8rende for graving, lasting og flytting av jord eller rusk. I gravemaskiner hjelper skuffesylinderen til med b\u00e5de graving og l\u00f8fting.<\/li>\n<li><strong>Landbruksmaskiner:<\/strong> Brukes i frontlastere til \u00e5 utarbeide, l\u00f8fte og transportere jord, h\u00f8y og andre materialer.<\/li>\n<li><strong>Gravemaskiner:<\/strong> Skuffesylinderen muliggj\u00f8r gravefunksjon ved \u00e5 la skuffen trenge ned i jorden.<\/li>\n<li><strong>Frontlastere:<\/strong> I frontlastere hjelper de med \u00e5 l\u00f8fte og tilte varer effektivt.<\/li>\n<\/ul>\n<h2>Designhensyn og utvalgskriterier<\/h2>\n<ul>\n<li><strong>B\u00e6reevne:<\/strong> Diskuterte evnen til \u00e5 b\u00e6re n\u00f8kkelordene.<\/li>\n<li><strong>Tetting:<\/strong> Utforsket bruken av ulike tetninger, som stempeltetninger og stangtetninger, laget av slitesterke materialer som polyuretan og nitrilgummi.<\/li>\n<li><strong>Varighet:<\/strong> Diskuterte finbehandlingen av sylinderhuset og gjengede endeflater for \u00e5 forbedre slitestyrken.<\/li>\n<li><strong>Sikkerhet:<\/strong> Diskuterte sikkerhetstiltak ved bruk av produktet.<\/li>\n<li><strong>Vedlikeholdbarhet:<\/strong> Diskuterte regelmessig inspeksjon og forebyggende vedlikeholdstiltak.<\/li>\n<\/ul>\n<p><img decoding=\"async\" src=\"https:\/\/www.hydraulic-cylinders.net\/wp-content\/uploads\/2025\/01\/songte-oil-pipes-and-spare-parts.webp\" alt=\"Produktdeler\"><\/p>\n<h2>Tetting og sm\u00f8ring<\/h2>\n<p>Ulike tetningskomponenter, som stempeltetninger og stangtetninger, brukes i b\u00f8ttesylinderen. Disse tetningene er laget av slitesterke materialer som polyuretan og nitrilgummi. Sylinderhuset og gjengede endeflater gjennomg\u00e5r finbehandling for \u00e5 forbedre slitestyrken. Regelmessig sm\u00f8ring med riktig mengde hydraulikkolje er n\u00f8dvendig for \u00e5 sikre problemfri drift.<\/p>\n<h2>Vedlikehold og inspeksjon<\/h2>\n<p>Regelmessige inspeksjoner og forebyggende vedlikeholdstiltak er avgj\u00f8rende for \u00e5 sikre at b\u00f8ttesylinderen varer lenge. Noen vanlige vedlikeholdsoppgaver inkluderer regelmessige inspeksjoner, riktig sm\u00f8ring, utskifting av pakninger og kalibreringskontroller. Riktig installasjon, sm\u00f8ring og justering vektlegges under installasjonen. Riktig justering av sylinderen og bruk av passende monteringsbraketter anbefales. Anbefalte inspeksjons-, reparasjons- og utskiftingsprosedyrer gis, sammen med tips for \u00e5 forlenge b\u00f8ttesylinderens levetid.<\/p>\n<p><img decoding=\"async\" src=\"https:\/\/www.hydraulic-cylinders.net\/wp-content\/uploads\/2025\/01\/songte-chushion-collar.webp\" alt=\"Produktinstallasjon\"><\/p>\n<h2>Sikkerhetshensyn og milj\u00f8faktorer<\/h2>\n<p>Viktigheten av sikkerhetstiltak ved bruk av b\u00f8ttesylinderen og hensyn til milj\u00f8faktorer ved drift av utstyret diskuteres.<\/p>\n<h2>Feildiagnose og feils\u00f8king<\/h2>\n<p>Vanlige feil og feils\u00f8kingsmetoder presenteres for \u00e5 hjelpe leserne med \u00e5 diagnostisere og l\u00f8se problemer effektivt. Forholdsregler for \u00e5 minimere potensielle problemer foresl\u00e5s ogs\u00e5.<\/p>\n<p><img decoding=\"async\" src=\"https:\/\/www.hydraulic-cylinders.net\/wp-content\/uploads\/2025\/01\/songte-bushings-with-all-kinds-of-excavator-models.webp\" alt=\"Feils\u00f8king av produktet\"><\/p>\n<h2>Introduksjon til selskapet<\/h2>\n<p>Vi er en produsent av hydrauliske sylindere for utskifting, og tilbyr et bredt spekter av produktvarianter. Vi har blitt en av de ledende produsentene og grossistdistribut\u00f8rene av hydrauliske sylindere i b\u00e5de innenlandske og internasjonale markeder. Vi f\u00f8lger prinsippene om utmerket kvalitet og er avhengige av den industrialiserte produksjonsstyringsstrategien til v\u00e5rt sofistikerte produksjonsverksted. Med v\u00e5r vekt p\u00e5 teknologisk talent, avansert digitalt produksjonsutstyr og profesjonelle testsystemer, forbedrer vi kontinuerlig v\u00e5r produksjonsplattform og perfeksjonerer produksjonsruten for produktkvalitet. Vi har en sterk innovasjonskapasitet, og vi streber etter \u00e5 m\u00f8te ulike kundebehov med h\u00f8y effektivitet, presisjon og kvalitet.<\/p>\n<p><img decoding=\"async\" src=\"https:\/\/hzpt.com\/wp-content\/uploads\/2024\/11\/songte-company-1.webp\" alt=\"Selskapets image\"><\/p>\n<h3>Selskapets h\u00f8ydepunkter:<\/h3>\n<ul>\n<li>Profesjonalitet<\/li>\n<li>Internasjonale sertifiseringer<\/li>\n<li>Tilpasningstjenester<\/li>\n<li>Produksjonsutstyr<\/li>\n<li>Ettersalgstjenester<\/li>\n<\/ul>\n<p><img decoding=\"async\" src=\"https:\/\/www.hydraulic-cylinders.net\/wp-content\/uploads\/2025\/01\/songte-company-3.webp\" alt=\"Selskapets h\u00f8ydepunkter\"><\/p>\n<p>Forfatter: lyl<\/p>\n<p><\/body><br \/>\n<\/html><\/p>","protected":false},"excerpt":{"rendered":"<p>Bucket Cylinder For Baoding WY90D-9 Bucket Cylinder For Baoding WY90D-9 Introduction A bucket cylinder is a specially designed hydraulic cylinder used to control the movement of the bucket in heavy machinery such as excavators, backhoe loaders, and front loaders. Its main function is to enable the bucket to lift, lower, and tilt, facilitating various material [&hellip;]<\/p>","protected":false},"featured_media":14769,"comment_status":"open","ping_status":"closed","template":"","meta":{"_et_pb_use_builder":"","_et_pb_old_content":"","_et_gb_content_width":""},"product_brand":[],"product_cat":[1494],"product_tag":[1495,1496],"class_list":{"0":"post-15953","1":"product","2":"type-product","3":"status-publish","4":"has-post-thumbnail","6":"product_cat-bucket-cylinders","7":"product_tag-bucket-cylinders","8":"product_tag-hydraulic-cylinders","10":"first","11":"instock","12":"shipping-taxable","13":"product-type-simple"},"amp_enabled":true,"_links":{"self":[{"href":"https:\/\/www.hydraulic-cylinders.net\/nb\/wp-json\/wp\/v2\/product\/15953","targetHints":{"allow":["GET"]}}],"collection":[{"href":"https:\/\/www.hydraulic-cylinders.net\/nb\/wp-json\/wp\/v2\/product"}],"about":[{"href":"https:\/\/www.hydraulic-cylinders.net\/nb\/wp-json\/wp\/v2\/types\/product"}],"replies":[{"embeddable":true,"href":"https:\/\/www.hydraulic-cylinders.net\/nb\/wp-json\/wp\/v2\/comments?post=15953"}],"wp:featuredmedia":[{"embeddable":true,"href":"https:\/\/www.hydraulic-cylinders.net\/nb\/wp-json\/wp\/v2\/media\/14769"}],"wp:attachment":[{"href":"https:\/\/www.hydraulic-cylinders.net\/nb\/wp-json\/wp\/v2\/media?parent=15953"}],"wp:term":[{"taxonomy":"product_brand","embeddable":true,"href":"https:\/\/www.hydraulic-cylinders.net\/nb\/wp-json\/wp\/v2\/product_brand?post=15953"},{"taxonomy":"product_cat","embeddable":true,"href":"https:\/\/www.hydraulic-cylinders.net\/nb\/wp-json\/wp\/v2\/product_cat?post=15953"},{"taxonomy":"product_tag","embeddable":true,"href":"https:\/\/www.hydraulic-cylinders.net\/nb\/wp-json\/wp\/v2\/product_tag?post=15953"}],"curies":[{"name":"wp","href":"https:\/\/api.w.org\/{rel}","templated":true}]}}