{"id":15955,"date":"2025-01-19T15:12:47","date_gmt":"2025-01-19T15:12:47","guid":{"rendered":"https:\/\/www.hydraulic-cylinders.net\/product\/bucket-cylinder-for-baoding-wy80-6\/"},"modified":"2025-01-19T15:12:49","modified_gmt":"2025-01-19T15:12:49","slug":"bucket-cylinder-for-baoding-wy80-6","status":"publish","type":"product","link":"https:\/\/www.hydraulic-cylinders.net\/nb\/produkt\/bucket-cylinder-for-baoding-wy80-6\/","title":{"rendered":"B\u00f8ttesylinder for Baoding WY80-6"},"content":{"rendered":"<h2>Introduksjon<\/h2>\n<h3>B\u00f8ttesylinder for Baoding WY80-6<\/h3>\n<p>Skuffesylinderen for Baoding WY80-6 er en type spesialisert hydraulisk sylinder som prim\u00e6rt er designet for \u00e5 kontrollere bevegelsen til skuffen i tunge maskiner som gravemaskiner, traktorgravere og frontlastere. Hovedfunksjonen er \u00e5 gj\u00f8re det mulig \u00e5 l\u00f8fte, senke og vippe skuffen, noe som gj\u00f8r det enklere \u00e5 transportere forskjellige materialer. I det hydrauliske systemet oppn\u00e5r skuffesylinderen presis kontroll over skuffens bevegelse gjennom endringer i hydraulikkoljetrykket, slik at operat\u00f8rer effektivt kan h\u00e5ndtere tunge laster og tilpasse seg komplekse arbeidsmilj\u00f8er og ulike jobbkrav.<\/p>\n<p><img decoding=\"async\" src=\"https:\/\/www.hydraulic-cylinders.net\/wp-content\/uploads\/2025\/01\/songte-company-2.webp\" alt=\"Bilde av b\u00f8ttesylinder\"><\/p>\n<h2>Funksjoner<\/h2>\n<ul>\n<li><strong>H\u00f8y styrke og holdbarhet:<\/strong> Denne sylinderen er vanligvis laget av h\u00f8yfast st\u00e5l eller aluminium, og t\u00e5ler h\u00f8yt trykk og tunge belastninger, og tilpasser seg t\u00f8ffe arbeidsmilj\u00f8er. Designet tar hensyn til slitestyrke og korrosjonsbestandighet, noe som forlenger levetiden.<\/li>\n<li><strong>Effektiv hydraulisk drift:<\/strong> Ved \u00e5 bruke trykket fra hydraulikkoljen til \u00e5 oppn\u00e5 jevn ekspansjon og sammentrekning, kan den reagere raskt p\u00e5 driftskommandoer, og gi kraftige skyve- og trekkekrefter som er egnet for h\u00e5ndtering av tunge belastninger og komplekse arbeidsoppgaver.<\/li>\n<li><strong>Ulike typer:<\/strong> Sylinderen kan velges i henhold til kravet om enkeltvirkende (ved bruk av hydraulikk i kun \u00e9n retning) eller dobbeltvirkende (ved bruk av hydraulikk i begge retninger) for \u00e5 m\u00f8te ulike driftsbehov. Noen modeller er teleskopiske, noe som gir st\u00f8rre forlengelse uten \u00e5 \u00f8ke de ytre m\u00e5lene, noe som gj\u00f8r dem egnet for applikasjoner med begrenset plass.<\/li>\n<li><strong>Kostnadseffektiv:<\/strong> Produktene v\u00e5re kan erstatte disse hydrauliske sylindrene p\u00e5 en perfekt m\u00e5te, og gir en \u00f8konomisk l\u00f8sning.<\/li>\n<li><strong>Tilpassbar:<\/strong> Vi kan tilpasse sylinderen i henhold til kundenes spesifikke behov.<\/li>\n<\/ul>\n<p><img decoding=\"async\" src=\"https:\/\/www.hydraulic-cylinders.net\/wp-content\/uploads\/2025\/01\/songte-cylinder-head-with-all-kinds-excavator-models.webp\" alt=\"Bilde av b\u00f8ttesylinder\"><\/p>\n<h2>Bruksomr\u00e5der<\/h2>\n<p>B\u00f8ttesylinderen for Baoding WY80-6 har et bredt spekter av bruksomr\u00e5der, inkludert:<\/p>\n<ul>\n<li><strong>Anleggsutstyr:<\/strong> I gravemaskiner er de viktige for graving, lasting og flytting av jord eller rusk. I gravemaskiner hjelper b\u00f8ttesylinderen med b\u00e5de graving og l\u00f8fting. I frontlastere hjelper de med \u00e5 l\u00f8fte og vippe gods effektivt.<\/li>\n<li><strong>Landbruksmaskiner:<\/strong> Brukes i frontlastere for utgraving, l\u00f8fting og transport av jord, h\u00f8y og andre materialer. I gravemaskiner lar skuffesylinderen skuffen trenge ned i jorden for \u00e5 utf\u00f8re gravearbeid.<\/li>\n<\/ul>\n<h3>Anleggsutstyr:<\/h3>\n<p>I gravemaskiner er skuffesylinderen viktig for graving, lasting og flytting av jord eller rusk. Den lar f\u00f8reren enkelt kontrollere skuffens bevegelse, noe som gj\u00f8r det mulig \u00e5 fullf\u00f8re komplekse oppgaver p\u00e5 kort tid. I gravemaskiner hjelper skuffesylinderen med b\u00e5de graving og l\u00f8fting, slik at f\u00f8reren enkelt kan flytte tunge laster. I frontlastere hjelper de med \u00e5 l\u00f8fte og vippe varer effektivt, slik at f\u00f8rere kan fullf\u00f8re komplekse oppgaver trygt og effektivt.<\/p>\n<h3>Landbruksmaskiner:<\/h3>\n<p>Skuffesylinderen til Baoding WY80-6 brukes i frontlastere for \u00e5 \u00f8se, l\u00f8fte og transportere jord, h\u00f8y og andre materialer. I gravemaskiner lar skuffesylinderen skuffen trenge ned i jorden for \u00e5 utf\u00f8re graveoperasjoner, noe som gj\u00f8r den til en viktig komponent i landbruksmaskiner.<\/p>\n<p><img decoding=\"async\" src=\"https:\/\/www.hydraulic-cylinders.net\/wp-content\/uploads\/2025\/01\/songte-bushings-with-all-kinds-of-excavator-models.webp\" alt=\"Bilde av b\u00f8ttesylinder\"><\/p>\n<h2>Designhensyn og utvalgskriterier<\/h2>\n<p>Utformingen av b\u00f8ttesylinderen for Baoding WY80-6 tar hensyn til flere faktorer, inkludert:<\/p>\n<ul>\n<li><strong>B\u00e6reevne:<\/strong> Sylinderen m\u00e5 kunne t\u00e5le tunge belastninger og h\u00f8yt trykk.<\/li>\n<li><strong>Tetting:<\/strong> Sylinderen m\u00e5 kunne opprettholde en sikker tetning for \u00e5 forhindre lekkasje av hydraulisk v\u00e6ske.<\/li>\n<li><strong>Varighet:<\/strong> Sylinderen m\u00e5 t\u00e5le t\u00f8ffe arbeidsmilj\u00f8er og ha lang levetid.<\/li>\n<li><strong>Sikkerhet:<\/strong> Sylinderen m\u00e5 v\u00e6re konstruert med sikkerhet i tankene for \u00e5 forhindre ulykker og sikre operat\u00f8rens sikkerhet.<\/li>\n<li><strong>Vedlikeholdbarhet:<\/strong> Sylinderen m\u00e5 v\u00e6re enkel \u00e5 vedlikeholde og reparere for \u00e5 minimere nedetid.<\/li>\n<\/ul>\n<p><img decoding=\"async\" src=\"https:\/\/hydraulic-cylinders.net\/wp-content\/uploads\/2025\/01\/songte-oil-pipes-and-spare-parts.webp\" alt=\"Bilde av b\u00f8ttesylinder\"><\/p>\n<h2>Tetting og sm\u00f8ring<\/h2>\n<p>B\u00f8ttesylinderen for Baoding WY80-6 bruker en rekke tetningskomponenter, inkludert stempeltetninger, stangtetninger og andre O-ringer og pakninger. Disse komponentene er laget av slitesterke materialer som polyuretan og nitrilgummi for \u00e5 sikre lang levetid. I tillegg gjennomg\u00e5r sylinderens sylinderhus og gjengede endeflater finbearbeiding for \u00e5 forbedre slitestyrken. Det er viktig \u00e5 regelmessig tilsette riktig mengde hydraulisk olje for \u00e5 sm\u00f8re sylinderen og sikre at den fungerer som den skal.<\/p>\n<h2>Vedlikehold og reparasjon<\/h2>\n<p>Regelmessig vedlikehold er viktig for \u00e5 sikre lang levetid og riktig drift av b\u00f8ttesylinderen for Baoding WY80-6. F\u00f8lgende oppgaver b\u00f8r utf\u00f8res regelmessig:<\/p>\n<ul>\n<li><strong>Unders\u00f8kelse:<\/strong> Inspiser sylinderen regelmessig for tegn p\u00e5 skade eller slitasje.<\/li>\n<li><strong>Sm\u00f8ring:<\/strong> Sm\u00f8r sylinderen ordentlig for \u00e5 forhindre skade for\u00e5rsaket av friksjon.<\/li>\n<li><strong>Utskifting av tetning:<\/strong> Skift ut slitte eller skadede pakninger for \u00e5 forhindre lekkasje av hydraulisk v\u00e6ske.<\/li>\n<li><strong>Kalibreringssjekk:<\/strong> Sjekk sylinderens kalibrering regelmessig for \u00e5 sikre at den fungerer som den skal.<\/li>\n<\/ul>\n<p>Riktig installasjon er ogs\u00e5 avgj\u00f8rende for \u00e5 sikre at b\u00f8ttesylinderen for Baoding WY80-6 fungerer som den skal. Det er viktig \u00e5 justere sylinderen n\u00f8yaktig og bruke passende monteringsbraketter for \u00e5 feste den p\u00e5 plass. Vi anbefaler \u00e5 f\u00f8lge v\u00e5re anbefalte inspeksjons-, reparasjons- og utskiftingsprosedyrer for \u00e5 forlenge sylinderens levetid.<\/p>\n<p><img decoding=\"async\" src=\"https:\/\/www.hydraulic-cylinders.net\/wp-content\/uploads\/2025\/01\/songte-chushion-collar.webp\" alt=\"Bilde av b\u00f8ttesylinder\"><\/p>\n<h2>Sikkerhets- og milj\u00f8hensyn<\/h2>\n<p>N\u00e5r du bruker b\u00f8ttesylinderen til Baoding WY80-6, er det viktig \u00e5 f\u00f8lge sikkerhetsprosedyrer for \u00e5 forhindre ulykker. Riktig oppl\u00e6ring og sikkerhetsutstyr b\u00f8r gis til operat\u00f8rer. I tillegg er det viktig \u00e5 ta hensyn til milj\u00f8faktorer n\u00e5r du bruker sylinderen, for eksempel riktig avhending av hydraulisk v\u00e6ske og overholdelse av lokale milj\u00f8forskrifter.<\/p>\n<h2>Feils\u00f8king og vanlige problemer<\/h2>\n<p>Noen vanlige problemer som kan oppst\u00e5 ved bruk av b\u00f8ttesylinderen til Baoding WY80-6 inkluderer lekkasjer av hydraulikkv\u00e6ske, utilstrekkelig sm\u00f8ring og feiljustering. Hvis du st\u00f8ter p\u00e5 noen av disse problemene, er det viktig \u00e5 f\u00f8lge v\u00e5re anbefalte feils\u00f8kings- og reparasjonsprosedyrer for \u00e5 minimere nedetid og forhindre ytterligere skade.<\/p>\n<h2>Om selskapet v\u00e5rt<\/h2>\n<p>Vi er en produsent av hydrauliske sylindere som kan erstatte tradisjonelle sylindere, og tilbyr et komplett utvalg av produkter. Vi er en av de ledende produsentene og grossistdistribut\u00f8rene av hydrauliske sylindere i b\u00e5de innenlandske og internasjonale markeder. Vi f\u00f8lger prinsippet om utmerket kvalitet og stoler p\u00e5 den industrielle produksjonsstyringsstrategien til fine produksjonsverksteder for kontinuerlig \u00e5 forbedre produksjonsplattformen v\u00e5r, perfeksjonere produksjonslinjens produktkvalitet og ha sterk kreativitet. Vi tilfredsstiller kundenes ulike behov med prinsippene om h\u00f8y effektivitet, h\u00f8y presisjon og h\u00f8y kvalitet. Vi tilbyr blant annet profesjonell ekspertise, internasjonal sertifisering, tilpassede tjenester, produksjonsutstyr og ettersalgsservice.<\/p>\n<p><img decoding=\"async\" src=\"https:\/\/www.hydraulic-cylinders.net\/wp-content\/uploads\/2025\/01\/songte-company-3.webp\" alt=\"Bilde av b\u00f8ttesylinder\"><\/p>\n<p>Forfatter: lyl<\/p>","protected":false},"excerpt":{"rendered":"<p>Introduction Bucket Cylinder for Baoding WY80-6 The Bucket Cylinder for Baoding WY80-6 is a type of specialized hydraulic cylinder designed primarily for controlling the movement of the bucket in heavy machinery such as excavators, backhoe excavators, and front-end loaders. Its main function is to enable the bucket to be lifted, lowered, and tilted, making it [&hellip;]<\/p>","protected":false},"featured_media":14762,"comment_status":"open","ping_status":"closed","template":"","meta":{"_et_pb_use_builder":"","_et_pb_old_content":"","_et_gb_content_width":""},"product_brand":[],"product_cat":[1494],"product_tag":[1495,1496],"class_list":{"0":"post-15955","1":"product","2":"type-product","3":"status-publish","4":"has-post-thumbnail","6":"product_cat-bucket-cylinders","7":"product_tag-bucket-cylinders","8":"product_tag-hydraulic-cylinders","10":"first","11":"instock","12":"shipping-taxable","13":"product-type-simple"},"amp_enabled":true,"_links":{"self":[{"href":"https:\/\/www.hydraulic-cylinders.net\/nb\/wp-json\/wp\/v2\/product\/15955","targetHints":{"allow":["GET"]}}],"collection":[{"href":"https:\/\/www.hydraulic-cylinders.net\/nb\/wp-json\/wp\/v2\/product"}],"about":[{"href":"https:\/\/www.hydraulic-cylinders.net\/nb\/wp-json\/wp\/v2\/types\/product"}],"replies":[{"embeddable":true,"href":"https:\/\/www.hydraulic-cylinders.net\/nb\/wp-json\/wp\/v2\/comments?post=15955"}],"wp:featuredmedia":[{"embeddable":true,"href":"https:\/\/www.hydraulic-cylinders.net\/nb\/wp-json\/wp\/v2\/media\/14762"}],"wp:attachment":[{"href":"https:\/\/www.hydraulic-cylinders.net\/nb\/wp-json\/wp\/v2\/media?parent=15955"}],"wp:term":[{"taxonomy":"product_brand","embeddable":true,"href":"https:\/\/www.hydraulic-cylinders.net\/nb\/wp-json\/wp\/v2\/product_brand?post=15955"},{"taxonomy":"product_cat","embeddable":true,"href":"https:\/\/www.hydraulic-cylinders.net\/nb\/wp-json\/wp\/v2\/product_cat?post=15955"},{"taxonomy":"product_tag","embeddable":true,"href":"https:\/\/www.hydraulic-cylinders.net\/nb\/wp-json\/wp\/v2\/product_tag?post=15955"}],"curies":[{"name":"wp","href":"https:\/\/api.w.org\/{rel}","templated":true}]}}