{"id":15957,"date":"2025-01-19T15:12:55","date_gmt":"2025-01-19T15:12:55","guid":{"rendered":"https:\/\/www.hydraulic-cylinders.net\/product\/bucket-cylinder-for-baoding-sc240sd-8\/"},"modified":"2025-01-19T15:12:59","modified_gmt":"2025-01-19T15:12:59","slug":"bucket-cylinder-for-baoding-sc240sd-8","status":"publish","type":"product","link":"https:\/\/www.hydraulic-cylinders.net\/nb\/produkt\/bucket-cylinder-for-baoding-sc240sd-8\/","title":{"rendered":"B\u00f8ttesylinder for Baoding SC240SD.8"},"content":{"rendered":"<p><!DOCTYPE html><br \/>\n<html><br \/>\n<head><br \/>\n    <title>B\u00f8ttesylinder for Baoding SC240SD.8<\/title><br \/>\n<\/head><br \/>\n<body><\/p>\n<h1>B\u00f8ttesylinder for Baoding SC240SD.8<\/h1>\n<h2>Introduksjon<\/h2>\n<p>Skuffesylinderen er en spesialdesignet hydraulisk sylinder som brukes i tunge maskiner som gravemaskiner, traktorgravere og frontlastere for \u00e5 kontrollere bevegelsen til skuffen. Hovedfunksjonen er \u00e5 forenkle ulike materialh\u00e5ndteringsoppgaver ved \u00e5 gj\u00f8re det mulig for skuffen \u00e5 l\u00f8fte, senke og vippe. I et hydraulisk system oppn\u00e5r skuffesylinderen presis kontroll over skuffen ved \u00e5 utnytte endringer i hydraulikkoljetrykket, slik at operat\u00f8rer effektivt kan h\u00e5ndtere tunge laster og tilpasse seg komplekse arbeidsmilj\u00f8er og ulike jobbkrav.<\/p>\n<p>    <img decoding=\"async\" src=\"https:\/\/www.hydraulic-cylinders.net\/wp-content\/uploads\/2025\/01\/songte-company-2.webp\"><\/p>\n<h2>Funksjoner<\/h2>\n<ul>\n<li><strong>H\u00f8y styrke og holdbarhet:<\/strong> B\u00f8ttesylinderen er vanligvis laget av h\u00f8yfast st\u00e5l eller aluminium, og t\u00e5ler h\u00f8yt trykk og tunge belastninger, og tilpasser seg t\u00f8ffe arbeidsmilj\u00f8er. Designet tar hensyn til slitestyrke og korrosjonsmotstand for \u00e5 forlenge levetiden.<\/li>\n<li><strong>Effektiv hydraulisk drift:<\/strong> Ved \u00e5 utnytte hydraulisk oljetrykk oppn\u00e5r skuffesylinderen jevne forlengelses- og inntrekksbevegelser, noe som gir rask respons p\u00e5 kontrollkommandoer og kraftige skyve- og trekkkrefter som er egnet for h\u00e5ndtering av tunge belastninger og komplekse arbeidsoppgaver.<\/li>\n<li><strong>Allsidige typer:<\/strong> Skuffesylinderen kan velges som enkeltvirkende (hydraulisk trykk brukes i kun \u00e9n retning) eller dobbeltvirkende (hydraulisk trykk brukes i begge retninger) sylindere i henhold til spesifikke driftsbehov. Noen modeller er teleskopiske, noe som gir st\u00f8rre forlengelse uten \u00e5 \u00f8ke de ytre m\u00e5lene, noe som gj\u00f8r dem egnet for applikasjoner med begrenset plass.<\/li>\n<li><strong>Produktutskiftninger:<\/strong> Produktene v\u00e5re kan erstatte disse hydrauliske sylindrene perfekt.<\/li>\n<\/ul>\n<p>    <img decoding=\"async\" src=\"https:\/\/www.hydraulic-cylinders.net\/wp-content\/uploads\/2025\/01\/songte-cylinder-head-with-all-kinds-excavator-models.webp\"><\/p>\n<h2>Bruksomr\u00e5der<\/h2>\n<ul>\n<li><strong>Anleggsutstyr:<\/strong> De finnes i gravemaskiner og er viktige for utgraving, lasting og flytting av jord eller rusk. I en gravemaskin hjelper skuffesylinderen til med b\u00e5de grave- og l\u00f8fteoperasjoner.<\/li>\n<li><strong>Landbruksmaskiner:<\/strong> De brukes i frontlastere, og hjelper til med \u00e5 ut\u00f8pe, l\u00f8fte og transportere jord, h\u00f8y og andre materialer.<\/li>\n<li><strong>Gravemaskiner:<\/strong> Skuffesylinderen muliggj\u00f8r graveaksjoner ved \u00e5 la skuffen trenge ned i jorden.<\/li>\n<li><strong>Lastere:<\/strong> I frontlastere hjelper de med \u00e5 l\u00f8fte og dumpe gods effektivt.<\/li>\n<\/ul>\n<h2>Designhensyn og utvalgskriterier<\/h2>\n<ul>\n<li><strong>Lastekapasitet:<\/strong> Skuffesylinderen er konstruert for \u00e5 t\u00e5le den spesifiserte lastekapasiteten, noe som sikrer sikker og effektiv drift.<\/li>\n<li><strong>Tetting:<\/strong> Ulike tetningselementer, som stempeltetninger og stangtetninger laget av slitesterke materialer som polyuretan og nitrilgummi, brukes. Sylinderhuset og gjengede ender gjennomg\u00e5r finbehandling for \u00e5 forbedre slitestyrken. Regelmessig sm\u00f8ring med passende hydraulikkolje er n\u00f8dvendig.<\/li>\n<\/ul>\n<p>    <img decoding=\"async\" src=\"https:\/\/www.hydraulic-cylinders.net\/wp-content\/uploads\/2025\/01\/songte-oil-pipes-and-spare-parts.webp\"><\/p>\n<h2>Vedlikehold og sm\u00f8ring<\/h2>\n<ul>\n<li><strong>Regelmessig inspeksjon og forebyggende vedlikehold:<\/strong> Inspiser b\u00f8ttesylinderen regelmessig for tegn p\u00e5 skade eller slitasje. Utf\u00f8r forebyggende vedlikeholdsoppgaver for \u00e5 minimere potensielle problemer.<\/li>\n<li><strong>Riktig installasjon:<\/strong> Gi riktig veiledning om justering av sylinderen under installasjon. Anbefal bruk av passende installasjonsbraketter for \u00e5 feste sylinderen.<\/li>\n<li><strong>Anbefalte vedlikeholdsoppgaver:<\/strong> Sjekk, sm\u00f8r, skift ut pakninger og utf\u00f8r kalibreringskontroller regelmessig. Legg vekt p\u00e5 viktigheten av korrekt installasjon, sm\u00f8ring og justering. Gi anbefalte inspeksjons-, reparasjons- og utskiftingsprosedyrer. Tilby reservedeler og ombyggingstjenester for \u00e5 forlenge levetiden til b\u00f8ttesylinderen.<\/li>\n<\/ul>\n<p>    <img decoding=\"async\" src=\"https:\/\/www.hydraulic-cylinders.net\/wp-content\/uploads\/2025\/01\/songte-chushion-collar.webp\"><\/p>\n<h2>Sikkerhetshensyn og milj\u00f8faktorer<\/h2>\n<p>N\u00e5r du bruker b\u00f8ttesylinderen, er det viktig \u00e5 prioritere sikkerhetstiltak for \u00e5 forhindre ulykker eller skader. Vurder milj\u00f8faktorer for \u00e5 sikre at sylinderen fungerer som den skal og har en lang levetid.<\/p>\n<h2>Feils\u00f8king og vanlige problemer<\/h2>\n<p>Gi feils\u00f8kingstips og l\u00f8sninger for \u00e5 hjelpe leserne med \u00e5 diagnostisere og l\u00f8se problemer effektivt. Presenter forebyggende tiltak for \u00e5 minimere potensielle problemer.<\/p>\n<p>    <img decoding=\"async\" src=\"https:\/\/www.hydraulic-cylinders.net\/wp-content\/uploads\/2025\/01\/songte-bushings-with-all-kinds-of-excavator-models.webp\"><\/p>\n<h2>Om selskapet v\u00e5rt<\/h2>\n<p>Vi er en produsent av hydrauliske sylindere for utskifting, og tilbyr et bredt spekter av produkter. Vi har blitt en av de ledende produsentene og grossistdistribut\u00f8rene av hydrauliske sylindere i innenlandske og internasjonale markeder. V\u00e5rt selskap f\u00f8lger prinsippene om kvalitet og kvalitet, og er avhengig av strategier for industriell produksjonsstyring i v\u00e5re raffinerte produksjonsverksteder. Vi forbedrer kontinuerlig v\u00e5r produksjonsplattform ved \u00e5 investere i teknisk talent, digitalt, avansert produksjonsutstyr og profesjonelle testsystemer. Med effektive, presise og h\u00f8ykvalitetsprinsipper m\u00f8ter vi kundenes ulike behov.<\/p>\n<p>    <img decoding=\"async\" src=\"https:\/\/hzpt.com\/wp-content\/uploads\/2024\/11\/songte-company-1.webp\"><\/p>\n<h2>Selskapsoversikt<\/h2>\n<ul>\n<li><strong>Profesjonalitet:<\/strong> Vi vektlegger profesjonalitet i alle aspekter av v\u00e5r virksomhet.<\/li>\n<li><strong>Internasjonale sertifiseringer:<\/strong> Produktene v\u00e5re oppfyller internasjonale standarder og sertifiseringer.<\/li>\n<li><strong>Tilpasningstjenester:<\/strong> Vi tilbyr tilpasningstjenester for \u00e5 m\u00f8te spesifikke kundekrav.<\/li>\n<li><strong>Produksjonsutstyr:<\/strong> Vi bruker avansert produksjonsutstyr for \u00e5 sikre produkter av h\u00f8y kvalitet.<\/li>\n<li><strong>Ettersalgstjenester:<\/strong> Vi tilbyr omfattende ettersalgstjenester for \u00e5 gi st\u00f8tte og assistanse til v\u00e5re kunder.<\/li>\n<\/ul>\n<p>    <img decoding=\"async\" src=\"https:\/\/www.hydraulic-cylinders.net\/wp-content\/uploads\/2025\/01\/songte-company-3.webp\"><\/p>\n<p>Forfatter: lyl.<\/p>\n<p><\/body><br \/>\n<\/html><\/p>","protected":false},"excerpt":{"rendered":"<p>Bucket Cylinder For Baoding SC240SD.8 Bucket Cylinder For Baoding SC240SD.8 Introduction The bucket cylinder is a specially designed hydraulic cylinder used in heavy machinery such as excavators, backhoe loaders, and front-end loaders to control the movement of the bucket. Its main function is to facilitate various material handling tasks by enabling the bucket to lift, [&hellip;]<\/p>","protected":false},"featured_media":14789,"comment_status":"open","ping_status":"closed","template":"","meta":{"_et_pb_use_builder":"","_et_pb_old_content":"","_et_gb_content_width":""},"product_brand":[],"product_cat":[1494],"product_tag":[1495,1496],"class_list":{"0":"post-15957","1":"product","2":"type-product","3":"status-publish","4":"has-post-thumbnail","6":"product_cat-bucket-cylinders","7":"product_tag-bucket-cylinders","8":"product_tag-hydraulic-cylinders","10":"first","11":"instock","12":"shipping-taxable","13":"product-type-simple"},"amp_enabled":true,"_links":{"self":[{"href":"https:\/\/www.hydraulic-cylinders.net\/nb\/wp-json\/wp\/v2\/product\/15957","targetHints":{"allow":["GET"]}}],"collection":[{"href":"https:\/\/www.hydraulic-cylinders.net\/nb\/wp-json\/wp\/v2\/product"}],"about":[{"href":"https:\/\/www.hydraulic-cylinders.net\/nb\/wp-json\/wp\/v2\/types\/product"}],"replies":[{"embeddable":true,"href":"https:\/\/www.hydraulic-cylinders.net\/nb\/wp-json\/wp\/v2\/comments?post=15957"}],"wp:featuredmedia":[{"embeddable":true,"href":"https:\/\/www.hydraulic-cylinders.net\/nb\/wp-json\/wp\/v2\/media\/14789"}],"wp:attachment":[{"href":"https:\/\/www.hydraulic-cylinders.net\/nb\/wp-json\/wp\/v2\/media?parent=15957"}],"wp:term":[{"taxonomy":"product_brand","embeddable":true,"href":"https:\/\/www.hydraulic-cylinders.net\/nb\/wp-json\/wp\/v2\/product_brand?post=15957"},{"taxonomy":"product_cat","embeddable":true,"href":"https:\/\/www.hydraulic-cylinders.net\/nb\/wp-json\/wp\/v2\/product_cat?post=15957"},{"taxonomy":"product_tag","embeddable":true,"href":"https:\/\/www.hydraulic-cylinders.net\/nb\/wp-json\/wp\/v2\/product_tag?post=15957"}],"curies":[{"name":"wp","href":"https:\/\/api.w.org\/{rel}","templated":true}]}}