{"id":15958,"date":"2025-01-19T15:13:01","date_gmt":"2025-01-19T15:13:01","guid":{"rendered":"https:\/\/www.hydraulic-cylinders.net\/product\/bucket-cylinder-for-baoding-sc85-8\/"},"modified":"2025-01-19T15:13:03","modified_gmt":"2025-01-19T15:13:03","slug":"bucket-cylinder-for-baoding-sc85-8","status":"publish","type":"product","link":"https:\/\/www.hydraulic-cylinders.net\/nb\/produkt\/bucket-cylinder-for-baoding-sc85-8\/","title":{"rendered":"B\u00f8ttesylinder for Baoding SC85.8"},"content":{"rendered":"<h2>B\u00f8ttesylinder for Baoding SC85.8<\/h2>\n<h3>Introduksjon<\/h3>\n<p>En b\u00f8ttesylinder for Baoding SC85.8 er en spesialdesignet hydraulisk sylinder som hovedsakelig brukes til \u00e5 kontrollere bevegelsen til b\u00f8tten i tunge maskiner som gravemaskiner, traktorgravere og frontlastere. Hovedfunksjonen er \u00e5 gj\u00f8re det mulig \u00e5 l\u00f8fte, senke og vippe b\u00f8tten, noe som gj\u00f8r det enkelt \u00e5 h\u00e5ndtere forskjellige materialer. I det hydrauliske systemet oppn\u00e5r b\u00f8ttesylinderen presis kontroll over b\u00f8tten ved \u00e5 endre trykket i hydraulikkoljen, slik at operat\u00f8rer effektivt kan h\u00e5ndtere tunge gjenstander og tilpasse seg komplekse arbeidsmilj\u00f8er og ulike jobbkrav.<\/p>\n<p><img decoding=\"async\" src=\"https:\/\/www.hydraulic-cylinders.net\/wp-content\/uploads\/2025\/01\/songte-company-2.webp\" alt=\"B\u00f8ttesylinder for Baoding SC85.8\"><\/p>\n<h3>Funksjoner<\/h3>\n<ul>\n<li>H\u00f8y styrke og holdbarhet: Vanligvis laget av h\u00f8yfast st\u00e5l eller aluminium, t\u00e5ler den h\u00f8yt trykk og tunge belastninger, tilpasser seg t\u00f8ffe arbeidsmilj\u00f8er og er designet med slitestyrke og korrosjonsbestandighet, noe som forlenger levetiden.<\/li>\n<li>Effektiv hydraulisk drift: Jevn forlengelse og sammentrekning oppn\u00e5s ved hjelp av trykket fra hydraulikkoljen, som raskt kan reagere p\u00e5 kontrollkommandoer, gi sterk skyve- og trekkekraft, og er egnet for h\u00e5ndtering av tunge gjenstander og komplekse oppgaver.<\/li>\n<li>Ulike typer: Enkeltvirkende (hydraulisk brukt i kun \u00e9n retning) eller dobbeltvirkende (hydraulisk brukt i begge retninger) sylindere kan velges etter behov for \u00e5 m\u00f8te ulike driftsbehov. Noen modeller er teleskopiske, noe som gir st\u00f8rre forlengelse uten \u00e5 \u00f8ke de ytre m\u00e5lene, egnet for applikasjoner med begrenset plass.<\/li>\n<li>Enkel \u00e5 bytte ut: Produktet v\u00e5rt kan erstatte disse hydrauliske sylindrene perfekt.<\/li>\n<\/ul>\n<p><img decoding=\"async\" src=\"https:\/\/www.hydraulic-cylinders.net\/wp-content\/uploads\/2025\/01\/songte-cylinder-head-with-all-kinds-excavator-models.webp\" alt=\"B\u00f8ttesylinder for Baoding SC85.8\"><\/p>\n<h3>Bruksomr\u00e5der<\/h3>\n<p>B\u00f8ttesylinderen er mye brukt i ulike bransjer og utstyr, for eksempel:<\/p>\n<ul>\n<li>Anleggsutstyr: I gravemaskiner er de viktige for graving, lasting og flytting av jord eller rusk. I gravemaskiner bidrar skuffesylindere til b\u00e5de graving og l\u00f8fting. I frontlastere er de nyttige for \u00e5 l\u00f8fte og dumpe last effektivt.<\/li>\n<li>Landbruksmaskiner: Brukes i frontlastere, de plukker opp, l\u00f8fter og transporterer jord, h\u00f8y og andre materialer. I gravemaskiner muliggj\u00f8r skuffesylindere gravebevegelser ved \u00e5 la skuffen trenge ned i jorden.<\/li>\n<\/ul>\n<h3>Designhensyn og utvalgskriterier<\/h3>\n<p>N\u00e5r man vurderer utformingen av b\u00f8ttesylinderen, spiller flere faktorer inn, for eksempel:<\/p>\n<ul>\n<li>B\u00e6reevne: evnen til \u00e5 motst\u00e5 h\u00f8yt trykk og tunge belastninger<\/li>\n<li>Tetting: evnen til \u00e5 forhindre v\u00e6skelekkasje og opprettholde hydraulisk trykk<\/li>\n<li>Holdbarhet: evnen til \u00e5 motst\u00e5 slitasje, korrosjon og ekstreme temperaturer<\/li>\n<li>Sikkerhet: evnen til \u00e5 sikre sikkerheten til operat\u00f8rer og omkringliggende personell<\/li>\n<li>Vedlikeholdbarhet: evnen til \u00e5 legge til rette for vedlikeholds- og reparasjonsarbeid<\/li>\n<\/ul>\n<p><img decoding=\"async\" src=\"https:\/\/www.hydraulic-cylinders.net\/wp-content\/uploads\/2025\/01\/songte-oil-pipes-and-spare-parts.webp\" alt=\"B\u00f8ttesylinder for Baoding SC85.8\"><\/p>\n<h3>Tetting og sm\u00f8ring<\/h3>\n<p>Skuffesylinderen bruker forskjellige tetningskomponenter som stempeltetninger, stangtetninger osv. laget av slitesterke materialer som polyuretan og nitrilgummi. Sylinderhuset og gjengede endeflater er fint bearbeidet for \u00e5 forbedre slitestyrken. Regelmessig sm\u00f8ring med riktig mengde hydraulikkolje er n\u00f8dvendig.<\/p>\n<p><img decoding=\"async\" src=\"https:\/\/www.hydraulic-cylinders.net\/wp-content\/uploads\/2025\/01\/songte-chushion-collar.webp\" alt=\"B\u00f8ttesylinder for Baoding SC85.8\"><\/p>\n<h3>Vedlikehold og reparasjon<\/h3>\n<p>Regelmessig vedlikehold og reparasjon er avgj\u00f8rende for \u00e5 forlenge levetiden til b\u00f8ttesylinderen. F\u00f8lgende er noen vedlikeholdsoppgaver:<\/p>\n<ul>\n<li>Regelmessig inspeksjon<\/li>\n<li>Riktig sm\u00f8ring<\/li>\n<li>Utskifting av pakning<\/li>\n<li>Kalibreringskontroll<\/li>\n<\/ul>\n<p>Riktig installasjon er ogs\u00e5 viktig for \u00e5 sikre sylinderens ytelse. Sylinderen m\u00e5 v\u00e6re riktig justert, og passende monteringsbraketter b\u00f8r brukes til \u00e5 feste sylinderen. De anbefalte inspeksjons-, reparasjons- og utskiftingsprosedyrene b\u00f8r f\u00f8lges for \u00e5 sikre effektiv drift av b\u00f8ttesylinderen.<\/p>\n<h3>Sikkerhetshensyn og milj\u00f8faktorer<\/h3>\n<p>Sikkerhetstiltak b\u00f8r tas ved bruk av b\u00f8ttesylinderen for \u00e5 sikre sikkerheten til omkringliggende personell og operat\u00f8rer. Milj\u00f8faktorer som temperatur, fuktighet og eksponering for kjemikalier b\u00f8r tas i betraktning n\u00e5r man velger materialer til b\u00f8ttesylinderen.<\/p>\n<p><img decoding=\"async\" src=\"https:\/\/www.hydraulic-cylinders.net\/wp-content\/uploads\/2025\/01\/songte-bushings-with-all-kinds-of-excavator-models.webp\" alt=\"B\u00f8ttesylinder for Baoding SC85.8\"><\/p>\n<h3>Vanlige feil og feils\u00f8king<\/h3>\n<p>Vanlige feil p\u00e5 b\u00f8ttesylinderen inkluderer v\u00e6skelekkasje, utilstrekkelig trykk og unormale lyder. Disse problemene kan diagnostiseres og l\u00f8ses ved \u00e5 kontrollere pakninger, oljer\u00f8r og andre komponenter. Forebyggende tiltak som regelmessig inspeksjon og vedlikehold kan redusere antall feil.<\/p>\n<h3>Om selskapet v\u00e5rt<\/h3>\n<p>Vi er en ledende produsent og grossist av hydrauliske sylindere i det innenlandske og internasjonale markedet. Vi tilbyr et komplett utvalg av produkter og f\u00f8lger beste bransjepraksis for \u00e5 sikre utmerket kvalitet. Produksjonsanlegget v\u00e5rt er utstyrt med den nyeste teknologien og profesjonelle testsystemer, noe som gj\u00f8r oss i stand til \u00e5 m\u00f8te de ulike behovene til kundene v\u00e5re.<\/p>\n<p><img decoding=\"async\" src=\"https:\/\/hzpt.com\/wp-content\/uploads\/2024\/11\/songte-company-1.webp\" alt=\"B\u00f8ttesylinder for Baoding SC85.8\"><\/p>\n<h4>V\u00e5re styrker inkluderer:<\/h4>\n<ul>\n<li>Profesjonalitet<\/li>\n<li>Internasjonale sertifiseringer<\/li>\n<li>Tilpasningstjenester<\/li>\n<li>Avansert produksjonsutstyr<\/li>\n<li>Utmerkede ettersalgstjenester<\/li>\n<\/ul>\n<p>Takk for at du leste artikkelen v\u00e5r. Forfatter: lyl.<\/p>","protected":false},"excerpt":{"rendered":"<p>Bucket Cylinder For Baoding SC85.8 Introduction A bucket cylinder for Baoding SC85.8 is a specially designed hydraulic cylinder that is mainly used to control the movement of the bucket in heavy machinery such as excavators, backhoe excavators, and front-end loaders. Its main function is to enable the bucket to lift, lower, and tilt, making it [&hellip;]<\/p>","protected":false},"featured_media":14788,"comment_status":"open","ping_status":"closed","template":"","meta":{"_et_pb_use_builder":"","_et_pb_old_content":"","_et_gb_content_width":""},"product_brand":[],"product_cat":[1494],"product_tag":[1495,1496],"class_list":{"0":"post-15958","1":"product","2":"type-product","3":"status-publish","4":"has-post-thumbnail","6":"product_cat-bucket-cylinders","7":"product_tag-bucket-cylinders","8":"product_tag-hydraulic-cylinders","10":"first","11":"instock","12":"shipping-taxable","13":"product-type-simple"},"amp_enabled":true,"_links":{"self":[{"href":"https:\/\/www.hydraulic-cylinders.net\/nb\/wp-json\/wp\/v2\/product\/15958","targetHints":{"allow":["GET"]}}],"collection":[{"href":"https:\/\/www.hydraulic-cylinders.net\/nb\/wp-json\/wp\/v2\/product"}],"about":[{"href":"https:\/\/www.hydraulic-cylinders.net\/nb\/wp-json\/wp\/v2\/types\/product"}],"replies":[{"embeddable":true,"href":"https:\/\/www.hydraulic-cylinders.net\/nb\/wp-json\/wp\/v2\/comments?post=15958"}],"wp:featuredmedia":[{"embeddable":true,"href":"https:\/\/www.hydraulic-cylinders.net\/nb\/wp-json\/wp\/v2\/media\/14788"}],"wp:attachment":[{"href":"https:\/\/www.hydraulic-cylinders.net\/nb\/wp-json\/wp\/v2\/media?parent=15958"}],"wp:term":[{"taxonomy":"product_brand","embeddable":true,"href":"https:\/\/www.hydraulic-cylinders.net\/nb\/wp-json\/wp\/v2\/product_brand?post=15958"},{"taxonomy":"product_cat","embeddable":true,"href":"https:\/\/www.hydraulic-cylinders.net\/nb\/wp-json\/wp\/v2\/product_cat?post=15958"},{"taxonomy":"product_tag","embeddable":true,"href":"https:\/\/www.hydraulic-cylinders.net\/nb\/wp-json\/wp\/v2\/product_tag?post=15958"}],"curies":[{"name":"wp","href":"https:\/\/api.w.org\/{rel}","templated":true}]}}