{"id":15959,"date":"2025-01-19T15:13:05","date_gmt":"2025-01-19T15:13:05","guid":{"rendered":"https:\/\/www.hydraulic-cylinders.net\/product\/bucket-cylinder-for-baoding-sc400-8\/"},"modified":"2025-01-19T15:13:07","modified_gmt":"2025-01-19T15:13:07","slug":"bucket-cylinder-for-baoding-sc400-8","status":"publish","type":"product","link":"https:\/\/www.hydraulic-cylinders.net\/nb\/produkt\/bucket-cylinder-for-baoding-sc400-8\/","title":{"rendered":"B\u00f8ttesylinder for Baoding SC400.8"},"content":{"rendered":"<h1>B\u00f8ttesylinder for Baoding SC400.8<\/h1>\n<h2>Introduksjon<\/h2>\n<p>En skuffesylinder er en spesialdesignet hydraulisk sylinder som hovedsakelig brukes til \u00e5 kontrollere bevegelsen til skuffen i tunge maskiner som gravemaskiner, traktorgravere og frontlastere. Hovedfunksjonen er \u00e5 gj\u00f8re det mulig for skuffen \u00e5 l\u00f8fte, senke og vippe, noe som gj\u00f8r det enklere \u00e5 h\u00e5ndtere ulike materialh\u00e5ndteringsoppgaver. I det hydrauliske systemet oppn\u00e5r skuffesylinderen presis kontroll over skuffens bevegelse gjennom endringer i hydraulikkoljetrykket, slik at operat\u00f8rer effektivt kan h\u00e5ndtere tunge laster og tilpasse seg komplekse arbeidsmilj\u00f8er og ulike driftsbehov.<\/p>\n<p><img decoding=\"async\" src=\"https:\/\/www.hydraulic-cylinders.net\/wp-content\/uploads\/2025\/01\/songte-company-2.webp\" alt=\"B\u00f8ttesylinder for Baoding SC400.8\" \/><\/p>\n<h3>Funksjoner<\/h3>\n<ul>\n<li>H\u00f8y styrke og holdbarhet: vanligvis laget av h\u00f8yfast st\u00e5l eller aluminium, i stand til \u00e5 t\u00e5le h\u00f8yt trykk og tunge belastninger, og konstruert med tanke p\u00e5 slitestyrke og korrosjonsmotstand for \u00e5 forlenge levetiden.<\/li>\n<li>Effektiv hydraulisk drift: bruker hydraulisk oljetrykk for \u00e5 oppn\u00e5 jevn forlengelse og tilbaketrekking, kan reagere raskt p\u00e5 kontrollkommandoer, gir kraftig skyve- og trekkekraft, egnet for h\u00e5ndtering av tunge belastninger og komplekse driftsoppgaver.<\/li>\n<li>Flere typer: enkeltvirkende (hydraulisk brukt kun i \u00e9n retning) eller dobbeltvirkende (hydraulisk brukt i begge retninger) sylindere kan velges i henhold til driftsbehov, noen modeller er teleskopiske, noe som gir st\u00f8rre forlengelse uten \u00e5 \u00f8ke den utvendige st\u00f8rrelsen, egnet for applikasjoner med begrenset plass.<\/li>\n<li>Kan erstatte hydrauliske sylindere: Produktene v\u00e5re kan erstatte disse hydrauliske sylinderene perfekt. <\/li>\n<\/ul>\n<p><img decoding=\"async\" src=\"https:\/\/www.hydraulic-cylinders.net\/wp-content\/uploads\/2025\/01\/songte-cylinder-head-with-all-kinds-excavator-models.webp\" alt=\"B\u00f8ttesylinder for Baoding SC400.8\" \/><\/p>\n<h3>Bruksomr\u00e5der<\/h3>\n<p>B\u00f8ttesylinderen er mye brukt i ulike bransjer som:<\/p>\n<ul>\n<li>Anleggsutstyr: I gravemaskiner er de viktige for graving, lasting og flytting av jord eller rusk. I gravemaskiner hjelper b\u00f8ttesylindere b\u00e5de med graving og l\u00f8fting. <\/li>\n<li>Landbruksmaskiner: brukes til frontlastere, utgraving, l\u00f8fting og transport av jord, h\u00f8y og andre materialer; gravemaskiner: skuffesylindere muliggj\u00f8r gravefunksjon ved \u00e5 la skuffen trenge ned i jorden. <\/li>\n<li>Laster: I frontlastere hjelper de med l\u00f8fting og tilting og effektiv dumping av varer. <\/li>\n<\/ul>\n<h3>Designhensyn og utvalgskriterier<\/h3>\n<p>Utformingen av b\u00f8ttesylinderen er avgj\u00f8rende for dens ytelse og levetid. F\u00f8lgende er noen viktige designhensyn:<\/p>\n<h4>Lastekapasitet<\/h4>\n<p>Skuffesylinderen m\u00e5 v\u00e6re konstruert for \u00e5 h\u00e5ndtere den maksimale belastningen den vil m\u00f8te. Lastekapasiteten bestemmes av sylinderens st\u00f8rrelse, styrke og materiale.<\/p>\n<h4>Tetting<\/h4>\n<p>Sylinderen m\u00e5 forsegles for \u00e5 forhindre lekkasjer og forurensning av hydraulikkv\u00e6sken. Tetningssystemet b\u00f8r v\u00e6re konstruert med materialer av h\u00f8y kvalitet som polyuretan og nitrilgummi for \u00e5 sikre holdbarhet og lang levetid.<\/p>\n<h4>Varighet<\/h4>\n<p>Utformingen av b\u00f8ttesylinderen b\u00f8r ta hensyn til slitestyrke og korrosjonsmotstand for \u00e5 forlenge levetiden.<\/p>\n<h4>Sikkerhet<\/h4>\n<p>Sylinderen m\u00e5 v\u00e6re konstruert med sikkerhet i tankene for \u00e5 forhindre ulykker og skader. Installasjonsprosessen b\u00f8r inkludere riktig justering og bruk av passende monteringsbraketter for \u00e5 feste sylinderen p\u00e5 plass.<\/p>\n<h4>Vedlikehold<\/h4>\n<p>B\u00f8ttesylinderen m\u00e5 v\u00e6re konstruert for enkel vedlikehold og reparasjon. Regelmessig inspeksjon, sm\u00f8ring og utskifting av pakninger er n\u00f8dvendig for \u00e5 sikre optimal ytelse og levetid.<\/p>\n<p><img decoding=\"async\" src=\"https:\/\/www.hydraulic-cylinders.net\/wp-content\/uploads\/2025\/01\/songte-oil-pipes-and-spare-parts.webp\" alt=\"B\u00f8ttesylinder for Baoding SC400.8\" \/><\/p>\n<h3>Tetting og sm\u00f8ring<\/h3>\n<p>B\u00f8ttesylinderen krever diverse tetningskomponenter, som stempeltetninger og stangtetninger, laget av h\u00f8ykvalitetsmaterialer som polyuretan og nitrilgummi for \u00e5 sikre holdbarhet og lang levetid. Sylinderens indre b\u00f8r sm\u00f8res med hydraulikkolje for \u00e5 gi jevn drift og forhindre slitasje. Regelmessige oljeskift er n\u00f8dvendige for \u00e5 opprettholde sylinderens korrekte funksjon.<\/p>\n<h3>Vedlikehold og reparasjon<\/h3>\n<p>Regelmessig vedlikehold og reparasjon er avgj\u00f8rende for \u00e5 sikre at b\u00f8ttesylinderen varer lenge og optimaliserer ytelsen. F\u00f8lgende er vanlige vedlikeholdsoppgaver:<\/p>\n<ul>\n<li>Regelmessig inspeksjon<\/li>\n<li>Riktig sm\u00f8ring<\/li>\n<li>Utskifting av pakning<\/li>\n<\/ul>\n<p>Riktig installasjon, sm\u00f8ring og justering er avgj\u00f8rende for optimal ytelse. Under installasjon er riktig justering avgj\u00f8rende. Bruk av passende installasjonsbraketter for \u00e5 feste sylinderen p\u00e5 plass anbefales. Vi tilbyr ogs\u00e5 reservedeler og ombyggingstjenester for \u00e5 forlenge b\u00f8ttesylinderens levetid.<\/p>\n<p><img decoding=\"async\" src=\"https:\/\/www.hydraulic-cylinders.net\/wp-content\/uploads\/2025\/01\/songte-chushion-collar.webp\" alt=\"B\u00f8ttesylinder for Baoding SC400.8\" \/><\/p>\n<h3>Sikkerhets- og milj\u00f8hensyn<\/h3>\n<p>N\u00e5r du bruker b\u00f8ttesylinderen, m\u00e5 det tas n\u00f8dvendige sikkerhetstiltak for \u00e5 forhindre ulykker og skader. F\u00f8lgende er noen viktige sikkerhetshensyn:<\/p>\n<ul>\n<li>Bruk riktig personlig verneutstyr<\/li>\n<li>S\u00f8rg for riktig installasjon og vedlikehold<\/li>\n<li>Ikke overskrid sylinderens lastekapasitet<\/li>\n<li>F\u00f8lg alle produsentens retningslinjer og anbefalinger<\/li>\n<\/ul>\n<p>Milj\u00f8p\u00e5virkning er ogs\u00e5 en viktig faktor. Skuffesylinderen b\u00f8r designes og produseres med tanke p\u00e5 milj\u00f8et, og bruke b\u00e6rekraftige materialer og produksjonsprosesser der det er mulig.<\/p>\n<h3>Feils\u00f8king og vanlige problemer<\/h3>\n<p>Problemer med skuffesylindere kan p\u00e5virke ytelsen til tunge maskiner betydelig. F\u00f8lgende er noen vanlige problemer og l\u00f8sninger p\u00e5 disse:<\/p>\n<ul>\n<li>Lekkasje: Kontroller pakningene og skift dem ut om n\u00f8dvendig. S\u00f8rg for at alle koblinger er tette og at det ikke er noen skader p\u00e5 stempelet eller sylinderen.<\/li>\n<li>Treg drift: Sjekk det hydrauliske systemet for lekkasjer eller skader. S\u00f8rg for at hydraulikkoljen har riktig niv\u00e5 og at det ikke er luftlommer i systemet.<\/li>\n<li>Sylinderen vil ikke forlenges eller trekkes inn: Sjekk det hydrauliske systemet for lekkasjer eller skader. S\u00f8rg for at hydraulikkoljen er p\u00e5 riktig niv\u00e5 og at det ikke er luftlommer i systemet.<\/li>\n<\/ul>\n<p>Forebyggende vedlikehold er n\u00f8kkelen til \u00e5 unng\u00e5 disse problemene. Regelmessig inspeksjon, sm\u00f8ring og utskifting av tetninger kan bidra til \u00e5 forhindre at potensielle problemer blir til betydelige problemer.<\/p>\n<p><img decoding=\"async\" src=\"https:\/\/www.hydraulic-cylinders.net\/wp-content\/uploads\/2025\/01\/songte-bushings-with-all-kinds-of-excavator-models.webp\" alt=\"B\u00f8ttesylinder for Baoding SC400.8\" \/><\/p>\n<h3>Om oss<\/h3>\n<p>Vi er en produsent av hydrauliske reservesylindere, med et bredt produktspekter som gj\u00f8r oss til en av de ledende produsentene og grossistdistribut\u00f8rene av hydrauliske sylindere i innenlandske og internasjonale markeder. Vi f\u00f8lger prinsippet om utmerket kvalitet, er avhengige av industrialiserte produksjonsstyringsstrategier i fint produserte verksteder, og forbedrer kontinuerlig v\u00e5re produksjonsplattformer og produksjonslinjer for produktkvalitet ved \u00e5 bruke teknologisk talent, digitalt high-end produksjonsutstyr og profesjonelle testsystemer. Vi har styrken til \u00e5 lage h\u00f8yeffektive, h\u00f8ypresisjons- og h\u00f8ykvalitetsprodukter og m\u00f8te ulike kundebehov.<\/p>\n<p>V\u00e5rt firma tilbyr mange fordeler, inkludert:<\/p>\n<ul>\n<li>Profesjonalitet<\/li>\n<li>Internasjonal sertifisering<\/li>\n<li>Tilpasningstjenester<\/li>\n<li>Avansert produksjonsutstyr<\/li>\n<li>Utmerket ettersalgsservice<\/li>\n<\/ul>\n<p><img decoding=\"async\" src=\"https:\/\/hzpt.com\/wp-content\/uploads\/2024\/11\/songte-company-1.webp\" alt=\"B\u00f8ttesylinder for Baoding SC400.8\" \/><\/p>\n<p>Forfatter: lyl<\/p>","protected":false},"excerpt":{"rendered":"<p>Bucket Cylinder For Baoding SC400.8 Introduction A bucket cylinder is a specially designed hydraulic cylinder mainly used to control the movement of the bucket in heavy machinery such as excavators, backhoe excavators, and front loaders. Its main function is to enable the bucket to lift, lower, and tilt, making it easier to handle various material [&hellip;]<\/p>","protected":false},"featured_media":14787,"comment_status":"open","ping_status":"closed","template":"","meta":{"_et_pb_use_builder":"","_et_pb_old_content":"","_et_gb_content_width":""},"product_brand":[],"product_cat":[1494],"product_tag":[1495,1496],"class_list":{"0":"post-15959","1":"product","2":"type-product","3":"status-publish","4":"has-post-thumbnail","6":"product_cat-bucket-cylinders","7":"product_tag-bucket-cylinders","8":"product_tag-hydraulic-cylinders","10":"first","11":"instock","12":"shipping-taxable","13":"product-type-simple"},"amp_enabled":true,"_links":{"self":[{"href":"https:\/\/www.hydraulic-cylinders.net\/nb\/wp-json\/wp\/v2\/product\/15959","targetHints":{"allow":["GET"]}}],"collection":[{"href":"https:\/\/www.hydraulic-cylinders.net\/nb\/wp-json\/wp\/v2\/product"}],"about":[{"href":"https:\/\/www.hydraulic-cylinders.net\/nb\/wp-json\/wp\/v2\/types\/product"}],"replies":[{"embeddable":true,"href":"https:\/\/www.hydraulic-cylinders.net\/nb\/wp-json\/wp\/v2\/comments?post=15959"}],"wp:featuredmedia":[{"embeddable":true,"href":"https:\/\/www.hydraulic-cylinders.net\/nb\/wp-json\/wp\/v2\/media\/14787"}],"wp:attachment":[{"href":"https:\/\/www.hydraulic-cylinders.net\/nb\/wp-json\/wp\/v2\/media?parent=15959"}],"wp:term":[{"taxonomy":"product_brand","embeddable":true,"href":"https:\/\/www.hydraulic-cylinders.net\/nb\/wp-json\/wp\/v2\/product_brand?post=15959"},{"taxonomy":"product_cat","embeddable":true,"href":"https:\/\/www.hydraulic-cylinders.net\/nb\/wp-json\/wp\/v2\/product_cat?post=15959"},{"taxonomy":"product_tag","embeddable":true,"href":"https:\/\/www.hydraulic-cylinders.net\/nb\/wp-json\/wp\/v2\/product_tag?post=15959"}],"curies":[{"name":"wp","href":"https:\/\/api.w.org\/{rel}","templated":true}]}}