{"id":15960,"date":"2025-01-19T15:13:10","date_gmt":"2025-01-19T15:13:10","guid":{"rendered":"https:\/\/www.hydraulic-cylinders.net\/product\/bucket-cylinder-for-baoding-wy75-7\/"},"modified":"2025-01-19T15:13:13","modified_gmt":"2025-01-19T15:13:13","slug":"bucket-cylinder-for-baoding-wy75-7","status":"publish","type":"product","link":"https:\/\/www.hydraulic-cylinders.net\/nb\/produkt\/bucket-cylinder-for-baoding-wy75-7\/","title":{"rendered":"B\u00f8ttesylinder for Baoding WY75-7"},"content":{"rendered":"<h1>B\u00f8ttesylinder for Baoding WY75-7<\/h1>\n<h2>Introduksjon<\/h2>\n<p>En skuffesylinder er en type hydraulisk sylinder som er spesielt utviklet for \u00e5 kontrollere bevegelsen til skuffer i tunge maskiner som gravemaskiner, traktorgravere og frontlastere. Hovedfunksjonen er \u00e5 gj\u00f8re det mulig for skuffen \u00e5 l\u00f8fte, senke og vippe, noe som gj\u00f8r det enklere for ulike materialh\u00e5ndteringsoppgaver. I hydrauliske systemer muliggj\u00f8r skuffesylindere presis kontroll av skuffen ved \u00e5 variere trykket i hydraulikkoljen, slik at operat\u00f8rer kan h\u00e5ndtere tunge laster effektivt, tilpasse seg komplekse arbeidsmilj\u00f8er og ulike driftskrav.<\/p>\n<p><img decoding=\"async\" src=\"https:\/\/www.hydraulic-cylinders.net\/wp-content\/uploads\/2025\/01\/songte-company-2.webp\" alt=\"Bilde av b\u00f8ttesylinder\"><\/p>\n<h2>Funksjoner<\/h2>\n<ul>\n<li>H\u00f8y styrke og holdbarhet: Vanligvis laget av h\u00f8yfast st\u00e5l eller aluminium, t\u00e5ler h\u00f8yt trykk og tunge belastninger, kan tilpasses t\u00f8ffe arbeidsmilj\u00f8er, er konstruert med tanke p\u00e5 slitestyrke og korrosjonsbestandighet, og kan forlenge levetiden.<\/li>\n<li>Effektiv hydraulisk drift: Utnyttelse av trykket fra hydraulikkoljen for \u00e5 oppn\u00e5 jevne forlengelses- og tilbaketrekksbevegelser, rask respons p\u00e5 kontrollkommandoer og kraftig skyve- og trekkekraft, egnet for h\u00e5ndtering av tunge belastninger og komplekse driftsoppgaver.<\/li>\n<li>Ulike typer: Enkeltvirkende (med hydraulikk kun i \u00e9n retning) eller dobbeltvirkende (med hydraulikk i to retninger) sylindere kan velges i henhold til driftskravene. Noen modeller er teleskopiske, noe som gir st\u00f8rre forlengelse uten \u00e5 \u00f8ke de ytre m\u00e5lene, egnet for applikasjoner med begrenset plass.<\/li>\n<\/ul>\n<p>Vi er i stand til \u00e5 produsere dette produktet, som perfekt kan erstatte disse hydrauliske sylindrene.<\/p>\n<p><img decoding=\"async\" src=\"https:\/\/www.hydraulic-cylinders.net\/wp-content\/uploads\/2025\/01\/songte-cylinder-head-with-all-kinds-excavator-models.webp\" alt=\"Bilde av hydraulisk sylinder\"><\/p>\n<h2>Bruksomr\u00e5der<\/h2>\n<p>Skuffesylinderen har et bredt spekter av bruksomr\u00e5der:<\/p>\n<ul>\n<li>Anleggsutstyr: I gravemaskiner er de viktige for graving, lasting og flytting av jord eller rusk. I gravemaskiner hjelper b\u00f8ttesylindere b\u00e5de med utgraving og l\u00f8fting. <\/li>\n<li>Landbruksmaskiner: Brukes i frontlastere til \u00e5 \u00f8se, l\u00f8fte og transportere jord, h\u00f8y og andre materialer, og i gravemaskiner til graving ved \u00e5 la skuffen trenge ned i jorden.<\/li>\n<li>Laster: Frontlastere hjelper til med \u00e5 l\u00f8fte og dumpe varer effektivt.<\/li>\n<\/ul>\n<h2>Designhensyn og utvalgskriterier<\/h2>\n<p>F\u00f8lgende designhensyn og utvalgskriterier er avgj\u00f8rende for \u00e5 sikre b\u00f8ttesylinderens levetid og ytelse:<\/p>\n<ul>\n<li>B\u00e6reevne: Sylinderen skal kunne t\u00e5le h\u00f8yt trykk og tunge belastninger.<\/li>\n<li>Tetting: Sylinderen b\u00f8r v\u00e6re konstruert med h\u00f8ykvalitetstetninger for \u00e5 forhindre lekkasje av hydraulikkolje.<\/li>\n<li>Holdbarhet: Materialene som brukes i sylinderen skal kunne motst\u00e5 slitasje og korrosjon.<\/li>\n<li>Sikkerhet: Sylinderen b\u00f8r utformes med sikkerhet i tankene, og det skal tas forholdsregler for \u00e5 unng\u00e5 ulykker eller funksjonsfeil.<\/li>\n<li>Vedlikeholdsvennlighet: Sylinderen b\u00f8r v\u00e6re utformet slik at den er enkel \u00e5 vedlikeholde og reparere.<\/li>\n<\/ul>\n<p><img decoding=\"async\" src=\"https:\/\/www.hydraulic-cylinders.net\/wp-content\/uploads\/2025\/01\/songte-oil-pipes-and-spare-parts.webp\" alt=\"Bilde av hydraulisk sylinder\"><\/p>\n<h2>Tetting og sm\u00f8ring<\/h2>\n<p>Skuffesylinderen krever diverse tetningskomponenter, som stempeltetninger og stangtetninger, laget av slitesterke materialer som polyuretan og nitrilgummi. Overflaten p\u00e5 sylinderen og gjengene gjennomg\u00e5r en presis behandling for \u00e5 forbedre slitestyrken. Regelmessig p\u00e5fyll av hydraulikkolje er n\u00f8dvendig for \u00e5 sikre at sylinderen er tilstrekkelig smurt.<\/p>\n<h2>Vedlikehold og reparasjon<\/h2>\n<p>Periodiske inspeksjoner og forebyggende vedlikehold er avgj\u00f8rende for \u00e5 forlenge levetiden til b\u00f8ttesylinderen. F\u00f8lgende er noen vanlige vedlikeholdsoppgaver:<\/p>\n<ul>\n<li>Regelmessig inspeksjon<\/li>\n<li>Riktig sm\u00f8ring<\/li>\n<li>Utskifting av pakning<\/li>\n<li>Kalibreringskontroller<\/li>\n<\/ul>\n<p><img decoding=\"async\" src=\"https:\/\/www.hydraulic-cylinders.net\/wp-content\/uploads\/2025\/01\/songte-chushion-collar.webp\" alt=\"Bilde av hydraulisk sylinder\"><\/p>\n<h2>Sikkerhetshensyn og milj\u00f8faktorer<\/h2>\n<p>Considering safety measures while using the bucket cylinder is crucial. It is essential to follow the manufacturer&#8217;s instructions and use appropriate personal protective equipment (PPE). Environmental factors such as temperature, humidity and atmospheric pressure should also be considered while using the cylinder.<\/p>\n<h2>Feils\u00f8king og vanlige problemer<\/h2>\n<p>Noen vanlige problemer knyttet til b\u00f8ttesylinderen inkluderer lekkasje, funksjonsfeil og slitasje. \u00c5 identifisere og l\u00f8se disse problemene krever riktig feils\u00f8kingskompetanse. Forebyggende tiltak som regelmessige inspeksjoner og vedlikehold kan bidra til \u00e5 redusere forekomsten av disse problemene.<\/p>\n<p><img decoding=\"async\" src=\"https:\/\/www.hydraulic-cylinders.net\/wp-content\/uploads\/2025\/01\/songte-bushings-with-all-kinds-of-excavator-models.webp\" alt=\"Bilde av hydraulisk sylinder\"><\/p>\n<h2>Om selskapet v\u00e5rt<\/h2>\n<p>Vi er en ledende produsent og grossist av hydrauliske sylindere i b\u00e5de innenlandske og internasjonale markeder. Produksjonslinjen v\u00e5r inkluderer ulike typer hydrauliske sylindere. Vi f\u00f8lger strategier for utmerket kvalitet og produksjonsstyring, og bruker avansert produksjonsutstyr og profesjonelle testsystemer. Vi har et team av eksperter som er i stand til \u00e5 m\u00f8te ulike kundekrav med h\u00f8y effektivitet, presisjon og kvalitet.<\/p>\n<h3>V\u00e5r ekspertise<\/h3>\n<p>Vi tilbyr f\u00f8lgende ekspertise:<\/p>\n<ul>\n<li>Internasjonal sertifisering<\/li>\n<li>Tilpasningstjenester<\/li>\n<li>Toppmoderne produksjonsutstyr<\/li>\n<li>Ettersalgsservice<\/li>\n<\/ul>\n<p><img decoding=\"async\" src=\"https:\/\/hzpt.com\/wp-content\/uploads\/2024\/11\/songte-company-1.webp\" alt=\"Bilde av hydraulisk sylinder\"><\/p>\n<p>Forfatter: lyl.<\/p>","protected":false},"excerpt":{"rendered":"<p>Bucket Cylinder For Baoding WY75-7 Introduction A bucket cylinder is a type of hydraulic cylinder specially designed for controlling the movement of buckets in heavy machinery such as excavators, backhoe excavators, and front loaders. Its main function is to enable the bucket to lift, lower, and tilt, making it easier for various material handling tasks. [&hellip;]<\/p>","protected":false},"featured_media":14785,"comment_status":"open","ping_status":"closed","template":"","meta":{"_et_pb_use_builder":"","_et_pb_old_content":"","_et_gb_content_width":""},"product_brand":[],"product_cat":[1494],"product_tag":[1495,1496],"class_list":{"0":"post-15960","1":"product","2":"type-product","3":"status-publish","4":"has-post-thumbnail","6":"product_cat-bucket-cylinders","7":"product_tag-bucket-cylinders","8":"product_tag-hydraulic-cylinders","10":"first","11":"instock","12":"shipping-taxable","13":"product-type-simple"},"amp_enabled":true,"_links":{"self":[{"href":"https:\/\/www.hydraulic-cylinders.net\/nb\/wp-json\/wp\/v2\/product\/15960","targetHints":{"allow":["GET"]}}],"collection":[{"href":"https:\/\/www.hydraulic-cylinders.net\/nb\/wp-json\/wp\/v2\/product"}],"about":[{"href":"https:\/\/www.hydraulic-cylinders.net\/nb\/wp-json\/wp\/v2\/types\/product"}],"replies":[{"embeddable":true,"href":"https:\/\/www.hydraulic-cylinders.net\/nb\/wp-json\/wp\/v2\/comments?post=15960"}],"wp:featuredmedia":[{"embeddable":true,"href":"https:\/\/www.hydraulic-cylinders.net\/nb\/wp-json\/wp\/v2\/media\/14785"}],"wp:attachment":[{"href":"https:\/\/www.hydraulic-cylinders.net\/nb\/wp-json\/wp\/v2\/media?parent=15960"}],"wp:term":[{"taxonomy":"product_brand","embeddable":true,"href":"https:\/\/www.hydraulic-cylinders.net\/nb\/wp-json\/wp\/v2\/product_brand?post=15960"},{"taxonomy":"product_cat","embeddable":true,"href":"https:\/\/www.hydraulic-cylinders.net\/nb\/wp-json\/wp\/v2\/product_cat?post=15960"},{"taxonomy":"product_tag","embeddable":true,"href":"https:\/\/www.hydraulic-cylinders.net\/nb\/wp-json\/wp\/v2\/product_tag?post=15960"}],"curies":[{"name":"wp","href":"https:\/\/api.w.org\/{rel}","templated":true}]}}