{"id":15961,"date":"2025-01-19T15:13:15","date_gmt":"2025-01-19T15:13:15","guid":{"rendered":"https:\/\/www.hydraulic-cylinders.net\/product\/bucket-cylinder-for-tiangong-zg3210-9\/"},"modified":"2025-01-19T15:13:21","modified_gmt":"2025-01-19T15:13:21","slug":"bucket-cylinder-for-tiangong-zg3210-9","status":"publish","type":"product","link":"https:\/\/www.hydraulic-cylinders.net\/nb\/produkt\/bucket-cylinder-for-tiangong-zg3210-9\/","title":{"rendered":"B\u00f8ttesylinder For Tiangong ZG3210-9"},"content":{"rendered":"<h1>B\u00f8ttesylinder For Tiangong ZG3210-9<\/h1>\n<h2>Introduksjon<\/h2>\n<p>En skuffesylinder er en spesialdesignet hydraulisk sylinder som prim\u00e6rt brukes til \u00e5 kontrollere bevegelsen til skuffer i tunge maskiner som gravemaskiner, traktorgravere og frontlastere. Hovedfunksjonen er \u00e5 gj\u00f8re det mulig for skuffen \u00e5 l\u00f8fte, senke og vippe, og dermed forenkle ulike materialh\u00e5ndteringsoppgaver. I det hydrauliske systemet oppn\u00e5r skuffesylinderen presis kontroll over skuffen ved hjelp av endringer i hydraulikkoljetrykket, slik at operat\u00f8rer kan h\u00e5ndtere tunge laster effektivt og tilpasse seg komplekse arbeidsmilj\u00f8er og ulike driftskrav.<\/p>\n<p><img decoding=\"async\" src=\"https:\/\/www.hydraulic-cylinders.net\/wp-content\/uploads\/2025\/01\/songte-company-2.webp\"><\/p>\n<h2>Funksjoner<\/h2>\n<ul>\n<li>\n<h3>H\u00f8y styrke og holdbarhet:<\/h3>\n<p> Vanligvis laget av h\u00f8yfast st\u00e5l eller aluminium, i stand til \u00e5 t\u00e5le h\u00f8yt trykk og tunge belastninger, og designet med hensyn til slitestyrke og korrosjonsmotstand for \u00e5 forlenge levetiden.<\/li>\n<li>\n<h3>Effektiv hydraulisk drift:<\/h3>\n<p> Bruker hydraulisk oljetrykk for \u00e5 oppn\u00e5 jevn forlengelse og tilbaketrekking, reagerer raskt p\u00e5 kontrollkommandoer, gir kraftig skyv-trekkkraft og er egnet for h\u00e5ndtering av tunge belastninger og komplekse driftsoppgaver.<\/li>\n<li>\n<h3>Ulike typer:<\/h3>\n<p> Kan velge mellom enkeltvirkende (hydraulisk brukt kun i \u00e9n retning) eller dobbeltvirkende (hydraulisk brukt i begge retninger) sylindere etter behov, og noen modeller er teleskopiske, noe som gir st\u00f8rre forlengelse uten \u00e5 \u00f8ke de ytre m\u00e5lene, egnet for applikasjoner med begrenset plass.<\/li>\n<li>\n<h3>Kan produseres av v\u00e5rt firma:<\/h3>\n<p> Produktene v\u00e5re kan erstatte disse hydrauliske sylindrene perfekt.<\/li>\n<\/ul>\n<p><img decoding=\"async\" src=\"https:\/\/www.hydraulic-cylinders.net\/wp-content\/uploads\/2025\/01\/songte-cylinder-head-with-all-kinds-excavator-models.webp\"><\/p>\n<h2>Bruksomr\u00e5der<\/h2>\n<p>Skoffelsylinderen er mye brukt i ulike bransjer p\u00e5 grunn av sin utmerkede ytelse. Nedenfor er noen av de viktigste bruksomr\u00e5dene:<\/p>\n<ul>\n<li>\n<h3>Anleggsutstyr:<\/h3>\n<p> I gravemaskiner er de viktige for graving, lasting og flytting av jord eller rusk. I gravemaskiner hjelper skuffesylindre med b\u00e5de graving og l\u00f8fting. I frontlastere hjelper de med \u00e5 l\u00f8fte og tilte gods effektivt.<\/li>\n<li>\n<h3>Landbruksmaskiner:<\/h3>\n<p> Brukes i frontlastere for graving, l\u00f8fting og transport av jord, h\u00f8y og andre materialer. Skuffesylindere i gravemaskiner muliggj\u00f8r graving ved \u00e5 la skuffen trenge ned i jorden.<\/li>\n<\/ul>\n<h2>Designhensyn og utvalgskriterier<\/h2>\n<p>N\u00e5r det gjelder designhensyn, m\u00e5 flere faktorer tas i betraktning, som for eksempel b\u00e6reevne, tetting, holdbarhet, sikkerhet og enkelt vedlikehold. Nedenfor er noen av de viktigste designhensynene:<\/p>\n<ul>\n<li>\n<h3>B\u00e6reevne:<\/h3>\n<p> Skuffesylinderen m\u00e5 v\u00e6re konstruert for \u00e5 t\u00e5le den forventede maksimale belastningen, og sylinderdiameteren og veggtykkelsen m\u00e5 v\u00e6re passende dimensjonert for \u00e5 b\u00e6re lasten.<\/li>\n<li>\n<h3>Tetting:<\/h3>\n<p> Ulike typer tetningskomponenter, som stempeltetninger og stangtetninger, m\u00e5 velges og arrangeres p\u00e5 riktig m\u00e5te for \u00e5 oppn\u00e5 effektiv tetningsytelse. Tetningsmaterialer som polyuretan og nitrilgummi brukes vanligvis p\u00e5 grunn av deres slitestyrke.<\/li>\n<li>\n<h3>Varighet:<\/h3>\n<p> Sylinderhuset og gjengeendeflatene m\u00e5 behandles n\u00f8ye for \u00e5 forbedre slitestyrken. Regelmessig vedlikehold, som \u00e5 tilsette en passende mengde hydraulisk olje for sm\u00f8ring, er ogs\u00e5 viktig for \u00e5 forlenge produktets levetid.<\/li>\n<li>\n<h3>Sikkerhet:<\/h3>\n<p> Skuffesylinderen m\u00e5 v\u00e6re utformet med sikkerhetsfunksjoner som overtrykksventiler og l\u00e5seventiler for \u00e5 forhindre ulykker.<\/li>\n<li>\n<h3>Vedlikehold:<\/h3>\n<p> Skuffesylinderen m\u00e5 v\u00e6re konstruert med tanke p\u00e5 enkelt vedlikehold, for eksempel enkel demontering, utskifting av deler og rengj\u00f8ring av komponenter.<\/li>\n<\/ul>\n<p><img decoding=\"async\" src=\"https:\/\/www.hydraulic-cylinders.net\/wp-content\/uploads\/2025\/01\/songte-oil-pipes-and-spare-parts.webp\"><\/p>\n<h2>Tetting og sm\u00f8ring<\/h2>\n<p>Bruk av ulike tetningskomponenter, som stempeltetninger og stangtetninger, er avgj\u00f8rende for \u00e5 oppn\u00e5 effektiv tetningsytelse. Tetningsmaterialer som polyuretan og nitrilgummi brukes ofte p\u00e5 grunn av deres slitestyrke. Sylinderhuset og gjengeendene m\u00e5 behandles n\u00f8ye for \u00e5 forbedre slitestyrken. Regelmessig vedlikehold, som \u00e5 tilsette en passende mengde hydraulisk olje for sm\u00f8ring, er ogs\u00e5 viktig for \u00e5 forlenge produktets levetid.<\/p>\n<h2>Inspeksjon og forebyggende vedlikehold<\/h2>\n<p>Regelmessig inspeksjon og forebyggende vedlikehold er viktig for \u00e5 holde b\u00f8ttesylinderen i god stand. Nedenfor er noen vanlige vedlikeholdsoppgaver:<\/p>\n<ul>\n<li>\n<h3>Regelmessig inspeksjon:<\/h3>\n<p> Kontroll av lekkasjer, sprekker, slitasje eller skade p\u00e5 sylinderhuset, stempelstangen og pakningene. Kontroll av riktig justering og problemfri drift av sylinderen.<\/li>\n<li>\n<h3>Sm\u00f8ring:<\/h3>\n<p> Etterfyll regelmessig en passende mengde hydraulikkolje for sm\u00f8ring.<\/li>\n<li>\n<h3>Utskifting av pakning:<\/h3>\n<p> Replacing worn or damaged seals can help prevent leaks and extend the product&#8217;s lifespan.<\/li>\n<\/ul>\n<h2>Sikkerhets- og milj\u00f8hensyn<\/h2>\n<p>When using the bucket cylinder, safety measures should be taken to avoid accidents. Ensure that the product is installed correctly and is operated by qualified personnel. Regular maintenance and inspection are essential to ensure the product&#8217;s safety and minimize environmental impact.<\/p>\n<h2>Feils\u00f8king og vanlige problemer<\/h2>\n<p>Noen vanlige problemer som kan oppst\u00e5 ved bruk av b\u00f8ttesylinderen inkluderer lekkasjer, skade p\u00e5 stempelstangen og slitasje p\u00e5 pakningene. Feils\u00f8kingstips og l\u00f8sninger kan hjelpe leserne med \u00e5 diagnostisere og l\u00f8se problemer mer effektivt. Forebyggende tiltak som regelmessig inspeksjon og vedlikehold kan bidra til \u00e5 forhindre potensielle problemer.<\/p>\n<p><img decoding=\"async\" src=\"https:\/\/www.hydraulic-cylinders.net\/wp-content\/uploads\/2025\/01\/songte-bushings-with-all-kinds-of-excavator-models.webp\"><\/p>\n<h2>Om selskapet v\u00e5rt<\/h2>\n<p>Vi er en produsent av hydrauliske sylindere for erstatning med et komplett produktsortiment, og har blitt en av de ledende produsentene og grossistene av hydrauliske sylindere i det innenlandske og utenlandske markedet. Vi f\u00f8lger prinsippet om utmerket kvalitet og bruker industrialiserte produksjonsstyringsstrategier i fint utformede produksjonsverksteder. Vi forbedrer kontinuerlig produksjonsplattformen v\u00e5r og perfeksjonerer produksjonsrutene v\u00e5re for produktkvalitet ved \u00e5 fremme bruken av tekniske talenter, digitalt, avansert produksjonsutstyr og profesjonelle testsystemer. Vi har sterke innovative evner og f\u00f8lger prinsippene om h\u00f8y effektivitet, h\u00f8y presisjon og h\u00f8y kvalitet for \u00e5 m\u00f8te ulike kundebehov.<\/p>\n<p>V\u00e5rt firma er dedikert til profesjonalitet, internasjonal sertifisering, tilpassede tjenester, produksjonsutstyr og ettersalgstjenester. Vi streber etter \u00e5 tilby produkter og tjenester av h\u00f8y kvalitet til v\u00e5re kunder over hele verden.<\/p>\n<p><img decoding=\"async\" src=\"https:\/\/hzpt.com\/wp-content\/uploads\/2024\/11\/songte-company-1.webp\"><\/p>\n<h4>Forfatter: lyl<\/h4>","protected":false},"excerpt":{"rendered":"<p>Bucket Cylinder For Tiangong ZG3210-9 Introduction A bucket cylinder is a specially designed hydraulic cylinder used primarily to control the movement of buckets in heavy machinery such as excavators, backhoes, and front-end loaders. Its main function is to enable the bucket to lift, lower, and tilt, thus facilitating various material handling tasks. In the hydraulic [&hellip;]<\/p>","protected":false},"featured_media":14784,"comment_status":"open","ping_status":"closed","template":"","meta":{"_et_pb_use_builder":"","_et_pb_old_content":"","_et_gb_content_width":""},"product_brand":[],"product_cat":[1494],"product_tag":[1495,1496],"class_list":{"0":"post-15961","1":"product","2":"type-product","3":"status-publish","4":"has-post-thumbnail","6":"product_cat-bucket-cylinders","7":"product_tag-bucket-cylinders","8":"product_tag-hydraulic-cylinders","10":"first","11":"instock","12":"shipping-taxable","13":"product-type-simple"},"amp_enabled":true,"_links":{"self":[{"href":"https:\/\/www.hydraulic-cylinders.net\/nb\/wp-json\/wp\/v2\/product\/15961","targetHints":{"allow":["GET"]}}],"collection":[{"href":"https:\/\/www.hydraulic-cylinders.net\/nb\/wp-json\/wp\/v2\/product"}],"about":[{"href":"https:\/\/www.hydraulic-cylinders.net\/nb\/wp-json\/wp\/v2\/types\/product"}],"replies":[{"embeddable":true,"href":"https:\/\/www.hydraulic-cylinders.net\/nb\/wp-json\/wp\/v2\/comments?post=15961"}],"wp:featuredmedia":[{"embeddable":true,"href":"https:\/\/www.hydraulic-cylinders.net\/nb\/wp-json\/wp\/v2\/media\/14784"}],"wp:attachment":[{"href":"https:\/\/www.hydraulic-cylinders.net\/nb\/wp-json\/wp\/v2\/media?parent=15961"}],"wp:term":[{"taxonomy":"product_brand","embeddable":true,"href":"https:\/\/www.hydraulic-cylinders.net\/nb\/wp-json\/wp\/v2\/product_brand?post=15961"},{"taxonomy":"product_cat","embeddable":true,"href":"https:\/\/www.hydraulic-cylinders.net\/nb\/wp-json\/wp\/v2\/product_cat?post=15961"},{"taxonomy":"product_tag","embeddable":true,"href":"https:\/\/www.hydraulic-cylinders.net\/nb\/wp-json\/wp\/v2\/product_tag?post=15961"}],"curies":[{"name":"wp","href":"https:\/\/api.w.org\/{rel}","templated":true}]}}