{"id":15981,"date":"2025-01-19T15:14:48","date_gmt":"2025-01-19T15:14:48","guid":{"rendered":"https:\/\/www.hydraulic-cylinders.net\/product\/bucket-cylinder-for-sinomach-zg3235-9\/"},"modified":"2025-01-19T15:14:50","modified_gmt":"2025-01-19T15:14:50","slug":"bucket-cylinder-for-sinomach-zg3235-9","status":"publish","type":"product","link":"https:\/\/www.hydraulic-cylinders.net\/nb\/produkt\/bucket-cylinder-for-sinomach-zg3235-9\/","title":{"rendered":"B\u00f8ttesylinder for Sinomach ZG3235-9"},"content":{"rendered":"<h1>B\u00f8ttesylinder for Sinomach ZG3235-9<\/h1>\n<h2>Introduksjon<\/h2>\n<p>\n    Skuffesylinderen til Sinomach ZG3235-9 er en spesialisert hydraulisk sylinder som er utviklet for \u00e5 kontrollere bevegelsen til skuffen i tunge maskiner som gravemaskiner, traktorgravere og frontlastere. Hovedfunksjonen er \u00e5 gj\u00f8re det mulig \u00e5 l\u00f8fte, senke og tilte skuffen, noe som gj\u00f8r det enklere \u00e5 h\u00e5ndtere ulike materialh\u00e5ndteringsoppgaver. I det hydrauliske systemet kontrollerer skuffesylinderen presist skuffens bevegelse ved \u00e5 endre trykket i hydraulikkoljen, slik at operat\u00f8rer effektivt kan h\u00e5ndtere tunge laster og tilpasse seg komplekse arbeidsmilj\u00f8er og ulike jobbkrav.\n<\/p>\n<p><img decoding=\"async\" src=\"https:\/\/www.hydraulic-cylinders.net\/wp-content\/uploads\/2025\/01\/songte-company-2.webp\"><\/p>\n<h2>Produktfunksjoner<\/h2>\n<ul>\n<li>H\u00f8y styrke og holdbarhet: Vanligvis laget av h\u00f8yfast st\u00e5l eller aluminium, t\u00e5ler den h\u00f8yt trykk og tunge belastninger, og tilpasser seg t\u00f8ffe arbeidsmilj\u00f8er. Designet tar hensyn til slitestyrke og korrosjonsbestandighet, noe som forlenger levetiden.<\/li>\n<li>Effektiv hydraulisk drift: Den bruker trykket fra hydraulikkoljen for \u00e5 oppn\u00e5 jevn ekspansjon og sammentrekning, kan reagere raskt p\u00e5 kontrollkommandoer, gi kraftig skyve- og trekkekraft, egnet for h\u00e5ndtering av tunge belastninger og komplekse arbeidsoppgaver.<\/li>\n<li>Ulike typer: Enkeltvirkende (hydraulisk brukt i kun \u00e9n retning) eller dobbeltvirkende (hydraulisk brukt i begge retninger) sylindere kan velges i henhold til behov for \u00e5 m\u00f8te ulike driftsbehov. Enkelte modeller er teleskopiske, noe som gir st\u00f8rre forlengelse uten \u00e5 \u00f8ke de ytre m\u00e5lene, egnet for plassbegrensede applikasjoner.<\/li>\n<li>Perfekt erstatning: Produktene v\u00e5re kan erstatte disse hydrauliske sylindrene perfekt.<\/li>\n<li>Tilpasningsbar: Vi kan tilpasse sylindere etter kundens behov.<\/li>\n<\/ul>\n<p><img decoding=\"async\" src=\"https:\/\/www.hydraulic-cylinders.net\/wp-content\/uploads\/2025\/01\/songte-cylinder-head-with-all-kinds-excavator-models.webp\"><\/p>\n<h2>Bruksomr\u00e5der<\/h2>\n<p>Skuffesylindere er mye brukt i f\u00f8lgende anleggs- og landbruksutstyr:<\/p>\n<ul>\n<li>Gravemaskiner: Skuffesylindere lar gravemaskiner trenge ned i jorden ved \u00e5 la skuffen grave seg ned i bakken.<\/li>\n<li>Gravemaskiner: Skuffesylindere hjelper til med utgraving og l\u00f8fting.<\/li>\n<li>Frontlastere: De hjelper med \u00e5 l\u00f8fte og dumpe varer effektivt i frontlastere.<\/li>\n<li>Landbruksmaskiner: Brukes til frontlastere, h\u00f8sting og transport av jord, h\u00f8y og andre materialer.<\/li>\n<\/ul>\n<h2>Designhensyn og utvalgskriterier<\/h2>\n<p>\n    N\u00e5r du velger en b\u00f8ttesylinder, er det viktig \u00e5 vurdere dens b\u00e6reevne, tetning, holdbarhet, sikkerhet og vedlikeholdsvennlighet. V\u00e5re b\u00f8ttesylindere bruker materialer av h\u00f8y kvalitet som st\u00e5l og aluminium, og overflaten deres er n\u00f8ye behandlet for \u00e5 forbedre slitestyrken. Bruken av forskjellige tetninger, som stempeltetninger og stangtetninger laget av slitesterke materialer som polyuretan og nitrilgummi, sikrer at sylinderen er tett for \u00e5 forhindre lekkasje. For \u00e5 sikre sikkerhet er det viktig \u00e5 bruke riktige installasjonsprosedyrer, og regelmessig vedlikehold er n\u00f8dvendig for \u00e5 forhindre feil og \u00f8ke levetiden.\n<\/p>\n<p><img decoding=\"async\" src=\"https:\/\/www.hydraulic-cylinders.net\/wp-content\/uploads\/2025\/01\/songte-oil-pipes-and-spare-parts.webp\"><\/p>\n<h2>Tetting og sm\u00f8ring<\/h2>\n<p>\n    V\u00e5re b\u00f8ttesylindere bruker ulike tetningskomponenter som stempeltetninger, stangtetninger og slitasjeringer for \u00e5 forhindre lekkasje av hydraulikkolje. Bruken av slitesterke materialer som polyuretan og nitrilgummi sikrer lang levetid p\u00e5 tetningene. Regelmessig sm\u00f8ring med hydraulikkolje med passende viskositet sikrer jevn drift og reduserer slitasje p\u00e5 komponenter.\n<\/p>\n<h2>Vedlikehold og reparasjon<\/h2>\n<p>\n    Regelmessig vedlikehold og inspeksjon av b\u00f8ttesylindere er viktig for \u00e5 sikre sikker og effektiv drift. Vanlige vedlikeholdsoppgaver inkluderer sm\u00f8ring, utskifting av tetninger og kalibreringskontroller. Riktig installasjon, sm\u00f8ring og justering er viktig for \u00e5 sikre riktig drift. Det anbefales \u00e5 bruke passende monteringsbraketter for \u00e5 feste sylinderen p\u00e5 plass. Vi tilbyr anbefalte inspeksjons-, reparasjons- og utskiftingsprosedyrer, utskifting av komponenter og ombyggingstjenester for \u00e5 forlenge levetiden til b\u00f8ttesylinderen.\n<\/p>\n<p><img decoding=\"async\" src=\"https:\/\/www.hydraulic-cylinders.net\/wp-content\/uploads\/2025\/01\/songte-chushion-collar.webp\"><\/p>\n<h2>Sikkerhets- og milj\u00f8hensyn<\/h2>\n<p>\n    Ved bruk av b\u00f8ttesylindere b\u00f8r det tas sikkerhetstiltak for \u00e5 forhindre ulykker. Dette inkluderer \u00e5 f\u00f8lge riktige installasjonsprosedyrer, vedlikeholde og inspisere sylinderen regelmessig, og bruke riktig verkt\u00f8y og utstyr under vedlikehold. Milj\u00f8hensyn b\u00f8r ogs\u00e5 tas i betraktning ved bruk av utstyr med b\u00f8ttesylindere for \u00e5 forhindre oljes\u00f8l og andre milj\u00f8skader.\n<\/p>\n<h2>Vanlige problemer og feils\u00f8king<\/h2>\n<p>\n    Vanlige problemer med b\u00f8ttesylindere inkluderer lekkasje, feil bevegelse og manglende respons p\u00e5 kontrollkommandoer. Disse problemene kan v\u00e6re for\u00e5rsaket av slitte tetninger, skadede komponenter eller feil installasjon. Feils\u00f8king inneb\u00e6rer \u00e5 identifisere problemet og iverksette tiltak for \u00e5 reparere eller erstatte de ber\u00f8rte komponentene. Regelmessig vedlikehold kan bidra til \u00e5 forhindre at disse problemene oppst\u00e5r i utgangspunktet.\n<\/p>\n<p><img decoding=\"async\" src=\"https:\/\/www.hydraulic-cylinders.net\/wp-content\/uploads\/2025\/01\/songte-bushings-with-all-kinds-of-excavator-models.webp\"><\/p>\n<h2>Om selskapet v\u00e5rt<\/h2>\n<p>\n    Vi er en produsent av hydrauliske sylindere for utskifting med et komplett produktsortiment. Vi er en av de ledende produsentene og grossistene av hydrauliske sylindere i det innenlandske og internasjonale markedet. Vi f\u00f8lger prinsippet om utmerket kvalitet, stoler p\u00e5 strategiene for industriell produksjonsstyring fra fine produksjonsverksteder, og forbedrer kontinuerlig produksjonsplattformen til verkstedet ved \u00e5 bruke tekniske talenter, digitalt, avansert produksjonsutstyr og profesjonelle testsystemer. Vi har en sterk evne til \u00e5 lage h\u00f8yeffektive, presise og h\u00f8ykvalitetsprodukter for \u00e5 m\u00f8te kundenes ulike behov.\n<\/p>\n<p><img decoding=\"async\" src=\"https:\/\/hzpt.com\/wp-content\/uploads\/2024\/11\/songte-company-1.webp\"><\/p>\n<h3>Profesjonalitet<\/h3>\n<p>\n    V\u00e5rt team av erfarne ingeni\u00f8rer og teknikere s\u00f8rger for at produktene v\u00e5re er av h\u00f8yeste kvalitet og oppfyller kundenes behov.\n<\/p>\n<h3>Internasjonale sertifiseringer<\/h3>\n<p>\n    Produktene v\u00e5re har oppn\u00e5dd internasjonale sertifiseringer som ISO 9001, CE og RoHS, noe som sikrer at produktene v\u00e5re oppfyller globale kvalitetsstandarder.\n<\/p>\n<h3>Tilpasningstjenester<\/h3>\n<p>\n    Vi tilbyr skreddersydde sylinderl\u00f8sninger for \u00e5 m\u00f8te spesifikke kundekrav og s\u00f8rger for at produktene v\u00e5re er skreddersydd for \u00e5 m\u00f8te de ulike behovene til kundene v\u00e5re.\n<\/p>\n<h3>Produksjonsutstyr<\/h3>\n<p>\n    Vi bruker toppmoderne produksjonsutstyr for \u00e5 sikre at produktene v\u00e5re er av h\u00f8yeste kvalitet og oppfyller kundenes behov. Produksjonsutstyret v\u00e5rt inkluderer CNC-maskiner, automatiske sveisemaskiner og testutstyr.\n<\/p>\n<h3>Ettersalgsservice<\/h3>\n<p>\n    Vi tilbyr omfattende ettersalgsservice for \u00e5 sikre at kundene v\u00e5re er forn\u00f8yde med produktene v\u00e5re. Ettersalgsservicen v\u00e5r inkluderer teknisk st\u00f8tte, reparasjon og utskiftingstjenester.\n<\/p>\n<p>Forfatter: lyl<\/p>","protected":false},"excerpt":{"rendered":"<p>Bucket Cylinder For Sinomach ZG3235-9 Introduction The bucket cylinder for Sinomach ZG3235-9 is a specialized hydraulic cylinder designed to control the movement of the bucket in heavy-duty machinery such as excavators, backhoe excavators, and front loaders. Its main function is to enable the bucket to lift, lower, and tilt, making it easier to handle various [&hellip;]<\/p>","protected":false},"featured_media":14773,"comment_status":"open","ping_status":"closed","template":"","meta":{"_et_pb_use_builder":"","_et_pb_old_content":"","_et_gb_content_width":""},"product_brand":[],"product_cat":[1494],"product_tag":[1495,1496],"class_list":{"0":"post-15981","1":"product","2":"type-product","3":"status-publish","4":"has-post-thumbnail","6":"product_cat-bucket-cylinders","7":"product_tag-bucket-cylinders","8":"product_tag-hydraulic-cylinders","10":"first","11":"instock","12":"shipping-taxable","13":"product-type-simple"},"amp_enabled":true,"_links":{"self":[{"href":"https:\/\/www.hydraulic-cylinders.net\/nb\/wp-json\/wp\/v2\/product\/15981","targetHints":{"allow":["GET"]}}],"collection":[{"href":"https:\/\/www.hydraulic-cylinders.net\/nb\/wp-json\/wp\/v2\/product"}],"about":[{"href":"https:\/\/www.hydraulic-cylinders.net\/nb\/wp-json\/wp\/v2\/types\/product"}],"replies":[{"embeddable":true,"href":"https:\/\/www.hydraulic-cylinders.net\/nb\/wp-json\/wp\/v2\/comments?post=15981"}],"wp:featuredmedia":[{"embeddable":true,"href":"https:\/\/www.hydraulic-cylinders.net\/nb\/wp-json\/wp\/v2\/media\/14773"}],"wp:attachment":[{"href":"https:\/\/www.hydraulic-cylinders.net\/nb\/wp-json\/wp\/v2\/media?parent=15981"}],"wp:term":[{"taxonomy":"product_brand","embeddable":true,"href":"https:\/\/www.hydraulic-cylinders.net\/nb\/wp-json\/wp\/v2\/product_brand?post=15981"},{"taxonomy":"product_cat","embeddable":true,"href":"https:\/\/www.hydraulic-cylinders.net\/nb\/wp-json\/wp\/v2\/product_cat?post=15981"},{"taxonomy":"product_tag","embeddable":true,"href":"https:\/\/www.hydraulic-cylinders.net\/nb\/wp-json\/wp\/v2\/product_tag?post=15981"}],"curies":[{"name":"wp","href":"https:\/\/api.w.org\/{rel}","templated":true}]}}