{"id":15995,"date":"2025-01-19T15:16:04","date_gmt":"2025-01-19T15:16:04","guid":{"rendered":"https:\/\/www.hydraulic-cylinders.net\/product\/bucket-cylinder-for-yigong-cy8150\/"},"modified":"2025-01-19T15:16:06","modified_gmt":"2025-01-19T15:16:06","slug":"bucket-cylinder-for-yigong-cy8150","status":"publish","type":"product","link":"https:\/\/www.hydraulic-cylinders.net\/nb\/produkt\/bucket-cylinder-for-yigong-cy8150\/","title":{"rendered":"B\u00f8ttesylinder for Yigong CY8150"},"content":{"rendered":"<h1>B\u00f8ttesylinder for Yigong CY8150<\/h1>\n<h2>Introduksjon<\/h2>\n<p>Skuffesylinderen er en spesialdesignet hydraulisk sylinder som hovedsakelig brukes til \u00e5 kontrollere bevegelsen til skuffer i tunge maskiner, som gravemaskiner, traktorgravere og frontlastere. Hovedfunksjonen er \u00e5 gj\u00f8re det mulig for skuffen \u00e5 l\u00f8fte, senke og tilte, noe som gj\u00f8r det enklere \u00e5 h\u00e5ndtere ulike materialh\u00e5ndteringsoppgaver. I det hydrauliske systemet oppn\u00e5r skuffesylinderen presis kontroll over skuffen gjennom endringer i hydraulikkoljetrykket, slik at operat\u00f8rer kan h\u00e5ndtere tunge laster effektivt og tilpasse seg komplekse arbeidsmilj\u00f8er og ulike jobbkrav.<\/p>\n<p><img decoding=\"async\" src=\"https:\/\/www.hydraulic-cylinders.net\/wp-content\/uploads\/2025\/01\/songte-company-2.webp\"\/><\/p>\n<h2>Funksjoner<\/h2>\n<ul>\n<li>H\u00f8y styrke og holdbarhet: vanligvis laget av h\u00f8yfast st\u00e5l eller aluminium, t\u00e5ler h\u00f8yt trykk og tunge belastninger, tilpasser seg t\u00f8ffe arbeidsmilj\u00f8er, designet med slitestyrke og korrosjonsbestandighet i tankene, noe som forlenger levetiden.<\/li>\n<li>Effektiv hydraulisk drift: jevne forlengelses- og sammentrekningsbevegelser oppn\u00e5s ved \u00e5 bruke hydraulisk oljetrykk, i stand til \u00e5 reagere raskt p\u00e5 kontrollkommandoer, og gir kraftige skyve- og trekkekrefter, egnet for h\u00e5ndtering av tunge belastninger og komplekse arbeidsoppgaver.<\/li>\n<li>Ulike typer: enkeltvirkende (hydraulisk brukt i kun \u00e9n retning) eller dobbeltvirkende (hydraulisk brukt i begge retninger) sylindere kan velges i henhold til driftsbehov. Noen modeller er teleskopiske, noe som gir st\u00f8rre forlengelse uten \u00e5 \u00f8ke de ytre m\u00e5lene, egnet for applikasjoner med begrenset plass.<\/li>\n<li>Enkel \u00e5 produsere: V\u00e5rt firma kan produsere dette produktet perfekt og erstatte disse hydrauliske sylindrene.<\/li>\n<\/ul>\n<p><img decoding=\"async\" src=\"https:\/\/www.hydraulic-cylinders.net\/wp-content\/uploads\/2025\/01\/songte-cylinder-head-with-all-kinds-excavator-models.webp\"\/><\/p>\n<h2>Bruksomr\u00e5der<\/h2>\n<p>B\u00f8ttesylinderen er mye brukt i diverse utstyr, inkludert:<\/p>\n<ul>\n<li>Anleggsutstyr: I gravemaskiner er de avgj\u00f8rende for graving, lasting og flytting av jord eller rusk. I gravemaskiner hjelper skuffesylindere med b\u00e5de graving og l\u00f8fting. <\/li>\n<li>Landbruksmaskiner: Brukes i frontlastere til \u00e5 utarbeide, l\u00f8fte og transportere jord, h\u00f8y og andre materialer. <\/li>\n<li>Gravemaskiner: Skuffesylindere muliggj\u00f8r graving ved \u00e5 la skuffen trenge ned i jorden.<\/li>\n<li>Frontlastere: I frontlastere hjelper de med \u00e5 l\u00f8fte og tilte last effektivt.<\/li>\n<\/ul>\n<p>Hver av disse bruksomr\u00e5dene kan dra stor nytte av bruk av b\u00f8ttesylindere, noe som gir effektiv og presis kontroll av tunge laster.<\/p>\n<h2>Design- og utvalgskriterier<\/h2>\n<p>Ved utforming av b\u00f8ttesylindere vurderes flere faktorer, inkludert:<\/p>\n<ul>\n<li>B\u00e6reevne: Sylinderen m\u00e5 kunne b\u00e6re vekten av lasten den skal b\u00e6re.<\/li>\n<li>Tetting: Ulike tetninger brukes for \u00e5 forhindre oljelekkasje og sikre at sylinderen fungerer jevnt og effektivt.<\/li>\n<li>Holdbarhet: Sylinderen m\u00e5 t\u00e5le t\u00f8ffe driftsforhold og ha lang levetid.<\/li>\n<li>Sikkerhet: Sylinderens design m\u00e5 sikre sikker drift og minimere risikoen for ulykker.<\/li>\n<li>Vedlikehold: Sylinderens design skal tillate enkelt og raskt vedlikehold og reparasjon.<\/li>\n<\/ul>\n<p>Valg av materialer og komponenter m\u00e5 ogs\u00e5 oppfylle disse standardene, og regelmessig vedlikehold og inspeksjon er n\u00f8dvendig for \u00e5 sikre optimal ytelse og forlenge levetiden.<\/p>\n<p><img decoding=\"async\" src=\"https:\/\/www.hydraulic-cylinders.net\/wp-content\/uploads\/2025\/01\/songte-oil-pipes-and-spare-parts.webp\"\/><\/p>\n<h2>Tetting og sm\u00f8ring<\/h2>\n<p>Ulike tetningskomponenter, som stempeltetninger og stangtetninger, brukes for \u00e5 forhindre oljelekkasje og sikre problemfri drift. Disse tetningene er laget av slitesterke materialer som polyuretan og nitrilgummi. Sylinderhuset og gjengeenden er fint bearbeidet for \u00e5 forbedre slitestyrken. Regelmessig tilsetning av passende hydraulikkolje er n\u00f8dvendig for sm\u00f8ring.<\/p>\n<h2>Vedlikehold og reparasjon<\/h2>\n<p>Regelmessig vedlikehold og inspeksjon er n\u00f8dvendig for \u00e5 sikre optimal ytelse og forlenge levetiden. Vanlige vedlikeholdsoppgaver inkluderer:<\/p>\n<ul>\n<li>Regelmessig inspeksjon<\/li>\n<li>Passende sm\u00f8ring<\/li>\n<li>Utskifting av pakning<\/li>\n<li>Kalibreringskontroll<\/li>\n<\/ul>\n<p>Riktig installasjon er ogs\u00e5 viktig for \u00e5 sikre at sylinderen fungerer riktig og trygt. Riktig justeringsveiledning b\u00f8r gis under installasjonen, og passende monteringsbraketter kan brukes til \u00e5 feste sylinderen. Anbefalte inspeksjons-, reparasjons- og utskiftingsprosedyrer tilbys, og ombyggingstjenester er tilgjengelige for \u00e5 forlenge levetiden.<\/p>\n<p><img decoding=\"async\" src=\"https:\/\/www.hydraulic-cylinders.net\/wp-content\/uploads\/2025\/01\/songte-chushion-collar.webp\"\/><\/p>\n<h2>Sikkerhetshensyn og milj\u00f8faktorer<\/h2>\n<p>Ved bruk av b\u00f8ttesylindere er sikkerhetstiltak avgj\u00f8rende for \u00e5 minimere risikoen for ulykker. Riktig bruk og vedlikehold kan ogs\u00e5 redusere milj\u00f8p\u00e5virkningen og \u00f8ke effektiviteten.<\/p>\n<h2>Feils\u00f8king og vanlige problemer<\/h2>\n<p>Vanlige problemer som kan oppst\u00e5 ved bruk av b\u00f8ttesylindere inkluderer oljelekkasje, funksjonsfeil i pakningene og manglende funksjon. Feils\u00f8kingstips og l\u00f8sninger kan bidra til \u00e5 diagnostisere og l\u00f8se disse problemene, mens forebyggende tiltak kan redusere sannsynligheten for at problemer oppst\u00e5r.<\/p>\n<p><img decoding=\"async\" src=\"https:\/\/www.hydraulic-cylinders.net\/wp-content\/uploads\/2025\/01\/songte-bushings-with-all-kinds-of-excavator-models.webp\"\/><\/p>\n<h2>Om selskapet v\u00e5rt<\/h2>\n<p>V\u00e5rt firma er en produsent av hydrauliske sylindere som kan erstatte tradisjonelle hydrauliske sylindere. Vi tilbyr et komplett utvalg av produkter og har blitt en av de ledende produsentene og grossistene av hydrauliske sylindere i det innenlandske og internasjonale markedet. Vi opprettholder prinsippet om utmerket kvalitet, stoler p\u00e5 industrialiserte produksjonsstyringsstrategier i fint utformede verksteder, og forbedrer kontinuerlig produksjonsplattformen til verkstedet, perfeksjonerer produksjonslinjen med produktkvalitet, og har en sterk evne til \u00e5 lage produkter med h\u00f8y effektivitet, h\u00f8y presisjon og h\u00f8y kvalitet for \u00e5 m\u00f8te kundenes ulike behov.<\/p>\n<p>Vi tilbyr profesjonelle, internasjonalt sertifiserte og tilpassede tjenester, bruker avansert produksjonsutstyr og tilbyr utmerket ettersalgsservice. Vi er forpliktet til \u00e5 tilby produkter og tjenester av h\u00f8y kvalitet til v\u00e5re kunder.<\/p>\n<p><img decoding=\"async\" src=\"https:\/\/www.hydraulic-cylinders.net\/wp-content\/uploads\/2025\/01\/songte-company-3.webp\"\/><\/p>\n<p>Forfatter: lyl<\/p>","protected":false},"excerpt":{"rendered":"<p>Bucket Cylinder For Yigong CY8150 Introduction The bucket cylinder is a specially designed hydraulic cylinder that is mainly used to control the movement of buckets in heavy machinery, such as excavators, backhoe loaders, and front-end loaders. Its main function is to enable the bucket to lift, lower, and tilt, making it easier to handle various [&hellip;]<\/p>","protected":false},"featured_media":14776,"comment_status":"open","ping_status":"closed","template":"","meta":{"_et_pb_use_builder":"","_et_pb_old_content":"","_et_gb_content_width":""},"product_brand":[],"product_cat":[1494],"product_tag":[1495,1496],"class_list":{"0":"post-15995","1":"product","2":"type-product","3":"status-publish","4":"has-post-thumbnail","6":"product_cat-bucket-cylinders","7":"product_tag-bucket-cylinders","8":"product_tag-hydraulic-cylinders","10":"first","11":"instock","12":"shipping-taxable","13":"product-type-simple"},"amp_enabled":true,"_links":{"self":[{"href":"https:\/\/www.hydraulic-cylinders.net\/nb\/wp-json\/wp\/v2\/product\/15995","targetHints":{"allow":["GET"]}}],"collection":[{"href":"https:\/\/www.hydraulic-cylinders.net\/nb\/wp-json\/wp\/v2\/product"}],"about":[{"href":"https:\/\/www.hydraulic-cylinders.net\/nb\/wp-json\/wp\/v2\/types\/product"}],"replies":[{"embeddable":true,"href":"https:\/\/www.hydraulic-cylinders.net\/nb\/wp-json\/wp\/v2\/comments?post=15995"}],"wp:featuredmedia":[{"embeddable":true,"href":"https:\/\/www.hydraulic-cylinders.net\/nb\/wp-json\/wp\/v2\/media\/14776"}],"wp:attachment":[{"href":"https:\/\/www.hydraulic-cylinders.net\/nb\/wp-json\/wp\/v2\/media?parent=15995"}],"wp:term":[{"taxonomy":"product_brand","embeddable":true,"href":"https:\/\/www.hydraulic-cylinders.net\/nb\/wp-json\/wp\/v2\/product_brand?post=15995"},{"taxonomy":"product_cat","embeddable":true,"href":"https:\/\/www.hydraulic-cylinders.net\/nb\/wp-json\/wp\/v2\/product_cat?post=15995"},{"taxonomy":"product_tag","embeddable":true,"href":"https:\/\/www.hydraulic-cylinders.net\/nb\/wp-json\/wp\/v2\/product_tag?post=15995"}],"curies":[{"name":"wp","href":"https:\/\/api.w.org\/{rel}","templated":true}]}}