{"id":16006,"date":"2025-01-19T15:16:54","date_gmt":"2025-01-19T15:16:54","guid":{"rendered":"https:\/\/www.hydraulic-cylinders.net\/product\/bucket-cylinder-for-xiniu-xn120-l\/"},"modified":"2025-01-19T15:16:56","modified_gmt":"2025-01-19T15:16:56","slug":"bucket-cylinder-for-xiniu-xn120-l","status":"publish","type":"product","link":"https:\/\/www.hydraulic-cylinders.net\/nb\/produkt\/bucket-cylinder-for-xiniu-xn120-l\/","title":{"rendered":"B\u00f8ttesylinder til Xiniu XN120-L"},"content":{"rendered":"<h1>B\u00f8ttesylinder til Xiniu XN120-L<\/h1>\n<h2>Introduksjon<\/h2>\n<p>Skuffesylinderen til Xiniu XN120-L er en type hydraulisk sylinder som er spesielt utviklet for \u00e5 kontrollere bevegelsen til skuffer i tunge maskiner som gravemaskiner, traktorgravere og frontlastere. Hovedfunksjonen er \u00e5 la skuffen l\u00f8fte, senke og vippe, noe som gj\u00f8r det enklere \u00e5 h\u00e5ndtere ulike materialh\u00e5ndteringsoppgaver. I det hydrauliske systemet bruker skuffesylinderen endringer i hydraulikkoljetrykket for \u00e5 kontrollere skuffen presist, slik at operat\u00f8rer effektivt kan h\u00e5ndtere tunge laster, tilpasse seg komplekse arbeidsmilj\u00f8er og ulike jobbkrav.<\/p>\n<p><img decoding=\"async\" src=\"https:\/\/www.hydraulic-cylinders.net\/wp-content\/uploads\/2025\/01\/songte-company-2.webp\" alt=\"Skuffesylinder for Xiniu XN120-L bilde\"><\/p>\n<h2>Funksjoner<\/h2>\n<ul>\n<li>H\u00f8y styrke og holdbarhet: Vanligvis laget av h\u00f8yfast st\u00e5l eller aluminium, i stand til \u00e5 t\u00e5le h\u00f8yt trykk og tunge belastninger, tilpasse seg t\u00f8ffe arbeidsmilj\u00f8er, designet med slitestyrke og korrosjonsbestandighet, og forlenger levetiden.<\/li>\n<li>Effektiv hydraulisk drift: Bruk av hydraulikkoljetrykk for \u00e5 oppn\u00e5 jevn ekspansjons- og sammentrekningsbevegelse, rask respons p\u00e5 kontrollkommandoer, kraftig skyve- og trekkekraft, egnet for h\u00e5ndtering av tunge belastninger og komplekse arbeidsoppgaver.<\/li>\n<li>Ulike typer: Enkeltvirkende (hydraulisk brukt i kun \u00e9n retning) eller dobbeltvirkende (hydraulisk brukt i to retninger) sylindere kan velges i henhold til krav for \u00e5 m\u00f8te ulike driftsbehov. Noen modeller er teleskopiske, noe som gir st\u00f8rre uttrekk uten \u00e5 \u00f8ke de ytre m\u00e5lene, egnet for applikasjoner med begrenset plass.<\/li>\n<li>Perfekt erstatning: Produktene v\u00e5re kan erstatte disse hydrauliske sylindrene perfekt.<\/li>\n<\/ul>\n<p><img decoding=\"async\" src=\"https:\/\/www.hydraulic-cylinders.net\/wp-content\/uploads\/2025\/01\/songte-cylinder-head-with-all-kinds-excavator-models.webp\" alt=\"Skuffesylinder for Xiniu XN120-L bilde\"><\/p>\n<h2>Bruksomr\u00e5der<\/h2>\n<p>Skuffesylinderen til Xiniu XN120-L er mye brukt i en rekke bruksomr\u00e5der. Noen av dem er:<\/p>\n<ul>\n<li>Anleggsutstyr: I gravemaskiner er de viktige for utgraving, lasting og flytting av jord eller rusk. I gravemaskiner hjelper b\u00f8ttesylindre med b\u00e5de graving og l\u00f8fting. I frontlastere hjelper de med \u00e5 l\u00f8fte og tilte varer effektivt.<\/li>\n<li>Landbruksmaskiner: Brukes i frontlastere til \u00e5 utgrave, l\u00f8fte og transportere jord, h\u00f8y og andre materialer. I gravemaskiner tillater skuffesylinderen utgraving ved \u00e5 la skuffen trenge ned i jorden.<\/li>\n<\/ul>\n<h2>Designhensyn og utvalgskriterier<\/h2>\n<p>Utvalgskriteriene for b\u00f8ttesylindere m\u00e5 ta hensyn til flere designhensyn, for eksempel:<\/p>\n<ul>\n<li>B\u00e6reevne: Sylinderen skal kunne t\u00e5le den maksimale belastningen som maskinen kan ut\u00f8ve p\u00e5 sylinderen.<\/li>\n<li>Tetting: Sylinderen b\u00f8r forsegles effektivt for \u00e5 forhindre at hydraulikkolje og forurensninger slipper inn i sylinderen.<\/li>\n<li>Holdbarhet: Sylinderen b\u00f8r v\u00e6re slitesterk nok til \u00e5 motst\u00e5 p\u00e5virkningen fra t\u00f8ffe milj\u00f8faktorer, som st\u00f8v, vann og rusk.<\/li>\n<li>Sikkerhet: Sylinderen b\u00f8r utformes med tanke p\u00e5 sikkerhetstiltak, som for eksempel beskyttelse av sylinderen mot fysisk skade.<\/li>\n<li>Vedlikeholdsvennlighet: Sylinderen b\u00f8r v\u00e6re enkel \u00e5 vedlikeholde og reparere, da den er en viktig del av maskinen, og enhver feil kan f\u00f8re til betydelig nedetid.<\/li>\n<\/ul>\n<p><img decoding=\"async\" src=\"https:\/\/www.hydraulic-cylinders.net\/wp-content\/uploads\/2025\/01\/songte-oil-pipes-and-spare-parts.webp\" alt=\"Skuffesylinder for Xiniu XN120-L bilde\"><\/p>\n<h2>Tetting og sm\u00f8ring<\/h2>\n<p>Skuffesylinderen bruker forskjellige tetningselementer, som stempeltetninger, stangtetninger og andre. Disse tetningselementene er laget av slitesterke materialer som polyuretan og nitrilgummi for \u00e5 sikre lang levetid. Sylinderhuset og gjengene er behandlet for \u00e5 forbedre slitestyrken. Skuffesylinderen krever periodisk sm\u00f8ring med hydraulikkolje for \u00e5 sikre riktig funksjon.<\/p>\n<h2>Vedlikehold og reparasjon<\/h2>\n<p>Regelmessig inspeksjon, passende sm\u00f8ring, utskifting av pakninger, kalibreringssjekk og andre vedlikeholdsoppgaver er avgj\u00f8rende for levetiden til b\u00f8ttesylindere. Riktig justering av sylinderen under installasjon er viktig for optimal ytelse. Bruk av passende monteringsbraketter for \u00e5 feste sylinderen anbefales. Vi tilbyr inspeksjons-, reparasjons- og utskiftingstjenester for \u00e5 hjelpe kunder med eventuelle problemer de m\u00e5tte st\u00f8te p\u00e5 med b\u00f8ttesylinderne sine.<\/p>\n<p><img decoding=\"async\" src=\"https:\/\/www.hydraulic-cylinders.net\/wp-content\/uploads\/2025\/01\/songte-chushion-collar.webp\" alt=\"Skuffesylinder for Xiniu XN120-L bilde\"><\/p>\n<h2>Sikkerhetshensyn og milj\u00f8faktorer<\/h2>\n<p>Skuffesylinderen til Xiniu XN120-L skal installeres, brukes og vedlikeholdes med sikkerhetstiltak i tankene. Unnlatelse av \u00e5 gj\u00f8re dette kan f\u00f8re til skade p\u00e5 maskinen. Milj\u00f8faktorer som temperatur, fuktighet og st\u00f8v kan p\u00e5virke sylinderens ytelse og b\u00f8r tas i betraktning ved valg og installasjon.<\/p>\n<h2>Feildiagnose og feils\u00f8king<\/h2>\n<p>Vanlige problemer med b\u00f8ttesylindere kan omfatte lekkasje, utilstrekkelig kraft og unormal st\u00f8y. Vi anbefaler \u00e5 inspisere sylinderen regelmessig og ta tak i eventuelle problemer raskt for \u00e5 unng\u00e5 betydelig nedetid. Feils\u00f8kingstips og l\u00f8sninger kan hjelpe leserne med \u00e5 diagnostisere og l\u00f8se problemer med b\u00f8ttesylindere effektivt.<\/p>\n<p><img decoding=\"async\" src=\"https:\/\/www.hydraulic-cylinders.net\/wp-content\/uploads\/2025\/01\/songte-bushings-with-all-kinds-of-excavator-models.webp\" alt=\"Skuffesylinder for Xiniu XN120-L bilde\"><\/p>\n<h2>Om selskapet v\u00e5rt<\/h2>\n<p>Vi er en produsent av hydrauliske sylindere for utskifting, med et komplett produktsortiment, og er n\u00e5 en av de ledende produsentene og grossistdistribut\u00f8rene av hydrauliske sylindere i det innenlandske og internasjonale markedet. Vi f\u00f8lger prinsippet om utmerket kvalitet og er avhengige av den industrialiserte produksjonsstyringsstrategien til fine produksjonsverksteder. Vi forbedrer kontinuerlig produksjonsplattformen til verkstedet, perfeksjonerer kvalitetsproduksjonsprosessen og har en sterk produksjonsevne for \u00e5 m\u00f8te kundenes ulike behov med prinsipper for h\u00f8y effektivitet, h\u00f8y presisjon og h\u00f8y kvalitet.<\/p>\n<p>Vi tilbyr tilpassede tjenester, profesjonelt produksjonsutstyr, internasjonalt anerkjente sertifiseringer og et omfattende ettersalgsservicesystem, som sikrer at produktene v\u00e5re oppfyller eller overg\u00e5r kundenes forventninger.<\/p>\n<p><img decoding=\"async\" src=\"https:\/\/hzpt.com\/wp-content\/uploads\/2024\/11\/songte-company-1.webp\" alt=\"Skuffesylinder for Xiniu XN120-L bilde\"><\/p>\n<p>Forfatter: lyl.<\/p>","protected":false},"excerpt":{"rendered":"<p>Bucket Cylinder For Xiniu XN120-L Introduction The bucket cylinder for Xiniu XN120-L is a type of hydraulic cylinder specially designed to control the movement of shovels in heavy machinery such as excavators, backhoe excavators, and front-end loaders. Its main function is to allow the bucket to lift, lower and tilt, making it easier to handle [&hellip;]<\/p>","protected":false},"featured_media":14784,"comment_status":"open","ping_status":"closed","template":"","meta":{"_et_pb_use_builder":"","_et_pb_old_content":"","_et_gb_content_width":""},"product_brand":[],"product_cat":[1494],"product_tag":[1495,1496],"class_list":{"0":"post-16006","1":"product","2":"type-product","3":"status-publish","4":"has-post-thumbnail","6":"product_cat-bucket-cylinders","7":"product_tag-bucket-cylinders","8":"product_tag-hydraulic-cylinders","10":"first","11":"instock","12":"shipping-taxable","13":"product-type-simple"},"amp_enabled":true,"_links":{"self":[{"href":"https:\/\/www.hydraulic-cylinders.net\/nb\/wp-json\/wp\/v2\/product\/16006","targetHints":{"allow":["GET"]}}],"collection":[{"href":"https:\/\/www.hydraulic-cylinders.net\/nb\/wp-json\/wp\/v2\/product"}],"about":[{"href":"https:\/\/www.hydraulic-cylinders.net\/nb\/wp-json\/wp\/v2\/types\/product"}],"replies":[{"embeddable":true,"href":"https:\/\/www.hydraulic-cylinders.net\/nb\/wp-json\/wp\/v2\/comments?post=16006"}],"wp:featuredmedia":[{"embeddable":true,"href":"https:\/\/www.hydraulic-cylinders.net\/nb\/wp-json\/wp\/v2\/media\/14784"}],"wp:attachment":[{"href":"https:\/\/www.hydraulic-cylinders.net\/nb\/wp-json\/wp\/v2\/media?parent=16006"}],"wp:term":[{"taxonomy":"product_brand","embeddable":true,"href":"https:\/\/www.hydraulic-cylinders.net\/nb\/wp-json\/wp\/v2\/product_brand?post=16006"},{"taxonomy":"product_cat","embeddable":true,"href":"https:\/\/www.hydraulic-cylinders.net\/nb\/wp-json\/wp\/v2\/product_cat?post=16006"},{"taxonomy":"product_tag","embeddable":true,"href":"https:\/\/www.hydraulic-cylinders.net\/nb\/wp-json\/wp\/v2\/product_tag?post=16006"}],"curies":[{"name":"wp","href":"https:\/\/api.w.org\/{rel}","templated":true}]}}