{"id":16019,"date":"2025-01-19T15:17:55","date_gmt":"2025-01-19T15:17:55","guid":{"rendered":"https:\/\/www.hydraulic-cylinders.net\/product\/bucket-cylinder-for-kato-small-excavator-hd1430r\/"},"modified":"2025-01-19T15:17:57","modified_gmt":"2025-01-19T15:17:57","slug":"bucket-cylinder-for-kato-small-excavator-hd1430r","status":"publish","type":"product","link":"https:\/\/www.hydraulic-cylinders.net\/nb\/produkt\/bucket-cylinder-for-kato-small-excavator-hd1430r\/","title":{"rendered":"Skuffesylinder for Kato liten gravemaskin HD1430R"},"content":{"rendered":"<h1>Skuffesylinder for Kato liten gravemaskin HD1430R<\/h1>\n<h2>Introduksjon<\/h2>\n<p>En skuffesylinder er en spesialdesignet hydraulisk sylinder som brukes til \u00e5 kontrollere bevegelsen til skuffen i tunge maskiner som gravemaskiner, traktorgravere og frontlastere. Hovedfunksjonen er \u00e5 la skuffen l\u00f8fte, senke og vippe, noe som gj\u00f8r det enklere for ulike materialh\u00e5ndteringsoppgaver. I det hydrauliske systemet oppn\u00e5r skuffesylinderen presis kontroll over skuffen gjennom endringer i hydraulikkoljetrykket, slik at operat\u00f8rer effektivt kan h\u00e5ndtere tunge laster og tilpasse seg komplekse arbeidsmilj\u00f8er og ulike jobbkrav.<\/p>\n<p><img src='https:\/\/www.hydraulic-cylinders.net\/wp-content\/uploads\/2025\/01\/songte-company-2.webp' alt='Bilde av b\u00f8ttesylinder'><\/p>\n<h2>Funksjoner<\/h2>\n<ul>\n<li>H\u00f8y styrke og holdbarhet: Vanligvis laget av h\u00f8yfast st\u00e5l eller aluminium, t\u00e5ler den h\u00f8yt trykk og tunge belastninger, tilpasser seg t\u00f8ffe arbeidsmilj\u00f8er og er designet for \u00e5 v\u00e6re slitesterk og korrosjonsbestandig for \u00e5 forlenge levetiden.<\/li>\n<li>Effektiv hydraulisk drift: Jevn forlengelse og sammentrekning oppn\u00e5s ved \u00e5 bruke hydraulisk oljetrykk, som kan reagere raskt p\u00e5 kontrollkommandoer og gi kraftig skyve- og trekkekraft som er egnet for h\u00e5ndtering av tunge belastninger og komplekse arbeidsoppgaver.<\/li>\n<li>Ulike typer: Enkeltvirkende (med hydraulikk kun i \u00e9n retning) eller dobbeltvirkende (med hydraulikk i begge retninger) sylindere kan velges i henhold til krav for \u00e5 m\u00f8te ulike driftsbehov. Noen modeller er teleskopiske, noe som gir st\u00f8rre forlengelse uten \u00e5 legge til ytre dimensjoner, egnet for applikasjoner med begrenset plass.<\/li>\n<li>Enkel \u00e5 bytte ut: Produktene v\u00e5re erstatter disse hydrauliske sylindrene perfekt.<\/li>\n<\/ul>\n<p><img src='https:\/\/www.hydraulic-cylinders.net\/wp-content\/uploads\/2025\/01\/songte-cylinder-head-with-all-kinds-excavator-models.webp' alt='Bilde av b\u00f8ttesylinder'><\/p>\n<h2>Bruksomr\u00e5der<\/h2>\n<p>B\u00f8ttesylindere er mye brukt i ulike bransjer, inkludert:<\/p>\n<ul>\n<li>Anleggsutstyr: De finnes i gravemaskiner og er viktige for graving, lasting og flytting av jord eller rusk. I gravemaskiner hjelper skuffesylindere med b\u00e5de graving og l\u00f8fting. <\/li>\n<li>Landbruksmaskiner: Brukes i frontlastere til \u00e5 plukke opp, l\u00f8fte og transportere jord, h\u00f8y og andre materialer.<\/li>\n<li>Gravemaskiner: Skuffesylindere tillater utgraving ved \u00e5 la skuffen trenge ned i jorden.<\/li>\n<li>Frontlastere: De hjelper med \u00e5 l\u00f8fte og tilte varer effektivt i frontlastere.<\/li>\n<\/ul>\n<h2>Designhensyn og utvalgskriterier<\/h2>\n<p>N\u00e5r man designer b\u00f8ttesylindere, er det viktig \u00e5 vurdere f\u00f8lgende:<\/p>\n<ul>\n<li>B\u00e6reevne: Sylinderen skal kunne t\u00e5le tunge belastninger og operere under h\u00f8yt trykk.<\/li>\n<li>Tetting: Ulike tetningsdeler som stempeltetninger og stangtetninger b\u00f8r v\u00e6re laget av slitesterke materialer som polyuretan og nitrilgummi for \u00e5 sikre lang levetid.<\/li>\n<li>Holdbarhet: Sylinderhuset og gjengeenden b\u00f8r finbearbeides for \u00e5 \u00f8ke slitestyrken.<\/li>\n<li>Sikkerhet: Sikkerhetsfunksjoner som trykkavlastningsventiler b\u00f8r inkluderes for \u00e5 forhindre ulykker.<\/li>\n<li>Vedlikeholdsvennlighet: Den skal v\u00e6re enkel \u00e5 vedlikeholde og reparere, og reservedeler skal v\u00e6re lett tilgjengelige.<\/li>\n<\/ul>\n<p><img src='https:\/\/www.hydraulic-cylinders.net\/wp-content\/uploads\/2025\/01\/songte-oil-pipes-and-spare-parts.webp' alt='Bilde av b\u00f8ttesylinder'><\/p>\n<h2>Tetting og sm\u00f8ring<\/h2>\n<p>Ulike tetningsdeler b\u00f8r brukes i b\u00f8ttesylindere, som stempeltetninger og stangtetninger, laget av slitesterke materialer som polyuretan og nitrilgummi. Sylinderhuset og gjengeenden b\u00f8r finbearbeides for \u00e5 \u00f8ke slitestyrken. Regelmessig sm\u00f8ring med hydraulikkolje er ogs\u00e5 n\u00f8dvendig for jevn og effektiv drift.<\/p>\n<h2>Vedlikehold og reparasjon<\/h2>\n<p>Regelmessig vedlikehold og reparasjon er avgj\u00f8rende for \u00e5 forlenge levetiden til b\u00f8ttesylindre. Vanlige oppgaver inkluderer:<\/p>\n<ul>\n<li>Regelmessig inspeksjon: Inspiser sylinderen for tegn p\u00e5 slitasje og skade.<\/li>\n<li>Sm\u00f8ring: Sm\u00f8r sylinderen regelmessig for \u00e5 sikre problemfri drift.<\/li>\n<li>Utskifting av tetninger: Skift ut slitte eller skadede tetninger for \u00e5 forhindre oljelekkasjer.<\/li>\n<li>Kalibreringssjekk: Sjekk kalibreringen av sylinderen for \u00e5 sikre n\u00f8yaktig drift.<\/li>\n<\/ul>\n<p><img src='https:\/\/www.hydraulic-cylinders.net\/wp-content\/uploads\/2025\/01\/songte-chushion-collar.webp' alt='Bilde av b\u00f8ttesylinder'><\/p>\n<h2>Sikkerhets- og milj\u00f8hensyn<\/h2>\n<p>Ved bruk av b\u00f8ttesylindere b\u00f8r sikkerhetstiltak tas for \u00e5 forhindre ulykker. Regelmessig inspeksjon og vedlikehold kan ogs\u00e5 bidra til \u00e5 forhindre milj\u00f8skader for\u00e5rsaket av oljelekkasjer.<\/p>\n<h2>Feils\u00f8king og vanlige problemer<\/h2>\n<p>Vanlige problemer med b\u00f8ttesylindere inkluderer oljelekkasjer, uvanlige lyder og langsom eller uregelmessig drift. Tips og l\u00f8sninger for feils\u00f8king inkluderer:<\/p>\n<ul>\n<li>Kontroller niv\u00e5et og kvaliteten p\u00e5 hydraulikkv\u00e6sken.<\/li>\n<li>Inspiser og skift ut slitte eller skadede tetninger.<\/li>\n<li>Sjekk for skadede eller slitte komponenter og skift dem ut om n\u00f8dvendig.<\/li>\n<li>Sjekk og juster kalibreringen om n\u00f8dvendig.<\/li>\n<\/ul>\n<p><img src='https:\/\/www.hydraulic-cylinders.net\/wp-content\/uploads\/2025\/01\/songte-bushings-with-all-kinds-of-excavator-models.webp' alt='Bilde av b\u00f8ttesylinder'><\/p>\n<h2>Om selskapet v\u00e5rt<\/h2>\n<p>Vi er en produsent av hydrauliske sylindere for erstatning med komplette produktkategorier, og har blitt en av de ledende produsentene og grossistene av hydrauliske sylindere i det innenlandske og internasjonale markedet. Vi f\u00f8lger prinsippet om utmerket kvalitet, stoler p\u00e5 den industrielle produksjonsstyringsstrategien til sofistikerte produksjonsverksteder, forbedrer kontinuerlig produksjonsplattformen til verkstedet, forbedrer produktkvaliteten p\u00e5 produksjonslinjen og har sterk kreativ evne til \u00e5 m\u00f8te kundenes ulike behov med h\u00f8y effektivitet, h\u00f8y presisjon og h\u00f8y kvalitet.<\/p>\n<p>V\u00e5rt firma tilbyr ogs\u00e5 profesjonelle tjenester, internasjonale sertifiseringer, tilpassede l\u00f8sninger, avansert produksjonsutstyr og ettersalgstjenester.<\/p>\n<p><img src='https:\/\/hzpt.com\/wp-content\/uploads\/2024\/11\/songte-company-1.webp' alt='Bilde av b\u00f8ttesylinder'><\/p>\n<p>Forfatter: lyl.<\/p>","protected":false},"excerpt":{"rendered":"<p>Bucket Cylinder For Kato Small Excavator HD1430R Introduction A bucket cylinder is a specifically designed hydraulic cylinder used to control the movement of the bucket in heavy machinery such as excavators, backhoes, and front loaders. Its main function is to allow the bucket to lift, lower, and tilt, making it easier for various material handling [&hellip;]<\/p>","protected":false},"featured_media":14787,"comment_status":"open","ping_status":"closed","template":"","meta":{"_et_pb_use_builder":"","_et_pb_old_content":"","_et_gb_content_width":""},"product_brand":[],"product_cat":[1494],"product_tag":[1495,1496],"class_list":{"0":"post-16019","1":"product","2":"type-product","3":"status-publish","4":"has-post-thumbnail","6":"product_cat-bucket-cylinders","7":"product_tag-bucket-cylinders","8":"product_tag-hydraulic-cylinders","10":"first","11":"instock","12":"shipping-taxable","13":"product-type-simple"},"amp_enabled":true,"_links":{"self":[{"href":"https:\/\/www.hydraulic-cylinders.net\/nb\/wp-json\/wp\/v2\/product\/16019","targetHints":{"allow":["GET"]}}],"collection":[{"href":"https:\/\/www.hydraulic-cylinders.net\/nb\/wp-json\/wp\/v2\/product"}],"about":[{"href":"https:\/\/www.hydraulic-cylinders.net\/nb\/wp-json\/wp\/v2\/types\/product"}],"replies":[{"embeddable":true,"href":"https:\/\/www.hydraulic-cylinders.net\/nb\/wp-json\/wp\/v2\/comments?post=16019"}],"wp:featuredmedia":[{"embeddable":true,"href":"https:\/\/www.hydraulic-cylinders.net\/nb\/wp-json\/wp\/v2\/media\/14787"}],"wp:attachment":[{"href":"https:\/\/www.hydraulic-cylinders.net\/nb\/wp-json\/wp\/v2\/media?parent=16019"}],"wp:term":[{"taxonomy":"product_brand","embeddable":true,"href":"https:\/\/www.hydraulic-cylinders.net\/nb\/wp-json\/wp\/v2\/product_brand?post=16019"},{"taxonomy":"product_cat","embeddable":true,"href":"https:\/\/www.hydraulic-cylinders.net\/nb\/wp-json\/wp\/v2\/product_cat?post=16019"},{"taxonomy":"product_tag","embeddable":true,"href":"https:\/\/www.hydraulic-cylinders.net\/nb\/wp-json\/wp\/v2\/product_tag?post=16019"}],"curies":[{"name":"wp","href":"https:\/\/api.w.org\/{rel}","templated":true}]}}